{"id":18808,"date":"2024-05-27T12:46:18","date_gmt":"2024-05-27T11:46:18","guid":{"rendered":"https:\/\/www.gesamtschule-eiserfeld.de\/?page_id=18808"},"modified":"2024-05-28T07:34:32","modified_gmt":"2024-05-28T06:34:32","slug":"foerderverein","status":"publish","type":"page","link":"https:\/\/www.gesamtschule-eiserfeld.de\/?page_id=18808","title":{"rendered":"F\u00f6rderverein"},"content":{"rendered":"\n<p>Herzlich willkommen beim F\u00f6rderverein der Gesamtschule Eiserfeld. Wir f\u00f6rdern&nbsp;Projekte,&nbsp;technische Ausstattung,&nbsp;Spielger\u00e4te, Mobiliar, und vieles, vieles mehr\u2026<\/p>\n\n\n\n<div class=\"wp-block-columns is-layout-flex wp-container-core-columns-is-layout-9d6595d7 wp-block-columns-is-layout-flex\">\n<div class=\"wp-block-column is-layout-flow wp-block-column-is-layout-flow\"><div class=\"wp-block-image\">\n<figure class=\"aligncenter size-large\"><img data-recalc-dims=\"1\" loading=\"lazy\" decoding=\"async\" width=\"474\" height=\"166\" data-attachment-id=\"18812\" data-permalink=\"https:\/\/www.gesamtschule-eiserfeld.de\/?attachment_id=18812\" data-orig-file=\"https:\/\/i0.wp.com\/www.gesamtschule-eiserfeld.de\/wp-content\/uploads\/2024\/05\/Logo_FV-transformed.jpeg?fit=1200%2C421&amp;ssl=1\" data-orig-size=\"1200,421\" data-comments-opened=\"0\" data-image-meta=\"{&quot;aperture&quot;:&quot;0&quot;,&quot;credit&quot;:&quot;&quot;,&quot;camera&quot;:&quot;&quot;,&quot;caption&quot;:&quot;&quot;,&quot;created_timestamp&quot;:&quot;0&quot;,&quot;copyright&quot;:&quot;&quot;,&quot;focal_length&quot;:&quot;0&quot;,&quot;iso&quot;:&quot;0&quot;,&quot;shutter_speed&quot;:&quot;0&quot;,&quot;title&quot;:&quot;&quot;,&quot;orientation&quot;:&quot;0&quot;}\" data-image-title=\"Logo_FV-transformed\" data-image-description=\"\" data-image-caption=\"\" data-large-file=\"https:\/\/i0.wp.com\/www.gesamtschule-eiserfeld.de\/wp-content\/uploads\/2024\/05\/Logo_FV-transformed.jpeg?fit=474%2C166&amp;ssl=1\" src=\"https:\/\/i0.wp.com\/www.gesamtschule-eiserfeld.de\/wp-content\/uploads\/2024\/05\/Logo_FV-transformed.jpeg?resize=474%2C166&#038;ssl=1\" alt=\"\" class=\"wp-image-18812\" srcset=\"https:\/\/i0.wp.com\/www.gesamtschule-eiserfeld.de\/wp-content\/uploads\/2024\/05\/Logo_FV-transformed.jpeg?resize=1024%2C359&amp;ssl=1 1024w, https:\/\/i0.wp.com\/www.gesamtschule-eiserfeld.de\/wp-content\/uploads\/2024\/05\/Logo_FV-transformed.jpeg?resize=300%2C105&amp;ssl=1 300w, https:\/\/i0.wp.com\/www.gesamtschule-eiserfeld.de\/wp-content\/uploads\/2024\/05\/Logo_FV-transformed.jpeg?resize=200%2C70&amp;ssl=1 200w, https:\/\/i0.wp.com\/www.gesamtschule-eiserfeld.de\/wp-content\/uploads\/2024\/05\/Logo_FV-transformed.jpeg?resize=768%2C269&amp;ssl=1 768w, https:\/\/i0.wp.com\/www.gesamtschule-eiserfeld.de\/wp-content\/uploads\/2024\/05\/Logo_FV-transformed.jpeg?w=1200&amp;ssl=1 1200w, https:\/\/i0.wp.com\/www.gesamtschule-eiserfeld.de\/wp-content\/uploads\/2024\/05\/Logo_FV-transformed.jpeg?w=948&amp;ssl=1 948w\" sizes=\"auto, (max-width: 474px) 100vw, 474px\" \/><\/figure>\n<\/div><\/div>\n<\/div>\n\n\n\n<blockquote class=\"wp-block-quote is-layout-flow wp-block-quote-is-layout-flow\">\n<p class=\"has-text-align-center\"><strong><span style=\"text-decoration: underline;\">Was wir tun? <\/span><\/strong><\/p>\n\n\n\n<p>Unterst\u00fctzung des Sch\u00fclerlaufs, Farben zur Schulhofgestaltung (Schachbrett etc.), Tischtennisplatten f\u00fcr die Pausen, Unterst\u00fctzung von Chorprojekten, Bierzeltgarnituren, Basketballkorb, Lautsprecherbox und Spielekisten f\u00fcr Jahrgang 5-7, &#8230;<\/p>\n<\/blockquote>\n\n\n\n<div class=\"wp-block-jetpack-slideshow aligncenter\" data-effect=\"slide\"><div class=\"wp-block-jetpack-slideshow_container swiper-container\"><ul class=\"wp-block-jetpack-slideshow_swiper-wrapper swiper-wrapper\"><li class=\"wp-block-jetpack-slideshow_slide swiper-slide\"><figure><img data-recalc-dims=\"1\" loading=\"lazy\" decoding=\"async\" width=\"474\" height=\"264\" alt=\"\" class=\"wp-block-jetpack-slideshow_image wp-image-18809\" data-id=\"18809\" src=\"https:\/\/i0.wp.com\/www.gesamtschule-eiserfeld.de\/wp-content\/uploads\/2024\/05\/Billard.png?resize=474%2C264&#038;ssl=1\" srcset=\"https:\/\/i0.wp.com\/www.gesamtschule-eiserfeld.de\/wp-content\/uploads\/2024\/05\/Billard.png?w=864&amp;ssl=1 864w, https:\/\/i0.wp.com\/www.gesamtschule-eiserfeld.de\/wp-content\/uploads\/2024\/05\/Billard.png?resize=300%2C167&amp;ssl=1 300w, https:\/\/i0.wp.com\/www.gesamtschule-eiserfeld.de\/wp-content\/uploads\/2024\/05\/Billard.png?resize=200%2C112&amp;ssl=1 200w, https:\/\/i0.wp.com\/www.gesamtschule-eiserfeld.de\/wp-content\/uploads\/2024\/05\/Billard.png?resize=768%2C428&amp;ssl=1 768w\" sizes=\"(max-width: 474px) 100vw, 474px\" \/><figcaption class=\"wp-block-jetpack-slideshow_caption gallery-caption\">Billardttisch im Spieleraum<\/figcaption><\/figure><\/li><li class=\"wp-block-jetpack-slideshow_slide swiper-slide\"><figure><img data-recalc-dims=\"1\" loading=\"lazy\" decoding=\"async\" width=\"474\" height=\"267\" alt=\"\" class=\"wp-block-jetpack-slideshow_image wp-image-18810\" data-id=\"18810\" src=\"https:\/\/i0.wp.com\/www.gesamtschule-eiserfeld.de\/wp-content\/uploads\/2024\/05\/Drucker.png?resize=474%2C267&#038;ssl=1\" srcset=\"https:\/\/i0.wp.com\/www.gesamtschule-eiserfeld.de\/wp-content\/uploads\/2024\/05\/Drucker.png?w=860&amp;ssl=1 860w, https:\/\/i0.wp.com\/www.gesamtschule-eiserfeld.de\/wp-content\/uploads\/2024\/05\/Drucker.png?resize=300%2C169&amp;ssl=1 300w, https:\/\/i0.wp.com\/www.gesamtschule-eiserfeld.de\/wp-content\/uploads\/2024\/05\/Drucker.png?resize=200%2C113&amp;ssl=1 200w, https:\/\/i0.wp.com\/www.gesamtschule-eiserfeld.de\/wp-content\/uploads\/2024\/05\/Drucker.png?resize=768%2C432&amp;ssl=1 768w\" sizes=\"(max-width: 474px) 100vw, 474px\" \/><figcaption class=\"wp-block-jetpack-slideshow_caption gallery-caption\">Moderne 3D-Drucker<\/figcaption><\/figure><\/li><li class=\"wp-block-jetpack-slideshow_slide swiper-slide\"><figure><img data-recalc-dims=\"1\" loading=\"lazy\" decoding=\"async\" width=\"474\" height=\"262\" alt=\"\" class=\"wp-block-jetpack-slideshow_image wp-image-18811\" data-id=\"18811\" src=\"https:\/\/i0.wp.com\/www.gesamtschule-eiserfeld.de\/wp-content\/uploads\/2024\/05\/Kletter.png?resize=474%2C262&#038;ssl=1\" srcset=\"https:\/\/i0.wp.com\/www.gesamtschule-eiserfeld.de\/wp-content\/uploads\/2024\/05\/Kletter.png?w=872&amp;ssl=1 872w, https:\/\/i0.wp.com\/www.gesamtschule-eiserfeld.de\/wp-content\/uploads\/2024\/05\/Kletter.png?resize=300%2C166&amp;ssl=1 300w, https:\/\/i0.wp.com\/www.gesamtschule-eiserfeld.de\/wp-content\/uploads\/2024\/05\/Kletter.png?resize=200%2C111&amp;ssl=1 200w, https:\/\/i0.wp.com\/www.gesamtschule-eiserfeld.de\/wp-content\/uploads\/2024\/05\/Kletter.png?resize=768%2C425&amp;ssl=1 768w, https:\/\/i0.wp.com\/www.gesamtschule-eiserfeld.de\/wp-content\/uploads\/2024\/05\/Kletter.png?resize=672%2C372&amp;ssl=1 672w\" sizes=\"(max-width: 474px) 100vw, 474px\" \/><figcaption class=\"wp-block-jetpack-slideshow_caption gallery-caption\">Spiel- und Kletterm\u00f6glichkeiten auf dem Schulhof<\/figcaption><\/figure><\/li><\/ul><a class=\"wp-block-jetpack-slideshow_button-prev swiper-button-prev swiper-button-white\" role=\"button\"><\/a><a class=\"wp-block-jetpack-slideshow_button-next swiper-button-next swiper-button-white\" role=\"button\"><\/a><a aria-label=\"Pause Slideshow\" class=\"wp-block-jetpack-slideshow_button-pause\" role=\"button\"><\/a><div class=\"wp-block-jetpack-slideshow_pagination swiper-pagination swiper-pagination-white\"><\/div><\/div><\/div>\n\n\n\n<p>Unser Ziel ist es dabei, bei der Vergabe der F\u00f6rdermittel auf den m\u00f6glichst allgemeinen und nachhaltigen Nutzen f\u00fcr die Sch\u00fclerschaft als Ganzes zu achten. Kommen die beantragten Mittel nur sehr kurzzeitig oder f\u00fcr einen sehr kleinen Kreis von Sch\u00fclern zum Tragen, so lehnt der Vorstand auch gelegentlich Antr\u00e4ge ab oder stellt sie zur\u00fcck.<\/p>\n\n\n\n<hr class=\"wp-block-separator has-alpha-channel-opacity\"\/>\n\n\n\n<h2 class=\"wp-block-heading has-text-align-center\">Vorstand<\/h2>\n\n\n\n<div class=\"wp-block-columns is-layout-flex wp-container-core-columns-is-layout-9d6595d7 wp-block-columns-is-layout-flex\">\n<div class=\"wp-block-column is-layout-flow wp-block-column-is-layout-flow\">\n<h2 class=\"wp-block-heading\">Vorsitz<\/h2>\n\n\n\n<p>Thomas Dilling<br><a href=\"mailto:dill@gesamtschule-eiserfeld.de\">dill@gesamtschule-eiserfeld.de<\/a><br><\/p>\n<\/div>\n\n\n\n<div class=\"wp-block-column is-layout-flow wp-block-column-is-layout-flow\">\n<h2 class=\"wp-block-heading\">2. Vorsitz<\/h2>\n\n\n\n<p>Berit Dreisbach<\/p>\n<\/div>\n\n\n\n<div class=\"wp-block-column is-layout-flow wp-block-column-is-layout-flow\">\n<h2 class=\"wp-block-heading\">Kasse<\/h2>\n\n\n\n<p>Joachim Dreisbach<br><a href=\"mailto:drei@gesamtschule-eiserfeld.de\">drei@gesamtschule-eiserfeld.de<\/a><\/p>\n<\/div>\n<\/div>\n\n\n\n<hr class=\"wp-block-separator has-alpha-channel-opacity\"\/>\n\n\n\n<h2 class=\"wp-block-heading has-text-align-center\">Gesch\u00e4ftsstelle<\/h2>\n\n\n\n<p>F\u00f6rderverein der Gesamtschule Eiserfeld e. V. <br>Talsbachstr. 33<br>57080 Siegen<br>0271\/303148 20 (Informationen zum F\u00f6rderverein)<\/p>\n","protected":false},"excerpt":{"rendered":"<p>Herzlich willkommen beim F\u00f6rderverein der Gesamtschule Eiserfeld. Wir f\u00f6rdern&nbsp;Projekte,&nbsp;technische Ausstattung,&nbsp;Spielger\u00e4te, Mobiliar, und vieles, vieles mehr\u2026 Was wir tun? Unterst\u00fctzung des Sch\u00fclerlaufs, Farben zur Schulhofgestaltung (Schachbrett etc.), Tischtennisplatten f\u00fcr die Pausen, Unterst\u00fctzung von Chorprojekten, Bierzeltgarnituren, Basketballkorb, Lautsprecherbox und Spielekisten f\u00fcr Jahrgang 5-7, &#8230; Unser Ziel ist es dabei, bei der Vergabe der F\u00f6rdermittel auf den m\u00f6glichst &hellip; <a href=\"https:\/\/www.gesamtschule-eiserfeld.de\/?page_id=18808\" class=\"more-link\"><span class=\"screen-reader-text\">F\u00f6rderverein<\/span> weiterlesen <span class=\"meta-nav\">&rarr;<\/span><\/a><\/p>\n","protected":false},"author":19,"featured_media":0,"parent":86,"menu_order":0,"comment_status":"closed","ping_status":"closed","template":"","meta":{"footnotes":""},"class_list":["post-18808","page","type-page","status-publish","hentry"],"yoast_head":"<!-- This site is optimized with the Yoast SEO plugin v27.5 - https:\/\/yoast.com\/product\/yoast-seo-wordpress\/ -->\n<title>F\u00f6rderverein - Gesamtschule Eiserfeld<\/title>\n<meta name=\"robots\" content=\"index, follow, max-snippet:-1, max-image-preview:large, max-video-preview:-1\" \/>\n<link rel=\"canonical\" href=\"https:\/\/www.gesamtschule-eiserfeld.de\/?page_id=18808\" \/>\n<meta property=\"og:locale\" content=\"de_DE\" \/>\n<meta property=\"og:type\" content=\"article\" \/>\n<meta property=\"og:title\" content=\"F\u00f6rderverein - Gesamtschule Eiserfeld\" \/>\n<meta property=\"og:description\" content=\"Herzlich willkommen beim F\u00f6rderverein der Gesamtschule Eiserfeld. Wir f\u00f6rdern&nbsp;Projekte,&nbsp;technische Ausstattung,&nbsp;Spielger\u00e4te, Mobiliar, und vieles, vieles mehr\u2026 Was wir tun? Unterst\u00fctzung des Sch\u00fclerlaufs, Farben zur Schulhofgestaltung (Schachbrett etc.), Tischtennisplatten f\u00fcr die Pausen, Unterst\u00fctzung von Chorprojekten, Bierzeltgarnituren, Basketballkorb, Lautsprecherbox und Spielekisten f\u00fcr Jahrgang 5-7, &#8230; Unser Ziel ist es dabei, bei der Vergabe der F\u00f6rdermittel auf den m\u00f6glichst &hellip; F\u00f6rderverein weiterlesen &rarr;\" \/>\n<meta property=\"og:url\" content=\"https:\/\/www.gesamtschule-eiserfeld.de\/?page_id=18808\" \/>\n<meta property=\"og:site_name\" content=\"Gesamtschule Eiserfeld\" \/>\n<meta property=\"article:publisher\" content=\"https:\/\/www.facebook.com\/GEEiserfeld\" \/>\n<meta property=\"article:modified_time\" content=\"2024-05-28T06:34:32+00:00\" \/>\n<meta property=\"og:image\" content=\"https:\/\/www.gesamtschule-eiserfeld.de\/wp-content\/uploads\/2024\/05\/Logo_FV-transformed-1024x359.jpeg\" \/>\n<meta name=\"twitter:card\" content=\"summary_large_image\" \/>\n<meta name=\"twitter:label1\" content=\"Gesch\u00e4tzte Lesezeit\" \/>\n\t<meta name=\"twitter:data1\" content=\"2\u00a0Minuten\" \/>\n<script type=\"application\/ld+json\" class=\"yoast-schema-graph\">{\"@context\":\"https:\\\/\\\/schema.org\",\"@graph\":[{\"@type\":\"WebPage\",\"@id\":\"https:\\\/\\\/www.gesamtschule-eiserfeld.de\\\/?page_id=18808\",\"url\":\"https:\\\/\\\/www.gesamtschule-eiserfeld.de\\\/?page_id=18808\",\"name\":\"F\u00f6rderverein - Gesamtschule Eiserfeld\",\"isPartOf\":{\"@id\":\"https:\\\/\\\/www.gesamtschule-eiserfeld.de\\\/#website\"},\"primaryImageOfPage\":{\"@id\":\"https:\\\/\\\/www.gesamtschule-eiserfeld.de\\\/?page_id=18808#primaryimage\"},\"image\":{\"@id\":\"https:\\\/\\\/www.gesamtschule-eiserfeld.de\\\/?page_id=18808#primaryimage\"},\"thumbnailUrl\":\"https:\\\/\\\/www.gesamtschule-eiserfeld.de\\\/wp-content\\\/uploads\\\/2024\\\/05\\\/Logo_FV-transformed-1024x359.jpeg\",\"datePublished\":\"2024-05-27T11:46:18+00:00\",\"dateModified\":\"2024-05-28T06:34:32+00:00\",\"breadcrumb\":{\"@id\":\"https:\\\/\\\/www.gesamtschule-eiserfeld.de\\\/?page_id=18808#breadcrumb\"},\"inLanguage\":\"de\",\"potentialAction\":[{\"@type\":\"ReadAction\",\"target\":[\"https:\\\/\\\/www.gesamtschule-eiserfeld.de\\\/?page_id=18808\"]}]},{\"@type\":\"ImageObject\",\"inLanguage\":\"de\",\"@id\":\"https:\\\/\\\/www.gesamtschule-eiserfeld.de\\\/?page_id=18808#primaryimage\",\"url\":\"https:\\\/\\\/www.gesamtschule-eiserfeld.de\\\/wp-content\\\/uploads\\\/2024\\\/05\\\/Logo_FV-transformed-1024x359.jpeg\",\"contentUrl\":\"https:\\\/\\\/www.gesamtschule-eiserfeld.de\\\/wp-content\\\/uploads\\\/2024\\\/05\\\/Logo_FV-transformed-1024x359.jpeg\"},{\"@type\":\"BreadcrumbList\",\"@id\":\"https:\\\/\\\/www.gesamtschule-eiserfeld.de\\\/?page_id=18808#breadcrumb\",\"itemListElement\":[{\"@type\":\"ListItem\",\"position\":1,\"name\":\"Startseite\",\"item\":\"https:\\\/\\\/www.gesamtschule-eiserfeld.de\\\/\"},{\"@type\":\"ListItem\",\"position\":2,\"name\":\"Eltern\",\"item\":\"https:\\\/\\\/www.gesamtschule-eiserfeld.de\\\/?page_id=86\"},{\"@type\":\"ListItem\",\"position\":3,\"name\":\"F\u00f6rderverein\"}]},{\"@type\":\"WebSite\",\"@id\":\"https:\\\/\\\/www.gesamtschule-eiserfeld.de\\\/#website\",\"url\":\"https:\\\/\\\/www.gesamtschule-eiserfeld.de\\\/\",\"name\":\"Gesamtschule Eiserfeld\",\"description\":\"\",\"publisher\":{\"@id\":\"https:\\\/\\\/www.gesamtschule-eiserfeld.de\\\/#organization\"},\"potentialAction\":[{\"@type\":\"SearchAction\",\"target\":{\"@type\":\"EntryPoint\",\"urlTemplate\":\"https:\\\/\\\/www.gesamtschule-eiserfeld.de\\\/?s={search_term_string}\"},\"query-input\":{\"@type\":\"PropertyValueSpecification\",\"valueRequired\":true,\"valueName\":\"search_term_string\"}}],\"inLanguage\":\"de\"},{\"@type\":\"Organization\",\"@id\":\"https:\\\/\\\/www.gesamtschule-eiserfeld.de\\\/#organization\",\"name\":\"Gesamtschule Eiserfeld\",\"url\":\"https:\\\/\\\/www.gesamtschule-eiserfeld.de\\\/\",\"logo\":{\"@type\":\"ImageObject\",\"inLanguage\":\"de\",\"@id\":\"https:\\\/\\\/www.gesamtschule-eiserfeld.de\\\/#\\\/schema\\\/logo\\\/image\\\/\",\"url\":\"https:\\\/\\\/i1.wp.com\\\/www.gesamtschule-eiserfeld.de\\\/wp-content\\\/uploads\\\/2019\\\/01\\\/GEE-Logo-neu.jpg?fit=436%2C126&ssl=1\",\"contentUrl\":\"https:\\\/\\\/i1.wp.com\\\/www.gesamtschule-eiserfeld.de\\\/wp-content\\\/uploads\\\/2019\\\/01\\\/GEE-Logo-neu.jpg?fit=436%2C126&ssl=1\",\"width\":436,\"height\":126,\"caption\":\"Gesamtschule Eiserfeld\"},\"image\":{\"@id\":\"https:\\\/\\\/www.gesamtschule-eiserfeld.de\\\/#\\\/schema\\\/logo\\\/image\\\/\"},\"sameAs\":[\"https:\\\/\\\/www.facebook.com\\\/GEEiserfeld\"]}]}<\/script>\n<!-- \/ Yoast SEO plugin. -->","yoast_head_json":{"title":"F\u00f6rderverein - Gesamtschule Eiserfeld","robots":{"index":"index","follow":"follow","max-snippet":"max-snippet:-1","max-image-preview":"max-image-preview:large","max-video-preview":"max-video-preview:-1"},"canonical":"https:\/\/www.gesamtschule-eiserfeld.de\/?page_id=18808","og_locale":"de_DE","og_type":"article","og_title":"F\u00f6rderverein - Gesamtschule Eiserfeld","og_description":"Herzlich willkommen beim F\u00f6rderverein der Gesamtschule Eiserfeld. Wir f\u00f6rdern&nbsp;Projekte,&nbsp;technische Ausstattung,&nbsp;Spielger\u00e4te, Mobiliar, und vieles, vieles mehr\u2026 Was wir tun? Unterst\u00fctzung des Sch\u00fclerlaufs, Farben zur Schulhofgestaltung (Schachbrett etc.), Tischtennisplatten f\u00fcr die Pausen, Unterst\u00fctzung von Chorprojekten, Bierzeltgarnituren, Basketballkorb, Lautsprecherbox und Spielekisten f\u00fcr Jahrgang 5-7, &#8230; Unser Ziel ist es dabei, bei der Vergabe der F\u00f6rdermittel auf den m\u00f6glichst &hellip; F\u00f6rderverein weiterlesen &rarr;","og_url":"https:\/\/www.gesamtschule-eiserfeld.de\/?page_id=18808","og_site_name":"Gesamtschule Eiserfeld","article_publisher":"https:\/\/www.facebook.com\/GEEiserfeld","article_modified_time":"2024-05-28T06:34:32+00:00","og_image":[{"url":"https:\/\/www.gesamtschule-eiserfeld.de\/wp-content\/uploads\/2024\/05\/Logo_FV-transformed-1024x359.jpeg","type":"","width":"","height":""}],"twitter_card":"summary_large_image","twitter_misc":{"Gesch\u00e4tzte Lesezeit":"2\u00a0Minuten"},"schema":{"@context":"https:\/\/schema.org","@graph":[{"@type":"WebPage","@id":"https:\/\/www.gesamtschule-eiserfeld.de\/?page_id=18808","url":"https:\/\/www.gesamtschule-eiserfeld.de\/?page_id=18808","name":"F\u00f6rderverein - Gesamtschule Eiserfeld","isPartOf":{"@id":"https:\/\/www.gesamtschule-eiserfeld.de\/#website"},"primaryImageOfPage":{"@id":"https:\/\/www.gesamtschule-eiserfeld.de\/?page_id=18808#primaryimage"},"image":{"@id":"https:\/\/www.gesamtschule-eiserfeld.de\/?page_id=18808#primaryimage"},"thumbnailUrl":"https:\/\/www.gesamtschule-eiserfeld.de\/wp-content\/uploads\/2024\/05\/Logo_FV-transformed-1024x359.jpeg","datePublished":"2024-05-27T11:46:18+00:00","dateModified":"2024-05-28T06:34:32+00:00","breadcrumb":{"@id":"https:\/\/www.gesamtschule-eiserfeld.de\/?page_id=18808#breadcrumb"},"inLanguage":"de","potentialAction":[{"@type":"ReadAction","target":["https:\/\/www.gesamtschule-eiserfeld.de\/?page_id=18808"]}]},{"@type":"ImageObject","inLanguage":"de","@id":"https:\/\/www.gesamtschule-eiserfeld.de\/?page_id=18808#primaryimage","url":"https:\/\/www.gesamtschule-eiserfeld.de\/wp-content\/uploads\/2024\/05\/Logo_FV-transformed-1024x359.jpeg","contentUrl":"https:\/\/www.gesamtschule-eiserfeld.de\/wp-content\/uploads\/2024\/05\/Logo_FV-transformed-1024x359.jpeg"},{"@type":"BreadcrumbList","@id":"https:\/\/www.gesamtschule-eiserfeld.de\/?page_id=18808#breadcrumb","itemListElement":[{"@type":"ListItem","position":1,"name":"Startseite","item":"https:\/\/www.gesamtschule-eiserfeld.de\/"},{"@type":"ListItem","position":2,"name":"Eltern","item":"https:\/\/www.gesamtschule-eiserfeld.de\/?page_id=86"},{"@type":"ListItem","position":3,"name":"F\u00f6rderverein"}]},{"@type":"WebSite","@id":"https:\/\/www.gesamtschule-eiserfeld.de\/#website","url":"https:\/\/www.gesamtschule-eiserfeld.de\/","name":"Gesamtschule Eiserfeld","description":"","publisher":{"@id":"https:\/\/www.gesamtschule-eiserfeld.de\/#organization"},"potentialAction":[{"@type":"SearchAction","target":{"@type":"EntryPoint","urlTemplate":"https:\/\/www.gesamtschule-eiserfeld.de\/?s={search_term_string}"},"query-input":{"@type":"PropertyValueSpecification","valueRequired":true,"valueName":"search_term_string"}}],"inLanguage":"de"},{"@type":"Organization","@id":"https:\/\/www.gesamtschule-eiserfeld.de\/#organization","name":"Gesamtschule Eiserfeld","url":"https:\/\/www.gesamtschule-eiserfeld.de\/","logo":{"@type":"ImageObject","inLanguage":"de","@id":"https:\/\/www.gesamtschule-eiserfeld.de\/#\/schema\/logo\/image\/","url":"https:\/\/i1.wp.com\/www.gesamtschule-eiserfeld.de\/wp-content\/uploads\/2019\/01\/GEE-Logo-neu.jpg?fit=436%2C126&ssl=1","contentUrl":"https:\/\/i1.wp.com\/www.gesamtschule-eiserfeld.de\/wp-content\/uploads\/2019\/01\/GEE-Logo-neu.jpg?fit=436%2C126&ssl=1","width":436,"height":126,"caption":"Gesamtschule Eiserfeld"},"image":{"@id":"https:\/\/www.gesamtschule-eiserfeld.de\/#\/schema\/logo\/image\/"},"sameAs":["https:\/\/www.facebook.com\/GEEiserfeld"]}]}},"jetpack_shortlink":"https:\/\/wp.me\/P2weeL-4Tm","jetpack_sharing_enabled":true,"_links":{"self":[{"href":"https:\/\/www.gesamtschule-eiserfeld.de\/index.php?rest_route=\/wp\/v2\/pages\/18808","targetHints":{"allow":["GET"]}}],"collection":[{"href":"https:\/\/www.gesamtschule-eiserfeld.de\/index.php?rest_route=\/wp\/v2\/pages"}],"about":[{"href":"https:\/\/www.gesamtschule-eiserfeld.de\/index.php?rest_route=\/wp\/v2\/types\/page"}],"author":[{"embeddable":true,"href":"https:\/\/www.gesamtschule-eiserfeld.de\/index.php?rest_route=\/wp\/v2\/users\/19"}],"replies":[{"embeddable":true,"href":"https:\/\/www.gesamtschule-eiserfeld.de\/index.php?rest_route=%2Fwp%2Fv2%2Fcomments&post=18808"}],"version-history":[{"count":13,"href":"https:\/\/www.gesamtschule-eiserfeld.de\/index.php?rest_route=\/wp\/v2\/pages\/18808\/revisions"}],"predecessor-version":[{"id":18841,"href":"https:\/\/www.gesamtschule-eiserfeld.de\/index.php?rest_route=\/wp\/v2\/pages\/18808\/revisions\/18841"}],"up":[{"embeddable":true,"href":"https:\/\/www.gesamtschule-eiserfeld.de\/index.php?rest_route=\/wp\/v2\/pages\/86"}],"wp:attachment":[{"href":"https:\/\/www.gesamtschule-eiserfeld.de\/index.php?rest_route=%2Fwp%2Fv2%2Fmedia&parent=18808"}],"curies":[{"name":"wp","href":"https:\/\/api.w.org\/{rel}","templated":true}]}}