{"id":20163,"date":"2025-06-27T13:07:38","date_gmt":"2025-06-27T12:07:38","guid":{"rendered":"https:\/\/www.gesamtschule-eiserfeld.de\/?page_id=20163"},"modified":"2026-02-27T12:17:41","modified_gmt":"2026-02-27T11:17:41","slug":"handykonzept","status":"publish","type":"page","link":"https:\/\/www.gesamtschule-eiserfeld.de\/?page_id=20163","title":{"rendered":"Handykonzept"},"content":{"rendered":"\n<p><strong>Richtlinien zur Nutzung digitaler Endger\u00e4te<\/strong> <strong>an der Gesamtschule Eiserfeld<\/strong><\/p>\n\n\n\n<p>Das Ziel der Gesamtschule Eiserfeld ist die Bildung und Erziehung von jungen Menschen zu verantwortungsbewussten und sozial handlungsf\u00e4higen Mitgliedern einer digitalisierten und demokratisch-pluralistischen Gesellschaft.<\/p>\n\n\n\n<p>Das beinhaltet neben der Unterst\u00fctzung von Lernprozessen durch digitale Endger\u00e4te und der F\u00f6rderung des kritischen Gebrauchs von digitalen Medien auch transparente und verbindliche Regeln, die die exzessive, mitunter missbr\u00e4uchliche Nutzung von beispielsweise Smartphones einschr\u00e4nken.<\/p>\n\n\n\n<p>Die Schulkonferenz der Gesamtschule Eiserfeld hat daher folgende Richtlinien beschlossen: <\/p>\n\n\n\n<p><a href=\"https:\/\/www.gesamtschule-eiserfeld.de\/wp-content\/uploads\/2025\/06\/Richtlinien-zur-Nutzung-digitaler-Endgeraete-an-der-Gesamtschule-Eiserfeld.pdf\" target=\"_blank\" rel=\"noreferrer noopener\">Richtlinien zur Nutzung digitaler Endger\u00e4te an der Gesamtschule Eiserfeld (stand Juni 2025)<\/a><\/p>\n\n\n\n<p>Kurzgefasst bedeuten diese Richtlinien, dass w\u00e4hrend der Unterrichtsstunden und in den kleinen Pausen die private Nutzung von digitalen Endger\u00e4ten verboten ist. In den Klassen- und Kursr\u00e4umen sind Handy-Garagen. Ausschlie\u00dflich die Lehrkraft erlaubt die Herausnahme zu unterrichtlichen Zwecken.<\/p>\n\n\n\n<p>Die Nutzung kann f\u00fcr die einzelnen Abteilungen folgenderma\u00dfen zusammengefasst werden.<\/p>\n\n\n\n<figure class=\"wp-block-table\"><table class=\"has-fixed-layout\"><tbody><tr><td><strong>Abteilung I<\/strong><\/td><td>Verbot der privaten Nutzung auf dem gesamten Schulgel\u00e4nde \u201eAm Hengsberg\u201c wie gehabt.<br><br>Nutzung nur zu unterrichtlichen Zwecken.<br><br>Anrufe bei den Eltern nur noch im Sekretariat unter Aufsicht.<\/td><\/tr><tr><td><strong>Abteilung II<\/strong><\/td><td>Ausschlie\u00dflich in der Zeit des offenen Angebotes (also zwischen 12:25 und 13:10 Uhr) und nur auf dem Au\u00dfengel\u00e4nde der Schule, und zwar auf den Schulh\u00f6fen zwischen B-, C-, und D-Trakt, ist die private Nutzung erlaubt.<br><br>Die kleinen Pausen sollen zur Erholung genutzt werden.<\/td><\/tr><tr><td><strong>Abteilung III<\/strong><\/td><td>W\u00e4hrend der Freistunden und dem SLZ ausschlie\u00dflich in den ausgewiesenen R\u00e4umen.<br><br>In der Zeit von 12:25 bis 13:10 Uhr (s. Abteilung II)<\/td><\/tr><\/tbody><\/table><\/figure>\n\n\n\n<p>Die Erziehungsberechtigten erreichen ihre Kinder im Notfall \u00fcber die Sekretariate:<\/p>\n\n\n\n<p>0271 303148 0 (Talsbachstra\u00dfe, Jahrg\u00e4nge 8 bis Q2) oder<\/p>\n\n\n\n<p>0271 8095888 0 (Am Hengsberg, Jahrg\u00e4nge 5 bis 7)<\/p>\n","protected":false},"excerpt":{"rendered":"<p>Richtlinien zur Nutzung digitaler Endger\u00e4te an der Gesamtschule Eiserfeld Das Ziel der Gesamtschule Eiserfeld ist die Bildung und Erziehung von jungen Menschen zu verantwortungsbewussten und sozial handlungsf\u00e4higen Mitgliedern einer digitalisierten und demokratisch-pluralistischen Gesellschaft. Das beinhaltet neben der Unterst\u00fctzung von Lernprozessen durch digitale Endger\u00e4te und der F\u00f6rderung des kritischen Gebrauchs von digitalen Medien auch transparente und &hellip; <a href=\"https:\/\/www.gesamtschule-eiserfeld.de\/?page_id=20163\" class=\"more-link\"><span class=\"screen-reader-text\">Handykonzept<\/span> weiterlesen <span class=\"meta-nav\">&rarr;<\/span><\/a><\/p>\n","protected":false},"author":19,"featured_media":20169,"parent":20160,"menu_order":1,"comment_status":"closed","ping_status":"closed","template":"","meta":{"footnotes":""},"class_list":["post-20163","page","type-page","status-publish","has-post-thumbnail","hentry"],"yoast_head":"<!-- This site is optimized with the Yoast SEO plugin v27.5 - https:\/\/yoast.com\/product\/yoast-seo-wordpress\/ -->\n<title>Handykonzept - Gesamtschule Eiserfeld<\/title>\n<meta name=\"robots\" content=\"index, follow, max-snippet:-1, max-image-preview:large, max-video-preview:-1\" \/>\n<link rel=\"canonical\" href=\"https:\/\/www.gesamtschule-eiserfeld.de\/?page_id=20163\" \/>\n<meta property=\"og:locale\" content=\"de_DE\" \/>\n<meta property=\"og:type\" content=\"article\" \/>\n<meta property=\"og:title\" content=\"Handykonzept - Gesamtschule Eiserfeld\" \/>\n<meta property=\"og:description\" content=\"Richtlinien zur Nutzung digitaler Endger\u00e4te an der Gesamtschule Eiserfeld Das Ziel der Gesamtschule Eiserfeld ist die Bildung und Erziehung von jungen Menschen zu verantwortungsbewussten und sozial handlungsf\u00e4higen Mitgliedern einer digitalisierten und demokratisch-pluralistischen Gesellschaft. Das beinhaltet neben der Unterst\u00fctzung von Lernprozessen durch digitale Endger\u00e4te und der F\u00f6rderung des kritischen Gebrauchs von digitalen Medien auch transparente und &hellip; Handykonzept weiterlesen &rarr;\" \/>\n<meta property=\"og:url\" content=\"https:\/\/www.gesamtschule-eiserfeld.de\/?page_id=20163\" \/>\n<meta property=\"og:site_name\" content=\"Gesamtschule Eiserfeld\" \/>\n<meta property=\"article:publisher\" content=\"https:\/\/www.facebook.com\/GEEiserfeld\" \/>\n<meta property=\"article:modified_time\" content=\"2026-02-27T11:17:41+00:00\" \/>\n<meta property=\"og:image\" content=\"https:\/\/www.gesamtschule-eiserfeld.de\/wp-content\/uploads\/2025\/06\/headerhandykonzept25.jpg\" \/>\n\t<meta property=\"og:image:width\" content=\"676\" \/>\n\t<meta property=\"og:image:height\" content=\"404\" \/>\n\t<meta property=\"og:image:type\" content=\"image\/jpeg\" \/>\n<meta name=\"twitter:card\" content=\"summary_large_image\" \/>\n<meta name=\"twitter:label1\" content=\"Gesch\u00e4tzte Lesezeit\" \/>\n\t<meta name=\"twitter:data1\" content=\"2\u00a0Minuten\" \/>\n<script type=\"application\/ld+json\" class=\"yoast-schema-graph\">{\"@context\":\"https:\\\/\\\/schema.org\",\"@graph\":[{\"@type\":\"WebPage\",\"@id\":\"https:\\\/\\\/www.gesamtschule-eiserfeld.de\\\/?page_id=20163\",\"url\":\"https:\\\/\\\/www.gesamtschule-eiserfeld.de\\\/?page_id=20163\",\"name\":\"Handykonzept - Gesamtschule Eiserfeld\",\"isPartOf\":{\"@id\":\"https:\\\/\\\/www.gesamtschule-eiserfeld.de\\\/#website\"},\"primaryImageOfPage\":{\"@id\":\"https:\\\/\\\/www.gesamtschule-eiserfeld.de\\\/?page_id=20163#primaryimage\"},\"image\":{\"@id\":\"https:\\\/\\\/www.gesamtschule-eiserfeld.de\\\/?page_id=20163#primaryimage\"},\"thumbnailUrl\":\"https:\\\/\\\/i0.wp.com\\\/www.gesamtschule-eiserfeld.de\\\/wp-content\\\/uploads\\\/2025\\\/06\\\/headerhandykonzept25.jpg?fit=676%2C404&ssl=1\",\"datePublished\":\"2025-06-27T12:07:38+00:00\",\"dateModified\":\"2026-02-27T11:17:41+00:00\",\"breadcrumb\":{\"@id\":\"https:\\\/\\\/www.gesamtschule-eiserfeld.de\\\/?page_id=20163#breadcrumb\"},\"inLanguage\":\"de\",\"potentialAction\":[{\"@type\":\"ReadAction\",\"target\":[\"https:\\\/\\\/www.gesamtschule-eiserfeld.de\\\/?page_id=20163\"]}]},{\"@type\":\"ImageObject\",\"inLanguage\":\"de\",\"@id\":\"https:\\\/\\\/www.gesamtschule-eiserfeld.de\\\/?page_id=20163#primaryimage\",\"url\":\"https:\\\/\\\/i0.wp.com\\\/www.gesamtschule-eiserfeld.de\\\/wp-content\\\/uploads\\\/2025\\\/06\\\/headerhandykonzept25.jpg?fit=676%2C404&ssl=1\",\"contentUrl\":\"https:\\\/\\\/i0.wp.com\\\/www.gesamtschule-eiserfeld.de\\\/wp-content\\\/uploads\\\/2025\\\/06\\\/headerhandykonzept25.jpg?fit=676%2C404&ssl=1\",\"width\":676,\"height\":404},{\"@type\":\"BreadcrumbList\",\"@id\":\"https:\\\/\\\/www.gesamtschule-eiserfeld.de\\\/?page_id=20163#breadcrumb\",\"itemListElement\":[{\"@type\":\"ListItem\",\"position\":1,\"name\":\"Startseite\",\"item\":\"https:\\\/\\\/www.gesamtschule-eiserfeld.de\\\/\"},{\"@type\":\"ListItem\",\"position\":2,\"name\":\"Schulprofil\",\"item\":\"https:\\\/\\\/www.gesamtschule-eiserfeld.de\\\/?page_id=72\"},{\"@type\":\"ListItem\",\"position\":3,\"name\":\"Konzepte\",\"item\":\"https:\\\/\\\/www.gesamtschule-eiserfeld.de\\\/?page_id=20160\"},{\"@type\":\"ListItem\",\"position\":4,\"name\":\"Handykonzept\"}]},{\"@type\":\"WebSite\",\"@id\":\"https:\\\/\\\/www.gesamtschule-eiserfeld.de\\\/#website\",\"url\":\"https:\\\/\\\/www.gesamtschule-eiserfeld.de\\\/\",\"name\":\"Gesamtschule Eiserfeld\",\"description\":\"\",\"publisher\":{\"@id\":\"https:\\\/\\\/www.gesamtschule-eiserfeld.de\\\/#organization\"},\"potentialAction\":[{\"@type\":\"SearchAction\",\"target\":{\"@type\":\"EntryPoint\",\"urlTemplate\":\"https:\\\/\\\/www.gesamtschule-eiserfeld.de\\\/?s={search_term_string}\"},\"query-input\":{\"@type\":\"PropertyValueSpecification\",\"valueRequired\":true,\"valueName\":\"search_term_string\"}}],\"inLanguage\":\"de\"},{\"@type\":\"Organization\",\"@id\":\"https:\\\/\\\/www.gesamtschule-eiserfeld.de\\\/#organization\",\"name\":\"Gesamtschule Eiserfeld\",\"url\":\"https:\\\/\\\/www.gesamtschule-eiserfeld.de\\\/\",\"logo\":{\"@type\":\"ImageObject\",\"inLanguage\":\"de\",\"@id\":\"https:\\\/\\\/www.gesamtschule-eiserfeld.de\\\/#\\\/schema\\\/logo\\\/image\\\/\",\"url\":\"https:\\\/\\\/i1.wp.com\\\/www.gesamtschule-eiserfeld.de\\\/wp-content\\\/uploads\\\/2019\\\/01\\\/GEE-Logo-neu.jpg?fit=436%2C126&ssl=1\",\"contentUrl\":\"https:\\\/\\\/i1.wp.com\\\/www.gesamtschule-eiserfeld.de\\\/wp-content\\\/uploads\\\/2019\\\/01\\\/GEE-Logo-neu.jpg?fit=436%2C126&ssl=1\",\"width\":436,\"height\":126,\"caption\":\"Gesamtschule Eiserfeld\"},\"image\":{\"@id\":\"https:\\\/\\\/www.gesamtschule-eiserfeld.de\\\/#\\\/schema\\\/logo\\\/image\\\/\"},\"sameAs\":[\"https:\\\/\\\/www.facebook.com\\\/GEEiserfeld\"]}]}<\/script>\n<!-- \/ Yoast SEO plugin. -->","yoast_head_json":{"title":"Handykonzept - Gesamtschule Eiserfeld","robots":{"index":"index","follow":"follow","max-snippet":"max-snippet:-1","max-image-preview":"max-image-preview:large","max-video-preview":"max-video-preview:-1"},"canonical":"https:\/\/www.gesamtschule-eiserfeld.de\/?page_id=20163","og_locale":"de_DE","og_type":"article","og_title":"Handykonzept - Gesamtschule Eiserfeld","og_description":"Richtlinien zur Nutzung digitaler Endger\u00e4te an der Gesamtschule Eiserfeld Das Ziel der Gesamtschule Eiserfeld ist die Bildung und Erziehung von jungen Menschen zu verantwortungsbewussten und sozial handlungsf\u00e4higen Mitgliedern einer digitalisierten und demokratisch-pluralistischen Gesellschaft. Das beinhaltet neben der Unterst\u00fctzung von Lernprozessen durch digitale Endger\u00e4te und der F\u00f6rderung des kritischen Gebrauchs von digitalen Medien auch transparente und &hellip; Handykonzept weiterlesen &rarr;","og_url":"https:\/\/www.gesamtschule-eiserfeld.de\/?page_id=20163","og_site_name":"Gesamtschule Eiserfeld","article_publisher":"https:\/\/www.facebook.com\/GEEiserfeld","article_modified_time":"2026-02-27T11:17:41+00:00","og_image":[{"width":676,"height":404,"url":"https:\/\/www.gesamtschule-eiserfeld.de\/wp-content\/uploads\/2025\/06\/headerhandykonzept25.jpg","type":"image\/jpeg"}],"twitter_card":"summary_large_image","twitter_misc":{"Gesch\u00e4tzte Lesezeit":"2\u00a0Minuten"},"schema":{"@context":"https:\/\/schema.org","@graph":[{"@type":"WebPage","@id":"https:\/\/www.gesamtschule-eiserfeld.de\/?page_id=20163","url":"https:\/\/www.gesamtschule-eiserfeld.de\/?page_id=20163","name":"Handykonzept - Gesamtschule Eiserfeld","isPartOf":{"@id":"https:\/\/www.gesamtschule-eiserfeld.de\/#website"},"primaryImageOfPage":{"@id":"https:\/\/www.gesamtschule-eiserfeld.de\/?page_id=20163#primaryimage"},"image":{"@id":"https:\/\/www.gesamtschule-eiserfeld.de\/?page_id=20163#primaryimage"},"thumbnailUrl":"https:\/\/i0.wp.com\/www.gesamtschule-eiserfeld.de\/wp-content\/uploads\/2025\/06\/headerhandykonzept25.jpg?fit=676%2C404&ssl=1","datePublished":"2025-06-27T12:07:38+00:00","dateModified":"2026-02-27T11:17:41+00:00","breadcrumb":{"@id":"https:\/\/www.gesamtschule-eiserfeld.de\/?page_id=20163#breadcrumb"},"inLanguage":"de","potentialAction":[{"@type":"ReadAction","target":["https:\/\/www.gesamtschule-eiserfeld.de\/?page_id=20163"]}]},{"@type":"ImageObject","inLanguage":"de","@id":"https:\/\/www.gesamtschule-eiserfeld.de\/?page_id=20163#primaryimage","url":"https:\/\/i0.wp.com\/www.gesamtschule-eiserfeld.de\/wp-content\/uploads\/2025\/06\/headerhandykonzept25.jpg?fit=676%2C404&ssl=1","contentUrl":"https:\/\/i0.wp.com\/www.gesamtschule-eiserfeld.de\/wp-content\/uploads\/2025\/06\/headerhandykonzept25.jpg?fit=676%2C404&ssl=1","width":676,"height":404},{"@type":"BreadcrumbList","@id":"https:\/\/www.gesamtschule-eiserfeld.de\/?page_id=20163#breadcrumb","itemListElement":[{"@type":"ListItem","position":1,"name":"Startseite","item":"https:\/\/www.gesamtschule-eiserfeld.de\/"},{"@type":"ListItem","position":2,"name":"Schulprofil","item":"https:\/\/www.gesamtschule-eiserfeld.de\/?page_id=72"},{"@type":"ListItem","position":3,"name":"Konzepte","item":"https:\/\/www.gesamtschule-eiserfeld.de\/?page_id=20160"},{"@type":"ListItem","position":4,"name":"Handykonzept"}]},{"@type":"WebSite","@id":"https:\/\/www.gesamtschule-eiserfeld.de\/#website","url":"https:\/\/www.gesamtschule-eiserfeld.de\/","name":"Gesamtschule Eiserfeld","description":"","publisher":{"@id":"https:\/\/www.gesamtschule-eiserfeld.de\/#organization"},"potentialAction":[{"@type":"SearchAction","target":{"@type":"EntryPoint","urlTemplate":"https:\/\/www.gesamtschule-eiserfeld.de\/?s={search_term_string}"},"query-input":{"@type":"PropertyValueSpecification","valueRequired":true,"valueName":"search_term_string"}}],"inLanguage":"de"},{"@type":"Organization","@id":"https:\/\/www.gesamtschule-eiserfeld.de\/#organization","name":"Gesamtschule Eiserfeld","url":"https:\/\/www.gesamtschule-eiserfeld.de\/","logo":{"@type":"ImageObject","inLanguage":"de","@id":"https:\/\/www.gesamtschule-eiserfeld.de\/#\/schema\/logo\/image\/","url":"https:\/\/i1.wp.com\/www.gesamtschule-eiserfeld.de\/wp-content\/uploads\/2019\/01\/GEE-Logo-neu.jpg?fit=436%2C126&ssl=1","contentUrl":"https:\/\/i1.wp.com\/www.gesamtschule-eiserfeld.de\/wp-content\/uploads\/2019\/01\/GEE-Logo-neu.jpg?fit=436%2C126&ssl=1","width":436,"height":126,"caption":"Gesamtschule Eiserfeld"},"image":{"@id":"https:\/\/www.gesamtschule-eiserfeld.de\/#\/schema\/logo\/image\/"},"sameAs":["https:\/\/www.facebook.com\/GEEiserfeld"]}]}},"jetpack_shortlink":"https:\/\/wp.me\/P2weeL-5fd","jetpack_sharing_enabled":true,"_links":{"self":[{"href":"https:\/\/www.gesamtschule-eiserfeld.de\/index.php?rest_route=\/wp\/v2\/pages\/20163","targetHints":{"allow":["GET"]}}],"collection":[{"href":"https:\/\/www.gesamtschule-eiserfeld.de\/index.php?rest_route=\/wp\/v2\/pages"}],"about":[{"href":"https:\/\/www.gesamtschule-eiserfeld.de\/index.php?rest_route=\/wp\/v2\/types\/page"}],"author":[{"embeddable":true,"href":"https:\/\/www.gesamtschule-eiserfeld.de\/index.php?rest_route=\/wp\/v2\/users\/19"}],"replies":[{"embeddable":true,"href":"https:\/\/www.gesamtschule-eiserfeld.de\/index.php?rest_route=%2Fwp%2Fv2%2Fcomments&post=20163"}],"version-history":[{"count":4,"href":"https:\/\/www.gesamtschule-eiserfeld.de\/index.php?rest_route=\/wp\/v2\/pages\/20163\/revisions"}],"predecessor-version":[{"id":20168,"href":"https:\/\/www.gesamtschule-eiserfeld.de\/index.php?rest_route=\/wp\/v2\/pages\/20163\/revisions\/20168"}],"up":[{"embeddable":true,"href":"https:\/\/www.gesamtschule-eiserfeld.de\/index.php?rest_route=\/wp\/v2\/pages\/20160"}],"wp:featuredmedia":[{"embeddable":true,"href":"https:\/\/www.gesamtschule-eiserfeld.de\/index.php?rest_route=\/wp\/v2\/media\/20169"}],"wp:attachment":[{"href":"https:\/\/www.gesamtschule-eiserfeld.de\/index.php?rest_route=%2Fwp%2Fv2%2Fmedia&parent=20163"}],"curies":[{"name":"wp","href":"https:\/\/api.w.org\/{rel}","templated":true}]}}