{"id":20536,"date":"2025-12-01T13:58:48","date_gmt":"2025-12-01T12:58:48","guid":{"rendered":"https:\/\/www.gesamtschule-eiserfeld.de\/?page_id=20536"},"modified":"2026-04-03T11:41:28","modified_gmt":"2026-04-03T10:41:28","slug":"wahlpflichtbereich","status":"publish","type":"page","link":"https:\/\/www.gesamtschule-eiserfeld.de\/?page_id=20536","title":{"rendered":"Wahlpflichtbereich"},"content":{"rendered":"\n<p>An unserer Schule haben die Sch\u00fclerinnen und Sch\u00fcler die M\u00f6glichkeit, ihren individuellen Interessen und St\u00e4rken nachzugehen. Die sogenannten Wahlpflichtf\u00e4cher sind dabei in zwei Bereiche gegliedert: <strong>WP I<\/strong> ab Jahrgang 7 und <strong>Erg\u00e4nzungskurse <\/strong>ab Jahrgang 9. <\/p>\n\n\n\n<p>Im <strong>Wahlpflichtbereich I (WP I)<\/strong> w\u00e4hlen die Lernenden ab Klasse 7 ein Fach, das sie bis zum Ende der Sekundarstufe I begleitet. Zur Auswahl stehen die F\u00e4cher <strong><a href=\"https:\/\/www.gesamtschule-eiserfeld.de\/?page_id=3007\">Franz\u00f6sisch<\/a><\/strong>, <strong><a href=\"https:\/\/www.gesamtschule-eiserfeld.de\/?page_id=3162\">Spanisch<\/a><\/strong>, <strong><a href=\"https:\/\/www.gesamtschule-eiserfeld.de\/?page_id=6351\">Darstellen und Gestalten<\/a><\/strong>, <strong><a href=\"https:\/\/www.gesamtschule-eiserfeld.de\/?page_id=4834\">Naturwissenschaften<\/a><\/strong> sowie <a href=\"https:\/\/www.gesamtschule-eiserfeld.de\/?page_id=4643\"><strong>Wirtschaft und Arbeitswelt<\/strong>.<\/a> Dieses Fach wird versetzungsrelevant und schriftlich unterrichtet.<\/p>\n\n\n\n<p>Die <strong>Erg\u00e4nzungskurse<\/strong> erweitern ab Klasse 9 die individuellen Lernschwerpunkte. Hier k\u00f6nnen die Sch\u00fclerinnen und Sch\u00fcler zwischen zwei Angeboten entscheiden: <strong><a href=\"https:\/\/www.gesamtschule-eiserfeld.de\/?page_id=3519\">Gemeinn\u00fctzig Handeln<\/a><\/strong> (Jg. 9) in Kombination mit verschiedenen Erg\u00e4nzungskursen (Jg 10)  oder erneut einer Fremdsprache (<strong><a href=\"https:\/\/www.gesamtschule-eiserfeld.de\/?page_id=3007\">Franz\u00f6sisch<\/a> \/ <a href=\"https:\/\/www.gesamtschule-eiserfeld.de\/?page_id=3162\">Spanisch<\/a><\/strong>) (F\u00fcr Jg 9 und 10). Dieser Bereich dient der Vertiefung pers\u00f6nlicher Interessen und der gezielten F\u00f6rderung.<\/p>\n\n\n\n<p>Sowohl WP1 als auch die Erg\u00e4nzungsstunden unterst\u00fctzen unsere Sch\u00fclerinnen und Sch\u00fcler dabei, ihre St\u00e4rken zu entdecken, neue Lernfelder auszuprobieren und sich optimal auf ihre weiteren Bildungswege vorzubereiten.<\/p>\n\n\n\n<p><strong>Downloads: <\/strong><\/p>\n\n\n\n<p><a href=\"https:\/\/www.gesamtschule-eiserfeld.de\/wp-content\/uploads\/2021\/05\/BroschuereMai2021.pdf\">Informationsbrosch\u00fcre f\u00fcr den Wahlpflichtbereich I (ab Jahrgang 7)<\/a><\/p>\n\n\n\n<p><a href=\"https:\/\/www.gesamtschule-eiserfeld.de\/wp-content\/uploads\/2026\/04\/WPI_aktuell-ohne-Termine.pdf\" target=\"_blank\" rel=\"noreferrer noopener\">Pr\u00e4sentation zum Wahlpflichtbereich I (ab Jahrgang 7)<\/a><\/p>\n\n\n\n<p><a href=\"https:\/\/www.gesamtschule-eiserfeld.de\/wp-content\/uploads\/2024\/04\/Ergaenzungskurswahl-fuer-die-Jahrgangsstufe-9-1.pdf\">Pr\u00e4sentation zu den Erg\u00e4nzungsstunden (ab Jahrgang 9)<\/a><\/p>\n\n\n\n<p><\/p>\n","protected":false},"excerpt":{"rendered":"<p>An unserer Schule haben die Sch\u00fclerinnen und Sch\u00fcler die M\u00f6glichkeit, ihren individuellen Interessen und St\u00e4rken nachzugehen. Die sogenannten Wahlpflichtf\u00e4cher sind dabei in zwei Bereiche gegliedert: WP I ab Jahrgang 7 und Erg\u00e4nzungskurse ab Jahrgang 9. Im Wahlpflichtbereich I (WP I) w\u00e4hlen die Lernenden ab Klasse 7 ein Fach, das sie bis zum Ende der Sekundarstufe &hellip; <a href=\"https:\/\/www.gesamtschule-eiserfeld.de\/?page_id=20536\" class=\"more-link\"><span class=\"screen-reader-text\">Wahlpflichtbereich<\/span> weiterlesen <span class=\"meta-nav\">&rarr;<\/span><\/a><\/p>\n","protected":false},"author":19,"featured_media":20512,"parent":74,"menu_order":2,"comment_status":"closed","ping_status":"closed","template":"","meta":{"jetpack_post_was_ever_published":false,"footnotes":""},"class_list":["post-20536","page","type-page","status-publish","has-post-thumbnail","hentry"],"yoast_head":"<!-- This site is optimized with the Yoast SEO plugin v27.4 - https:\/\/yoast.com\/product\/yoast-seo-wordpress\/ -->\n<title>Wahlpflichtbereich - Gesamtschule Eiserfeld<\/title>\n<meta name=\"robots\" content=\"index, follow, max-snippet:-1, max-image-preview:large, max-video-preview:-1\" \/>\n<link rel=\"canonical\" href=\"https:\/\/www.gesamtschule-eiserfeld.de\/?page_id=20536\" \/>\n<meta property=\"og:locale\" content=\"de_DE\" \/>\n<meta property=\"og:type\" content=\"article\" \/>\n<meta property=\"og:title\" content=\"Wahlpflichtbereich - Gesamtschule Eiserfeld\" \/>\n<meta property=\"og:description\" content=\"An unserer Schule haben die Sch\u00fclerinnen und Sch\u00fcler die M\u00f6glichkeit, ihren individuellen Interessen und St\u00e4rken nachzugehen. Die sogenannten Wahlpflichtf\u00e4cher sind dabei in zwei Bereiche gegliedert: WP I ab Jahrgang 7 und Erg\u00e4nzungskurse ab Jahrgang 9. Im Wahlpflichtbereich I (WP I) w\u00e4hlen die Lernenden ab Klasse 7 ein Fach, das sie bis zum Ende der Sekundarstufe &hellip; Wahlpflichtbereich weiterlesen &rarr;\" \/>\n<meta property=\"og:url\" content=\"https:\/\/www.gesamtschule-eiserfeld.de\/?page_id=20536\" \/>\n<meta property=\"og:site_name\" content=\"Gesamtschule Eiserfeld\" \/>\n<meta property=\"article:publisher\" content=\"https:\/\/www.facebook.com\/GEEiserfeld\" \/>\n<meta property=\"article:modified_time\" content=\"2026-04-03T10:41:28+00:00\" \/>\n<meta property=\"og:image\" content=\"https:\/\/www.gesamtschule-eiserfeld.de\/wp-content\/uploads\/2025\/11\/headrerberufe25.jpg\" \/>\n\t<meta property=\"og:image:width\" content=\"645\" \/>\n\t<meta property=\"og:image:height\" content=\"474\" \/>\n\t<meta property=\"og:image:type\" content=\"image\/jpeg\" \/>\n<meta name=\"twitter:card\" content=\"summary_large_image\" \/>\n<meta name=\"twitter:label1\" content=\"Gesch\u00e4tzte Lesezeit\" \/>\n\t<meta name=\"twitter:data1\" content=\"2\u00a0Minuten\" \/>\n<script type=\"application\/ld+json\" class=\"yoast-schema-graph\">{\"@context\":\"https:\\\/\\\/schema.org\",\"@graph\":[{\"@type\":\"WebPage\",\"@id\":\"https:\\\/\\\/www.gesamtschule-eiserfeld.de\\\/?page_id=20536\",\"url\":\"https:\\\/\\\/www.gesamtschule-eiserfeld.de\\\/?page_id=20536\",\"name\":\"Wahlpflichtbereich - Gesamtschule Eiserfeld\",\"isPartOf\":{\"@id\":\"https:\\\/\\\/www.gesamtschule-eiserfeld.de\\\/#website\"},\"primaryImageOfPage\":{\"@id\":\"https:\\\/\\\/www.gesamtschule-eiserfeld.de\\\/?page_id=20536#primaryimage\"},\"image\":{\"@id\":\"https:\\\/\\\/www.gesamtschule-eiserfeld.de\\\/?page_id=20536#primaryimage\"},\"thumbnailUrl\":\"https:\\\/\\\/i0.wp.com\\\/www.gesamtschule-eiserfeld.de\\\/wp-content\\\/uploads\\\/2025\\\/11\\\/headrerberufe25.jpg?fit=645%2C474&ssl=1\",\"datePublished\":\"2025-12-01T12:58:48+00:00\",\"dateModified\":\"2026-04-03T10:41:28+00:00\",\"breadcrumb\":{\"@id\":\"https:\\\/\\\/www.gesamtschule-eiserfeld.de\\\/?page_id=20536#breadcrumb\"},\"inLanguage\":\"de\",\"potentialAction\":[{\"@type\":\"ReadAction\",\"target\":[\"https:\\\/\\\/www.gesamtschule-eiserfeld.de\\\/?page_id=20536\"]}]},{\"@type\":\"ImageObject\",\"inLanguage\":\"de\",\"@id\":\"https:\\\/\\\/www.gesamtschule-eiserfeld.de\\\/?page_id=20536#primaryimage\",\"url\":\"https:\\\/\\\/i0.wp.com\\\/www.gesamtschule-eiserfeld.de\\\/wp-content\\\/uploads\\\/2025\\\/11\\\/headrerberufe25.jpg?fit=645%2C474&ssl=1\",\"contentUrl\":\"https:\\\/\\\/i0.wp.com\\\/www.gesamtschule-eiserfeld.de\\\/wp-content\\\/uploads\\\/2025\\\/11\\\/headrerberufe25.jpg?fit=645%2C474&ssl=1\",\"width\":645,\"height\":474},{\"@type\":\"BreadcrumbList\",\"@id\":\"https:\\\/\\\/www.gesamtschule-eiserfeld.de\\\/?page_id=20536#breadcrumb\",\"itemListElement\":[{\"@type\":\"ListItem\",\"position\":1,\"name\":\"Startseite\",\"item\":\"https:\\\/\\\/www.gesamtschule-eiserfeld.de\\\/\"},{\"@type\":\"ListItem\",\"position\":2,\"name\":\"Unterricht\",\"item\":\"https:\\\/\\\/www.gesamtschule-eiserfeld.de\\\/?page_id=74\"},{\"@type\":\"ListItem\",\"position\":3,\"name\":\"Wahlpflichtbereich\"}]},{\"@type\":\"WebSite\",\"@id\":\"https:\\\/\\\/www.gesamtschule-eiserfeld.de\\\/#website\",\"url\":\"https:\\\/\\\/www.gesamtschule-eiserfeld.de\\\/\",\"name\":\"Gesamtschule Eiserfeld\",\"description\":\"\",\"publisher\":{\"@id\":\"https:\\\/\\\/www.gesamtschule-eiserfeld.de\\\/#organization\"},\"potentialAction\":[{\"@type\":\"SearchAction\",\"target\":{\"@type\":\"EntryPoint\",\"urlTemplate\":\"https:\\\/\\\/www.gesamtschule-eiserfeld.de\\\/?s={search_term_string}\"},\"query-input\":{\"@type\":\"PropertyValueSpecification\",\"valueRequired\":true,\"valueName\":\"search_term_string\"}}],\"inLanguage\":\"de\"},{\"@type\":\"Organization\",\"@id\":\"https:\\\/\\\/www.gesamtschule-eiserfeld.de\\\/#organization\",\"name\":\"Gesamtschule Eiserfeld\",\"url\":\"https:\\\/\\\/www.gesamtschule-eiserfeld.de\\\/\",\"logo\":{\"@type\":\"ImageObject\",\"inLanguage\":\"de\",\"@id\":\"https:\\\/\\\/www.gesamtschule-eiserfeld.de\\\/#\\\/schema\\\/logo\\\/image\\\/\",\"url\":\"https:\\\/\\\/i1.wp.com\\\/www.gesamtschule-eiserfeld.de\\\/wp-content\\\/uploads\\\/2019\\\/01\\\/GEE-Logo-neu.jpg?fit=436%2C126&ssl=1\",\"contentUrl\":\"https:\\\/\\\/i1.wp.com\\\/www.gesamtschule-eiserfeld.de\\\/wp-content\\\/uploads\\\/2019\\\/01\\\/GEE-Logo-neu.jpg?fit=436%2C126&ssl=1\",\"width\":436,\"height\":126,\"caption\":\"Gesamtschule Eiserfeld\"},\"image\":{\"@id\":\"https:\\\/\\\/www.gesamtschule-eiserfeld.de\\\/#\\\/schema\\\/logo\\\/image\\\/\"},\"sameAs\":[\"https:\\\/\\\/www.facebook.com\\\/GEEiserfeld\"]}]}<\/script>\n<!-- \/ Yoast SEO plugin. -->","yoast_head_json":{"title":"Wahlpflichtbereich - Gesamtschule Eiserfeld","robots":{"index":"index","follow":"follow","max-snippet":"max-snippet:-1","max-image-preview":"max-image-preview:large","max-video-preview":"max-video-preview:-1"},"canonical":"https:\/\/www.gesamtschule-eiserfeld.de\/?page_id=20536","og_locale":"de_DE","og_type":"article","og_title":"Wahlpflichtbereich - Gesamtschule Eiserfeld","og_description":"An unserer Schule haben die Sch\u00fclerinnen und Sch\u00fcler die M\u00f6glichkeit, ihren individuellen Interessen und St\u00e4rken nachzugehen. Die sogenannten Wahlpflichtf\u00e4cher sind dabei in zwei Bereiche gegliedert: WP I ab Jahrgang 7 und Erg\u00e4nzungskurse ab Jahrgang 9. Im Wahlpflichtbereich I (WP I) w\u00e4hlen die Lernenden ab Klasse 7 ein Fach, das sie bis zum Ende der Sekundarstufe &hellip; Wahlpflichtbereich weiterlesen &rarr;","og_url":"https:\/\/www.gesamtschule-eiserfeld.de\/?page_id=20536","og_site_name":"Gesamtschule Eiserfeld","article_publisher":"https:\/\/www.facebook.com\/GEEiserfeld","article_modified_time":"2026-04-03T10:41:28+00:00","og_image":[{"width":645,"height":474,"url":"https:\/\/www.gesamtschule-eiserfeld.de\/wp-content\/uploads\/2025\/11\/headrerberufe25.jpg","type":"image\/jpeg"}],"twitter_card":"summary_large_image","twitter_misc":{"Gesch\u00e4tzte Lesezeit":"2\u00a0Minuten"},"schema":{"@context":"https:\/\/schema.org","@graph":[{"@type":"WebPage","@id":"https:\/\/www.gesamtschule-eiserfeld.de\/?page_id=20536","url":"https:\/\/www.gesamtschule-eiserfeld.de\/?page_id=20536","name":"Wahlpflichtbereich - Gesamtschule Eiserfeld","isPartOf":{"@id":"https:\/\/www.gesamtschule-eiserfeld.de\/#website"},"primaryImageOfPage":{"@id":"https:\/\/www.gesamtschule-eiserfeld.de\/?page_id=20536#primaryimage"},"image":{"@id":"https:\/\/www.gesamtschule-eiserfeld.de\/?page_id=20536#primaryimage"},"thumbnailUrl":"https:\/\/i0.wp.com\/www.gesamtschule-eiserfeld.de\/wp-content\/uploads\/2025\/11\/headrerberufe25.jpg?fit=645%2C474&ssl=1","datePublished":"2025-12-01T12:58:48+00:00","dateModified":"2026-04-03T10:41:28+00:00","breadcrumb":{"@id":"https:\/\/www.gesamtschule-eiserfeld.de\/?page_id=20536#breadcrumb"},"inLanguage":"de","potentialAction":[{"@type":"ReadAction","target":["https:\/\/www.gesamtschule-eiserfeld.de\/?page_id=20536"]}]},{"@type":"ImageObject","inLanguage":"de","@id":"https:\/\/www.gesamtschule-eiserfeld.de\/?page_id=20536#primaryimage","url":"https:\/\/i0.wp.com\/www.gesamtschule-eiserfeld.de\/wp-content\/uploads\/2025\/11\/headrerberufe25.jpg?fit=645%2C474&ssl=1","contentUrl":"https:\/\/i0.wp.com\/www.gesamtschule-eiserfeld.de\/wp-content\/uploads\/2025\/11\/headrerberufe25.jpg?fit=645%2C474&ssl=1","width":645,"height":474},{"@type":"BreadcrumbList","@id":"https:\/\/www.gesamtschule-eiserfeld.de\/?page_id=20536#breadcrumb","itemListElement":[{"@type":"ListItem","position":1,"name":"Startseite","item":"https:\/\/www.gesamtschule-eiserfeld.de\/"},{"@type":"ListItem","position":2,"name":"Unterricht","item":"https:\/\/www.gesamtschule-eiserfeld.de\/?page_id=74"},{"@type":"ListItem","position":3,"name":"Wahlpflichtbereich"}]},{"@type":"WebSite","@id":"https:\/\/www.gesamtschule-eiserfeld.de\/#website","url":"https:\/\/www.gesamtschule-eiserfeld.de\/","name":"Gesamtschule Eiserfeld","description":"","publisher":{"@id":"https:\/\/www.gesamtschule-eiserfeld.de\/#organization"},"potentialAction":[{"@type":"SearchAction","target":{"@type":"EntryPoint","urlTemplate":"https:\/\/www.gesamtschule-eiserfeld.de\/?s={search_term_string}"},"query-input":{"@type":"PropertyValueSpecification","valueRequired":true,"valueName":"search_term_string"}}],"inLanguage":"de"},{"@type":"Organization","@id":"https:\/\/www.gesamtschule-eiserfeld.de\/#organization","name":"Gesamtschule Eiserfeld","url":"https:\/\/www.gesamtschule-eiserfeld.de\/","logo":{"@type":"ImageObject","inLanguage":"de","@id":"https:\/\/www.gesamtschule-eiserfeld.de\/#\/schema\/logo\/image\/","url":"https:\/\/i1.wp.com\/www.gesamtschule-eiserfeld.de\/wp-content\/uploads\/2019\/01\/GEE-Logo-neu.jpg?fit=436%2C126&ssl=1","contentUrl":"https:\/\/i1.wp.com\/www.gesamtschule-eiserfeld.de\/wp-content\/uploads\/2019\/01\/GEE-Logo-neu.jpg?fit=436%2C126&ssl=1","width":436,"height":126,"caption":"Gesamtschule Eiserfeld"},"image":{"@id":"https:\/\/www.gesamtschule-eiserfeld.de\/#\/schema\/logo\/image\/"},"sameAs":["https:\/\/www.facebook.com\/GEEiserfeld"]}]}},"jetpack_shortlink":"https:\/\/wp.me\/P2weeL-5le","jetpack_sharing_enabled":true,"_links":{"self":[{"href":"https:\/\/www.gesamtschule-eiserfeld.de\/index.php?rest_route=\/wp\/v2\/pages\/20536","targetHints":{"allow":["GET"]}}],"collection":[{"href":"https:\/\/www.gesamtschule-eiserfeld.de\/index.php?rest_route=\/wp\/v2\/pages"}],"about":[{"href":"https:\/\/www.gesamtschule-eiserfeld.de\/index.php?rest_route=\/wp\/v2\/types\/page"}],"author":[{"embeddable":true,"href":"https:\/\/www.gesamtschule-eiserfeld.de\/index.php?rest_route=\/wp\/v2\/users\/19"}],"replies":[{"embeddable":true,"href":"https:\/\/www.gesamtschule-eiserfeld.de\/index.php?rest_route=%2Fwp%2Fv2%2Fcomments&post=20536"}],"version-history":[{"count":8,"href":"https:\/\/www.gesamtschule-eiserfeld.de\/index.php?rest_route=\/wp\/v2\/pages\/20536\/revisions"}],"predecessor-version":[{"id":20883,"href":"https:\/\/www.gesamtschule-eiserfeld.de\/index.php?rest_route=\/wp\/v2\/pages\/20536\/revisions\/20883"}],"up":[{"embeddable":true,"href":"https:\/\/www.gesamtschule-eiserfeld.de\/index.php?rest_route=\/wp\/v2\/pages\/74"}],"wp:featuredmedia":[{"embeddable":true,"href":"https:\/\/www.gesamtschule-eiserfeld.de\/index.php?rest_route=\/wp\/v2\/media\/20512"}],"wp:attachment":[{"href":"https:\/\/www.gesamtschule-eiserfeld.de\/index.php?rest_route=%2Fwp%2Fv2%2Fmedia&parent=20536"}],"curies":[{"name":"wp","href":"https:\/\/api.w.org\/{rel}","templated":true}]}}