{"id":2631,"date":"2013-06-28T00:49:05","date_gmt":"2013-06-27T23:49:05","guid":{"rendered":"http:\/\/ge-eiserfeld.de\/?page_id=2631"},"modified":"2025-09-08T11:05:47","modified_gmt":"2025-09-08T10:05:47","slug":"biologie","status":"publish","type":"page","link":"https:\/\/www.gesamtschule-eiserfeld.de\/?page_id=2631","title":{"rendered":"Biologie"},"content":{"rendered":"\n<p>Im Bereich Biologie geht es um die gro\u00dfen R\u00e4tsel des Lebens:<\/p>\n\n\n\n<blockquote class=\"wp-block-quote is-layout-flow wp-block-quote-is-layout-flow\">\n<p>Was ist das Leben? Wie funktionieren Lebewesen? Woher kommen die verschiedenen Arten? Was sind \u00d6kosysteme und wieso ist es besser f\u00fcr alle, wenn keine Arten aussterben? Warum werden wir krank?<\/p>\n<\/blockquote>\n\n\n\n<p>All dies sind interessante allgemeine Fragen. Doch auch ganz pers\u00f6nliche werden in Klasse 6 (Sexualkunde) und Klasse 8 (Sexualkunde, Stationen eines Lebens) behandelt, wenn es um die Ver\u00e4nderungen in der Pubert\u00e4t und das pl\u00f6tzliche Interesse am anderen Geschlecht geht.<\/p>\n\n\n\n<div class=\"wp-block-jetpack-slideshow aligncenter\" data-effect=\"slide\"><div class=\"wp-block-jetpack-slideshow_container swiper\"><ul class=\"wp-block-jetpack-slideshow_swiper-wrapper swiper-wrapper\"><li class=\"wp-block-jetpack-slideshow_slide swiper-slide\"><figure><img data-recalc-dims=\"1\" loading=\"lazy\" decoding=\"async\" width=\"474\" height=\"632\" alt=\"\" class=\"wp-block-jetpack-slideshow_image wp-image-19450\" data-id=\"19450\" src=\"https:\/\/i0.wp.com\/www.gesamtschule-eiserfeld.de\/wp-content\/uploads\/2024\/12\/20240202_102651-1.jpg?resize=474%2C632&#038;ssl=1\" srcset=\"https:\/\/i0.wp.com\/www.gesamtschule-eiserfeld.de\/wp-content\/uploads\/2024\/12\/20240202_102651-1-rotated.jpg?resize=768%2C1024&amp;ssl=1 768w, https:\/\/i0.wp.com\/www.gesamtschule-eiserfeld.de\/wp-content\/uploads\/2024\/12\/20240202_102651-1-rotated.jpg?resize=225%2C300&amp;ssl=1 225w, https:\/\/i0.wp.com\/www.gesamtschule-eiserfeld.de\/wp-content\/uploads\/2024\/12\/20240202_102651-1-rotated.jpg?resize=113%2C150&amp;ssl=1 113w, https:\/\/i0.wp.com\/www.gesamtschule-eiserfeld.de\/wp-content\/uploads\/2024\/12\/20240202_102651-1-rotated.jpg?w=900&amp;ssl=1 900w\" sizes=\"(max-width: 474px) 100vw, 474px\" \/><\/figure><\/li><li class=\"wp-block-jetpack-slideshow_slide swiper-slide\"><figure><img data-recalc-dims=\"1\" loading=\"lazy\" decoding=\"async\" width=\"474\" height=\"356\" alt=\"\" class=\"wp-block-jetpack-slideshow_image wp-image-19447\" data-id=\"19447\" src=\"https:\/\/i0.wp.com\/www.gesamtschule-eiserfeld.de\/wp-content\/uploads\/2024\/12\/IMG-20241125-WA0009.jpg?resize=474%2C356&#038;ssl=1\" srcset=\"https:\/\/i0.wp.com\/www.gesamtschule-eiserfeld.de\/wp-content\/uploads\/2024\/12\/IMG-20241125-WA0009.jpg?resize=1024%2C768&amp;ssl=1 1024w, https:\/\/i0.wp.com\/www.gesamtschule-eiserfeld.de\/wp-content\/uploads\/2024\/12\/IMG-20241125-WA0009.jpg?resize=300%2C225&amp;ssl=1 300w, https:\/\/i0.wp.com\/www.gesamtschule-eiserfeld.de\/wp-content\/uploads\/2024\/12\/IMG-20241125-WA0009.jpg?resize=200%2C150&amp;ssl=1 200w, https:\/\/i0.wp.com\/www.gesamtschule-eiserfeld.de\/wp-content\/uploads\/2024\/12\/IMG-20241125-WA0009.jpg?resize=768%2C576&amp;ssl=1 768w, https:\/\/i0.wp.com\/www.gesamtschule-eiserfeld.de\/wp-content\/uploads\/2024\/12\/IMG-20241125-WA0009.jpg?w=1200&amp;ssl=1 1200w, https:\/\/i0.wp.com\/www.gesamtschule-eiserfeld.de\/wp-content\/uploads\/2024\/12\/IMG-20241125-WA0009.jpg?w=948&amp;ssl=1 948w\" sizes=\"(max-width: 474px) 100vw, 474px\" \/><\/figure><\/li><li class=\"wp-block-jetpack-slideshow_slide swiper-slide\"><figure><img data-recalc-dims=\"1\" loading=\"lazy\" decoding=\"async\" width=\"474\" height=\"356\" alt=\"\" class=\"wp-block-jetpack-slideshow_image wp-image-19452\" data-id=\"19452\" src=\"https:\/\/i0.wp.com\/www.gesamtschule-eiserfeld.de\/wp-content\/uploads\/2024\/12\/20240223_110418.jpg?resize=474%2C356&#038;ssl=1\" srcset=\"https:\/\/i0.wp.com\/www.gesamtschule-eiserfeld.de\/wp-content\/uploads\/2024\/12\/20240223_110418.jpg?resize=1024%2C768&amp;ssl=1 1024w, https:\/\/i0.wp.com\/www.gesamtschule-eiserfeld.de\/wp-content\/uploads\/2024\/12\/20240223_110418.jpg?resize=300%2C225&amp;ssl=1 300w, https:\/\/i0.wp.com\/www.gesamtschule-eiserfeld.de\/wp-content\/uploads\/2024\/12\/20240223_110418.jpg?resize=200%2C150&amp;ssl=1 200w, https:\/\/i0.wp.com\/www.gesamtschule-eiserfeld.de\/wp-content\/uploads\/2024\/12\/20240223_110418.jpg?resize=768%2C576&amp;ssl=1 768w, https:\/\/i0.wp.com\/www.gesamtschule-eiserfeld.de\/wp-content\/uploads\/2024\/12\/20240223_110418.jpg?w=1200&amp;ssl=1 1200w, https:\/\/i0.wp.com\/www.gesamtschule-eiserfeld.de\/wp-content\/uploads\/2024\/12\/20240223_110418.jpg?w=948&amp;ssl=1 948w\" sizes=\"(max-width: 474px) 100vw, 474px\" \/><\/figure><\/li><li class=\"wp-block-jetpack-slideshow_slide swiper-slide\"><figure><img data-recalc-dims=\"1\" loading=\"lazy\" decoding=\"async\" width=\"474\" height=\"632\" alt=\"\" class=\"wp-block-jetpack-slideshow_image wp-image-19449\" data-id=\"19449\" src=\"https:\/\/i0.wp.com\/www.gesamtschule-eiserfeld.de\/wp-content\/uploads\/2024\/12\/20240227_105359.jpg?resize=474%2C632&#038;ssl=1\" srcset=\"https:\/\/i0.wp.com\/www.gesamtschule-eiserfeld.de\/wp-content\/uploads\/2024\/12\/20240227_105359-rotated.jpg?resize=768%2C1024&amp;ssl=1 768w, https:\/\/i0.wp.com\/www.gesamtschule-eiserfeld.de\/wp-content\/uploads\/2024\/12\/20240227_105359-rotated.jpg?resize=225%2C300&amp;ssl=1 225w, https:\/\/i0.wp.com\/www.gesamtschule-eiserfeld.de\/wp-content\/uploads\/2024\/12\/20240227_105359-rotated.jpg?resize=113%2C150&amp;ssl=1 113w, https:\/\/i0.wp.com\/www.gesamtschule-eiserfeld.de\/wp-content\/uploads\/2024\/12\/20240227_105359-rotated.jpg?w=900&amp;ssl=1 900w\" sizes=\"(max-width: 474px) 100vw, 474px\" \/><\/figure><\/li><li class=\"wp-block-jetpack-slideshow_slide swiper-slide\"><figure><img data-recalc-dims=\"1\" loading=\"lazy\" decoding=\"async\" width=\"474\" height=\"356\" alt=\"\" class=\"wp-block-jetpack-slideshow_image wp-image-19451\" data-id=\"19451\" src=\"https:\/\/i0.wp.com\/www.gesamtschule-eiserfeld.de\/wp-content\/uploads\/2024\/12\/20240202_102655-1.jpg?resize=474%2C356&#038;ssl=1\" srcset=\"https:\/\/i0.wp.com\/www.gesamtschule-eiserfeld.de\/wp-content\/uploads\/2024\/12\/20240202_102655-1.jpg?resize=1024%2C768&amp;ssl=1 1024w, https:\/\/i0.wp.com\/www.gesamtschule-eiserfeld.de\/wp-content\/uploads\/2024\/12\/20240202_102655-1.jpg?resize=300%2C225&amp;ssl=1 300w, https:\/\/i0.wp.com\/www.gesamtschule-eiserfeld.de\/wp-content\/uploads\/2024\/12\/20240202_102655-1.jpg?resize=200%2C150&amp;ssl=1 200w, https:\/\/i0.wp.com\/www.gesamtschule-eiserfeld.de\/wp-content\/uploads\/2024\/12\/20240202_102655-1.jpg?resize=768%2C576&amp;ssl=1 768w, https:\/\/i0.wp.com\/www.gesamtschule-eiserfeld.de\/wp-content\/uploads\/2024\/12\/20240202_102655-1.jpg?w=1200&amp;ssl=1 1200w, https:\/\/i0.wp.com\/www.gesamtschule-eiserfeld.de\/wp-content\/uploads\/2024\/12\/20240202_102655-1.jpg?w=948&amp;ssl=1 948w\" sizes=\"(max-width: 474px) 100vw, 474px\" \/><\/figure><\/li><li class=\"wp-block-jetpack-slideshow_slide swiper-slide\"><figure><img data-recalc-dims=\"1\" loading=\"lazy\" decoding=\"async\" width=\"474\" height=\"632\" alt=\"\" class=\"wp-block-jetpack-slideshow_image wp-image-19448\" data-id=\"19448\" src=\"https:\/\/i0.wp.com\/www.gesamtschule-eiserfeld.de\/wp-content\/uploads\/2024\/12\/IMG-20241125-WA0011.jpg?resize=474%2C632&#038;ssl=1\" srcset=\"https:\/\/i0.wp.com\/www.gesamtschule-eiserfeld.de\/wp-content\/uploads\/2024\/12\/IMG-20241125-WA0011.jpg?resize=768%2C1024&amp;ssl=1 768w, https:\/\/i0.wp.com\/www.gesamtschule-eiserfeld.de\/wp-content\/uploads\/2024\/12\/IMG-20241125-WA0011.jpg?resize=225%2C300&amp;ssl=1 225w, https:\/\/i0.wp.com\/www.gesamtschule-eiserfeld.de\/wp-content\/uploads\/2024\/12\/IMG-20241125-WA0011.jpg?resize=113%2C150&amp;ssl=1 113w, https:\/\/i0.wp.com\/www.gesamtschule-eiserfeld.de\/wp-content\/uploads\/2024\/12\/IMG-20241125-WA0011.jpg?w=900&amp;ssl=1 900w\" sizes=\"(max-width: 474px) 100vw, 474px\" \/><\/figure><\/li><\/ul><a class=\"wp-block-jetpack-slideshow_button-prev swiper-button-prev swiper-button-white\" role=\"button\"><\/a><a class=\"wp-block-jetpack-slideshow_button-next swiper-button-next swiper-button-white\" role=\"button\"><\/a><a aria-label=\"Pause Slideshow\" class=\"wp-block-jetpack-slideshow_button-pause\" role=\"button\"><\/a><div class=\"wp-block-jetpack-slideshow_pagination swiper-pagination swiper-pagination-white\"><\/div><\/div><\/div>\n\n\n\n<p>Es finden mehrere Projekttage statt, im Moment in Klasse 6 und 8 zu Sexualkunde sowie Projekte zum Thema Rauchen und Drogen.<\/p>\n\n\n\n<p>In den Klassen 5 und 6 wird das Fach Naturwissenschaft gelehrt, mit Inhalten aus Biologie, Chemie und Physik. In Klasse 8 und 9 erfolgt dann Biologie-Unterricht im Klassenverband.<\/p>\n\n\n\n<figure class=\"wp-block-video\"><video height=\"960\" style=\"aspect-ratio: 540 \/ 960;\" width=\"540\" controls src=\"https:\/\/www.gesamtschule-eiserfeld.de\/wp-content\/uploads\/2024\/12\/OCVideo.754598728.467828.mp4\"><\/video><\/figure>\n\n\n\n<p>In der Oberstufe werden Grundkurse und Leistungskurse Biologie angeboten. Hierbei spielen auch Exkursionen eine Rolle. Au\u00dferschulische Lernerfahrungen werden im Botanischen Garten Marburgs gesammelt, im Senkenbergmuseum Frankfurt erfahren wir mehr \u00fcber die Entwicklung des Menschen<\/p>\n\n\n\n<p><a href=\"http:\/\/gesamtschule-eiserfeld.de\/HP%20Downloads\/Leistungsbewertung_Biologie_Sek%20I.pdf\" target=\"_blank\" rel=\"noopener noreferrer\">Leistungsbewertung im Fach Biologie<\/a><\/p>\n\n\n\n<p><a href=\"https:\/\/www.gesamtschule-eiserfeld.de\/wp-content\/uploads\/2025\/09\/CurriculumBio_SI-Stand-August-2025.pdf\" target=\"_blank\" rel=\"noreferrer noopener\">Lehrplan SI<\/a><\/p>\n\n\n\n<p><a href=\"https:\/\/www.gesamtschule-eiserfeld.de\/wp-content\/uploads\/2025\/09\/SIC_Biologie_Sek.-II_Stand-August-2025.pdf\" target=\"_blank\" rel=\"noreferrer noopener\">Lehrplan SII<\/a><\/p>\n\n\n\n<p><a href=\"http:\/\/www.gesamtschule-eiserfeld.de\/HP%20Downloads\/Bewertungskonzept%20im%20Fach%20Biologie%20Sek2.PDF\" target=\"_blank\" rel=\"noopener\">Bewertungskonzept SII<\/a><\/p>\n\n\n\n<p class=\"has-text-align-left\"><a href=\"http:\/\/gesamtschule-eiserfeld.de\/HP%20Downloads\/Projekttage%20Sexualerziehung%206,8%20Konzepte.pdf\" target=\"_blank\" rel=\"noopener noreferrer\">Projekt Sexualkunde (Jgst 6)<\/a><\/p>\n\n\n\n<p><\/p>\n","protected":false},"excerpt":{"rendered":"<p>Im Bereich Biologie geht es um die gro\u00dfen R\u00e4tsel des Lebens: Was ist das Leben? Wie funktionieren Lebewesen? Woher kommen die verschiedenen Arten? Was sind \u00d6kosysteme und wieso ist es besser f\u00fcr alle, wenn keine Arten aussterben? Warum werden wir krank? All dies sind interessante allgemeine Fragen. Doch auch ganz pers\u00f6nliche werden in Klasse 6 &hellip; <a href=\"https:\/\/www.gesamtschule-eiserfeld.de\/?page_id=2631\" class=\"more-link\"><span class=\"screen-reader-text\">Biologie<\/span> weiterlesen <span class=\"meta-nav\">&rarr;<\/span><\/a><\/p>\n","protected":false},"author":9,"featured_media":19452,"parent":302,"menu_order":0,"comment_status":"closed","ping_status":"open","template":"","meta":{"jetpack_post_was_ever_published":false,"footnotes":""},"class_list":["post-2631","page","type-page","status-publish","has-post-thumbnail","hentry"],"yoast_head":"<!-- This site is optimized with the Yoast SEO plugin v27.4 - https:\/\/yoast.com\/product\/yoast-seo-wordpress\/ -->\n<title>Biologie - Gesamtschule Eiserfeld<\/title>\n<meta name=\"robots\" content=\"index, follow, max-snippet:-1, max-image-preview:large, max-video-preview:-1\" \/>\n<link rel=\"canonical\" href=\"https:\/\/www.gesamtschule-eiserfeld.de\/?page_id=2631\" \/>\n<meta property=\"og:locale\" content=\"de_DE\" \/>\n<meta property=\"og:type\" content=\"article\" \/>\n<meta property=\"og:title\" content=\"Biologie - Gesamtschule Eiserfeld\" \/>\n<meta property=\"og:description\" content=\"Im Bereich Biologie geht es um die gro\u00dfen R\u00e4tsel des Lebens: Was ist das Leben? Wie funktionieren Lebewesen? Woher kommen die verschiedenen Arten? Was sind \u00d6kosysteme und wieso ist es besser f\u00fcr alle, wenn keine Arten aussterben? Warum werden wir krank? All dies sind interessante allgemeine Fragen. Doch auch ganz pers\u00f6nliche werden in Klasse 6 &hellip; Biologie weiterlesen &rarr;\" \/>\n<meta property=\"og:url\" content=\"https:\/\/www.gesamtschule-eiserfeld.de\/?page_id=2631\" \/>\n<meta property=\"og:site_name\" content=\"Gesamtschule Eiserfeld\" \/>\n<meta property=\"article:publisher\" content=\"https:\/\/www.facebook.com\/GEEiserfeld\" \/>\n<meta property=\"article:modified_time\" content=\"2025-09-08T10:05:47+00:00\" \/>\n<meta property=\"og:image\" content=\"https:\/\/www.gesamtschule-eiserfeld.de\/wp-content\/uploads\/2024\/12\/20240223_110418.jpg\" \/>\n\t<meta property=\"og:image:width\" content=\"1200\" \/>\n\t<meta property=\"og:image:height\" content=\"900\" \/>\n\t<meta property=\"og:image:type\" content=\"image\/jpeg\" \/>\n<meta name=\"twitter:card\" content=\"summary_large_image\" \/>\n<meta name=\"twitter:label1\" content=\"Gesch\u00e4tzte Lesezeit\" \/>\n\t<meta name=\"twitter:data1\" content=\"3\u00a0Minuten\" \/>\n<script type=\"application\/ld+json\" class=\"yoast-schema-graph\">{\"@context\":\"https:\\\/\\\/schema.org\",\"@graph\":[{\"@type\":\"WebPage\",\"@id\":\"https:\\\/\\\/www.gesamtschule-eiserfeld.de\\\/?page_id=2631\",\"url\":\"https:\\\/\\\/www.gesamtschule-eiserfeld.de\\\/?page_id=2631\",\"name\":\"Biologie - Gesamtschule Eiserfeld\",\"isPartOf\":{\"@id\":\"https:\\\/\\\/www.gesamtschule-eiserfeld.de\\\/#website\"},\"primaryImageOfPage\":{\"@id\":\"https:\\\/\\\/www.gesamtschule-eiserfeld.de\\\/?page_id=2631#primaryimage\"},\"image\":{\"@id\":\"https:\\\/\\\/www.gesamtschule-eiserfeld.de\\\/?page_id=2631#primaryimage\"},\"thumbnailUrl\":\"https:\\\/\\\/i0.wp.com\\\/www.gesamtschule-eiserfeld.de\\\/wp-content\\\/uploads\\\/2024\\\/12\\\/20240223_110418.jpg?fit=1200%2C900&ssl=1\",\"datePublished\":\"2013-06-27T23:49:05+00:00\",\"dateModified\":\"2025-09-08T10:05:47+00:00\",\"breadcrumb\":{\"@id\":\"https:\\\/\\\/www.gesamtschule-eiserfeld.de\\\/?page_id=2631#breadcrumb\"},\"inLanguage\":\"de\",\"potentialAction\":[{\"@type\":\"ReadAction\",\"target\":[\"https:\\\/\\\/www.gesamtschule-eiserfeld.de\\\/?page_id=2631\"]}]},{\"@type\":\"ImageObject\",\"inLanguage\":\"de\",\"@id\":\"https:\\\/\\\/www.gesamtschule-eiserfeld.de\\\/?page_id=2631#primaryimage\",\"url\":\"https:\\\/\\\/i0.wp.com\\\/www.gesamtschule-eiserfeld.de\\\/wp-content\\\/uploads\\\/2024\\\/12\\\/20240223_110418.jpg?fit=1200%2C900&ssl=1\",\"contentUrl\":\"https:\\\/\\\/i0.wp.com\\\/www.gesamtschule-eiserfeld.de\\\/wp-content\\\/uploads\\\/2024\\\/12\\\/20240223_110418.jpg?fit=1200%2C900&ssl=1\",\"width\":1200,\"height\":900},{\"@type\":\"BreadcrumbList\",\"@id\":\"https:\\\/\\\/www.gesamtschule-eiserfeld.de\\\/?page_id=2631#breadcrumb\",\"itemListElement\":[{\"@type\":\"ListItem\",\"position\":1,\"name\":\"Startseite\",\"item\":\"https:\\\/\\\/www.gesamtschule-eiserfeld.de\\\/\"},{\"@type\":\"ListItem\",\"position\":2,\"name\":\"Unterricht\",\"item\":\"https:\\\/\\\/www.gesamtschule-eiserfeld.de\\\/?page_id=74\"},{\"@type\":\"ListItem\",\"position\":3,\"name\":\"F\u00e4cher\",\"item\":\"https:\\\/\\\/www.gesamtschule-eiserfeld.de\\\/?page_id=302\"},{\"@type\":\"ListItem\",\"position\":4,\"name\":\"Biologie\"}]},{\"@type\":\"WebSite\",\"@id\":\"https:\\\/\\\/www.gesamtschule-eiserfeld.de\\\/#website\",\"url\":\"https:\\\/\\\/www.gesamtschule-eiserfeld.de\\\/\",\"name\":\"Gesamtschule Eiserfeld\",\"description\":\"\",\"publisher\":{\"@id\":\"https:\\\/\\\/www.gesamtschule-eiserfeld.de\\\/#organization\"},\"potentialAction\":[{\"@type\":\"SearchAction\",\"target\":{\"@type\":\"EntryPoint\",\"urlTemplate\":\"https:\\\/\\\/www.gesamtschule-eiserfeld.de\\\/?s={search_term_string}\"},\"query-input\":{\"@type\":\"PropertyValueSpecification\",\"valueRequired\":true,\"valueName\":\"search_term_string\"}}],\"inLanguage\":\"de\"},{\"@type\":\"Organization\",\"@id\":\"https:\\\/\\\/www.gesamtschule-eiserfeld.de\\\/#organization\",\"name\":\"Gesamtschule Eiserfeld\",\"url\":\"https:\\\/\\\/www.gesamtschule-eiserfeld.de\\\/\",\"logo\":{\"@type\":\"ImageObject\",\"inLanguage\":\"de\",\"@id\":\"https:\\\/\\\/www.gesamtschule-eiserfeld.de\\\/#\\\/schema\\\/logo\\\/image\\\/\",\"url\":\"https:\\\/\\\/i1.wp.com\\\/www.gesamtschule-eiserfeld.de\\\/wp-content\\\/uploads\\\/2019\\\/01\\\/GEE-Logo-neu.jpg?fit=436%2C126&ssl=1\",\"contentUrl\":\"https:\\\/\\\/i1.wp.com\\\/www.gesamtschule-eiserfeld.de\\\/wp-content\\\/uploads\\\/2019\\\/01\\\/GEE-Logo-neu.jpg?fit=436%2C126&ssl=1\",\"width\":436,\"height\":126,\"caption\":\"Gesamtschule Eiserfeld\"},\"image\":{\"@id\":\"https:\\\/\\\/www.gesamtschule-eiserfeld.de\\\/#\\\/schema\\\/logo\\\/image\\\/\"},\"sameAs\":[\"https:\\\/\\\/www.facebook.com\\\/GEEiserfeld\"]}]}<\/script>\n<!-- \/ Yoast SEO plugin. -->","yoast_head_json":{"title":"Biologie - Gesamtschule Eiserfeld","robots":{"index":"index","follow":"follow","max-snippet":"max-snippet:-1","max-image-preview":"max-image-preview:large","max-video-preview":"max-video-preview:-1"},"canonical":"https:\/\/www.gesamtschule-eiserfeld.de\/?page_id=2631","og_locale":"de_DE","og_type":"article","og_title":"Biologie - Gesamtschule Eiserfeld","og_description":"Im Bereich Biologie geht es um die gro\u00dfen R\u00e4tsel des Lebens: Was ist das Leben? Wie funktionieren Lebewesen? Woher kommen die verschiedenen Arten? Was sind \u00d6kosysteme und wieso ist es besser f\u00fcr alle, wenn keine Arten aussterben? Warum werden wir krank? All dies sind interessante allgemeine Fragen. Doch auch ganz pers\u00f6nliche werden in Klasse 6 &hellip; Biologie weiterlesen &rarr;","og_url":"https:\/\/www.gesamtschule-eiserfeld.de\/?page_id=2631","og_site_name":"Gesamtschule Eiserfeld","article_publisher":"https:\/\/www.facebook.com\/GEEiserfeld","article_modified_time":"2025-09-08T10:05:47+00:00","og_image":[{"width":1200,"height":900,"url":"https:\/\/www.gesamtschule-eiserfeld.de\/wp-content\/uploads\/2024\/12\/20240223_110418.jpg","type":"image\/jpeg"}],"twitter_card":"summary_large_image","twitter_misc":{"Gesch\u00e4tzte Lesezeit":"3\u00a0Minuten"},"schema":{"@context":"https:\/\/schema.org","@graph":[{"@type":"WebPage","@id":"https:\/\/www.gesamtschule-eiserfeld.de\/?page_id=2631","url":"https:\/\/www.gesamtschule-eiserfeld.de\/?page_id=2631","name":"Biologie - Gesamtschule Eiserfeld","isPartOf":{"@id":"https:\/\/www.gesamtschule-eiserfeld.de\/#website"},"primaryImageOfPage":{"@id":"https:\/\/www.gesamtschule-eiserfeld.de\/?page_id=2631#primaryimage"},"image":{"@id":"https:\/\/www.gesamtschule-eiserfeld.de\/?page_id=2631#primaryimage"},"thumbnailUrl":"https:\/\/i0.wp.com\/www.gesamtschule-eiserfeld.de\/wp-content\/uploads\/2024\/12\/20240223_110418.jpg?fit=1200%2C900&ssl=1","datePublished":"2013-06-27T23:49:05+00:00","dateModified":"2025-09-08T10:05:47+00:00","breadcrumb":{"@id":"https:\/\/www.gesamtschule-eiserfeld.de\/?page_id=2631#breadcrumb"},"inLanguage":"de","potentialAction":[{"@type":"ReadAction","target":["https:\/\/www.gesamtschule-eiserfeld.de\/?page_id=2631"]}]},{"@type":"ImageObject","inLanguage":"de","@id":"https:\/\/www.gesamtschule-eiserfeld.de\/?page_id=2631#primaryimage","url":"https:\/\/i0.wp.com\/www.gesamtschule-eiserfeld.de\/wp-content\/uploads\/2024\/12\/20240223_110418.jpg?fit=1200%2C900&ssl=1","contentUrl":"https:\/\/i0.wp.com\/www.gesamtschule-eiserfeld.de\/wp-content\/uploads\/2024\/12\/20240223_110418.jpg?fit=1200%2C900&ssl=1","width":1200,"height":900},{"@type":"BreadcrumbList","@id":"https:\/\/www.gesamtschule-eiserfeld.de\/?page_id=2631#breadcrumb","itemListElement":[{"@type":"ListItem","position":1,"name":"Startseite","item":"https:\/\/www.gesamtschule-eiserfeld.de\/"},{"@type":"ListItem","position":2,"name":"Unterricht","item":"https:\/\/www.gesamtschule-eiserfeld.de\/?page_id=74"},{"@type":"ListItem","position":3,"name":"F\u00e4cher","item":"https:\/\/www.gesamtschule-eiserfeld.de\/?page_id=302"},{"@type":"ListItem","position":4,"name":"Biologie"}]},{"@type":"WebSite","@id":"https:\/\/www.gesamtschule-eiserfeld.de\/#website","url":"https:\/\/www.gesamtschule-eiserfeld.de\/","name":"Gesamtschule Eiserfeld","description":"","publisher":{"@id":"https:\/\/www.gesamtschule-eiserfeld.de\/#organization"},"potentialAction":[{"@type":"SearchAction","target":{"@type":"EntryPoint","urlTemplate":"https:\/\/www.gesamtschule-eiserfeld.de\/?s={search_term_string}"},"query-input":{"@type":"PropertyValueSpecification","valueRequired":true,"valueName":"search_term_string"}}],"inLanguage":"de"},{"@type":"Organization","@id":"https:\/\/www.gesamtschule-eiserfeld.de\/#organization","name":"Gesamtschule Eiserfeld","url":"https:\/\/www.gesamtschule-eiserfeld.de\/","logo":{"@type":"ImageObject","inLanguage":"de","@id":"https:\/\/www.gesamtschule-eiserfeld.de\/#\/schema\/logo\/image\/","url":"https:\/\/i1.wp.com\/www.gesamtschule-eiserfeld.de\/wp-content\/uploads\/2019\/01\/GEE-Logo-neu.jpg?fit=436%2C126&ssl=1","contentUrl":"https:\/\/i1.wp.com\/www.gesamtschule-eiserfeld.de\/wp-content\/uploads\/2019\/01\/GEE-Logo-neu.jpg?fit=436%2C126&ssl=1","width":436,"height":126,"caption":"Gesamtschule Eiserfeld"},"image":{"@id":"https:\/\/www.gesamtschule-eiserfeld.de\/#\/schema\/logo\/image\/"},"sameAs":["https:\/\/www.facebook.com\/GEEiserfeld"]}]}},"jetpack_shortlink":"https:\/\/wp.me\/P2weeL-Gr","jetpack_sharing_enabled":true,"_links":{"self":[{"href":"https:\/\/www.gesamtschule-eiserfeld.de\/index.php?rest_route=\/wp\/v2\/pages\/2631","targetHints":{"allow":["GET"]}}],"collection":[{"href":"https:\/\/www.gesamtschule-eiserfeld.de\/index.php?rest_route=\/wp\/v2\/pages"}],"about":[{"href":"https:\/\/www.gesamtschule-eiserfeld.de\/index.php?rest_route=\/wp\/v2\/types\/page"}],"author":[{"embeddable":true,"href":"https:\/\/www.gesamtschule-eiserfeld.de\/index.php?rest_route=\/wp\/v2\/users\/9"}],"replies":[{"embeddable":true,"href":"https:\/\/www.gesamtschule-eiserfeld.de\/index.php?rest_route=%2Fwp%2Fv2%2Fcomments&post=2631"}],"version-history":[{"count":9,"href":"https:\/\/www.gesamtschule-eiserfeld.de\/index.php?rest_route=\/wp\/v2\/pages\/2631\/revisions"}],"predecessor-version":[{"id":20336,"href":"https:\/\/www.gesamtschule-eiserfeld.de\/index.php?rest_route=\/wp\/v2\/pages\/2631\/revisions\/20336"}],"up":[{"embeddable":true,"href":"https:\/\/www.gesamtschule-eiserfeld.de\/index.php?rest_route=\/wp\/v2\/pages\/302"}],"wp:featuredmedia":[{"embeddable":true,"href":"https:\/\/www.gesamtschule-eiserfeld.de\/index.php?rest_route=\/wp\/v2\/media\/19452"}],"wp:attachment":[{"href":"https:\/\/www.gesamtschule-eiserfeld.de\/index.php?rest_route=%2Fwp%2Fv2%2Fmedia&parent=2631"}],"curies":[{"name":"wp","href":"https:\/\/api.w.org\/{rel}","templated":true}]}}