{"id":2688,"date":"2013-07-08T18:51:54","date_gmt":"2013-07-08T17:51:54","guid":{"rendered":"http:\/\/ge-eiserfeld.de\/?page_id=2688"},"modified":"2024-12-11T13:20:21","modified_gmt":"2024-12-11T12:20:21","slug":"englisch","status":"publish","type":"page","link":"https:\/\/www.gesamtschule-eiserfeld.de\/?page_id=2688","title":{"rendered":"Englisch"},"content":{"rendered":"<p>Englisch, als DIE Fremdsprache heutzutage, hat nat\u00fcrlich auch an der GEE eine wichtige Stellung. Das Englische ist sowohl im Alltag als auch in der Berufswelt allgegenw\u00e4rtig und daher muss man sich damit auseinandersetzen. Je fr\u00fcher und je motivierter, umso besser.<\/p>\n<p>Ab der 5. Klasse k\u00f6nnen die Sch\u00fclerInnen an der GEE die Tiefen der Sprache kennen- und vor allem lieben lernen. Ab dem 7. Jahrgang wird dann in E- und G-Kurse differenziert, um die F\u00e4higkeiten der Sch\u00fclerInnen noch optimaler f\u00f6rdern und fordern zu k\u00f6nnen. In der Oberstufe bieten wir zudem auch (mindestens) einen Leistungskurs an.<\/p>\n<p>Neben dem normalen Unterricht stehen regelm\u00e4\u00dfig ein London-Kurztrip in der Mittelstufe sowie Theaterbesuche in der Oberstufe an.<\/p>\n<p>Im folgenden k\u00f6nnen Sie sich \u00fcber die verschiedenen Inhalte und Bewertungsgrundlagen in den einzelnen Jahrg\u00e4ngen informieren.<\/p>\n<p><strong>Lehrpl\u00e4ne<\/strong><\/p>\n<p><a href=\"https:\/\/www.gesamtschule-eiserfeld.de\/wp-content\/uploads\/2024\/12\/Schulinterner-Lehrplan-Englisch-Sek-I.pdf\" target=\"_blank\" rel=\"noopener\">Schulinterner Lehrplan Englisch Sek I\u00a0<\/a><\/p>\n<p><a href=\"https:\/\/www.gesamtschule-eiserfeld.de\/wp-content\/uploads\/2024\/12\/Schulinterner-Lehrplan-Englisch-Sek-II.pdf\" target=\"_blank\" rel=\"noopener\">Schulinterner Lehrplan Englisch Sek II\u00a0<\/a><\/p>\n\n\n<p><\/p>\n","protected":false},"excerpt":{"rendered":"<p>Englisch, als DIE Fremdsprache heutzutage, hat nat\u00fcrlich auch an der GEE eine wichtige Stellung. Das Englische ist sowohl im Alltag als auch in der Berufswelt allgegenw\u00e4rtig und daher muss man sich damit auseinandersetzen. Je fr\u00fcher und je motivierter, umso besser. Ab der 5. Klasse k\u00f6nnen die Sch\u00fclerInnen an der GEE die Tiefen der Sprache kennen- &hellip; <a href=\"https:\/\/www.gesamtschule-eiserfeld.de\/?page_id=2688\" class=\"more-link\"><span class=\"screen-reader-text\">Englisch<\/span> weiterlesen <span class=\"meta-nav\">&rarr;<\/span><\/a><\/p>\n","protected":false},"author":9,"featured_media":19472,"parent":302,"menu_order":0,"comment_status":"closed","ping_status":"open","template":"","meta":{"jetpack_post_was_ever_published":false,"footnotes":""},"class_list":["post-2688","page","type-page","status-publish","has-post-thumbnail","hentry"],"yoast_head":"<!-- This site is optimized with the Yoast SEO plugin v27.4 - https:\/\/yoast.com\/product\/yoast-seo-wordpress\/ -->\n<title>Englisch - Gesamtschule Eiserfeld<\/title>\n<meta name=\"robots\" content=\"index, follow, max-snippet:-1, max-image-preview:large, max-video-preview:-1\" \/>\n<link rel=\"canonical\" href=\"https:\/\/www.gesamtschule-eiserfeld.de\/?page_id=2688\" \/>\n<meta property=\"og:locale\" content=\"de_DE\" \/>\n<meta property=\"og:type\" content=\"article\" \/>\n<meta property=\"og:title\" content=\"Englisch - Gesamtschule Eiserfeld\" \/>\n<meta property=\"og:description\" content=\"Englisch, als DIE Fremdsprache heutzutage, hat nat\u00fcrlich auch an der GEE eine wichtige Stellung. Das Englische ist sowohl im Alltag als auch in der Berufswelt allgegenw\u00e4rtig und daher muss man sich damit auseinandersetzen. Je fr\u00fcher und je motivierter, umso besser. Ab der 5. Klasse k\u00f6nnen die Sch\u00fclerInnen an der GEE die Tiefen der Sprache kennen- &hellip; Englisch weiterlesen &rarr;\" \/>\n<meta property=\"og:url\" content=\"https:\/\/www.gesamtschule-eiserfeld.de\/?page_id=2688\" \/>\n<meta property=\"og:site_name\" content=\"Gesamtschule Eiserfeld\" \/>\n<meta property=\"article:publisher\" content=\"https:\/\/www.facebook.com\/GEEiserfeld\" \/>\n<meta property=\"article:modified_time\" content=\"2024-12-11T12:20:21+00:00\" \/>\n<meta property=\"og:image\" content=\"https:\/\/www.gesamtschule-eiserfeld.de\/wp-content\/uploads\/2024\/12\/headerenglisch.jpg\" \/>\n\t<meta property=\"og:image:width\" content=\"598\" \/>\n\t<meta property=\"og:image:height\" content=\"414\" \/>\n\t<meta property=\"og:image:type\" content=\"image\/jpeg\" \/>\n<meta name=\"twitter:card\" content=\"summary_large_image\" \/>\n<meta name=\"twitter:label1\" content=\"Gesch\u00e4tzte Lesezeit\" \/>\n\t<meta name=\"twitter:data1\" content=\"1\u00a0Minute\" \/>\n<script type=\"application\/ld+json\" class=\"yoast-schema-graph\">{\"@context\":\"https:\\\/\\\/schema.org\",\"@graph\":[{\"@type\":\"WebPage\",\"@id\":\"https:\\\/\\\/www.gesamtschule-eiserfeld.de\\\/?page_id=2688\",\"url\":\"https:\\\/\\\/www.gesamtschule-eiserfeld.de\\\/?page_id=2688\",\"name\":\"Englisch - Gesamtschule Eiserfeld\",\"isPartOf\":{\"@id\":\"https:\\\/\\\/www.gesamtschule-eiserfeld.de\\\/#website\"},\"primaryImageOfPage\":{\"@id\":\"https:\\\/\\\/www.gesamtschule-eiserfeld.de\\\/?page_id=2688#primaryimage\"},\"image\":{\"@id\":\"https:\\\/\\\/www.gesamtschule-eiserfeld.de\\\/?page_id=2688#primaryimage\"},\"thumbnailUrl\":\"https:\\\/\\\/i0.wp.com\\\/www.gesamtschule-eiserfeld.de\\\/wp-content\\\/uploads\\\/2024\\\/12\\\/headerenglisch.jpg?fit=598%2C414&ssl=1\",\"datePublished\":\"2013-07-08T17:51:54+00:00\",\"dateModified\":\"2024-12-11T12:20:21+00:00\",\"breadcrumb\":{\"@id\":\"https:\\\/\\\/www.gesamtschule-eiserfeld.de\\\/?page_id=2688#breadcrumb\"},\"inLanguage\":\"de\",\"potentialAction\":[{\"@type\":\"ReadAction\",\"target\":[\"https:\\\/\\\/www.gesamtschule-eiserfeld.de\\\/?page_id=2688\"]}]},{\"@type\":\"ImageObject\",\"inLanguage\":\"de\",\"@id\":\"https:\\\/\\\/www.gesamtschule-eiserfeld.de\\\/?page_id=2688#primaryimage\",\"url\":\"https:\\\/\\\/i0.wp.com\\\/www.gesamtschule-eiserfeld.de\\\/wp-content\\\/uploads\\\/2024\\\/12\\\/headerenglisch.jpg?fit=598%2C414&ssl=1\",\"contentUrl\":\"https:\\\/\\\/i0.wp.com\\\/www.gesamtschule-eiserfeld.de\\\/wp-content\\\/uploads\\\/2024\\\/12\\\/headerenglisch.jpg?fit=598%2C414&ssl=1\",\"width\":598,\"height\":414},{\"@type\":\"BreadcrumbList\",\"@id\":\"https:\\\/\\\/www.gesamtschule-eiserfeld.de\\\/?page_id=2688#breadcrumb\",\"itemListElement\":[{\"@type\":\"ListItem\",\"position\":1,\"name\":\"Startseite\",\"item\":\"https:\\\/\\\/www.gesamtschule-eiserfeld.de\\\/\"},{\"@type\":\"ListItem\",\"position\":2,\"name\":\"Unterricht\",\"item\":\"https:\\\/\\\/www.gesamtschule-eiserfeld.de\\\/?page_id=74\"},{\"@type\":\"ListItem\",\"position\":3,\"name\":\"F\u00e4cher\",\"item\":\"https:\\\/\\\/www.gesamtschule-eiserfeld.de\\\/?page_id=302\"},{\"@type\":\"ListItem\",\"position\":4,\"name\":\"Englisch\"}]},{\"@type\":\"WebSite\",\"@id\":\"https:\\\/\\\/www.gesamtschule-eiserfeld.de\\\/#website\",\"url\":\"https:\\\/\\\/www.gesamtschule-eiserfeld.de\\\/\",\"name\":\"Gesamtschule Eiserfeld\",\"description\":\"\",\"publisher\":{\"@id\":\"https:\\\/\\\/www.gesamtschule-eiserfeld.de\\\/#organization\"},\"potentialAction\":[{\"@type\":\"SearchAction\",\"target\":{\"@type\":\"EntryPoint\",\"urlTemplate\":\"https:\\\/\\\/www.gesamtschule-eiserfeld.de\\\/?s={search_term_string}\"},\"query-input\":{\"@type\":\"PropertyValueSpecification\",\"valueRequired\":true,\"valueName\":\"search_term_string\"}}],\"inLanguage\":\"de\"},{\"@type\":\"Organization\",\"@id\":\"https:\\\/\\\/www.gesamtschule-eiserfeld.de\\\/#organization\",\"name\":\"Gesamtschule Eiserfeld\",\"url\":\"https:\\\/\\\/www.gesamtschule-eiserfeld.de\\\/\",\"logo\":{\"@type\":\"ImageObject\",\"inLanguage\":\"de\",\"@id\":\"https:\\\/\\\/www.gesamtschule-eiserfeld.de\\\/#\\\/schema\\\/logo\\\/image\\\/\",\"url\":\"https:\\\/\\\/i1.wp.com\\\/www.gesamtschule-eiserfeld.de\\\/wp-content\\\/uploads\\\/2019\\\/01\\\/GEE-Logo-neu.jpg?fit=436%2C126&ssl=1\",\"contentUrl\":\"https:\\\/\\\/i1.wp.com\\\/www.gesamtschule-eiserfeld.de\\\/wp-content\\\/uploads\\\/2019\\\/01\\\/GEE-Logo-neu.jpg?fit=436%2C126&ssl=1\",\"width\":436,\"height\":126,\"caption\":\"Gesamtschule Eiserfeld\"},\"image\":{\"@id\":\"https:\\\/\\\/www.gesamtschule-eiserfeld.de\\\/#\\\/schema\\\/logo\\\/image\\\/\"},\"sameAs\":[\"https:\\\/\\\/www.facebook.com\\\/GEEiserfeld\"]}]}<\/script>\n<!-- \/ Yoast SEO plugin. -->","yoast_head_json":{"title":"Englisch - Gesamtschule Eiserfeld","robots":{"index":"index","follow":"follow","max-snippet":"max-snippet:-1","max-image-preview":"max-image-preview:large","max-video-preview":"max-video-preview:-1"},"canonical":"https:\/\/www.gesamtschule-eiserfeld.de\/?page_id=2688","og_locale":"de_DE","og_type":"article","og_title":"Englisch - Gesamtschule Eiserfeld","og_description":"Englisch, als DIE Fremdsprache heutzutage, hat nat\u00fcrlich auch an der GEE eine wichtige Stellung. Das Englische ist sowohl im Alltag als auch in der Berufswelt allgegenw\u00e4rtig und daher muss man sich damit auseinandersetzen. Je fr\u00fcher und je motivierter, umso besser. Ab der 5. Klasse k\u00f6nnen die Sch\u00fclerInnen an der GEE die Tiefen der Sprache kennen- &hellip; Englisch weiterlesen &rarr;","og_url":"https:\/\/www.gesamtschule-eiserfeld.de\/?page_id=2688","og_site_name":"Gesamtschule Eiserfeld","article_publisher":"https:\/\/www.facebook.com\/GEEiserfeld","article_modified_time":"2024-12-11T12:20:21+00:00","og_image":[{"width":598,"height":414,"url":"https:\/\/www.gesamtschule-eiserfeld.de\/wp-content\/uploads\/2024\/12\/headerenglisch.jpg","type":"image\/jpeg"}],"twitter_card":"summary_large_image","twitter_misc":{"Gesch\u00e4tzte Lesezeit":"1\u00a0Minute"},"schema":{"@context":"https:\/\/schema.org","@graph":[{"@type":"WebPage","@id":"https:\/\/www.gesamtschule-eiserfeld.de\/?page_id=2688","url":"https:\/\/www.gesamtschule-eiserfeld.de\/?page_id=2688","name":"Englisch - Gesamtschule Eiserfeld","isPartOf":{"@id":"https:\/\/www.gesamtschule-eiserfeld.de\/#website"},"primaryImageOfPage":{"@id":"https:\/\/www.gesamtschule-eiserfeld.de\/?page_id=2688#primaryimage"},"image":{"@id":"https:\/\/www.gesamtschule-eiserfeld.de\/?page_id=2688#primaryimage"},"thumbnailUrl":"https:\/\/i0.wp.com\/www.gesamtschule-eiserfeld.de\/wp-content\/uploads\/2024\/12\/headerenglisch.jpg?fit=598%2C414&ssl=1","datePublished":"2013-07-08T17:51:54+00:00","dateModified":"2024-12-11T12:20:21+00:00","breadcrumb":{"@id":"https:\/\/www.gesamtschule-eiserfeld.de\/?page_id=2688#breadcrumb"},"inLanguage":"de","potentialAction":[{"@type":"ReadAction","target":["https:\/\/www.gesamtschule-eiserfeld.de\/?page_id=2688"]}]},{"@type":"ImageObject","inLanguage":"de","@id":"https:\/\/www.gesamtschule-eiserfeld.de\/?page_id=2688#primaryimage","url":"https:\/\/i0.wp.com\/www.gesamtschule-eiserfeld.de\/wp-content\/uploads\/2024\/12\/headerenglisch.jpg?fit=598%2C414&ssl=1","contentUrl":"https:\/\/i0.wp.com\/www.gesamtschule-eiserfeld.de\/wp-content\/uploads\/2024\/12\/headerenglisch.jpg?fit=598%2C414&ssl=1","width":598,"height":414},{"@type":"BreadcrumbList","@id":"https:\/\/www.gesamtschule-eiserfeld.de\/?page_id=2688#breadcrumb","itemListElement":[{"@type":"ListItem","position":1,"name":"Startseite","item":"https:\/\/www.gesamtschule-eiserfeld.de\/"},{"@type":"ListItem","position":2,"name":"Unterricht","item":"https:\/\/www.gesamtschule-eiserfeld.de\/?page_id=74"},{"@type":"ListItem","position":3,"name":"F\u00e4cher","item":"https:\/\/www.gesamtschule-eiserfeld.de\/?page_id=302"},{"@type":"ListItem","position":4,"name":"Englisch"}]},{"@type":"WebSite","@id":"https:\/\/www.gesamtschule-eiserfeld.de\/#website","url":"https:\/\/www.gesamtschule-eiserfeld.de\/","name":"Gesamtschule Eiserfeld","description":"","publisher":{"@id":"https:\/\/www.gesamtschule-eiserfeld.de\/#organization"},"potentialAction":[{"@type":"SearchAction","target":{"@type":"EntryPoint","urlTemplate":"https:\/\/www.gesamtschule-eiserfeld.de\/?s={search_term_string}"},"query-input":{"@type":"PropertyValueSpecification","valueRequired":true,"valueName":"search_term_string"}}],"inLanguage":"de"},{"@type":"Organization","@id":"https:\/\/www.gesamtschule-eiserfeld.de\/#organization","name":"Gesamtschule Eiserfeld","url":"https:\/\/www.gesamtschule-eiserfeld.de\/","logo":{"@type":"ImageObject","inLanguage":"de","@id":"https:\/\/www.gesamtschule-eiserfeld.de\/#\/schema\/logo\/image\/","url":"https:\/\/i1.wp.com\/www.gesamtschule-eiserfeld.de\/wp-content\/uploads\/2019\/01\/GEE-Logo-neu.jpg?fit=436%2C126&ssl=1","contentUrl":"https:\/\/i1.wp.com\/www.gesamtschule-eiserfeld.de\/wp-content\/uploads\/2019\/01\/GEE-Logo-neu.jpg?fit=436%2C126&ssl=1","width":436,"height":126,"caption":"Gesamtschule Eiserfeld"},"image":{"@id":"https:\/\/www.gesamtschule-eiserfeld.de\/#\/schema\/logo\/image\/"},"sameAs":["https:\/\/www.facebook.com\/GEEiserfeld"]}]}},"jetpack_shortlink":"https:\/\/wp.me\/P2weeL-Hm","jetpack_sharing_enabled":true,"_links":{"self":[{"href":"https:\/\/www.gesamtschule-eiserfeld.de\/index.php?rest_route=\/wp\/v2\/pages\/2688","targetHints":{"allow":["GET"]}}],"collection":[{"href":"https:\/\/www.gesamtschule-eiserfeld.de\/index.php?rest_route=\/wp\/v2\/pages"}],"about":[{"href":"https:\/\/www.gesamtschule-eiserfeld.de\/index.php?rest_route=\/wp\/v2\/types\/page"}],"author":[{"embeddable":true,"href":"https:\/\/www.gesamtschule-eiserfeld.de\/index.php?rest_route=\/wp\/v2\/users\/9"}],"replies":[{"embeddable":true,"href":"https:\/\/www.gesamtschule-eiserfeld.de\/index.php?rest_route=%2Fwp%2Fv2%2Fcomments&post=2688"}],"version-history":[{"count":5,"href":"https:\/\/www.gesamtschule-eiserfeld.de\/index.php?rest_route=\/wp\/v2\/pages\/2688\/revisions"}],"predecessor-version":[{"id":19570,"href":"https:\/\/www.gesamtschule-eiserfeld.de\/index.php?rest_route=\/wp\/v2\/pages\/2688\/revisions\/19570"}],"up":[{"embeddable":true,"href":"https:\/\/www.gesamtschule-eiserfeld.de\/index.php?rest_route=\/wp\/v2\/pages\/302"}],"wp:featuredmedia":[{"embeddable":true,"href":"https:\/\/www.gesamtschule-eiserfeld.de\/index.php?rest_route=\/wp\/v2\/media\/19472"}],"wp:attachment":[{"href":"https:\/\/www.gesamtschule-eiserfeld.de\/index.php?rest_route=%2Fwp%2Fv2%2Fmedia&parent=2688"}],"curies":[{"name":"wp","href":"https:\/\/api.w.org\/{rel}","templated":true}]}}