{"id":2707,"date":"2013-07-08T19:03:21","date_gmt":"2013-07-08T18:03:21","guid":{"rendered":"http:\/\/ge-eiserfeld.de\/?page_id=2707"},"modified":"2026-03-09T12:45:05","modified_gmt":"2026-03-09T11:45:05","slug":"musik","status":"publish","type":"page","link":"https:\/\/www.gesamtschule-eiserfeld.de\/?page_id=2707","title":{"rendered":"Musik"},"content":{"rendered":"\n<figure class=\"wp-block-pullquote\"><blockquote><p><span style=\"font-weight: 400;\">\u201e Die Erziehung zur Musik ist von h\u00f6chster Wichtigkeit, weil Rhythmus und Harmonie machtvoll in das Innere der Seele eindringen.\u201c<\/span><\/p><cite><span style=\"font-weight: 400;\"> Platon, griechischer Philosoph<\/span><\/cite><\/blockquote><\/figure>\n\n\n\n<h2 class=\"wp-block-heading\"><span style=\"font-weight: 400;\">Warum ist uns Musik so wichtig ?<\/span><\/h2>\n\n\n\n<p><span style=\"font-weight: 400;\">Musik bringt Menschen zusammen, l\u00e4sst uns tanzen und mitsingen, manchmal auch weinen. Sie bahnt sich ihren Weg direkt in die Gef\u00fchlswelt und berauscht unsere Sinne. Die Wirkung der harmonischen Kl\u00e4nge auf den Menschen ist wissenschaftlich belegt.<\/span><\/p>\n\n\n\n<p><span style=\"font-weight: 400;\">Musik ist f\u00fcr den Menschen auch Teil seiner t\u00e4glichen Erfahrung, ob unbewusst im Hintergrund und eingebunden in seine Alltagshandlungen oder in bewusster Hinwendung und Nutzung . Dabei ist Musik ein lebensnotwendiger Bestandteil der pers\u00f6nlichen Entwicklung des Menschen.<\/span><\/p>\n\n\n\n<p><span style=\"font-weight: 400;\">Musik machen schafft Freude, Gl\u00fcck, Harmonie und innere Ausgeglichenheit, f\u00f6rdert die Selbstdisziplin und Konzentrationsf\u00e4higkeit und st\u00e4rkt vor allem das Selbstvertrauen und Selbstbewu\u00dftsein des Einzelnen. So gesehen, tr\u00e4gt Musik machen wesentlich zur Pers\u00f6nlichkeitsentfaltung-und entwicklung des Menschen bei.<\/span><\/p>\n\n\n\n<h2 class=\"wp-block-heading\"><span style=\"font-weight: 400;\">Was wollen wir im Musikunterricht erreichen ?<\/span><\/h2>\n\n\n\n<p><span style=\"font-weight: 400;\">Wir m\u00f6chten<\/span><\/p>\n\n\n\n<ol class=\"wp-block-list\">\n<li><span style=\"font-weight: 400;\">&#8230;Freude an der Musik wecken durch<\/span>\n<ul class=\"wp-block-list\">\n<li>eigene und auch gemeinsame Musizierpraxis (Singen, Tanzen, Instrumentalspiel)<\/li>\n\n\n\n<li>vielf\u00e4ltige H\u00f6rerlebnisse und H\u00f6rerfahrungen<\/li>\n\n\n\n<li>eigenes musikalisches Gestalten und Erfinden.<\/li>\n<\/ul>\n<\/li>\n\n\n\n<li><span style=\"font-weight: 400;\">&#8230;die Sensibilisierung und Differenzierung des Ohres f\u00f6rdern.<\/span><\/li>\n\n\n\n<li><span style=\"font-weight: 400;\">&#8230;Wissen \u00fcber die Entstehung, Struktur und Nutzung von Musik vermitteln.<\/span><\/li>\n\n\n\n<li><span style=\"font-weight: 400;\">&#8230;anregen, die au\u00dferunterrichtliche und au\u00dferschulische Besch\u00e4ftigung mit Musik zu erweitern und zu vertiefen.<\/span><\/li>\n\n\n\n<li><span style=\"font-weight: 400;\">&#8230;die Vielf\u00e4ltigkeit der Musik in ihren verschiedenen Erscheinungsformen und Kulturen zu erschlie\u00dfen.<\/span><\/li>\n<\/ol>\n\n\n\n<h2 class=\"wp-block-heading\"><span style=\"font-weight: 400;\">Womit besch\u00e4ftigen wir uns konkret im Musikunterricht ?<\/span><\/h2>\n\n\n\n<p><span style=\"font-weight: 400;\">Musik erleben,<\/span><span style=\"font-weight: 400;\"> genie\u00dfen, singen, musizieren, produzieren, experimentieren, improvisieren, ver\u00e4ndern, h\u00f6ren, beschreiben, einordnen, deuten, beurteilen, analysieren, verstehen, entwickeln, komponieren, tanzen, Choreographien entwerfen, pr\u00e4sentieren&#8230;, das sind u.a. T\u00e4tigkeiten, die je nach Thematik und inhaltlichen Schwerpunkten im Musikunterricht realisiert werden.<\/span><\/p>\n\n\n\n<p><span style=\"font-weight: 400;\">In praxisorientierten Unterrichtssequenzen erhalten die Sch\u00fcler des Weiteren in Gruppen &nbsp;Gelegenheit, die vorhandenen Musikinstrumente auszuprobieren, Erfahrungen im Instrumentalspiel zu sammeln sowie Songs eigenst\u00e4ndig vokal bzw. instrumental zu erarbeiten, Choreographien zu entwickeln und diese sp\u00e4ter zu pr\u00e4sentieren. Dabei kommt der Umgang mit modernen Medien wie<\/span><\/p>\n\n\n\n<p><span style=\"font-weight: 400;\">Computer, Internet, Videokamera etc. ebenfalls zum Tragen.<\/span><\/p>\n\n\n\n<p><span style=\"font-weight: 400;\">Ein zus\u00e4tzlicher Schwerpunkt liegt in der kulturellen Gestaltung des Schullebens. Dazu geh\u00f6ren u.a. musikalische Darbietungen des Muku-Orchesters und der Instrumentalgruppe im Rahmen der j\u00e4hrlichen Weihnachtsfeiern, MuKu-Feste und Musicalauff\u00fchrungen der Jahrg\u00e4nge 5\/6 ,<\/span><\/p>\n\n\n\n<p><span style=\"font-weight: 400;\">Pr\u00e4sentationen der DUG- und VIP- Kurse, sowie musikalische Beitr\u00e4ge zu den Abschluss- und Abiturfeiern. Au\u00dferhalb der Schule erleben die Sch\u00fcler ebenso Musik bei Musical-, Theater- und Konzertbesuchen.<\/span><\/p>\n\n\n\n<p><strong>Lehrplan<\/strong><\/p>\n\n\n\n<p><a href=\"https:\/\/www.gesamtschule-eiserfeld.de\/wp-content\/uploads\/2026\/03\/Curriculum-Musik_SEK-I.pdf\" target=\"_blank\" rel=\"noreferrer noopener\">Lehrplan Musik SI<\/a><\/p>\n\n\n\n<p><a href=\"http:\/\/gesamtschule-eiserfeld.de\/HP%20Downloads\/GEE%20KLP%20Musik%20SII.pdf\" target=\"_blank\" rel=\"noopener\">Lehrplan Musik SII<\/a><\/p>\n\n\n\n<p><strong>Leistungsbewertung<\/strong><\/p>\n\n\n\n<p><a href=\"https:\/\/www.gesamtschule-eiserfeld.de\/wp-content\/uploads\/2025\/10\/Leistungsbewertung-im-Fach-Musik-SI.pdf\" target=\"_blank\" rel=\"noreferrer noopener\">Leistungsbewertung Musik<\/a><\/p>\n\n\n\n<p><\/p>\n","protected":false},"excerpt":{"rendered":"<p>\u201e Die Erziehung zur Musik ist von h\u00f6chster Wichtigkeit, weil Rhythmus und Harmonie machtvoll in das Innere der Seele eindringen.\u201c Platon, griechischer Philosoph Warum ist uns Musik so wichtig ? Musik bringt Menschen zusammen, l\u00e4sst uns tanzen und mitsingen, manchmal auch weinen. Sie bahnt sich ihren Weg direkt in die Gef\u00fchlswelt und berauscht unsere Sinne. &hellip; <a href=\"https:\/\/www.gesamtschule-eiserfeld.de\/?page_id=2707\" class=\"more-link\"><span class=\"screen-reader-text\">Musik<\/span> weiterlesen <span class=\"meta-nav\">&rarr;<\/span><\/a><\/p>\n","protected":false},"author":9,"featured_media":19536,"parent":302,"menu_order":0,"comment_status":"closed","ping_status":"open","template":"","meta":{"jetpack_post_was_ever_published":false,"footnotes":""},"class_list":["post-2707","page","type-page","status-publish","has-post-thumbnail","hentry"],"yoast_head":"<!-- This site is optimized with the Yoast SEO plugin v27.4 - https:\/\/yoast.com\/product\/yoast-seo-wordpress\/ -->\n<title>Musik - Gesamtschule Eiserfeld<\/title>\n<meta name=\"robots\" content=\"index, follow, max-snippet:-1, max-image-preview:large, max-video-preview:-1\" \/>\n<link rel=\"canonical\" href=\"https:\/\/www.gesamtschule-eiserfeld.de\/?page_id=2707\" \/>\n<meta property=\"og:locale\" content=\"de_DE\" \/>\n<meta property=\"og:type\" content=\"article\" \/>\n<meta property=\"og:title\" content=\"Musik - Gesamtschule Eiserfeld\" \/>\n<meta property=\"og:description\" content=\"\u201e Die Erziehung zur Musik ist von h\u00f6chster Wichtigkeit, weil Rhythmus und Harmonie machtvoll in das Innere der Seele eindringen.\u201c Platon, griechischer Philosoph Warum ist uns Musik so wichtig ? Musik bringt Menschen zusammen, l\u00e4sst uns tanzen und mitsingen, manchmal auch weinen. Sie bahnt sich ihren Weg direkt in die Gef\u00fchlswelt und berauscht unsere Sinne. &hellip; Musik weiterlesen &rarr;\" \/>\n<meta property=\"og:url\" content=\"https:\/\/www.gesamtschule-eiserfeld.de\/?page_id=2707\" \/>\n<meta property=\"og:site_name\" content=\"Gesamtschule Eiserfeld\" \/>\n<meta property=\"article:publisher\" content=\"https:\/\/www.facebook.com\/GEEiserfeld\" \/>\n<meta property=\"article:modified_time\" content=\"2026-03-09T11:45:05+00:00\" \/>\n<meta property=\"og:image\" content=\"https:\/\/www.gesamtschule-eiserfeld.de\/wp-content\/uploads\/2024\/12\/Headermusik-1.jpg\" \/>\n\t<meta property=\"og:image:width\" content=\"374\" \/>\n\t<meta property=\"og:image:height\" content=\"248\" \/>\n\t<meta property=\"og:image:type\" content=\"image\/jpeg\" \/>\n<meta name=\"twitter:card\" content=\"summary_large_image\" \/>\n<meta name=\"twitter:label1\" content=\"Gesch\u00e4tzte Lesezeit\" \/>\n\t<meta name=\"twitter:data1\" content=\"3\u00a0Minuten\" \/>\n<script type=\"application\/ld+json\" class=\"yoast-schema-graph\">{\"@context\":\"https:\\\/\\\/schema.org\",\"@graph\":[{\"@type\":\"WebPage\",\"@id\":\"https:\\\/\\\/www.gesamtschule-eiserfeld.de\\\/?page_id=2707\",\"url\":\"https:\\\/\\\/www.gesamtschule-eiserfeld.de\\\/?page_id=2707\",\"name\":\"Musik - Gesamtschule Eiserfeld\",\"isPartOf\":{\"@id\":\"https:\\\/\\\/www.gesamtschule-eiserfeld.de\\\/#website\"},\"primaryImageOfPage\":{\"@id\":\"https:\\\/\\\/www.gesamtschule-eiserfeld.de\\\/?page_id=2707#primaryimage\"},\"image\":{\"@id\":\"https:\\\/\\\/www.gesamtschule-eiserfeld.de\\\/?page_id=2707#primaryimage\"},\"thumbnailUrl\":\"https:\\\/\\\/i0.wp.com\\\/www.gesamtschule-eiserfeld.de\\\/wp-content\\\/uploads\\\/2024\\\/12\\\/Headermusik-1.jpg?fit=374%2C248&ssl=1\",\"datePublished\":\"2013-07-08T18:03:21+00:00\",\"dateModified\":\"2026-03-09T11:45:05+00:00\",\"breadcrumb\":{\"@id\":\"https:\\\/\\\/www.gesamtschule-eiserfeld.de\\\/?page_id=2707#breadcrumb\"},\"inLanguage\":\"de\",\"potentialAction\":[{\"@type\":\"ReadAction\",\"target\":[\"https:\\\/\\\/www.gesamtschule-eiserfeld.de\\\/?page_id=2707\"]}]},{\"@type\":\"ImageObject\",\"inLanguage\":\"de\",\"@id\":\"https:\\\/\\\/www.gesamtschule-eiserfeld.de\\\/?page_id=2707#primaryimage\",\"url\":\"https:\\\/\\\/i0.wp.com\\\/www.gesamtschule-eiserfeld.de\\\/wp-content\\\/uploads\\\/2024\\\/12\\\/Headermusik-1.jpg?fit=374%2C248&ssl=1\",\"contentUrl\":\"https:\\\/\\\/i0.wp.com\\\/www.gesamtschule-eiserfeld.de\\\/wp-content\\\/uploads\\\/2024\\\/12\\\/Headermusik-1.jpg?fit=374%2C248&ssl=1\",\"width\":374,\"height\":248},{\"@type\":\"BreadcrumbList\",\"@id\":\"https:\\\/\\\/www.gesamtschule-eiserfeld.de\\\/?page_id=2707#breadcrumb\",\"itemListElement\":[{\"@type\":\"ListItem\",\"position\":1,\"name\":\"Startseite\",\"item\":\"https:\\\/\\\/www.gesamtschule-eiserfeld.de\\\/\"},{\"@type\":\"ListItem\",\"position\":2,\"name\":\"Unterricht\",\"item\":\"https:\\\/\\\/www.gesamtschule-eiserfeld.de\\\/?page_id=74\"},{\"@type\":\"ListItem\",\"position\":3,\"name\":\"F\u00e4cher\",\"item\":\"https:\\\/\\\/www.gesamtschule-eiserfeld.de\\\/?page_id=302\"},{\"@type\":\"ListItem\",\"position\":4,\"name\":\"Musik\"}]},{\"@type\":\"WebSite\",\"@id\":\"https:\\\/\\\/www.gesamtschule-eiserfeld.de\\\/#website\",\"url\":\"https:\\\/\\\/www.gesamtschule-eiserfeld.de\\\/\",\"name\":\"Gesamtschule Eiserfeld\",\"description\":\"\",\"publisher\":{\"@id\":\"https:\\\/\\\/www.gesamtschule-eiserfeld.de\\\/#organization\"},\"potentialAction\":[{\"@type\":\"SearchAction\",\"target\":{\"@type\":\"EntryPoint\",\"urlTemplate\":\"https:\\\/\\\/www.gesamtschule-eiserfeld.de\\\/?s={search_term_string}\"},\"query-input\":{\"@type\":\"PropertyValueSpecification\",\"valueRequired\":true,\"valueName\":\"search_term_string\"}}],\"inLanguage\":\"de\"},{\"@type\":\"Organization\",\"@id\":\"https:\\\/\\\/www.gesamtschule-eiserfeld.de\\\/#organization\",\"name\":\"Gesamtschule Eiserfeld\",\"url\":\"https:\\\/\\\/www.gesamtschule-eiserfeld.de\\\/\",\"logo\":{\"@type\":\"ImageObject\",\"inLanguage\":\"de\",\"@id\":\"https:\\\/\\\/www.gesamtschule-eiserfeld.de\\\/#\\\/schema\\\/logo\\\/image\\\/\",\"url\":\"https:\\\/\\\/i1.wp.com\\\/www.gesamtschule-eiserfeld.de\\\/wp-content\\\/uploads\\\/2019\\\/01\\\/GEE-Logo-neu.jpg?fit=436%2C126&ssl=1\",\"contentUrl\":\"https:\\\/\\\/i1.wp.com\\\/www.gesamtschule-eiserfeld.de\\\/wp-content\\\/uploads\\\/2019\\\/01\\\/GEE-Logo-neu.jpg?fit=436%2C126&ssl=1\",\"width\":436,\"height\":126,\"caption\":\"Gesamtschule Eiserfeld\"},\"image\":{\"@id\":\"https:\\\/\\\/www.gesamtschule-eiserfeld.de\\\/#\\\/schema\\\/logo\\\/image\\\/\"},\"sameAs\":[\"https:\\\/\\\/www.facebook.com\\\/GEEiserfeld\"]}]}<\/script>\n<!-- \/ Yoast SEO plugin. -->","yoast_head_json":{"title":"Musik - Gesamtschule Eiserfeld","robots":{"index":"index","follow":"follow","max-snippet":"max-snippet:-1","max-image-preview":"max-image-preview:large","max-video-preview":"max-video-preview:-1"},"canonical":"https:\/\/www.gesamtschule-eiserfeld.de\/?page_id=2707","og_locale":"de_DE","og_type":"article","og_title":"Musik - Gesamtschule Eiserfeld","og_description":"\u201e Die Erziehung zur Musik ist von h\u00f6chster Wichtigkeit, weil Rhythmus und Harmonie machtvoll in das Innere der Seele eindringen.\u201c Platon, griechischer Philosoph Warum ist uns Musik so wichtig ? Musik bringt Menschen zusammen, l\u00e4sst uns tanzen und mitsingen, manchmal auch weinen. Sie bahnt sich ihren Weg direkt in die Gef\u00fchlswelt und berauscht unsere Sinne. &hellip; Musik weiterlesen &rarr;","og_url":"https:\/\/www.gesamtschule-eiserfeld.de\/?page_id=2707","og_site_name":"Gesamtschule Eiserfeld","article_publisher":"https:\/\/www.facebook.com\/GEEiserfeld","article_modified_time":"2026-03-09T11:45:05+00:00","og_image":[{"width":374,"height":248,"url":"https:\/\/www.gesamtschule-eiserfeld.de\/wp-content\/uploads\/2024\/12\/Headermusik-1.jpg","type":"image\/jpeg"}],"twitter_card":"summary_large_image","twitter_misc":{"Gesch\u00e4tzte Lesezeit":"3\u00a0Minuten"},"schema":{"@context":"https:\/\/schema.org","@graph":[{"@type":"WebPage","@id":"https:\/\/www.gesamtschule-eiserfeld.de\/?page_id=2707","url":"https:\/\/www.gesamtschule-eiserfeld.de\/?page_id=2707","name":"Musik - Gesamtschule Eiserfeld","isPartOf":{"@id":"https:\/\/www.gesamtschule-eiserfeld.de\/#website"},"primaryImageOfPage":{"@id":"https:\/\/www.gesamtschule-eiserfeld.de\/?page_id=2707#primaryimage"},"image":{"@id":"https:\/\/www.gesamtschule-eiserfeld.de\/?page_id=2707#primaryimage"},"thumbnailUrl":"https:\/\/i0.wp.com\/www.gesamtschule-eiserfeld.de\/wp-content\/uploads\/2024\/12\/Headermusik-1.jpg?fit=374%2C248&ssl=1","datePublished":"2013-07-08T18:03:21+00:00","dateModified":"2026-03-09T11:45:05+00:00","breadcrumb":{"@id":"https:\/\/www.gesamtschule-eiserfeld.de\/?page_id=2707#breadcrumb"},"inLanguage":"de","potentialAction":[{"@type":"ReadAction","target":["https:\/\/www.gesamtschule-eiserfeld.de\/?page_id=2707"]}]},{"@type":"ImageObject","inLanguage":"de","@id":"https:\/\/www.gesamtschule-eiserfeld.de\/?page_id=2707#primaryimage","url":"https:\/\/i0.wp.com\/www.gesamtschule-eiserfeld.de\/wp-content\/uploads\/2024\/12\/Headermusik-1.jpg?fit=374%2C248&ssl=1","contentUrl":"https:\/\/i0.wp.com\/www.gesamtschule-eiserfeld.de\/wp-content\/uploads\/2024\/12\/Headermusik-1.jpg?fit=374%2C248&ssl=1","width":374,"height":248},{"@type":"BreadcrumbList","@id":"https:\/\/www.gesamtschule-eiserfeld.de\/?page_id=2707#breadcrumb","itemListElement":[{"@type":"ListItem","position":1,"name":"Startseite","item":"https:\/\/www.gesamtschule-eiserfeld.de\/"},{"@type":"ListItem","position":2,"name":"Unterricht","item":"https:\/\/www.gesamtschule-eiserfeld.de\/?page_id=74"},{"@type":"ListItem","position":3,"name":"F\u00e4cher","item":"https:\/\/www.gesamtschule-eiserfeld.de\/?page_id=302"},{"@type":"ListItem","position":4,"name":"Musik"}]},{"@type":"WebSite","@id":"https:\/\/www.gesamtschule-eiserfeld.de\/#website","url":"https:\/\/www.gesamtschule-eiserfeld.de\/","name":"Gesamtschule Eiserfeld","description":"","publisher":{"@id":"https:\/\/www.gesamtschule-eiserfeld.de\/#organization"},"potentialAction":[{"@type":"SearchAction","target":{"@type":"EntryPoint","urlTemplate":"https:\/\/www.gesamtschule-eiserfeld.de\/?s={search_term_string}"},"query-input":{"@type":"PropertyValueSpecification","valueRequired":true,"valueName":"search_term_string"}}],"inLanguage":"de"},{"@type":"Organization","@id":"https:\/\/www.gesamtschule-eiserfeld.de\/#organization","name":"Gesamtschule Eiserfeld","url":"https:\/\/www.gesamtschule-eiserfeld.de\/","logo":{"@type":"ImageObject","inLanguage":"de","@id":"https:\/\/www.gesamtschule-eiserfeld.de\/#\/schema\/logo\/image\/","url":"https:\/\/i1.wp.com\/www.gesamtschule-eiserfeld.de\/wp-content\/uploads\/2019\/01\/GEE-Logo-neu.jpg?fit=436%2C126&ssl=1","contentUrl":"https:\/\/i1.wp.com\/www.gesamtschule-eiserfeld.de\/wp-content\/uploads\/2019\/01\/GEE-Logo-neu.jpg?fit=436%2C126&ssl=1","width":436,"height":126,"caption":"Gesamtschule Eiserfeld"},"image":{"@id":"https:\/\/www.gesamtschule-eiserfeld.de\/#\/schema\/logo\/image\/"},"sameAs":["https:\/\/www.facebook.com\/GEEiserfeld"]}]}},"jetpack_shortlink":"https:\/\/wp.me\/P2weeL-HF","jetpack_sharing_enabled":true,"_links":{"self":[{"href":"https:\/\/www.gesamtschule-eiserfeld.de\/index.php?rest_route=\/wp\/v2\/pages\/2707","targetHints":{"allow":["GET"]}}],"collection":[{"href":"https:\/\/www.gesamtschule-eiserfeld.de\/index.php?rest_route=\/wp\/v2\/pages"}],"about":[{"href":"https:\/\/www.gesamtschule-eiserfeld.de\/index.php?rest_route=\/wp\/v2\/types\/page"}],"author":[{"embeddable":true,"href":"https:\/\/www.gesamtschule-eiserfeld.de\/index.php?rest_route=\/wp\/v2\/users\/9"}],"replies":[{"embeddable":true,"href":"https:\/\/www.gesamtschule-eiserfeld.de\/index.php?rest_route=%2Fwp%2Fv2%2Fcomments&post=2707"}],"version-history":[{"count":4,"href":"https:\/\/www.gesamtschule-eiserfeld.de\/index.php?rest_route=\/wp\/v2\/pages\/2707\/revisions"}],"predecessor-version":[{"id":20826,"href":"https:\/\/www.gesamtschule-eiserfeld.de\/index.php?rest_route=\/wp\/v2\/pages\/2707\/revisions\/20826"}],"up":[{"embeddable":true,"href":"https:\/\/www.gesamtschule-eiserfeld.de\/index.php?rest_route=\/wp\/v2\/pages\/302"}],"wp:featuredmedia":[{"embeddable":true,"href":"https:\/\/www.gesamtschule-eiserfeld.de\/index.php?rest_route=\/wp\/v2\/media\/19536"}],"wp:attachment":[{"href":"https:\/\/www.gesamtschule-eiserfeld.de\/index.php?rest_route=%2Fwp%2Fv2%2Fmedia&parent=2707"}],"curies":[{"name":"wp","href":"https:\/\/api.w.org\/{rel}","templated":true}]}}