{"id":2730,"date":"2013-07-08T19:33:32","date_gmt":"2013-07-08T18:33:32","guid":{"rendered":"http:\/\/ge-eiserfeld.de\/?page_id=2730"},"modified":"2025-08-22T11:18:11","modified_gmt":"2025-08-22T10:18:11","slug":"deutsch","status":"publish","type":"page","link":"https:\/\/www.gesamtschule-eiserfeld.de\/?page_id=2730","title":{"rendered":"Deutsch"},"content":{"rendered":"\n<p>Deutsch ist eines der Kernf\u00e4cher. In der modernen Wissens- und Mediengesellschaft ist das Fach noch wichtiger geworden. Eine gute Kenntnis des Deutschen geh\u00f6rt heute zu den Schl\u00fcsselqualifikationen.<\/p>\n\n\n\n<p>Deshalb legt unsere Schule gro\u00dfen Wert auf fr\u00fchzeitige Sprachf\u00f6rderung. Unmittelbar nach dem Wechsel von der Grundschule werden die Rechtschreibkenntnisse der neuen Sch\u00fcler\/innen der Jahrgangsstufe 5 getestet, um die F\u00f6rderma\u00dfnahmen gezielt auf das Leistungsverm\u00f6gen der Sch\u00fcler\/innen abstimmen zu k\u00f6nnen. In speziellen Kursen wird auf drei unterschiedlichen Leistungsebenen neben der Rechtschreibung auch das Leseverstehen trainiert. Zus\u00e4tzlich werden Methoden der Texterschlie\u00dfung vermittelt. F\u00fcr lernschw\u00e4chere Sch\u00fcler\/innen gibt es gesonderte Zusatzangebote, die in der Jahrgangsstufe 6 fortgef\u00fchrt werden k\u00f6nnen.<\/p>\n\n\n\n<div class=\"wp-block-jetpack-slideshow aligncenter\" data-effect=\"slide\"><div class=\"wp-block-jetpack-slideshow_container swiper\"><ul class=\"wp-block-jetpack-slideshow_swiper-wrapper swiper-wrapper\"><li class=\"wp-block-jetpack-slideshow_slide swiper-slide\"><figure><img data-recalc-dims=\"1\" loading=\"lazy\" decoding=\"async\" width=\"474\" height=\"350\" alt=\"\" class=\"wp-block-jetpack-slideshow_image wp-image-19543\" data-id=\"19543\" src=\"https:\/\/i0.wp.com\/www.gesamtschule-eiserfeld.de\/wp-content\/uploads\/2024\/12\/Matrix.jpg?resize=474%2C350&#038;ssl=1\" srcset=\"https:\/\/i0.wp.com\/www.gesamtschule-eiserfeld.de\/wp-content\/uploads\/2024\/12\/Matrix.jpg?resize=1024%2C756&amp;ssl=1 1024w, https:\/\/i0.wp.com\/www.gesamtschule-eiserfeld.de\/wp-content\/uploads\/2024\/12\/Matrix.jpg?resize=300%2C221&amp;ssl=1 300w, https:\/\/i0.wp.com\/www.gesamtschule-eiserfeld.de\/wp-content\/uploads\/2024\/12\/Matrix.jpg?resize=200%2C148&amp;ssl=1 200w, https:\/\/i0.wp.com\/www.gesamtschule-eiserfeld.de\/wp-content\/uploads\/2024\/12\/Matrix.jpg?resize=768%2C567&amp;ssl=1 768w, https:\/\/i0.wp.com\/www.gesamtschule-eiserfeld.de\/wp-content\/uploads\/2024\/12\/Matrix.jpg?w=1180&amp;ssl=1 1180w, https:\/\/i0.wp.com\/www.gesamtschule-eiserfeld.de\/wp-content\/uploads\/2024\/12\/Matrix.jpg?w=948&amp;ssl=1 948w\" sizes=\"(max-width: 474px) 100vw, 474px\" \/><\/figure><\/li><li class=\"wp-block-jetpack-slideshow_slide swiper-slide\"><figure><img data-recalc-dims=\"1\" loading=\"lazy\" decoding=\"async\" width=\"474\" height=\"843\" alt=\"\" class=\"wp-block-jetpack-slideshow_image wp-image-19542\" data-id=\"19542\" src=\"https:\/\/i0.wp.com\/www.gesamtschule-eiserfeld.de\/wp-content\/uploads\/2024\/12\/lesen-1.jpg?resize=474%2C843&#038;ssl=1\" srcset=\"https:\/\/i0.wp.com\/www.gesamtschule-eiserfeld.de\/wp-content\/uploads\/2024\/12\/lesen-1.jpg?resize=576%2C1024&amp;ssl=1 576w, https:\/\/i0.wp.com\/www.gesamtschule-eiserfeld.de\/wp-content\/uploads\/2024\/12\/lesen-1.jpg?resize=169%2C300&amp;ssl=1 169w, https:\/\/i0.wp.com\/www.gesamtschule-eiserfeld.de\/wp-content\/uploads\/2024\/12\/lesen-1.jpg?resize=84%2C150&amp;ssl=1 84w, https:\/\/i0.wp.com\/www.gesamtschule-eiserfeld.de\/wp-content\/uploads\/2024\/12\/lesen-1.jpg?w=675&amp;ssl=1 675w\" sizes=\"(max-width: 474px) 100vw, 474px\" \/><\/figure><\/li><\/ul><a class=\"wp-block-jetpack-slideshow_button-prev swiper-button-prev swiper-button-white\" role=\"button\"><\/a><a class=\"wp-block-jetpack-slideshow_button-next swiper-button-next swiper-button-white\" role=\"button\"><\/a><a aria-label=\"Pause Slideshow\" class=\"wp-block-jetpack-slideshow_button-pause\" role=\"button\"><\/a><div class=\"wp-block-jetpack-slideshow_pagination swiper-pagination swiper-pagination-white\"><\/div><\/div><\/div>\n\n\n\n<p>Um die Leselust der Sch\u00fcler\/innen anzureizen, nimmt die Jahrgangsstufe 6 allj\u00e4hrlich an einem \u00fcberregionalen Lesewettbewerb teil. Die Vorbereitung besteht in einem intensiven Lesetraining. Im letzten Jahr siegte einer unserer Sch\u00fcler auf Kreisebene, in der Regional-Konkurrenz sprang ein 3. Platz heraus. Selbstverst\u00e4ndlich ist die Teilnahme an der Aktion \u201eSiegen liest ein Buch\u201c. Die Schul-Bibliothek bietet den Sch\u00fcler\/innen eine reiche Auswahl an aktuellen Jugendb\u00fcchern.<\/p>\n\n\n\n<p>Ab dem Schuljahr 2013\/14 wird der Deutschunterricht in der Jahrgangangsstufe 9 neu organisiert. Binnendifferenzierter Unterricht soll ein gezielteres Eingehen auf das individuelle Leistungsverm\u00f6gen und die besonderen Interessen der Sch\u00fcler\/innen erm\u00f6glichen.<\/p>\n\n\n\n<p>In der Oberstufe erweitern sich die Aufgaben des Deutschunterrichts. Neben der sprachlichen Kompetenz geht es jetzt verst\u00e4rkt um die kulturelle Kompetenz. Die Unterrichtsinhalte sind durch das Zentralabitur vorgegeben. Die Sch\u00fcler\/innen erhalten beispielsweise Gelegenheit, sich intensiv mit Werken der beiden Weimarer Klassiker Goethe und Schiller zu befassen, in Franz Kafka lernen sie aber auch einen der faszinierendsten Vertreter der fr\u00fchen Moderne kennen. Theaterbesuche und oftmals auch Exkursionen zu literaturgeschichtlichen Schaupl\u00e4tzen verkn\u00fcpfen das Gelernte mit unmittelbarer Erfahrung.<\/p>\n\n\n\n<p><strong>Lehrplan<\/strong><\/p>\n\n\n\n<p><a href=\"https:\/\/www.gesamtschule-eiserfeld.de\/wp-content\/uploads\/2024\/12\/Deutsch_Lehrplan_SEKI_Jg5-10_auslaufend.pdf\" target=\"_blank\" rel=\"noreferrer noopener\">Lehrplan Sekundarstufe I&nbsp;<\/a><\/p>\n\n\n\n<p><a href=\"https:\/\/www.gesamtschule-eiserfeld.de\/wp-content\/uploads\/2025\/08\/Deutsch_Lehrplan_SEKI_Jg5-10.pdf\" target=\"_blank\" rel=\"noreferrer noopener\">Lehrplan Sekundarstufe I ab AK 2028<\/a><\/p>\n\n\n\n<p><a href=\"https:\/\/www.gesamtschule-eiserfeld.de\/wp-content\/uploads\/2024\/06\/Deutsch_Lehrplan_Abitur_2026.pdf\" target=\"_blank\" rel=\"noopener\">Lehrplan Sekundarstufe II Abitur 2026<\/a><\/p>\n\n\n\n<p><a href=\"https:\/\/www.gesamtschule-eiserfeld.de\/wp-content\/uploads\/2025\/08\/Deutsch_Lehrplan_Abitur_2027.pdf\" target=\"_blank\" rel=\"noreferrer noopener\">Lehrplan Sekundarstufe II Abitur 2027<\/a><\/p>\n\n\n\n<p><strong>Leistungsbewertung<\/strong><\/p>\n\n\n\n<p><a href=\"http:\/\/gesamtschule-eiserfeld.de\/wp-content\/uploads\/2013\/07\/Leistungsbewertung-Deutsch.pdf\">Leistungsbewertung Deutsch Sekundarstufe I<\/a><\/p>\n\n\n\n<p><a href=\"http:\/\/gesamtschule-eiserfeld.de\/wp-content\/uploads\/2013\/07\/Leistungsbewertung-Deutsch-SII.pdf\">Leistungsbewertung Deutsch Sekundarstufe II<\/a><\/p>\n\n\n\n<p>&nbsp;<\/p>\n","protected":false},"excerpt":{"rendered":"<p>Deutsch ist eines der Kernf\u00e4cher. In der modernen Wissens- und Mediengesellschaft ist das Fach noch wichtiger geworden. Eine gute Kenntnis des Deutschen geh\u00f6rt heute zu den Schl\u00fcsselqualifikationen. Deshalb legt unsere Schule gro\u00dfen Wert auf fr\u00fchzeitige Sprachf\u00f6rderung. Unmittelbar nach dem Wechsel von der Grundschule werden die Rechtschreibkenntnisse der neuen Sch\u00fcler\/innen der Jahrgangsstufe 5 getestet, um die &hellip; <a href=\"https:\/\/www.gesamtschule-eiserfeld.de\/?page_id=2730\" class=\"more-link\"><span class=\"screen-reader-text\">Deutsch<\/span> weiterlesen <span class=\"meta-nav\">&rarr;<\/span><\/a><\/p>\n","protected":false},"author":9,"featured_media":19623,"parent":302,"menu_order":0,"comment_status":"closed","ping_status":"open","template":"","meta":{"jetpack_post_was_ever_published":false,"footnotes":""},"class_list":["post-2730","page","type-page","status-publish","has-post-thumbnail","hentry"],"yoast_head":"<!-- This site is optimized with the Yoast SEO plugin v27.4 - https:\/\/yoast.com\/product\/yoast-seo-wordpress\/ -->\n<title>Deutsch - Gesamtschule Eiserfeld<\/title>\n<meta name=\"robots\" content=\"index, follow, max-snippet:-1, max-image-preview:large, max-video-preview:-1\" \/>\n<link rel=\"canonical\" href=\"https:\/\/www.gesamtschule-eiserfeld.de\/?page_id=2730\" \/>\n<meta property=\"og:locale\" content=\"de_DE\" \/>\n<meta property=\"og:type\" content=\"article\" \/>\n<meta property=\"og:title\" content=\"Deutsch - Gesamtschule Eiserfeld\" \/>\n<meta property=\"og:description\" content=\"Deutsch ist eines der Kernf\u00e4cher. In der modernen Wissens- und Mediengesellschaft ist das Fach noch wichtiger geworden. Eine gute Kenntnis des Deutschen geh\u00f6rt heute zu den Schl\u00fcsselqualifikationen. Deshalb legt unsere Schule gro\u00dfen Wert auf fr\u00fchzeitige Sprachf\u00f6rderung. Unmittelbar nach dem Wechsel von der Grundschule werden die Rechtschreibkenntnisse der neuen Sch\u00fcler\/innen der Jahrgangsstufe 5 getestet, um die &hellip; Deutsch weiterlesen &rarr;\" \/>\n<meta property=\"og:url\" content=\"https:\/\/www.gesamtschule-eiserfeld.de\/?page_id=2730\" \/>\n<meta property=\"og:site_name\" content=\"Gesamtschule Eiserfeld\" \/>\n<meta property=\"article:publisher\" content=\"https:\/\/www.facebook.com\/GEEiserfeld\" \/>\n<meta property=\"article:modified_time\" content=\"2025-08-22T10:18:11+00:00\" \/>\n<meta property=\"og:image\" content=\"https:\/\/www.gesamtschule-eiserfeld.de\/wp-content\/uploads\/2024\/12\/Headerdeutsch-1.jpg\" \/>\n\t<meta property=\"og:image:width\" content=\"646\" \/>\n\t<meta property=\"og:image:height\" content=\"358\" \/>\n\t<meta property=\"og:image:type\" content=\"image\/jpeg\" \/>\n<meta name=\"twitter:card\" content=\"summary_large_image\" \/>\n<meta name=\"twitter:label1\" content=\"Gesch\u00e4tzte Lesezeit\" \/>\n\t<meta name=\"twitter:data1\" content=\"3\u00a0Minuten\" \/>\n<script type=\"application\/ld+json\" class=\"yoast-schema-graph\">{\"@context\":\"https:\\\/\\\/schema.org\",\"@graph\":[{\"@type\":\"WebPage\",\"@id\":\"https:\\\/\\\/www.gesamtschule-eiserfeld.de\\\/?page_id=2730\",\"url\":\"https:\\\/\\\/www.gesamtschule-eiserfeld.de\\\/?page_id=2730\",\"name\":\"Deutsch - Gesamtschule Eiserfeld\",\"isPartOf\":{\"@id\":\"https:\\\/\\\/www.gesamtschule-eiserfeld.de\\\/#website\"},\"primaryImageOfPage\":{\"@id\":\"https:\\\/\\\/www.gesamtschule-eiserfeld.de\\\/?page_id=2730#primaryimage\"},\"image\":{\"@id\":\"https:\\\/\\\/www.gesamtschule-eiserfeld.de\\\/?page_id=2730#primaryimage\"},\"thumbnailUrl\":\"https:\\\/\\\/i0.wp.com\\\/www.gesamtschule-eiserfeld.de\\\/wp-content\\\/uploads\\\/2024\\\/12\\\/Headerdeutsch-1.jpg?fit=646%2C358&ssl=1\",\"datePublished\":\"2013-07-08T18:33:32+00:00\",\"dateModified\":\"2025-08-22T10:18:11+00:00\",\"breadcrumb\":{\"@id\":\"https:\\\/\\\/www.gesamtschule-eiserfeld.de\\\/?page_id=2730#breadcrumb\"},\"inLanguage\":\"de\",\"potentialAction\":[{\"@type\":\"ReadAction\",\"target\":[\"https:\\\/\\\/www.gesamtschule-eiserfeld.de\\\/?page_id=2730\"]}]},{\"@type\":\"ImageObject\",\"inLanguage\":\"de\",\"@id\":\"https:\\\/\\\/www.gesamtschule-eiserfeld.de\\\/?page_id=2730#primaryimage\",\"url\":\"https:\\\/\\\/i0.wp.com\\\/www.gesamtschule-eiserfeld.de\\\/wp-content\\\/uploads\\\/2024\\\/12\\\/Headerdeutsch-1.jpg?fit=646%2C358&ssl=1\",\"contentUrl\":\"https:\\\/\\\/i0.wp.com\\\/www.gesamtschule-eiserfeld.de\\\/wp-content\\\/uploads\\\/2024\\\/12\\\/Headerdeutsch-1.jpg?fit=646%2C358&ssl=1\",\"width\":646,\"height\":358},{\"@type\":\"BreadcrumbList\",\"@id\":\"https:\\\/\\\/www.gesamtschule-eiserfeld.de\\\/?page_id=2730#breadcrumb\",\"itemListElement\":[{\"@type\":\"ListItem\",\"position\":1,\"name\":\"Startseite\",\"item\":\"https:\\\/\\\/www.gesamtschule-eiserfeld.de\\\/\"},{\"@type\":\"ListItem\",\"position\":2,\"name\":\"Unterricht\",\"item\":\"https:\\\/\\\/www.gesamtschule-eiserfeld.de\\\/?page_id=74\"},{\"@type\":\"ListItem\",\"position\":3,\"name\":\"F\u00e4cher\",\"item\":\"https:\\\/\\\/www.gesamtschule-eiserfeld.de\\\/?page_id=302\"},{\"@type\":\"ListItem\",\"position\":4,\"name\":\"Deutsch\"}]},{\"@type\":\"WebSite\",\"@id\":\"https:\\\/\\\/www.gesamtschule-eiserfeld.de\\\/#website\",\"url\":\"https:\\\/\\\/www.gesamtschule-eiserfeld.de\\\/\",\"name\":\"Gesamtschule Eiserfeld\",\"description\":\"\",\"publisher\":{\"@id\":\"https:\\\/\\\/www.gesamtschule-eiserfeld.de\\\/#organization\"},\"potentialAction\":[{\"@type\":\"SearchAction\",\"target\":{\"@type\":\"EntryPoint\",\"urlTemplate\":\"https:\\\/\\\/www.gesamtschule-eiserfeld.de\\\/?s={search_term_string}\"},\"query-input\":{\"@type\":\"PropertyValueSpecification\",\"valueRequired\":true,\"valueName\":\"search_term_string\"}}],\"inLanguage\":\"de\"},{\"@type\":\"Organization\",\"@id\":\"https:\\\/\\\/www.gesamtschule-eiserfeld.de\\\/#organization\",\"name\":\"Gesamtschule Eiserfeld\",\"url\":\"https:\\\/\\\/www.gesamtschule-eiserfeld.de\\\/\",\"logo\":{\"@type\":\"ImageObject\",\"inLanguage\":\"de\",\"@id\":\"https:\\\/\\\/www.gesamtschule-eiserfeld.de\\\/#\\\/schema\\\/logo\\\/image\\\/\",\"url\":\"https:\\\/\\\/i1.wp.com\\\/www.gesamtschule-eiserfeld.de\\\/wp-content\\\/uploads\\\/2019\\\/01\\\/GEE-Logo-neu.jpg?fit=436%2C126&ssl=1\",\"contentUrl\":\"https:\\\/\\\/i1.wp.com\\\/www.gesamtschule-eiserfeld.de\\\/wp-content\\\/uploads\\\/2019\\\/01\\\/GEE-Logo-neu.jpg?fit=436%2C126&ssl=1\",\"width\":436,\"height\":126,\"caption\":\"Gesamtschule Eiserfeld\"},\"image\":{\"@id\":\"https:\\\/\\\/www.gesamtschule-eiserfeld.de\\\/#\\\/schema\\\/logo\\\/image\\\/\"},\"sameAs\":[\"https:\\\/\\\/www.facebook.com\\\/GEEiserfeld\"]}]}<\/script>\n<!-- \/ Yoast SEO plugin. -->","yoast_head_json":{"title":"Deutsch - Gesamtschule Eiserfeld","robots":{"index":"index","follow":"follow","max-snippet":"max-snippet:-1","max-image-preview":"max-image-preview:large","max-video-preview":"max-video-preview:-1"},"canonical":"https:\/\/www.gesamtschule-eiserfeld.de\/?page_id=2730","og_locale":"de_DE","og_type":"article","og_title":"Deutsch - Gesamtschule Eiserfeld","og_description":"Deutsch ist eines der Kernf\u00e4cher. In der modernen Wissens- und Mediengesellschaft ist das Fach noch wichtiger geworden. Eine gute Kenntnis des Deutschen geh\u00f6rt heute zu den Schl\u00fcsselqualifikationen. Deshalb legt unsere Schule gro\u00dfen Wert auf fr\u00fchzeitige Sprachf\u00f6rderung. Unmittelbar nach dem Wechsel von der Grundschule werden die Rechtschreibkenntnisse der neuen Sch\u00fcler\/innen der Jahrgangsstufe 5 getestet, um die &hellip; Deutsch weiterlesen &rarr;","og_url":"https:\/\/www.gesamtschule-eiserfeld.de\/?page_id=2730","og_site_name":"Gesamtschule Eiserfeld","article_publisher":"https:\/\/www.facebook.com\/GEEiserfeld","article_modified_time":"2025-08-22T10:18:11+00:00","og_image":[{"width":646,"height":358,"url":"https:\/\/www.gesamtschule-eiserfeld.de\/wp-content\/uploads\/2024\/12\/Headerdeutsch-1.jpg","type":"image\/jpeg"}],"twitter_card":"summary_large_image","twitter_misc":{"Gesch\u00e4tzte Lesezeit":"3\u00a0Minuten"},"schema":{"@context":"https:\/\/schema.org","@graph":[{"@type":"WebPage","@id":"https:\/\/www.gesamtschule-eiserfeld.de\/?page_id=2730","url":"https:\/\/www.gesamtschule-eiserfeld.de\/?page_id=2730","name":"Deutsch - Gesamtschule Eiserfeld","isPartOf":{"@id":"https:\/\/www.gesamtschule-eiserfeld.de\/#website"},"primaryImageOfPage":{"@id":"https:\/\/www.gesamtschule-eiserfeld.de\/?page_id=2730#primaryimage"},"image":{"@id":"https:\/\/www.gesamtschule-eiserfeld.de\/?page_id=2730#primaryimage"},"thumbnailUrl":"https:\/\/i0.wp.com\/www.gesamtschule-eiserfeld.de\/wp-content\/uploads\/2024\/12\/Headerdeutsch-1.jpg?fit=646%2C358&ssl=1","datePublished":"2013-07-08T18:33:32+00:00","dateModified":"2025-08-22T10:18:11+00:00","breadcrumb":{"@id":"https:\/\/www.gesamtschule-eiserfeld.de\/?page_id=2730#breadcrumb"},"inLanguage":"de","potentialAction":[{"@type":"ReadAction","target":["https:\/\/www.gesamtschule-eiserfeld.de\/?page_id=2730"]}]},{"@type":"ImageObject","inLanguage":"de","@id":"https:\/\/www.gesamtschule-eiserfeld.de\/?page_id=2730#primaryimage","url":"https:\/\/i0.wp.com\/www.gesamtschule-eiserfeld.de\/wp-content\/uploads\/2024\/12\/Headerdeutsch-1.jpg?fit=646%2C358&ssl=1","contentUrl":"https:\/\/i0.wp.com\/www.gesamtschule-eiserfeld.de\/wp-content\/uploads\/2024\/12\/Headerdeutsch-1.jpg?fit=646%2C358&ssl=1","width":646,"height":358},{"@type":"BreadcrumbList","@id":"https:\/\/www.gesamtschule-eiserfeld.de\/?page_id=2730#breadcrumb","itemListElement":[{"@type":"ListItem","position":1,"name":"Startseite","item":"https:\/\/www.gesamtschule-eiserfeld.de\/"},{"@type":"ListItem","position":2,"name":"Unterricht","item":"https:\/\/www.gesamtschule-eiserfeld.de\/?page_id=74"},{"@type":"ListItem","position":3,"name":"F\u00e4cher","item":"https:\/\/www.gesamtschule-eiserfeld.de\/?page_id=302"},{"@type":"ListItem","position":4,"name":"Deutsch"}]},{"@type":"WebSite","@id":"https:\/\/www.gesamtschule-eiserfeld.de\/#website","url":"https:\/\/www.gesamtschule-eiserfeld.de\/","name":"Gesamtschule Eiserfeld","description":"","publisher":{"@id":"https:\/\/www.gesamtschule-eiserfeld.de\/#organization"},"potentialAction":[{"@type":"SearchAction","target":{"@type":"EntryPoint","urlTemplate":"https:\/\/www.gesamtschule-eiserfeld.de\/?s={search_term_string}"},"query-input":{"@type":"PropertyValueSpecification","valueRequired":true,"valueName":"search_term_string"}}],"inLanguage":"de"},{"@type":"Organization","@id":"https:\/\/www.gesamtschule-eiserfeld.de\/#organization","name":"Gesamtschule Eiserfeld","url":"https:\/\/www.gesamtschule-eiserfeld.de\/","logo":{"@type":"ImageObject","inLanguage":"de","@id":"https:\/\/www.gesamtschule-eiserfeld.de\/#\/schema\/logo\/image\/","url":"https:\/\/i1.wp.com\/www.gesamtschule-eiserfeld.de\/wp-content\/uploads\/2019\/01\/GEE-Logo-neu.jpg?fit=436%2C126&ssl=1","contentUrl":"https:\/\/i1.wp.com\/www.gesamtschule-eiserfeld.de\/wp-content\/uploads\/2019\/01\/GEE-Logo-neu.jpg?fit=436%2C126&ssl=1","width":436,"height":126,"caption":"Gesamtschule Eiserfeld"},"image":{"@id":"https:\/\/www.gesamtschule-eiserfeld.de\/#\/schema\/logo\/image\/"},"sameAs":["https:\/\/www.facebook.com\/GEEiserfeld"]}]}},"jetpack_shortlink":"https:\/\/wp.me\/P2weeL-I2","jetpack_sharing_enabled":true,"_links":{"self":[{"href":"https:\/\/www.gesamtschule-eiserfeld.de\/index.php?rest_route=\/wp\/v2\/pages\/2730","targetHints":{"allow":["GET"]}}],"collection":[{"href":"https:\/\/www.gesamtschule-eiserfeld.de\/index.php?rest_route=\/wp\/v2\/pages"}],"about":[{"href":"https:\/\/www.gesamtschule-eiserfeld.de\/index.php?rest_route=\/wp\/v2\/types\/page"}],"author":[{"embeddable":true,"href":"https:\/\/www.gesamtschule-eiserfeld.de\/index.php?rest_route=\/wp\/v2\/users\/9"}],"replies":[{"embeddable":true,"href":"https:\/\/www.gesamtschule-eiserfeld.de\/index.php?rest_route=%2Fwp%2Fv2%2Fcomments&post=2730"}],"version-history":[{"count":11,"href":"https:\/\/www.gesamtschule-eiserfeld.de\/index.php?rest_route=\/wp\/v2\/pages\/2730\/revisions"}],"predecessor-version":[{"id":20209,"href":"https:\/\/www.gesamtschule-eiserfeld.de\/index.php?rest_route=\/wp\/v2\/pages\/2730\/revisions\/20209"}],"up":[{"embeddable":true,"href":"https:\/\/www.gesamtschule-eiserfeld.de\/index.php?rest_route=\/wp\/v2\/pages\/302"}],"wp:featuredmedia":[{"embeddable":true,"href":"https:\/\/www.gesamtschule-eiserfeld.de\/index.php?rest_route=\/wp\/v2\/media\/19623"}],"wp:attachment":[{"href":"https:\/\/www.gesamtschule-eiserfeld.de\/index.php?rest_route=%2Fwp%2Fv2%2Fmedia&parent=2730"}],"curies":[{"name":"wp","href":"https:\/\/api.w.org\/{rel}","templated":true}]}}