{"id":3171,"date":"2013-11-20T09:40:05","date_gmt":"2013-11-20T08:40:05","guid":{"rendered":"http:\/\/ge-eiserfeld.de\/?page_id=3171"},"modified":"2024-12-05T20:44:25","modified_gmt":"2024-12-05T19:44:25","slug":"philosophie","status":"publish","type":"page","link":"https:\/\/www.gesamtschule-eiserfeld.de\/?page_id=3171","title":{"rendered":"Philosophie"},"content":{"rendered":"<div>\n<p style=\"text-align: justify;\">Das Fach Philosophie bietet unsere Schule ab der Oberstufe an. Wegen des starken Interesses ist die Jahrgangsstufe 11 des Schuljahrs 2013\/14 erstmals mit gleich zwei Philosophie-Grundkursen gestartet. Neu ist ebenfalls die Fortf\u00fchrung der Kurse in der Jahrgangsstufe 13. M\u00f6glich wurde diese Erweiterung des Angebots durch die Neueinstellung einer zweiten Philosophie-Lehrerin.<\/p>\n<p style=\"text-align: justify;\">Den alterstypischen Interessen von Sch\u00fclerinnen und Sch\u00fclern auf dem Weg zum Abitur kommt die Philosophie in besonderem Ma\u00dfe entgegen. In dieser Entwicklungsphase stellen sich verst\u00e4rkt die Fragen nach der eigenen Identit\u00e4t und der richtigen Lebensgestaltung oder nach einer gerechten Organisation des Zusammenlebens. Das aber sind eben die Fragen, die die Philosophie seit ihren Anf\u00e4ngen wesentlich bestimmt haben.<\/p>\n<p style=\"text-align: justify;\">Mit den Antworten, die den Philosophen im Lauf der Geschichte zu diesen und anderen Fragen eingefallen sind, macht der Philosophie-Unterricht bekannt. Die Vermittlung von Kenntnissen \u00fcber die philosophische Tradition ist ein zentrales Anliegen. So erfahren die Sch\u00fclerinnen und Sch\u00fcler beispielsweise, was Platon mit seinem ber\u00fchmten H\u00f6hlengleichnis ausdr\u00fccken wollte und was Immanuel Kant unter dem \u201eDing an sich\u201c verstand.<\/p>\n<p style=\"text-align: justify;\">Da der Themenbereich der Philosophie nicht begrenzt ist, kann \u00fcber die Philosophiegeschichte hinaus prinzipiell alles zum Gegenstand philosophischen Nachdenkens werden. So k\u00f6nnte ein Philosophie-Kurs auch \u00fcber die Licht- und Schattenseiten des Profi-Fu\u00dfballs sprechen oder etwa \u00fcber die Zensur der TV-Auftritte von Miley Cyrus durch US-Fernsehsender. Welche Themen im Unterricht diskutiert werden, h\u00e4ngt von den besonderen Interessen der Sch\u00fclerinnen und Sch\u00fcler ab.<\/p>\n<p style=\"text-align: justify;\">Im optimalen Fall wird ein Philosophie-Kurs zu einem Forum offener Diskussion. Mehr als die blo\u00df subjektive Meinung ist dabei allerdings die klar durchdachte und schl\u00fcssig vorgetragene Position gefragt. Damit f\u00f6rdert der Philosophie-Unterricht wie nebenbei die Argumentationskompetenz. Dass einem dies in den anderen F\u00e4chern nur von Nutzen sein kann, liegt auf der Hand.<\/p>\n<address>Im Philosophie-Kurs lernt man die wichtigsten philosophischen Theorien kennen, es k\u00f6nnte aber auch \u00fcber die zeitgen\u00f6ssische Popkultur diskutiert werden: Illustration von Platons H\u00f6hlengleichnis sowie Miley Cyrus in einer f\u00fcr sie typischen Pose. (Quelle: Wikipedia)<\/address>\n<\/div>\n<p><a href=\"http:\/\/gesamtschule-eiserfeld.de\/HP%20Downloads\/Lehrplan%20Philosophie.pdf\" target=\"_blank\" rel=\"noopener\">Curriculum EF<\/a><\/p>\n<p><a href=\"http:\/\/www.gesamtschule-eiserfeld.de\/HP%20Downloads\/KLP_12.pdf\" target=\"_blank\" rel=\"noopener\">Curriculum Q1\/Q2<\/a><\/p>\n","protected":false},"excerpt":{"rendered":"<p>Das Fach Philosophie bietet unsere Schule ab der Oberstufe an. Wegen des starken Interesses ist die Jahrgangsstufe 11 des Schuljahrs 2013\/14 erstmals mit gleich zwei Philosophie-Grundkursen gestartet. Neu ist ebenfalls die Fortf\u00fchrung der Kurse in der Jahrgangsstufe 13. M\u00f6glich wurde diese Erweiterung des Angebots durch die Neueinstellung einer zweiten Philosophie-Lehrerin. Den alterstypischen Interessen von Sch\u00fclerinnen &hellip; <a href=\"https:\/\/www.gesamtschule-eiserfeld.de\/?page_id=3171\" class=\"more-link\"><span class=\"screen-reader-text\">Philosophie<\/span> weiterlesen <span class=\"meta-nav\">&rarr;<\/span><\/a><\/p>\n","protected":false},"author":9,"featured_media":19497,"parent":302,"menu_order":0,"comment_status":"closed","ping_status":"open","template":"","meta":{"jetpack_post_was_ever_published":false,"footnotes":""},"class_list":["post-3171","page","type-page","status-publish","has-post-thumbnail","hentry"],"yoast_head":"<!-- This site is optimized with the Yoast SEO plugin v27.4 - https:\/\/yoast.com\/product\/yoast-seo-wordpress\/ -->\n<title>Philosophie - Gesamtschule Eiserfeld<\/title>\n<meta name=\"robots\" content=\"index, follow, max-snippet:-1, max-image-preview:large, max-video-preview:-1\" \/>\n<link rel=\"canonical\" href=\"https:\/\/www.gesamtschule-eiserfeld.de\/?page_id=3171\" \/>\n<meta property=\"og:locale\" content=\"de_DE\" \/>\n<meta property=\"og:type\" content=\"article\" \/>\n<meta property=\"og:title\" content=\"Philosophie - Gesamtschule Eiserfeld\" \/>\n<meta property=\"og:description\" content=\"Das Fach Philosophie bietet unsere Schule ab der Oberstufe an. Wegen des starken Interesses ist die Jahrgangsstufe 11 des Schuljahrs 2013\/14 erstmals mit gleich zwei Philosophie-Grundkursen gestartet. Neu ist ebenfalls die Fortf\u00fchrung der Kurse in der Jahrgangsstufe 13. M\u00f6glich wurde diese Erweiterung des Angebots durch die Neueinstellung einer zweiten Philosophie-Lehrerin. Den alterstypischen Interessen von Sch\u00fclerinnen &hellip; Philosophie weiterlesen &rarr;\" \/>\n<meta property=\"og:url\" content=\"https:\/\/www.gesamtschule-eiserfeld.de\/?page_id=3171\" \/>\n<meta property=\"og:site_name\" content=\"Gesamtschule Eiserfeld\" \/>\n<meta property=\"article:publisher\" content=\"https:\/\/www.facebook.com\/GEEiserfeld\" \/>\n<meta property=\"article:modified_time\" content=\"2024-12-05T19:44:25+00:00\" \/>\n<meta property=\"og:image\" content=\"https:\/\/www.gesamtschule-eiserfeld.de\/wp-content\/uploads\/2024\/12\/headerphilo.jpg\" \/>\n\t<meta property=\"og:image:width\" content=\"608\" \/>\n\t<meta property=\"og:image:height\" content=\"390\" \/>\n\t<meta property=\"og:image:type\" content=\"image\/jpeg\" \/>\n<meta name=\"twitter:card\" content=\"summary_large_image\" \/>\n<meta name=\"twitter:label1\" content=\"Gesch\u00e4tzte Lesezeit\" \/>\n\t<meta name=\"twitter:data1\" content=\"2\u00a0Minuten\" \/>\n<script type=\"application\/ld+json\" class=\"yoast-schema-graph\">{\"@context\":\"https:\\\/\\\/schema.org\",\"@graph\":[{\"@type\":\"WebPage\",\"@id\":\"https:\\\/\\\/www.gesamtschule-eiserfeld.de\\\/?page_id=3171\",\"url\":\"https:\\\/\\\/www.gesamtschule-eiserfeld.de\\\/?page_id=3171\",\"name\":\"Philosophie - Gesamtschule Eiserfeld\",\"isPartOf\":{\"@id\":\"https:\\\/\\\/www.gesamtschule-eiserfeld.de\\\/#website\"},\"primaryImageOfPage\":{\"@id\":\"https:\\\/\\\/www.gesamtschule-eiserfeld.de\\\/?page_id=3171#primaryimage\"},\"image\":{\"@id\":\"https:\\\/\\\/www.gesamtschule-eiserfeld.de\\\/?page_id=3171#primaryimage\"},\"thumbnailUrl\":\"https:\\\/\\\/i0.wp.com\\\/www.gesamtschule-eiserfeld.de\\\/wp-content\\\/uploads\\\/2024\\\/12\\\/headerphilo.jpg?fit=608%2C390&ssl=1\",\"datePublished\":\"2013-11-20T08:40:05+00:00\",\"dateModified\":\"2024-12-05T19:44:25+00:00\",\"breadcrumb\":{\"@id\":\"https:\\\/\\\/www.gesamtschule-eiserfeld.de\\\/?page_id=3171#breadcrumb\"},\"inLanguage\":\"de\",\"potentialAction\":[{\"@type\":\"ReadAction\",\"target\":[\"https:\\\/\\\/www.gesamtschule-eiserfeld.de\\\/?page_id=3171\"]}]},{\"@type\":\"ImageObject\",\"inLanguage\":\"de\",\"@id\":\"https:\\\/\\\/www.gesamtschule-eiserfeld.de\\\/?page_id=3171#primaryimage\",\"url\":\"https:\\\/\\\/i0.wp.com\\\/www.gesamtschule-eiserfeld.de\\\/wp-content\\\/uploads\\\/2024\\\/12\\\/headerphilo.jpg?fit=608%2C390&ssl=1\",\"contentUrl\":\"https:\\\/\\\/i0.wp.com\\\/www.gesamtschule-eiserfeld.de\\\/wp-content\\\/uploads\\\/2024\\\/12\\\/headerphilo.jpg?fit=608%2C390&ssl=1\",\"width\":608,\"height\":390},{\"@type\":\"BreadcrumbList\",\"@id\":\"https:\\\/\\\/www.gesamtschule-eiserfeld.de\\\/?page_id=3171#breadcrumb\",\"itemListElement\":[{\"@type\":\"ListItem\",\"position\":1,\"name\":\"Startseite\",\"item\":\"https:\\\/\\\/www.gesamtschule-eiserfeld.de\\\/\"},{\"@type\":\"ListItem\",\"position\":2,\"name\":\"Unterricht\",\"item\":\"https:\\\/\\\/www.gesamtschule-eiserfeld.de\\\/?page_id=74\"},{\"@type\":\"ListItem\",\"position\":3,\"name\":\"F\u00e4cher\",\"item\":\"https:\\\/\\\/www.gesamtschule-eiserfeld.de\\\/?page_id=302\"},{\"@type\":\"ListItem\",\"position\":4,\"name\":\"Philosophie\"}]},{\"@type\":\"WebSite\",\"@id\":\"https:\\\/\\\/www.gesamtschule-eiserfeld.de\\\/#website\",\"url\":\"https:\\\/\\\/www.gesamtschule-eiserfeld.de\\\/\",\"name\":\"Gesamtschule Eiserfeld\",\"description\":\"\",\"publisher\":{\"@id\":\"https:\\\/\\\/www.gesamtschule-eiserfeld.de\\\/#organization\"},\"potentialAction\":[{\"@type\":\"SearchAction\",\"target\":{\"@type\":\"EntryPoint\",\"urlTemplate\":\"https:\\\/\\\/www.gesamtschule-eiserfeld.de\\\/?s={search_term_string}\"},\"query-input\":{\"@type\":\"PropertyValueSpecification\",\"valueRequired\":true,\"valueName\":\"search_term_string\"}}],\"inLanguage\":\"de\"},{\"@type\":\"Organization\",\"@id\":\"https:\\\/\\\/www.gesamtschule-eiserfeld.de\\\/#organization\",\"name\":\"Gesamtschule Eiserfeld\",\"url\":\"https:\\\/\\\/www.gesamtschule-eiserfeld.de\\\/\",\"logo\":{\"@type\":\"ImageObject\",\"inLanguage\":\"de\",\"@id\":\"https:\\\/\\\/www.gesamtschule-eiserfeld.de\\\/#\\\/schema\\\/logo\\\/image\\\/\",\"url\":\"https:\\\/\\\/i1.wp.com\\\/www.gesamtschule-eiserfeld.de\\\/wp-content\\\/uploads\\\/2019\\\/01\\\/GEE-Logo-neu.jpg?fit=436%2C126&ssl=1\",\"contentUrl\":\"https:\\\/\\\/i1.wp.com\\\/www.gesamtschule-eiserfeld.de\\\/wp-content\\\/uploads\\\/2019\\\/01\\\/GEE-Logo-neu.jpg?fit=436%2C126&ssl=1\",\"width\":436,\"height\":126,\"caption\":\"Gesamtschule Eiserfeld\"},\"image\":{\"@id\":\"https:\\\/\\\/www.gesamtschule-eiserfeld.de\\\/#\\\/schema\\\/logo\\\/image\\\/\"},\"sameAs\":[\"https:\\\/\\\/www.facebook.com\\\/GEEiserfeld\"]}]}<\/script>\n<!-- \/ Yoast SEO plugin. -->","yoast_head_json":{"title":"Philosophie - Gesamtschule Eiserfeld","robots":{"index":"index","follow":"follow","max-snippet":"max-snippet:-1","max-image-preview":"max-image-preview:large","max-video-preview":"max-video-preview:-1"},"canonical":"https:\/\/www.gesamtschule-eiserfeld.de\/?page_id=3171","og_locale":"de_DE","og_type":"article","og_title":"Philosophie - Gesamtschule Eiserfeld","og_description":"Das Fach Philosophie bietet unsere Schule ab der Oberstufe an. Wegen des starken Interesses ist die Jahrgangsstufe 11 des Schuljahrs 2013\/14 erstmals mit gleich zwei Philosophie-Grundkursen gestartet. Neu ist ebenfalls die Fortf\u00fchrung der Kurse in der Jahrgangsstufe 13. M\u00f6glich wurde diese Erweiterung des Angebots durch die Neueinstellung einer zweiten Philosophie-Lehrerin. Den alterstypischen Interessen von Sch\u00fclerinnen &hellip; Philosophie weiterlesen &rarr;","og_url":"https:\/\/www.gesamtschule-eiserfeld.de\/?page_id=3171","og_site_name":"Gesamtschule Eiserfeld","article_publisher":"https:\/\/www.facebook.com\/GEEiserfeld","article_modified_time":"2024-12-05T19:44:25+00:00","og_image":[{"width":608,"height":390,"url":"https:\/\/www.gesamtschule-eiserfeld.de\/wp-content\/uploads\/2024\/12\/headerphilo.jpg","type":"image\/jpeg"}],"twitter_card":"summary_large_image","twitter_misc":{"Gesch\u00e4tzte Lesezeit":"2\u00a0Minuten"},"schema":{"@context":"https:\/\/schema.org","@graph":[{"@type":"WebPage","@id":"https:\/\/www.gesamtschule-eiserfeld.de\/?page_id=3171","url":"https:\/\/www.gesamtschule-eiserfeld.de\/?page_id=3171","name":"Philosophie - Gesamtschule Eiserfeld","isPartOf":{"@id":"https:\/\/www.gesamtschule-eiserfeld.de\/#website"},"primaryImageOfPage":{"@id":"https:\/\/www.gesamtschule-eiserfeld.de\/?page_id=3171#primaryimage"},"image":{"@id":"https:\/\/www.gesamtschule-eiserfeld.de\/?page_id=3171#primaryimage"},"thumbnailUrl":"https:\/\/i0.wp.com\/www.gesamtschule-eiserfeld.de\/wp-content\/uploads\/2024\/12\/headerphilo.jpg?fit=608%2C390&ssl=1","datePublished":"2013-11-20T08:40:05+00:00","dateModified":"2024-12-05T19:44:25+00:00","breadcrumb":{"@id":"https:\/\/www.gesamtschule-eiserfeld.de\/?page_id=3171#breadcrumb"},"inLanguage":"de","potentialAction":[{"@type":"ReadAction","target":["https:\/\/www.gesamtschule-eiserfeld.de\/?page_id=3171"]}]},{"@type":"ImageObject","inLanguage":"de","@id":"https:\/\/www.gesamtschule-eiserfeld.de\/?page_id=3171#primaryimage","url":"https:\/\/i0.wp.com\/www.gesamtschule-eiserfeld.de\/wp-content\/uploads\/2024\/12\/headerphilo.jpg?fit=608%2C390&ssl=1","contentUrl":"https:\/\/i0.wp.com\/www.gesamtschule-eiserfeld.de\/wp-content\/uploads\/2024\/12\/headerphilo.jpg?fit=608%2C390&ssl=1","width":608,"height":390},{"@type":"BreadcrumbList","@id":"https:\/\/www.gesamtschule-eiserfeld.de\/?page_id=3171#breadcrumb","itemListElement":[{"@type":"ListItem","position":1,"name":"Startseite","item":"https:\/\/www.gesamtschule-eiserfeld.de\/"},{"@type":"ListItem","position":2,"name":"Unterricht","item":"https:\/\/www.gesamtschule-eiserfeld.de\/?page_id=74"},{"@type":"ListItem","position":3,"name":"F\u00e4cher","item":"https:\/\/www.gesamtschule-eiserfeld.de\/?page_id=302"},{"@type":"ListItem","position":4,"name":"Philosophie"}]},{"@type":"WebSite","@id":"https:\/\/www.gesamtschule-eiserfeld.de\/#website","url":"https:\/\/www.gesamtschule-eiserfeld.de\/","name":"Gesamtschule Eiserfeld","description":"","publisher":{"@id":"https:\/\/www.gesamtschule-eiserfeld.de\/#organization"},"potentialAction":[{"@type":"SearchAction","target":{"@type":"EntryPoint","urlTemplate":"https:\/\/www.gesamtschule-eiserfeld.de\/?s={search_term_string}"},"query-input":{"@type":"PropertyValueSpecification","valueRequired":true,"valueName":"search_term_string"}}],"inLanguage":"de"},{"@type":"Organization","@id":"https:\/\/www.gesamtschule-eiserfeld.de\/#organization","name":"Gesamtschule Eiserfeld","url":"https:\/\/www.gesamtschule-eiserfeld.de\/","logo":{"@type":"ImageObject","inLanguage":"de","@id":"https:\/\/www.gesamtschule-eiserfeld.de\/#\/schema\/logo\/image\/","url":"https:\/\/i1.wp.com\/www.gesamtschule-eiserfeld.de\/wp-content\/uploads\/2019\/01\/GEE-Logo-neu.jpg?fit=436%2C126&ssl=1","contentUrl":"https:\/\/i1.wp.com\/www.gesamtschule-eiserfeld.de\/wp-content\/uploads\/2019\/01\/GEE-Logo-neu.jpg?fit=436%2C126&ssl=1","width":436,"height":126,"caption":"Gesamtschule Eiserfeld"},"image":{"@id":"https:\/\/www.gesamtschule-eiserfeld.de\/#\/schema\/logo\/image\/"},"sameAs":["https:\/\/www.facebook.com\/GEEiserfeld"]}]}},"jetpack_shortlink":"https:\/\/wp.me\/P2weeL-P9","jetpack_sharing_enabled":true,"_links":{"self":[{"href":"https:\/\/www.gesamtschule-eiserfeld.de\/index.php?rest_route=\/wp\/v2\/pages\/3171","targetHints":{"allow":["GET"]}}],"collection":[{"href":"https:\/\/www.gesamtschule-eiserfeld.de\/index.php?rest_route=\/wp\/v2\/pages"}],"about":[{"href":"https:\/\/www.gesamtschule-eiserfeld.de\/index.php?rest_route=\/wp\/v2\/types\/page"}],"author":[{"embeddable":true,"href":"https:\/\/www.gesamtschule-eiserfeld.de\/index.php?rest_route=\/wp\/v2\/users\/9"}],"replies":[{"embeddable":true,"href":"https:\/\/www.gesamtschule-eiserfeld.de\/index.php?rest_route=%2Fwp%2Fv2%2Fcomments&post=3171"}],"version-history":[{"count":2,"href":"https:\/\/www.gesamtschule-eiserfeld.de\/index.php?rest_route=\/wp\/v2\/pages\/3171\/revisions"}],"predecessor-version":[{"id":19499,"href":"https:\/\/www.gesamtschule-eiserfeld.de\/index.php?rest_route=\/wp\/v2\/pages\/3171\/revisions\/19499"}],"up":[{"embeddable":true,"href":"https:\/\/www.gesamtschule-eiserfeld.de\/index.php?rest_route=\/wp\/v2\/pages\/302"}],"wp:featuredmedia":[{"embeddable":true,"href":"https:\/\/www.gesamtschule-eiserfeld.de\/index.php?rest_route=\/wp\/v2\/media\/19497"}],"wp:attachment":[{"href":"https:\/\/www.gesamtschule-eiserfeld.de\/index.php?rest_route=%2Fwp%2Fv2%2Fmedia&parent=3171"}],"curies":[{"name":"wp","href":"https:\/\/api.w.org\/{rel}","templated":true}]}}