{"id":3519,"date":"2014-02-19T09:16:49","date_gmt":"2014-02-19T08:16:49","guid":{"rendered":"http:\/\/ge-eiserfeld.de\/?page_id=3519"},"modified":"2024-12-16T10:57:37","modified_gmt":"2024-12-16T09:57:37","slug":"gemeinnuetzig-handeln","status":"publish","type":"page","link":"https:\/\/www.gesamtschule-eiserfeld.de\/?page_id=3519","title":{"rendered":"Gemeinn&uuml;tzig Handeln"},"content":{"rendered":"<p align=\"justify\"><strong>St\u00e4rkung der 4. S\u00e4ule des Schulprogramms \u2018Pers\u00f6nlichkeitsbildung\u2019<\/strong><\/p>\n<p align=\"justify\"><a href=\"https:\/\/i0.wp.com\/gesamtschule-eiserfeld.de\/wp-content\/uploads\/2012\/11\/image.png\"><img data-recalc-dims=\"1\" loading=\"lazy\" decoding=\"async\" style=\"float: right; margin: 0px 0px 0px 10px; display: inline;\" title=\"image\" src=\"https:\/\/i0.wp.com\/gesamtschule-eiserfeld.de\/wp-content\/uploads\/2012\/11\/image_thumb.png?resize=255%2C191\" alt=\"image\" width=\"255\" height=\"191\" align=\"right\" border=\"0\" \/><\/a><\/p>\n<p align=\"justify\">Konzipiert wurde das neue Fach ausgehend von der Frage \u2018Was lernt man besser in der Schule und was lernt man besser im Leben?\u2019<br \/>\nIm Alter zwischen 13 und 15 Jahren beginnt die Losl\u00f6sung von vertrauten Kindheitsmustern: Beziehungsformen \u00e4ndern sich, die Aufsicht der Erwachsenen reduziert sich, die Suche nach neuen Orientierungen findet bewusst statt.<br \/>\nIn dieser Phase kann die traditionelle Form von Schule die Jugendlichen nur teilweise unterst\u00fctzen. Deshalb soll das Fach \u201eGemeinn\u00fctzig handeln\u201c hier zus\u00e4tzliche Angebote und Anreize schaffen. Wir m\u00f6chten mit den Sch\u00fclerInnen Lernorte aufsuchen, die unterschiedliche M\u00f6glichkeiten gemeinn\u00fctzigen Handelns erm\u00f6glichen. Die dort geforderte Arbeit ist anders als die in der Schule und so werden auch andere Erfahrungen als in der Schule gemacht: gebraucht und anerkannt werden, Verantwortung \u00fcbernehmen, k\u00f6rperlich gefordert werden, f\u00fcr andere da sein, Mitgef\u00fchl empfinden, sich auf Menschen einlassen u. a.<\/p>\n<ul>\n<li>\n<div align=\"justify\"><a href=\"http:\/\/gesamtschule-eiserfeld.de\/?p=1086\">Projektbeschreibung<\/a><\/div>\n<\/li>\n<li>\n<div align=\"justify\"><a href=\"http:\/\/www.gesamtschule-eiserfeld.de\/Konzepte\/GH\/Projektbericht\/GH%20Bericht%2012.01.11.pdf\">Projektbericht (pdf)<\/a><\/div>\n<\/li>\n<li>\n<div align=\"justify\"><span style=\"background-color: #bfe6ff; color: #0b0142;\"><a href=\"https:\/\/www.gesamtschule-eiserfeld.de\/wp-content\/uploads\/2020\/03\/GH-INFO-20-LV.pdf\">Pr\u00e4sentation Elternabend (pdf)<\/a><\/span><\/div>\n<\/li>\n<li>\n<div align=\"justify\"><a href=\"http:\/\/www.gesamtschule-eiserfeld.de\/Konzepte\/GH\/Altenheim\/kuchenfest\/kuchenfest_im_altenheim.htm\">Kuchenfest im Altenheim<\/a><\/div>\n<\/li>\n<li>\n<div align=\"justify\"><a href=\"http:\/\/www.gesamtschule-eiserfeld.de\/Konzepte\/GH\/SZ\/Tatkraeftige%20Unterstuetzung.pdf\">Handyschulung f\u00fcr Senioren<br \/>\n(SZ &#8211; pdf)<\/a><\/div>\n<\/li>\n<li>\n<div align=\"justify\"><a href=\"http:\/\/www.gesamtschule-eiserfeld.de\/Konzepte\/GH\/Grubenweg\/BaenkrHeimatverein.htm\">Zusammenarbeit Heimatverein<br \/>\n(Siegerlandkurier)<\/a><\/div>\n<\/li>\n<li>\n<div align=\"justify\"><a href=\"http:\/\/www.gesamtschule-eiserfeld.de\/Konzepte\/GH\/Grubenweg\/10\/SZ.html\">Eiserfelder Grubenweg (SZ)<\/a><\/div>\n<\/li>\n<li>\n<div align=\"justify\"><a href=\"http:\/\/www.gesamtschule-eiserfeld.de\/Konzepte\/GH\/Grubenweg\/10\/GrubenwerWR.pdf\">Eiserfelder Grubenweg (WR &#8211; pdf)<\/a><\/div>\n<\/li>\n<li>\n<div align=\"justify\"><a href=\"http:\/\/www.gesamtschule-eiserfeld.de\/Konzepte\/GH\/12\/Grundschulen.pdf\">Arbeit in Grundschulen (pdf)<\/a><\/div>\n<\/li>\n<li>\n<div align=\"justify\"><a href=\"http:\/\/gesamtschule-eiserfeld.de\/Konzepte\/GH\/13\/EinUnterrichtsfachfeiertGeburtstag.pdf\">Ein Unterrichtsfach feiert Geburtstag<\/a><!--EndFragment--><\/div>\n<\/li>\n<\/ul>\n","protected":false},"excerpt":{"rendered":"<p>St\u00e4rkung der 4. S\u00e4ule des Schulprogramms \u2018Pers\u00f6nlichkeitsbildung\u2019 Konzipiert wurde das neue Fach ausgehend von der Frage \u2018Was lernt man besser in der Schule und was lernt man besser im Leben?\u2019 Im Alter zwischen 13 und 15 Jahren beginnt die Losl\u00f6sung von vertrauten Kindheitsmustern: Beziehungsformen \u00e4ndern sich, die Aufsicht der Erwachsenen reduziert sich, die Suche nach &hellip; <a href=\"https:\/\/www.gesamtschule-eiserfeld.de\/?page_id=3519\" class=\"more-link\"><span class=\"screen-reader-text\">Gemeinn&uuml;tzig Handeln<\/span> weiterlesen <span class=\"meta-nav\">&rarr;<\/span><\/a><\/p>\n","protected":false},"author":9,"featured_media":19628,"parent":74,"menu_order":4,"comment_status":"closed","ping_status":"open","template":"","meta":{"footnotes":""},"class_list":["post-3519","page","type-page","status-publish","has-post-thumbnail","hentry"],"yoast_head":"<!-- This site is optimized with the Yoast SEO plugin v27.5 - https:\/\/yoast.com\/product\/yoast-seo-wordpress\/ -->\n<title>Gemeinn&uuml;tzig Handeln - Gesamtschule Eiserfeld<\/title>\n<meta name=\"robots\" content=\"index, follow, max-snippet:-1, max-image-preview:large, max-video-preview:-1\" \/>\n<link rel=\"canonical\" href=\"https:\/\/www.gesamtschule-eiserfeld.de\/?page_id=3519\" \/>\n<meta property=\"og:locale\" content=\"de_DE\" \/>\n<meta property=\"og:type\" content=\"article\" \/>\n<meta property=\"og:title\" content=\"Gemeinn&uuml;tzig Handeln - Gesamtschule Eiserfeld\" \/>\n<meta property=\"og:description\" content=\"St\u00e4rkung der 4. S\u00e4ule des Schulprogramms \u2018Pers\u00f6nlichkeitsbildung\u2019 Konzipiert wurde das neue Fach ausgehend von der Frage \u2018Was lernt man besser in der Schule und was lernt man besser im Leben?\u2019 Im Alter zwischen 13 und 15 Jahren beginnt die Losl\u00f6sung von vertrauten Kindheitsmustern: Beziehungsformen \u00e4ndern sich, die Aufsicht der Erwachsenen reduziert sich, die Suche nach &hellip; Gemeinn&uuml;tzig Handeln weiterlesen &rarr;\" \/>\n<meta property=\"og:url\" content=\"https:\/\/www.gesamtschule-eiserfeld.de\/?page_id=3519\" \/>\n<meta property=\"og:site_name\" content=\"Gesamtschule Eiserfeld\" \/>\n<meta property=\"article:publisher\" content=\"https:\/\/www.facebook.com\/GEEiserfeld\" \/>\n<meta property=\"article:modified_time\" content=\"2024-12-16T09:57:37+00:00\" \/>\n<meta property=\"og:image\" content=\"https:\/\/www.gesamtschule-eiserfeld.de\/wp-content\/uploads\/2024\/12\/headergemhandeln-1.jpg\" \/>\n\t<meta property=\"og:image:width\" content=\"582\" \/>\n\t<meta property=\"og:image:height\" content=\"372\" \/>\n\t<meta property=\"og:image:type\" content=\"image\/jpeg\" \/>\n<meta name=\"twitter:card\" content=\"summary_large_image\" \/>\n<meta name=\"twitter:label1\" content=\"Gesch\u00e4tzte Lesezeit\" \/>\n\t<meta name=\"twitter:data1\" content=\"2\u00a0Minuten\" \/>\n<script type=\"application\/ld+json\" class=\"yoast-schema-graph\">{\"@context\":\"https:\\\/\\\/schema.org\",\"@graph\":[{\"@type\":\"WebPage\",\"@id\":\"https:\\\/\\\/www.gesamtschule-eiserfeld.de\\\/?page_id=3519\",\"url\":\"https:\\\/\\\/www.gesamtschule-eiserfeld.de\\\/?page_id=3519\",\"name\":\"Gemeinn&uuml;tzig Handeln - Gesamtschule Eiserfeld\",\"isPartOf\":{\"@id\":\"https:\\\/\\\/www.gesamtschule-eiserfeld.de\\\/#website\"},\"primaryImageOfPage\":{\"@id\":\"https:\\\/\\\/www.gesamtschule-eiserfeld.de\\\/?page_id=3519#primaryimage\"},\"image\":{\"@id\":\"https:\\\/\\\/www.gesamtschule-eiserfeld.de\\\/?page_id=3519#primaryimage\"},\"thumbnailUrl\":\"https:\\\/\\\/i0.wp.com\\\/www.gesamtschule-eiserfeld.de\\\/wp-content\\\/uploads\\\/2024\\\/12\\\/headergemhandeln-1.jpg?fit=582%2C372&ssl=1\",\"datePublished\":\"2014-02-19T08:16:49+00:00\",\"dateModified\":\"2024-12-16T09:57:37+00:00\",\"breadcrumb\":{\"@id\":\"https:\\\/\\\/www.gesamtschule-eiserfeld.de\\\/?page_id=3519#breadcrumb\"},\"inLanguage\":\"de\",\"potentialAction\":[{\"@type\":\"ReadAction\",\"target\":[\"https:\\\/\\\/www.gesamtschule-eiserfeld.de\\\/?page_id=3519\"]}]},{\"@type\":\"ImageObject\",\"inLanguage\":\"de\",\"@id\":\"https:\\\/\\\/www.gesamtschule-eiserfeld.de\\\/?page_id=3519#primaryimage\",\"url\":\"https:\\\/\\\/i0.wp.com\\\/www.gesamtschule-eiserfeld.de\\\/wp-content\\\/uploads\\\/2024\\\/12\\\/headergemhandeln-1.jpg?fit=582%2C372&ssl=1\",\"contentUrl\":\"https:\\\/\\\/i0.wp.com\\\/www.gesamtschule-eiserfeld.de\\\/wp-content\\\/uploads\\\/2024\\\/12\\\/headergemhandeln-1.jpg?fit=582%2C372&ssl=1\",\"width\":582,\"height\":372},{\"@type\":\"BreadcrumbList\",\"@id\":\"https:\\\/\\\/www.gesamtschule-eiserfeld.de\\\/?page_id=3519#breadcrumb\",\"itemListElement\":[{\"@type\":\"ListItem\",\"position\":1,\"name\":\"Startseite\",\"item\":\"https:\\\/\\\/www.gesamtschule-eiserfeld.de\\\/\"},{\"@type\":\"ListItem\",\"position\":2,\"name\":\"Unterricht\",\"item\":\"https:\\\/\\\/www.gesamtschule-eiserfeld.de\\\/?page_id=74\"},{\"@type\":\"ListItem\",\"position\":3,\"name\":\"Gemeinn&uuml;tzig Handeln\"}]},{\"@type\":\"WebSite\",\"@id\":\"https:\\\/\\\/www.gesamtschule-eiserfeld.de\\\/#website\",\"url\":\"https:\\\/\\\/www.gesamtschule-eiserfeld.de\\\/\",\"name\":\"Gesamtschule Eiserfeld\",\"description\":\"\",\"publisher\":{\"@id\":\"https:\\\/\\\/www.gesamtschule-eiserfeld.de\\\/#organization\"},\"potentialAction\":[{\"@type\":\"SearchAction\",\"target\":{\"@type\":\"EntryPoint\",\"urlTemplate\":\"https:\\\/\\\/www.gesamtschule-eiserfeld.de\\\/?s={search_term_string}\"},\"query-input\":{\"@type\":\"PropertyValueSpecification\",\"valueRequired\":true,\"valueName\":\"search_term_string\"}}],\"inLanguage\":\"de\"},{\"@type\":\"Organization\",\"@id\":\"https:\\\/\\\/www.gesamtschule-eiserfeld.de\\\/#organization\",\"name\":\"Gesamtschule Eiserfeld\",\"url\":\"https:\\\/\\\/www.gesamtschule-eiserfeld.de\\\/\",\"logo\":{\"@type\":\"ImageObject\",\"inLanguage\":\"de\",\"@id\":\"https:\\\/\\\/www.gesamtschule-eiserfeld.de\\\/#\\\/schema\\\/logo\\\/image\\\/\",\"url\":\"https:\\\/\\\/i1.wp.com\\\/www.gesamtschule-eiserfeld.de\\\/wp-content\\\/uploads\\\/2019\\\/01\\\/GEE-Logo-neu.jpg?fit=436%2C126&ssl=1\",\"contentUrl\":\"https:\\\/\\\/i1.wp.com\\\/www.gesamtschule-eiserfeld.de\\\/wp-content\\\/uploads\\\/2019\\\/01\\\/GEE-Logo-neu.jpg?fit=436%2C126&ssl=1\",\"width\":436,\"height\":126,\"caption\":\"Gesamtschule Eiserfeld\"},\"image\":{\"@id\":\"https:\\\/\\\/www.gesamtschule-eiserfeld.de\\\/#\\\/schema\\\/logo\\\/image\\\/\"},\"sameAs\":[\"https:\\\/\\\/www.facebook.com\\\/GEEiserfeld\"]}]}<\/script>\n<!-- \/ Yoast SEO plugin. -->","yoast_head_json":{"title":"Gemeinn&uuml;tzig Handeln - Gesamtschule Eiserfeld","robots":{"index":"index","follow":"follow","max-snippet":"max-snippet:-1","max-image-preview":"max-image-preview:large","max-video-preview":"max-video-preview:-1"},"canonical":"https:\/\/www.gesamtschule-eiserfeld.de\/?page_id=3519","og_locale":"de_DE","og_type":"article","og_title":"Gemeinn&uuml;tzig Handeln - Gesamtschule Eiserfeld","og_description":"St\u00e4rkung der 4. S\u00e4ule des Schulprogramms \u2018Pers\u00f6nlichkeitsbildung\u2019 Konzipiert wurde das neue Fach ausgehend von der Frage \u2018Was lernt man besser in der Schule und was lernt man besser im Leben?\u2019 Im Alter zwischen 13 und 15 Jahren beginnt die Losl\u00f6sung von vertrauten Kindheitsmustern: Beziehungsformen \u00e4ndern sich, die Aufsicht der Erwachsenen reduziert sich, die Suche nach &hellip; Gemeinn&uuml;tzig Handeln weiterlesen &rarr;","og_url":"https:\/\/www.gesamtschule-eiserfeld.de\/?page_id=3519","og_site_name":"Gesamtschule Eiserfeld","article_publisher":"https:\/\/www.facebook.com\/GEEiserfeld","article_modified_time":"2024-12-16T09:57:37+00:00","og_image":[{"width":582,"height":372,"url":"https:\/\/www.gesamtschule-eiserfeld.de\/wp-content\/uploads\/2024\/12\/headergemhandeln-1.jpg","type":"image\/jpeg"}],"twitter_card":"summary_large_image","twitter_misc":{"Gesch\u00e4tzte Lesezeit":"2\u00a0Minuten"},"schema":{"@context":"https:\/\/schema.org","@graph":[{"@type":"WebPage","@id":"https:\/\/www.gesamtschule-eiserfeld.de\/?page_id=3519","url":"https:\/\/www.gesamtschule-eiserfeld.de\/?page_id=3519","name":"Gemeinn&uuml;tzig Handeln - Gesamtschule Eiserfeld","isPartOf":{"@id":"https:\/\/www.gesamtschule-eiserfeld.de\/#website"},"primaryImageOfPage":{"@id":"https:\/\/www.gesamtschule-eiserfeld.de\/?page_id=3519#primaryimage"},"image":{"@id":"https:\/\/www.gesamtschule-eiserfeld.de\/?page_id=3519#primaryimage"},"thumbnailUrl":"https:\/\/i0.wp.com\/www.gesamtschule-eiserfeld.de\/wp-content\/uploads\/2024\/12\/headergemhandeln-1.jpg?fit=582%2C372&ssl=1","datePublished":"2014-02-19T08:16:49+00:00","dateModified":"2024-12-16T09:57:37+00:00","breadcrumb":{"@id":"https:\/\/www.gesamtschule-eiserfeld.de\/?page_id=3519#breadcrumb"},"inLanguage":"de","potentialAction":[{"@type":"ReadAction","target":["https:\/\/www.gesamtschule-eiserfeld.de\/?page_id=3519"]}]},{"@type":"ImageObject","inLanguage":"de","@id":"https:\/\/www.gesamtschule-eiserfeld.de\/?page_id=3519#primaryimage","url":"https:\/\/i0.wp.com\/www.gesamtschule-eiserfeld.de\/wp-content\/uploads\/2024\/12\/headergemhandeln-1.jpg?fit=582%2C372&ssl=1","contentUrl":"https:\/\/i0.wp.com\/www.gesamtschule-eiserfeld.de\/wp-content\/uploads\/2024\/12\/headergemhandeln-1.jpg?fit=582%2C372&ssl=1","width":582,"height":372},{"@type":"BreadcrumbList","@id":"https:\/\/www.gesamtschule-eiserfeld.de\/?page_id=3519#breadcrumb","itemListElement":[{"@type":"ListItem","position":1,"name":"Startseite","item":"https:\/\/www.gesamtschule-eiserfeld.de\/"},{"@type":"ListItem","position":2,"name":"Unterricht","item":"https:\/\/www.gesamtschule-eiserfeld.de\/?page_id=74"},{"@type":"ListItem","position":3,"name":"Gemeinn&uuml;tzig Handeln"}]},{"@type":"WebSite","@id":"https:\/\/www.gesamtschule-eiserfeld.de\/#website","url":"https:\/\/www.gesamtschule-eiserfeld.de\/","name":"Gesamtschule Eiserfeld","description":"","publisher":{"@id":"https:\/\/www.gesamtschule-eiserfeld.de\/#organization"},"potentialAction":[{"@type":"SearchAction","target":{"@type":"EntryPoint","urlTemplate":"https:\/\/www.gesamtschule-eiserfeld.de\/?s={search_term_string}"},"query-input":{"@type":"PropertyValueSpecification","valueRequired":true,"valueName":"search_term_string"}}],"inLanguage":"de"},{"@type":"Organization","@id":"https:\/\/www.gesamtschule-eiserfeld.de\/#organization","name":"Gesamtschule Eiserfeld","url":"https:\/\/www.gesamtschule-eiserfeld.de\/","logo":{"@type":"ImageObject","inLanguage":"de","@id":"https:\/\/www.gesamtschule-eiserfeld.de\/#\/schema\/logo\/image\/","url":"https:\/\/i1.wp.com\/www.gesamtschule-eiserfeld.de\/wp-content\/uploads\/2019\/01\/GEE-Logo-neu.jpg?fit=436%2C126&ssl=1","contentUrl":"https:\/\/i1.wp.com\/www.gesamtschule-eiserfeld.de\/wp-content\/uploads\/2019\/01\/GEE-Logo-neu.jpg?fit=436%2C126&ssl=1","width":436,"height":126,"caption":"Gesamtschule Eiserfeld"},"image":{"@id":"https:\/\/www.gesamtschule-eiserfeld.de\/#\/schema\/logo\/image\/"},"sameAs":["https:\/\/www.facebook.com\/GEEiserfeld"]}]}},"jetpack_shortlink":"https:\/\/wp.me\/P2weeL-UL","jetpack_sharing_enabled":false,"_links":{"self":[{"href":"https:\/\/www.gesamtschule-eiserfeld.de\/index.php?rest_route=\/wp\/v2\/pages\/3519","targetHints":{"allow":["GET"]}}],"collection":[{"href":"https:\/\/www.gesamtschule-eiserfeld.de\/index.php?rest_route=\/wp\/v2\/pages"}],"about":[{"href":"https:\/\/www.gesamtschule-eiserfeld.de\/index.php?rest_route=\/wp\/v2\/types\/page"}],"author":[{"embeddable":true,"href":"https:\/\/www.gesamtschule-eiserfeld.de\/index.php?rest_route=\/wp\/v2\/users\/9"}],"replies":[{"embeddable":true,"href":"https:\/\/www.gesamtschule-eiserfeld.de\/index.php?rest_route=%2Fwp%2Fv2%2Fcomments&post=3519"}],"version-history":[{"count":1,"href":"https:\/\/www.gesamtschule-eiserfeld.de\/index.php?rest_route=\/wp\/v2\/pages\/3519\/revisions"}],"predecessor-version":[{"id":19519,"href":"https:\/\/www.gesamtschule-eiserfeld.de\/index.php?rest_route=\/wp\/v2\/pages\/3519\/revisions\/19519"}],"up":[{"embeddable":true,"href":"https:\/\/www.gesamtschule-eiserfeld.de\/index.php?rest_route=\/wp\/v2\/pages\/74"}],"wp:featuredmedia":[{"embeddable":true,"href":"https:\/\/www.gesamtschule-eiserfeld.de\/index.php?rest_route=\/wp\/v2\/media\/19628"}],"wp:attachment":[{"href":"https:\/\/www.gesamtschule-eiserfeld.de\/index.php?rest_route=%2Fwp%2Fv2%2Fmedia&parent=3519"}],"curies":[{"name":"wp","href":"https:\/\/api.w.org\/{rel}","templated":true}]}}