{"id":3538,"date":"2014-03-07T11:03:34","date_gmt":"2014-03-07T10:03:34","guid":{"rendered":"http:\/\/ge-eiserfeld.de\/?page_id=3538"},"modified":"2025-08-26T07:24:18","modified_gmt":"2025-08-26T06:24:18","slug":"wir-stellen-uns-vor","status":"publish","type":"page","link":"https:\/\/www.gesamtschule-eiserfeld.de\/?page_id=3538","title":{"rendered":"Wir stellen uns vor"},"content":{"rendered":"<div class=\"wp-block-image\">\n<figure class=\"aligncenter size-full\"><img data-recalc-dims=\"1\" loading=\"lazy\" decoding=\"async\" width=\"474\" height=\"386\" data-attachment-id=\"17888\" data-permalink=\"https:\/\/www.gesamtschule-eiserfeld.de\/?attachment_id=17888\" data-orig-file=\"https:\/\/i0.wp.com\/www.gesamtschule-eiserfeld.de\/wp-content\/uploads\/2023\/08\/S-BUeRO-e1692643482121.jpg?fit=861%2C701&amp;ssl=1\" data-orig-size=\"861,701\" data-comments-opened=\"0\" data-image-meta=\"{&quot;aperture&quot;:&quot;2.2&quot;,&quot;credit&quot;:&quot;&quot;,&quot;camera&quot;:&quot;ILCE-7M3&quot;,&quot;caption&quot;:&quot;&quot;,&quot;created_timestamp&quot;:&quot;1691130883&quot;,&quot;copyright&quot;:&quot;&quot;,&quot;focal_length&quot;:&quot;35&quot;,&quot;iso&quot;:&quot;250&quot;,&quot;shutter_speed&quot;:&quot;0.025&quot;,&quot;title&quot;:&quot;&quot;,&quot;orientation&quot;:&quot;1&quot;}\" data-image-title=\"S B\u00dcRO\" data-image-description=\"\" data-image-caption=\"\" data-medium-file=\"https:\/\/i0.wp.com\/www.gesamtschule-eiserfeld.de\/wp-content\/uploads\/2023\/08\/S-BUeRO-e1692643482121.jpg?fit=300%2C244&amp;ssl=1\" data-large-file=\"https:\/\/i0.wp.com\/www.gesamtschule-eiserfeld.de\/wp-content\/uploads\/2023\/08\/S-BUeRO-e1692643482121.jpg?fit=474%2C386&amp;ssl=1\" src=\"https:\/\/i0.wp.com\/www.gesamtschule-eiserfeld.de\/wp-content\/uploads\/2023\/08\/S-BUeRO-e1692643482121.jpg?resize=474%2C386&#038;ssl=1\" alt=\"\" class=\"wp-image-17888\" srcset=\"https:\/\/i0.wp.com\/www.gesamtschule-eiserfeld.de\/wp-content\/uploads\/2023\/08\/S-BUeRO-e1692643482121.jpg?w=861&amp;ssl=1 861w, https:\/\/i0.wp.com\/www.gesamtschule-eiserfeld.de\/wp-content\/uploads\/2023\/08\/S-BUeRO-e1692643482121.jpg?resize=300%2C244&amp;ssl=1 300w, https:\/\/i0.wp.com\/www.gesamtschule-eiserfeld.de\/wp-content\/uploads\/2023\/08\/S-BUeRO-e1692643482121.jpg?resize=184%2C150&amp;ssl=1 184w, https:\/\/i0.wp.com\/www.gesamtschule-eiserfeld.de\/wp-content\/uploads\/2023\/08\/S-BUeRO-e1692643482121.jpg?resize=768%2C625&amp;ssl=1 768w\" sizes=\"auto, (max-width: 474px) 100vw, 474px\" \/><\/figure>\n<\/div>\n\n\n<p>Im SII-B\u00fcro stehen 7 Personen als Ansprechpartner zur Verf\u00fcgung \u2013 zum Team geh\u00f6ren, neben unserem Oberstufenleiter Wolfgang Wagner, die Beratungslehrerinnen Annette Hohmann, Steffi Thome, Ute Sch\u00e4fer sowie die Beratungslehrer Daniel Funken,&nbsp; Stephan H\u00fctter und Andreas Winkel.<\/p>\n\n\n\n<p>Die Oberstufenleitung hat im Wesentlichen die Aufgabe, das Kursangebot der Oberstufe, die Durchf\u00fchrung der Leistungskontrollen sowie die Abiturpr\u00fcfung&nbsp; zu koordinieren und zu \u00fcberwachen. Selbstverst\u00e4ndlich ist sie auch jederzeit Ansprechpartner f\u00fcr die Sch\u00fclerinnen und Sch\u00fcler der Oberstufe sowie des 10. Jahrgangs, die einen \u00dcbergang in die Oberstufe beabsichtigen.<\/p>\n\n\n\n<p>Vorrangige Aufgabe der Beratungslehrerin bzw. des Beratungslehrers des jeweiligen Jahrgangs ist die Betreuung der Sch\u00fclerinnen und Sch\u00fcler in allen Fragen der Schullaufbahn sowie allen Problemen in und um die Schule.<\/p>\n\n\n\n<p><strong>Kontakt<\/strong><\/p>\n\n\n\n<div class=\"wp-block-columns is-layout-flex wp-container-core-columns-is-layout-9d6595d7 wp-block-columns-is-layout-flex\">\n<div class=\"wp-block-column is-layout-flow wp-block-column-is-layout-flow\" style=\"flex-basis:100%\"><\/div>\n<\/div>\n\n\n\n<div class=\"wp-block-media-text is-stacked-on-mobile\" style=\"grid-template-columns:21% auto\"><figure class=\"wp-block-media-text__media\"><img data-recalc-dims=\"1\" loading=\"lazy\" decoding=\"async\" width=\"474\" height=\"711\" data-attachment-id=\"17915\" data-permalink=\"https:\/\/www.gesamtschule-eiserfeld.de\/?attachment_id=17915\" data-orig-file=\"https:\/\/i0.wp.com\/www.gesamtschule-eiserfeld.de\/wp-content\/uploads\/2023\/08\/WAGN-e1697626058341.jpg?fit=382%2C580&amp;ssl=1\" data-orig-size=\"382,580\" data-comments-opened=\"0\" data-image-meta=\"{&quot;aperture&quot;:&quot;2.2&quot;,&quot;credit&quot;:&quot;&quot;,&quot;camera&quot;:&quot;ILCE-7M3&quot;,&quot;caption&quot;:&quot;&quot;,&quot;created_timestamp&quot;:&quot;1691129900&quot;,&quot;copyright&quot;:&quot;&quot;,&quot;focal_length&quot;:&quot;85&quot;,&quot;iso&quot;:&quot;500&quot;,&quot;shutter_speed&quot;:&quot;0.01&quot;,&quot;title&quot;:&quot;&quot;,&quot;orientation&quot;:&quot;1&quot;}\" data-image-title=\"WAGN\" data-image-description=\"\" data-image-caption=\"\" data-medium-file=\"https:\/\/i0.wp.com\/www.gesamtschule-eiserfeld.de\/wp-content\/uploads\/2023\/08\/WAGN-e1697626058341.jpg?fit=198%2C300&amp;ssl=1\" data-large-file=\"https:\/\/i0.wp.com\/www.gesamtschule-eiserfeld.de\/wp-content\/uploads\/2023\/08\/WAGN-e1697626058341.jpg?fit=474%2C711&amp;ssl=1\" src=\"https:\/\/i0.wp.com\/www.gesamtschule-eiserfeld.de\/wp-content\/uploads\/2023\/08\/WAGN.jpg?resize=474%2C711&#038;ssl=1\" alt=\"\" class=\"wp-image-17915 size-full\"\/><\/figure><div class=\"wp-block-media-text__content\">\n<p><strong>Wolfgang Wagner<\/strong><br>Abteilungsleiter Oberstufe<br><a href=\"mailto:wagn@gesamtschule-eiserfeld.de\">wagn@gesamtschule-eiserfeld.de<\/a><\/p>\n<\/div><\/div>\n\n\n\n<p><\/p>\n\n\n\n<div class=\"wp-block-media-text is-stacked-on-mobile\"><figure class=\"wp-block-media-text__media\"><img data-recalc-dims=\"1\" loading=\"lazy\" decoding=\"async\" width=\"474\" height=\"528\" data-attachment-id=\"17893\" data-permalink=\"https:\/\/www.gesamtschule-eiserfeld.de\/?attachment_id=17893\" data-orig-file=\"https:\/\/i0.wp.com\/www.gesamtschule-eiserfeld.de\/wp-content\/uploads\/2023\/08\/SCHAe_WINK-e1692643204813.jpg?fit=612%2C682&amp;ssl=1\" data-orig-size=\"612,682\" data-comments-opened=\"0\" data-image-meta=\"{&quot;aperture&quot;:&quot;2.2&quot;,&quot;credit&quot;:&quot;&quot;,&quot;camera&quot;:&quot;ILCE-7M3&quot;,&quot;caption&quot;:&quot;&quot;,&quot;created_timestamp&quot;:&quot;1691131339&quot;,&quot;copyright&quot;:&quot;&quot;,&quot;focal_length&quot;:&quot;85&quot;,&quot;iso&quot;:&quot;320&quot;,&quot;shutter_speed&quot;:&quot;0.01&quot;,&quot;title&quot;:&quot;&quot;,&quot;orientation&quot;:&quot;1&quot;}\" data-image-title=\"SCH\u00c4_WINK\" data-image-description=\"\" data-image-caption=\"\" data-medium-file=\"https:\/\/i0.wp.com\/www.gesamtschule-eiserfeld.de\/wp-content\/uploads\/2023\/08\/SCHAe_WINK-e1692643204813.jpg?fit=269%2C300&amp;ssl=1\" data-large-file=\"https:\/\/i0.wp.com\/www.gesamtschule-eiserfeld.de\/wp-content\/uploads\/2023\/08\/SCHAe_WINK-e1692643204813.jpg?fit=474%2C528&amp;ssl=1\" src=\"https:\/\/i0.wp.com\/www.gesamtschule-eiserfeld.de\/wp-content\/uploads\/2023\/08\/SCHAe_WINK-e1692643204813.jpg?resize=474%2C528&#038;ssl=1\" alt=\"\" class=\"wp-image-17893 size-full\" srcset=\"https:\/\/i0.wp.com\/www.gesamtschule-eiserfeld.de\/wp-content\/uploads\/2023\/08\/SCHAe_WINK-e1692643204813.jpg?w=612&amp;ssl=1 612w, https:\/\/i0.wp.com\/www.gesamtschule-eiserfeld.de\/wp-content\/uploads\/2023\/08\/SCHAe_WINK-e1692643204813.jpg?resize=269%2C300&amp;ssl=1 269w, https:\/\/i0.wp.com\/www.gesamtschule-eiserfeld.de\/wp-content\/uploads\/2023\/08\/SCHAe_WINK-e1692643204813.jpg?resize=135%2C150&amp;ssl=1 135w\" sizes=\"auto, (max-width: 474px) 100vw, 474px\" \/><\/figure><div class=\"wp-block-media-text__content\">\n<p><strong>Ute Sch\u00e4fer<\/strong><br>Beratungslehrerin\u00a0 AK 27<br><a href=\"mailto:schae@gesamtschule-eiserfeld.de\">schae@gesamtschule-eiserfeld.de<\/a><\/p>\n\n\n\n<p><strong>Andreas Winkel<\/strong><br>Beratungslehrer AK 27<br><a href=\"mailto:wink@gesamtschule-eiserfeld.de\">wink@gesamtschule-eiserfeld.de<\/a><\/p>\n<\/div><\/div>\n\n\n\n<p><\/p>\n\n\n\n<div class=\"wp-block-media-text is-stacked-on-mobile\"><figure class=\"wp-block-media-text__media\"><img data-recalc-dims=\"1\" loading=\"lazy\" decoding=\"async\" width=\"474\" height=\"418\" data-attachment-id=\"17849\" data-permalink=\"https:\/\/www.gesamtschule-eiserfeld.de\/?attachment_id=17849\" data-orig-file=\"https:\/\/i0.wp.com\/www.gesamtschule-eiserfeld.de\/wp-content\/uploads\/2023\/08\/HOHM_FUNK-e1692643265273.jpg?fit=774%2C682&amp;ssl=1\" data-orig-size=\"774,682\" data-comments-opened=\"0\" data-image-meta=\"{&quot;aperture&quot;:&quot;2.2&quot;,&quot;credit&quot;:&quot;&quot;,&quot;camera&quot;:&quot;ILCE-7M3&quot;,&quot;caption&quot;:&quot;&quot;,&quot;created_timestamp&quot;:&quot;1691131377&quot;,&quot;copyright&quot;:&quot;&quot;,&quot;focal_length&quot;:&quot;85&quot;,&quot;iso&quot;:&quot;400&quot;,&quot;shutter_speed&quot;:&quot;0.01&quot;,&quot;title&quot;:&quot;&quot;,&quot;orientation&quot;:&quot;1&quot;}\" data-image-title=\"HOHM_FUNK\" data-image-description=\"\" data-image-caption=\"\" data-medium-file=\"https:\/\/i0.wp.com\/www.gesamtschule-eiserfeld.de\/wp-content\/uploads\/2023\/08\/HOHM_FUNK-e1692643265273.jpg?fit=300%2C264&amp;ssl=1\" data-large-file=\"https:\/\/i0.wp.com\/www.gesamtschule-eiserfeld.de\/wp-content\/uploads\/2023\/08\/HOHM_FUNK-e1692643265273.jpg?fit=474%2C418&amp;ssl=1\" src=\"https:\/\/i0.wp.com\/www.gesamtschule-eiserfeld.de\/wp-content\/uploads\/2023\/08\/HOHM_FUNK-e1692643265273.jpg?resize=474%2C418&#038;ssl=1\" alt=\"\" class=\"wp-image-17849 size-full\" srcset=\"https:\/\/i0.wp.com\/www.gesamtschule-eiserfeld.de\/wp-content\/uploads\/2023\/08\/HOHM_FUNK-e1692643265273.jpg?w=774&amp;ssl=1 774w, https:\/\/i0.wp.com\/www.gesamtschule-eiserfeld.de\/wp-content\/uploads\/2023\/08\/HOHM_FUNK-e1692643265273.jpg?resize=300%2C264&amp;ssl=1 300w, https:\/\/i0.wp.com\/www.gesamtschule-eiserfeld.de\/wp-content\/uploads\/2023\/08\/HOHM_FUNK-e1692643265273.jpg?resize=170%2C150&amp;ssl=1 170w, https:\/\/i0.wp.com\/www.gesamtschule-eiserfeld.de\/wp-content\/uploads\/2023\/08\/HOHM_FUNK-e1692643265273.jpg?resize=768%2C677&amp;ssl=1 768w\" sizes=\"auto, (max-width: 474px) 100vw, 474px\" \/><\/figure><div class=\"wp-block-media-text__content\">\n<p><strong>Annette Hohmann<\/strong><br>Beratungslehrerin AK 28<br><a href=\"mailto:wagn@gesamtschule-eiserfeld.de\">hohm@gesamtschule-eiserfeld.de<\/a><\/p>\n\n\n\n<p><strong>Daniel Funken<\/strong><br>Beratungslehrer AK 28<br><a href=\"mailto:wagn@gesamtschule-eiserfeld.de\">funk@gesamtschule-eiserfeld.de<\/a><\/p>\n<\/div><\/div>\n\n\n\n<p><\/p>\n\n\n\n<div class=\"wp-block-media-text is-stacked-on-mobile\"><figure class=\"wp-block-media-text__media\"><img data-recalc-dims=\"1\" loading=\"lazy\" decoding=\"async\" width=\"474\" height=\"467\" data-attachment-id=\"17852\" data-permalink=\"https:\/\/www.gesamtschule-eiserfeld.de\/?attachment_id=17852\" data-orig-file=\"https:\/\/i0.wp.com\/www.gesamtschule-eiserfeld.de\/wp-content\/uploads\/2023\/08\/HUeTT_THOM-2-e1692643332835.jpg?fit=692%2C682&amp;ssl=1\" data-orig-size=\"692,682\" data-comments-opened=\"0\" data-image-meta=\"{&quot;aperture&quot;:&quot;2.2&quot;,&quot;credit&quot;:&quot;&quot;,&quot;camera&quot;:&quot;ILCE-7M3&quot;,&quot;caption&quot;:&quot;&quot;,&quot;created_timestamp&quot;:&quot;1691131420&quot;,&quot;copyright&quot;:&quot;&quot;,&quot;focal_length&quot;:&quot;85&quot;,&quot;iso&quot;:&quot;250&quot;,&quot;shutter_speed&quot;:&quot;0.01&quot;,&quot;title&quot;:&quot;&quot;,&quot;orientation&quot;:&quot;1&quot;}\" data-image-title=\"H\u00dcTT_THOM (2)\" data-image-description=\"\" data-image-caption=\"\" data-medium-file=\"https:\/\/i0.wp.com\/www.gesamtschule-eiserfeld.de\/wp-content\/uploads\/2023\/08\/HUeTT_THOM-2-e1692643332835.jpg?fit=300%2C296&amp;ssl=1\" data-large-file=\"https:\/\/i0.wp.com\/www.gesamtschule-eiserfeld.de\/wp-content\/uploads\/2023\/08\/HUeTT_THOM-2-e1692643332835.jpg?fit=474%2C467&amp;ssl=1\" src=\"https:\/\/i0.wp.com\/www.gesamtschule-eiserfeld.de\/wp-content\/uploads\/2023\/08\/HUeTT_THOM-2-e1692643332835.jpg?resize=474%2C467&#038;ssl=1\" alt=\"\" class=\"wp-image-17852 size-full\" srcset=\"https:\/\/i0.wp.com\/www.gesamtschule-eiserfeld.de\/wp-content\/uploads\/2023\/08\/HUeTT_THOM-2-e1692643332835.jpg?w=692&amp;ssl=1 692w, https:\/\/i0.wp.com\/www.gesamtschule-eiserfeld.de\/wp-content\/uploads\/2023\/08\/HUeTT_THOM-2-e1692643332835.jpg?resize=300%2C296&amp;ssl=1 300w, https:\/\/i0.wp.com\/www.gesamtschule-eiserfeld.de\/wp-content\/uploads\/2023\/08\/HUeTT_THOM-2-e1692643332835.jpg?resize=152%2C150&amp;ssl=1 152w\" sizes=\"auto, (max-width: 474px) 100vw, 474px\" \/><\/figure><div class=\"wp-block-media-text__content\">\n<p><strong>Stefanie Thome<\/strong><br>Beratungslehrerin&nbsp; AK 26<br><a href=\"mailto:thom@gesamtschule-eiserfeld.de\">thom@gesamtschule-eiserfeld.de<\/a><\/p>\n\n\n\n<p><strong>Stephan H\u00fctter<\/strong><br>Beratungslehrer AK 26<br><a href=\"mailto:huett@gesamtschule-eiserfeld.de\">huett@gesamtschule-eiserfeld.de<\/a><\/p>\n<\/div><\/div>\n","protected":false},"excerpt":{"rendered":"<p>Im SII-B\u00fcro stehen 7 Personen als Ansprechpartner zur Verf\u00fcgung \u2013 zum Team geh\u00f6ren, neben unserem Oberstufenleiter Wolfgang Wagner, die Beratungslehrerinnen Annette Hohmann, Steffi Thome, Ute Sch\u00e4fer sowie die Beratungslehrer Daniel Funken,&nbsp; Stephan H\u00fctter und Andreas Winkel. Die Oberstufenleitung hat im Wesentlichen die Aufgabe, das Kursangebot der Oberstufe, die Durchf\u00fchrung der Leistungskontrollen sowie die Abiturpr\u00fcfung&nbsp; zu &hellip; <a href=\"https:\/\/www.gesamtschule-eiserfeld.de\/?page_id=3538\" class=\"more-link\"><span class=\"screen-reader-text\">Wir stellen uns vor<\/span> weiterlesen <span class=\"meta-nav\">&rarr;<\/span><\/a><\/p>\n","protected":false},"author":9,"featured_media":0,"parent":794,"menu_order":0,"comment_status":"closed","ping_status":"open","template":"","meta":{"jetpack_post_was_ever_published":false,"footnotes":""},"class_list":["post-3538","page","type-page","status-publish","hentry"],"yoast_head":"<!-- This site is optimized with the Yoast SEO plugin v27.3 - https:\/\/yoast.com\/product\/yoast-seo-wordpress\/ -->\n<title>Wir stellen uns vor - Gesamtschule Eiserfeld<\/title>\n<meta name=\"robots\" content=\"index, follow, max-snippet:-1, max-image-preview:large, max-video-preview:-1\" \/>\n<link rel=\"canonical\" href=\"https:\/\/www.gesamtschule-eiserfeld.de\/?page_id=3538\" \/>\n<meta property=\"og:locale\" content=\"de_DE\" \/>\n<meta property=\"og:type\" content=\"article\" \/>\n<meta property=\"og:title\" content=\"Wir stellen uns vor - Gesamtschule Eiserfeld\" \/>\n<meta property=\"og:description\" content=\"Im SII-B\u00fcro stehen 7 Personen als Ansprechpartner zur Verf\u00fcgung \u2013 zum Team geh\u00f6ren, neben unserem Oberstufenleiter Wolfgang Wagner, die Beratungslehrerinnen Annette Hohmann, Steffi Thome, Ute Sch\u00e4fer sowie die Beratungslehrer Daniel Funken,&nbsp; Stephan H\u00fctter und Andreas Winkel. Die Oberstufenleitung hat im Wesentlichen die Aufgabe, das Kursangebot der Oberstufe, die Durchf\u00fchrung der Leistungskontrollen sowie die Abiturpr\u00fcfung&nbsp; zu &hellip; Wir stellen uns vor weiterlesen &rarr;\" \/>\n<meta property=\"og:url\" content=\"https:\/\/www.gesamtschule-eiserfeld.de\/?page_id=3538\" \/>\n<meta property=\"og:site_name\" content=\"Gesamtschule Eiserfeld\" \/>\n<meta property=\"article:publisher\" content=\"https:\/\/www.facebook.com\/GEEiserfeld\" \/>\n<meta property=\"article:modified_time\" content=\"2025-08-26T06:24:18+00:00\" \/>\n<meta property=\"og:image\" content=\"https:\/\/www.gesamtschule-eiserfeld.de\/wp-content\/uploads\/2023\/08\/S-BUeRO-e1692643482121.jpg\" \/>\n<meta name=\"twitter:card\" content=\"summary_large_image\" \/>\n<meta name=\"twitter:label1\" content=\"Gesch\u00e4tzte Lesezeit\" \/>\n\t<meta name=\"twitter:data1\" content=\"2\u00a0Minuten\" \/>\n<script type=\"application\/ld+json\" class=\"yoast-schema-graph\">{\"@context\":\"https:\\\/\\\/schema.org\",\"@graph\":[{\"@type\":\"WebPage\",\"@id\":\"https:\\\/\\\/www.gesamtschule-eiserfeld.de\\\/?page_id=3538\",\"url\":\"https:\\\/\\\/www.gesamtschule-eiserfeld.de\\\/?page_id=3538\",\"name\":\"Wir stellen uns vor - Gesamtschule Eiserfeld\",\"isPartOf\":{\"@id\":\"https:\\\/\\\/www.gesamtschule-eiserfeld.de\\\/#website\"},\"primaryImageOfPage\":{\"@id\":\"https:\\\/\\\/www.gesamtschule-eiserfeld.de\\\/?page_id=3538#primaryimage\"},\"image\":{\"@id\":\"https:\\\/\\\/www.gesamtschule-eiserfeld.de\\\/?page_id=3538#primaryimage\"},\"thumbnailUrl\":\"https:\\\/\\\/www.gesamtschule-eiserfeld.de\\\/wp-content\\\/uploads\\\/2023\\\/08\\\/S-BUeRO-e1692643482121.jpg\",\"datePublished\":\"2014-03-07T10:03:34+00:00\",\"dateModified\":\"2025-08-26T06:24:18+00:00\",\"breadcrumb\":{\"@id\":\"https:\\\/\\\/www.gesamtschule-eiserfeld.de\\\/?page_id=3538#breadcrumb\"},\"inLanguage\":\"de\",\"potentialAction\":[{\"@type\":\"ReadAction\",\"target\":[\"https:\\\/\\\/www.gesamtschule-eiserfeld.de\\\/?page_id=3538\"]}]},{\"@type\":\"ImageObject\",\"inLanguage\":\"de\",\"@id\":\"https:\\\/\\\/www.gesamtschule-eiserfeld.de\\\/?page_id=3538#primaryimage\",\"url\":\"https:\\\/\\\/i0.wp.com\\\/www.gesamtschule-eiserfeld.de\\\/wp-content\\\/uploads\\\/2023\\\/08\\\/S-BUeRO-e1692643482121.jpg?fit=861%2C701&ssl=1\",\"contentUrl\":\"https:\\\/\\\/i0.wp.com\\\/www.gesamtschule-eiserfeld.de\\\/wp-content\\\/uploads\\\/2023\\\/08\\\/S-BUeRO-e1692643482121.jpg?fit=861%2C701&ssl=1\",\"width\":861,\"height\":701},{\"@type\":\"BreadcrumbList\",\"@id\":\"https:\\\/\\\/www.gesamtschule-eiserfeld.de\\\/?page_id=3538#breadcrumb\",\"itemListElement\":[{\"@type\":\"ListItem\",\"position\":1,\"name\":\"Startseite\",\"item\":\"https:\\\/\\\/www.gesamtschule-eiserfeld.de\\\/\"},{\"@type\":\"ListItem\",\"position\":2,\"name\":\"Sekundarstufe II\",\"item\":\"https:\\\/\\\/www.gesamtschule-eiserfeld.de\\\/?page_id=794\"},{\"@type\":\"ListItem\",\"position\":3,\"name\":\"Wir stellen uns vor\"}]},{\"@type\":\"WebSite\",\"@id\":\"https:\\\/\\\/www.gesamtschule-eiserfeld.de\\\/#website\",\"url\":\"https:\\\/\\\/www.gesamtschule-eiserfeld.de\\\/\",\"name\":\"Gesamtschule Eiserfeld\",\"description\":\"\",\"publisher\":{\"@id\":\"https:\\\/\\\/www.gesamtschule-eiserfeld.de\\\/#organization\"},\"potentialAction\":[{\"@type\":\"SearchAction\",\"target\":{\"@type\":\"EntryPoint\",\"urlTemplate\":\"https:\\\/\\\/www.gesamtschule-eiserfeld.de\\\/?s={search_term_string}\"},\"query-input\":{\"@type\":\"PropertyValueSpecification\",\"valueRequired\":true,\"valueName\":\"search_term_string\"}}],\"inLanguage\":\"de\"},{\"@type\":\"Organization\",\"@id\":\"https:\\\/\\\/www.gesamtschule-eiserfeld.de\\\/#organization\",\"name\":\"Gesamtschule Eiserfeld\",\"url\":\"https:\\\/\\\/www.gesamtschule-eiserfeld.de\\\/\",\"logo\":{\"@type\":\"ImageObject\",\"inLanguage\":\"de\",\"@id\":\"https:\\\/\\\/www.gesamtschule-eiserfeld.de\\\/#\\\/schema\\\/logo\\\/image\\\/\",\"url\":\"https:\\\/\\\/i1.wp.com\\\/www.gesamtschule-eiserfeld.de\\\/wp-content\\\/uploads\\\/2019\\\/01\\\/GEE-Logo-neu.jpg?fit=436%2C126&ssl=1\",\"contentUrl\":\"https:\\\/\\\/i1.wp.com\\\/www.gesamtschule-eiserfeld.de\\\/wp-content\\\/uploads\\\/2019\\\/01\\\/GEE-Logo-neu.jpg?fit=436%2C126&ssl=1\",\"width\":436,\"height\":126,\"caption\":\"Gesamtschule Eiserfeld\"},\"image\":{\"@id\":\"https:\\\/\\\/www.gesamtschule-eiserfeld.de\\\/#\\\/schema\\\/logo\\\/image\\\/\"},\"sameAs\":[\"https:\\\/\\\/www.facebook.com\\\/GEEiserfeld\"]}]}<\/script>\n<!-- \/ Yoast SEO plugin. -->","yoast_head_json":{"title":"Wir stellen uns vor - Gesamtschule Eiserfeld","robots":{"index":"index","follow":"follow","max-snippet":"max-snippet:-1","max-image-preview":"max-image-preview:large","max-video-preview":"max-video-preview:-1"},"canonical":"https:\/\/www.gesamtschule-eiserfeld.de\/?page_id=3538","og_locale":"de_DE","og_type":"article","og_title":"Wir stellen uns vor - Gesamtschule Eiserfeld","og_description":"Im SII-B\u00fcro stehen 7 Personen als Ansprechpartner zur Verf\u00fcgung \u2013 zum Team geh\u00f6ren, neben unserem Oberstufenleiter Wolfgang Wagner, die Beratungslehrerinnen Annette Hohmann, Steffi Thome, Ute Sch\u00e4fer sowie die Beratungslehrer Daniel Funken,&nbsp; Stephan H\u00fctter und Andreas Winkel. Die Oberstufenleitung hat im Wesentlichen die Aufgabe, das Kursangebot der Oberstufe, die Durchf\u00fchrung der Leistungskontrollen sowie die Abiturpr\u00fcfung&nbsp; zu &hellip; Wir stellen uns vor weiterlesen &rarr;","og_url":"https:\/\/www.gesamtschule-eiserfeld.de\/?page_id=3538","og_site_name":"Gesamtschule Eiserfeld","article_publisher":"https:\/\/www.facebook.com\/GEEiserfeld","article_modified_time":"2025-08-26T06:24:18+00:00","og_image":[{"url":"https:\/\/www.gesamtschule-eiserfeld.de\/wp-content\/uploads\/2023\/08\/S-BUeRO-e1692643482121.jpg","type":"","width":"","height":""}],"twitter_card":"summary_large_image","twitter_misc":{"Gesch\u00e4tzte Lesezeit":"2\u00a0Minuten"},"schema":{"@context":"https:\/\/schema.org","@graph":[{"@type":"WebPage","@id":"https:\/\/www.gesamtschule-eiserfeld.de\/?page_id=3538","url":"https:\/\/www.gesamtschule-eiserfeld.de\/?page_id=3538","name":"Wir stellen uns vor - Gesamtschule Eiserfeld","isPartOf":{"@id":"https:\/\/www.gesamtschule-eiserfeld.de\/#website"},"primaryImageOfPage":{"@id":"https:\/\/www.gesamtschule-eiserfeld.de\/?page_id=3538#primaryimage"},"image":{"@id":"https:\/\/www.gesamtschule-eiserfeld.de\/?page_id=3538#primaryimage"},"thumbnailUrl":"https:\/\/www.gesamtschule-eiserfeld.de\/wp-content\/uploads\/2023\/08\/S-BUeRO-e1692643482121.jpg","datePublished":"2014-03-07T10:03:34+00:00","dateModified":"2025-08-26T06:24:18+00:00","breadcrumb":{"@id":"https:\/\/www.gesamtschule-eiserfeld.de\/?page_id=3538#breadcrumb"},"inLanguage":"de","potentialAction":[{"@type":"ReadAction","target":["https:\/\/www.gesamtschule-eiserfeld.de\/?page_id=3538"]}]},{"@type":"ImageObject","inLanguage":"de","@id":"https:\/\/www.gesamtschule-eiserfeld.de\/?page_id=3538#primaryimage","url":"https:\/\/i0.wp.com\/www.gesamtschule-eiserfeld.de\/wp-content\/uploads\/2023\/08\/S-BUeRO-e1692643482121.jpg?fit=861%2C701&ssl=1","contentUrl":"https:\/\/i0.wp.com\/www.gesamtschule-eiserfeld.de\/wp-content\/uploads\/2023\/08\/S-BUeRO-e1692643482121.jpg?fit=861%2C701&ssl=1","width":861,"height":701},{"@type":"BreadcrumbList","@id":"https:\/\/www.gesamtschule-eiserfeld.de\/?page_id=3538#breadcrumb","itemListElement":[{"@type":"ListItem","position":1,"name":"Startseite","item":"https:\/\/www.gesamtschule-eiserfeld.de\/"},{"@type":"ListItem","position":2,"name":"Sekundarstufe II","item":"https:\/\/www.gesamtschule-eiserfeld.de\/?page_id=794"},{"@type":"ListItem","position":3,"name":"Wir stellen uns vor"}]},{"@type":"WebSite","@id":"https:\/\/www.gesamtschule-eiserfeld.de\/#website","url":"https:\/\/www.gesamtschule-eiserfeld.de\/","name":"Gesamtschule Eiserfeld","description":"","publisher":{"@id":"https:\/\/www.gesamtschule-eiserfeld.de\/#organization"},"potentialAction":[{"@type":"SearchAction","target":{"@type":"EntryPoint","urlTemplate":"https:\/\/www.gesamtschule-eiserfeld.de\/?s={search_term_string}"},"query-input":{"@type":"PropertyValueSpecification","valueRequired":true,"valueName":"search_term_string"}}],"inLanguage":"de"},{"@type":"Organization","@id":"https:\/\/www.gesamtschule-eiserfeld.de\/#organization","name":"Gesamtschule Eiserfeld","url":"https:\/\/www.gesamtschule-eiserfeld.de\/","logo":{"@type":"ImageObject","inLanguage":"de","@id":"https:\/\/www.gesamtschule-eiserfeld.de\/#\/schema\/logo\/image\/","url":"https:\/\/i1.wp.com\/www.gesamtschule-eiserfeld.de\/wp-content\/uploads\/2019\/01\/GEE-Logo-neu.jpg?fit=436%2C126&ssl=1","contentUrl":"https:\/\/i1.wp.com\/www.gesamtschule-eiserfeld.de\/wp-content\/uploads\/2019\/01\/GEE-Logo-neu.jpg?fit=436%2C126&ssl=1","width":436,"height":126,"caption":"Gesamtschule Eiserfeld"},"image":{"@id":"https:\/\/www.gesamtschule-eiserfeld.de\/#\/schema\/logo\/image\/"},"sameAs":["https:\/\/www.facebook.com\/GEEiserfeld"]}]}},"jetpack_shortlink":"https:\/\/wp.me\/P2weeL-V4","jetpack_sharing_enabled":true,"_links":{"self":[{"href":"https:\/\/www.gesamtschule-eiserfeld.de\/index.php?rest_route=\/wp\/v2\/pages\/3538","targetHints":{"allow":["GET"]}}],"collection":[{"href":"https:\/\/www.gesamtschule-eiserfeld.de\/index.php?rest_route=\/wp\/v2\/pages"}],"about":[{"href":"https:\/\/www.gesamtschule-eiserfeld.de\/index.php?rest_route=\/wp\/v2\/types\/page"}],"author":[{"embeddable":true,"href":"https:\/\/www.gesamtschule-eiserfeld.de\/index.php?rest_route=\/wp\/v2\/users\/9"}],"replies":[{"embeddable":true,"href":"https:\/\/www.gesamtschule-eiserfeld.de\/index.php?rest_route=%2Fwp%2Fv2%2Fcomments&post=3538"}],"version-history":[{"count":9,"href":"https:\/\/www.gesamtschule-eiserfeld.de\/index.php?rest_route=\/wp\/v2\/pages\/3538\/revisions"}],"predecessor-version":[{"id":20303,"href":"https:\/\/www.gesamtschule-eiserfeld.de\/index.php?rest_route=\/wp\/v2\/pages\/3538\/revisions\/20303"}],"up":[{"embeddable":true,"href":"https:\/\/www.gesamtschule-eiserfeld.de\/index.php?rest_route=\/wp\/v2\/pages\/794"}],"wp:attachment":[{"href":"https:\/\/www.gesamtschule-eiserfeld.de\/index.php?rest_route=%2Fwp%2Fv2%2Fmedia&parent=3538"}],"curies":[{"name":"wp","href":"https:\/\/api.w.org\/{rel}","templated":true}]}}