{"id":3912,"date":"2014-06-15T18:07:04","date_gmt":"2014-06-15T17:07:04","guid":{"rendered":"http:\/\/ge-eiserfeld.de\/?page_id=3912"},"modified":"2024-12-10T11:33:19","modified_gmt":"2024-12-10T10:33:19","slug":"erziehungswissenschaften","status":"publish","type":"page","link":"https:\/\/www.gesamtschule-eiserfeld.de\/?page_id=3912","title":{"rendered":"Erziehungswissenschaft"},"content":{"rendered":"\n<blockquote class=\"wp-block-quote is-layout-flow wp-block-quote-is-layout-flow\">\n<p><i>\u201eHabe Mut zu dir selbst, und suche deinen eigenen Weg. Erkenne dich selbst, bevor du Kinder zu erkennen trachtest. Leg dir Rechenschaft dar\u00fcber ab, wo deine F\u00e4higkeiten liegen, bevor du damit beginnst, Kindern den Bereich ihrer Rechte und Pflichten abzustecken. Unter ihnen allen bist du selbst ein Kind, das du zun\u00e4chst einmal erkennen, erziehen und ausbilden musst. Es ist einer der b\u00f6sartigsten Fehler anzunehmen, die P\u00e4dagogik sein die Wissenschaft vom Kind \u2013 und nicht zuerst die Wissenschaft vom Menschen.\u201c<\/i> (Janusz Korczak)<\/p>\n<\/blockquote>\n\n\n<div class=\"wp-block-image\">\n<figure class=\"aligncenter size-full is-resized\"><img data-recalc-dims=\"1\" loading=\"lazy\" decoding=\"async\" width=\"370\" height=\"247\" data-attachment-id=\"19557\" data-permalink=\"https:\/\/www.gesamtschule-eiserfeld.de\/?attachment_id=19557\" data-orig-file=\"https:\/\/i0.wp.com\/www.gesamtschule-eiserfeld.de\/wp-content\/uploads\/2024\/12\/IMG_1467.jpg?fit=370%2C247&amp;ssl=1\" data-orig-size=\"370,247\" data-comments-opened=\"0\" data-image-meta=\"{&quot;aperture&quot;:&quot;0&quot;,&quot;credit&quot;:&quot;&quot;,&quot;camera&quot;:&quot;&quot;,&quot;caption&quot;:&quot;&quot;,&quot;created_timestamp&quot;:&quot;0&quot;,&quot;copyright&quot;:&quot;&quot;,&quot;focal_length&quot;:&quot;0&quot;,&quot;iso&quot;:&quot;0&quot;,&quot;shutter_speed&quot;:&quot;0&quot;,&quot;title&quot;:&quot;&quot;,&quot;orientation&quot;:&quot;0&quot;}\" data-image-title=\"IMG_1467\" data-image-description=\"\" data-image-caption=\"\" data-large-file=\"https:\/\/i0.wp.com\/www.gesamtschule-eiserfeld.de\/wp-content\/uploads\/2024\/12\/IMG_1467.jpg?fit=370%2C247&amp;ssl=1\" src=\"https:\/\/i0.wp.com\/www.gesamtschule-eiserfeld.de\/wp-content\/uploads\/2024\/12\/IMG_1467.jpg?resize=370%2C247&#038;ssl=1\" alt=\"\" class=\"wp-image-19557\" style=\"width:440px;height:auto\" srcset=\"https:\/\/i0.wp.com\/www.gesamtschule-eiserfeld.de\/wp-content\/uploads\/2024\/12\/IMG_1467.jpg?w=370&amp;ssl=1 370w, https:\/\/i0.wp.com\/www.gesamtschule-eiserfeld.de\/wp-content\/uploads\/2024\/12\/IMG_1467.jpg?resize=300%2C200&amp;ssl=1 300w, https:\/\/i0.wp.com\/www.gesamtschule-eiserfeld.de\/wp-content\/uploads\/2024\/12\/IMG_1467.jpg?resize=200%2C134&amp;ssl=1 200w\" sizes=\"auto, (max-width: 370px) 100vw, 370px\" \/><\/figure>\n<\/div>\n\n\n<h2 class=\"wp-block-heading\"><b>1. <\/b><b>Allgemeine Informationen zum Fach Erziehungswissenschaft an der GEE<\/b><\/h2>\n\n\n\n<p>Seit 1995 w\u00e4hlen die Sch\u00fclerinnen und Sch\u00fcler der GEE bereits am Ende des 10 Jahrgangs das Fach Erziehungswissenschaft als ihren zuk\u00fcnftigen Leistungskurs. Ab dem Schuljahr 2016 \/17 wird das Fach auch als Grundkurs angeboten. Zwar werden f\u00fcr das Fach wenige spezielle Kenntnisse vorausgesetzt, doch haben die Sch\u00fclerinnen und Sch\u00fcler bereits vielf\u00e4ltige Erfahrungen in erzieherischen Feldern gesammelt, n\u00e4mlich in Familie, Kindergarten, Schule, Jugendgruppe, im Fach Gemeinn\u00fctzig Handeln oder in der Sch\u00fclerhilfe. Einige aus Realschulen hinzukommende Sch\u00fclerinnen und Sch\u00fcler kennen es schon aus dem Wahlpflichtbereich.<\/p>\n\n\n\n<h2 class=\"wp-block-heading\"><b>2. Inhalte des Faches Erziehungswissenschaft: <\/b><\/h2>\n\n\n\n<p>Was versteht man unter Erziehung und Bildung? Wie beeinflussen Menschen einander gegenseitig durch Erziehung? Wie erzieht man in anderen Kulturen? Welchen Einfluss hat der Lauf der Geschichte auf die Erziehung? Wie entwickelt sich ein Mensch von der Geburt bis ins hohe Alter? Wie lernt der Mensch? Welche Rahmenbedingungen und Spielr\u00e4ume braucht er, um zu sich selbst zu finden und zugleich ein verantwortungsbewusster Teilnehmer im sozialen Miteinander zu werden?<\/p>\n\n\n\n<p>Diese und andere Fragen sind Ausgangspunkte, um die Erziehungswirklichkeit zu erschlie\u00dfen.<br>Hierzu werden erziehungswissenschaftliche Theorien, aber auch Erkenntnisse aus Nachbarwissenschaften, vor allem der Soziologie, Psychologie sowie der Philosophie, Geschichte und Biologie herangezogen, um ein Orientierungswissen zu gewinnen, womit man die Fragen beantworten, kritisch \u00fcberdenken oder neue Fragen entwickeln und an die Praxis herantragen kann.<\/p>\n\n\n\n<p>In der Einf\u00fchrungsphase besch\u00e4ftigen wir uns mit der Kl\u00e4rung von Grundbegriffen und grundlegenden Methoden in den beiden Inhaltsfeldern \u201eBildungs- und Erziehungsprozesse\u201c und \u201eLernen und Erziehung\u201c, in der Qualifikationsphase vertiefend in den Inhaltsfeldern \u201eEntwicklung, Sozialisation und Erziehung\u201c, \u201eIdentit\u00e4t\u201c, \u201eWerte, Normen und Ziele in Erziehung und Bildung\u201c und \u201ep\u00e4dagogische Professionalisierung in verschiedenen Institutionen\u201c.<\/p>\n\n\n\n<div class=\"wp-block-jetpack-slideshow aligncenter\" data-effect=\"slide\"><div class=\"wp-block-jetpack-slideshow_container swiper-container\"><ul class=\"wp-block-jetpack-slideshow_swiper-wrapper swiper-wrapper\"><li class=\"wp-block-jetpack-slideshow_slide swiper-slide\"><figure><img data-recalc-dims=\"1\" loading=\"lazy\" decoding=\"async\" width=\"315\" height=\"206\" alt=\"\" class=\"wp-block-jetpack-slideshow_image wp-image-19559\" data-id=\"19559\" src=\"https:\/\/i0.wp.com\/www.gesamtschule-eiserfeld.de\/wp-content\/uploads\/2024\/12\/Pdagogik-LK-13-vor-dem-EL-DE-Haus.jpg?resize=315%2C206&#038;ssl=1\" srcset=\"https:\/\/i0.wp.com\/www.gesamtschule-eiserfeld.de\/wp-content\/uploads\/2024\/12\/Pdagogik-LK-13-vor-dem-EL-DE-Haus.jpg?w=315&amp;ssl=1 315w, https:\/\/i0.wp.com\/www.gesamtschule-eiserfeld.de\/wp-content\/uploads\/2024\/12\/Pdagogik-LK-13-vor-dem-EL-DE-Haus.jpg?resize=300%2C196&amp;ssl=1 300w, https:\/\/i0.wp.com\/www.gesamtschule-eiserfeld.de\/wp-content\/uploads\/2024\/12\/Pdagogik-LK-13-vor-dem-EL-DE-Haus.jpg?resize=200%2C131&amp;ssl=1 200w\" sizes=\"(max-width: 315px) 100vw, 315px\" \/><\/figure><\/li><li class=\"wp-block-jetpack-slideshow_slide swiper-slide\"><figure><img data-recalc-dims=\"1\" loading=\"lazy\" decoding=\"async\" width=\"388\" height=\"175\" alt=\"\" class=\"wp-block-jetpack-slideshow_image wp-image-19558\" data-id=\"19558\" src=\"https:\/\/i0.wp.com\/www.gesamtschule-eiserfeld.de\/wp-content\/uploads\/2024\/12\/image.jpg?resize=388%2C175&#038;ssl=1\" srcset=\"https:\/\/i0.wp.com\/www.gesamtschule-eiserfeld.de\/wp-content\/uploads\/2024\/12\/image.jpg?w=388&amp;ssl=1 388w, https:\/\/i0.wp.com\/www.gesamtschule-eiserfeld.de\/wp-content\/uploads\/2024\/12\/image.jpg?resize=300%2C135&amp;ssl=1 300w, https:\/\/i0.wp.com\/www.gesamtschule-eiserfeld.de\/wp-content\/uploads\/2024\/12\/image.jpg?resize=200%2C90&amp;ssl=1 200w\" sizes=\"(max-width: 388px) 100vw, 388px\" \/><\/figure><\/li><\/ul><a class=\"wp-block-jetpack-slideshow_button-prev swiper-button-prev swiper-button-white\" role=\"button\"><\/a><a class=\"wp-block-jetpack-slideshow_button-next swiper-button-next swiper-button-white\" role=\"button\"><\/a><a aria-label=\"Pause Slideshow\" class=\"wp-block-jetpack-slideshow_button-pause\" role=\"button\"><\/a><div class=\"wp-block-jetpack-slideshow_pagination swiper-pagination swiper-pagination-white\"><\/div><\/div><\/div>\n\n\n\n<h2 class=\"wp-block-heading\"><b>3. <\/b><b>Ziele des Faches Erziehungswissenschaft<\/b><\/h2>\n\n\n\n<p>Im Fach Erziehungswissenschaft geht es u.a. darum, menschliche Entwicklung besser zu verstehen, Grundlagen der Erziehung kennenzulernen, historische Zusammenh\u00e4nge von Erziehung und Bildung zu erkennen, Strukturen innerhalb sozialer Lebensformen nachzuvollziehen, Erkenntnisse verschiedener Lerntheorien zu durchschauen und sinnvoll f\u00fcr das eigene Lernen zu nutzen, aber auch Kommunikationsf\u00e4higkeit und Teamf\u00e4higkeit zu trainieren und die p\u00e4dagogische Handlungs- und Urteilsf\u00e4higkeit zu f\u00f6rdern.<\/p>\n\n\n\n<h2 class=\"wp-block-heading\"><b>4. <\/b><b>Methoden des Faches Erziehungswissenschaft<\/b><\/h2>\n\n\n\n<p>Im P\u00e4dagogikunterricht wird theoretisch, aber nach M\u00f6glichkeit auch praktisch gearbeitet. Die Themen werden oft in Auseinandersetzung mit unterschiedlichen Texten erarbeitet, wie etwa mit Fallbeispielen, Berichten, Erz\u00e4hlungen, wissenschaftlichen Quellen, aber auch mit Bildern, Filmen und Expertenbefragungen oder durch Exkursionen und Erkundungen, z.B. im Kindergarten oder in anderen Schulformen. Entsprechend werden unterschiedliche Herangehensweisen an die Materialien ge\u00fcbt, vor allem zur Erschlie\u00dfung, Aufbereitung und strukturierten Umsetzung von Texten, Bildern und Filmen, aber auch zur Beobachtung und Auswertung des Beobachteten unter fachlichen Gesichtspunkten. Hinzu kommen unterschiedliche Formen der Teamarbeit, der Pr\u00e4sentation des Erarbeiteten bis hin zu angeleitetem Lernen durch Lehren.<\/p>\n\n\n\n<h2 class=\"wp-block-heading\"><b>5. <\/b><b>Bedeutung des Faches Erziehungswissenschaft <\/b><\/h2>\n\n\n\n<p>Einerseits ist bietet der P\u00e4dagogikunterricht die M\u00f6glichkeit, eine Entdeckungsreise zu sich selbst durchzuf\u00fchren: Wie bin ich geworden, wer ich bin? Wie habe ich Erziehung erlebt und wahrgenommen? Wie kann ich Menschen besser verstehen? Wie kann ich mich selbst entwickeln und erziehen, damit ich selbst ein guter Erzieher werden kann?<\/p>\n\n\n\n<p>Andererseits bietet der P\u00e4dagogikunterricht eine gute fachliche Grundlage f\u00fcr alle, die ein Studium oder eine Ausbildung in einem sozialen, psychologischen oder p\u00e4dagogischen Berufsfeld anstreben \u2013 f\u00fcr viele Sch\u00fclerinnen und Sch\u00fcler, die schon genauere Vorstellungen \u00fcber ihre berufliche Zukunft haben, ein wichtiger Grund, das Fach zu w\u00e4hlen. Genauso kann es aber auch f\u00fcr Unentschlossene eine Orientierungshilfe bieten. Dar\u00fcber hinaus kann es durchaus hilfreich sein, auch in anderen Berufsfeldern menschliches Verhalten und dessen Hintergr\u00fcnde zu verstehen. (mein, 2016)<\/p>\n\n\n\n<p><a href=\"https:\/\/www.gesamtschule-eiserfeld.de\/wp-content\/uploads\/2020\/08\/Lehrplan_P\u00e4dagogik_GEE_27.07.2020_NEU.pdf\">Lehrplan_P\u00e4dagogik_SII<\/a><\/p>\n\n\n\n<p><a href=\"https:\/\/www.standardsicherung.schulministerium.nrw.de\/cms\/zentralabitur-gost\/faecher\/fach.php?fach=11\" target=\"_blank\" rel=\"noopener noreferrer\">Vorgaben des Ministeriums f\u00fcr 2017<\/a><\/p>\n\n\n\n<p><a href=\"http:\/\/www.gesamtschule-eiserfeld.de\/Fachschaften\/PA\/Leistungsbewertung\/Leistungsbewertung%20Paedagogik.pdf\">Leistungsbewertung SII<\/a><\/p>\n\n\n\n<p><a href=\"http:\/\/gesamtschule-eiserfeld.de\/HP%20Downloads\/Fachschaft%20Erziehungswissenschaft.pdf\" target=\"_blank\" rel=\"noopener noreferrer\">Leistungsbewertung Facharbeit<\/a><\/p>\n\n\n\n<p><a href=\"http:\/\/gesamtschule-eiserfeld.de\/HP%20Downloads\/Handreichung%20zur%20kleinen%20Facharbeit.pdf\" target=\"_blank\" rel=\"noopener noreferrer\">Handreichung Facharbeit<\/a><\/p>\n","protected":false},"excerpt":{"rendered":"<p>\u201eHabe Mut zu dir selbst, und suche deinen eigenen Weg. Erkenne dich selbst, bevor du Kinder zu erkennen trachtest. Leg dir Rechenschaft dar\u00fcber ab, wo deine F\u00e4higkeiten liegen, bevor du damit beginnst, Kindern den Bereich ihrer Rechte und Pflichten abzustecken. Unter ihnen allen bist du selbst ein Kind, das du zun\u00e4chst einmal erkennen, erziehen und &hellip; <a href=\"https:\/\/www.gesamtschule-eiserfeld.de\/?page_id=3912\" class=\"more-link\"><span class=\"screen-reader-text\">Erziehungswissenschaft<\/span> weiterlesen <span class=\"meta-nav\">&rarr;<\/span><\/a><\/p>\n","protected":false},"author":9,"featured_media":19555,"parent":302,"menu_order":0,"comment_status":"closed","ping_status":"open","template":"","meta":{"jetpack_post_was_ever_published":false,"footnotes":""},"class_list":["post-3912","page","type-page","status-publish","has-post-thumbnail","hentry"],"yoast_head":"<!-- This site is optimized with the Yoast SEO plugin v27.4 - https:\/\/yoast.com\/product\/yoast-seo-wordpress\/ -->\n<title>Erziehungswissenschaft - Gesamtschule Eiserfeld<\/title>\n<meta name=\"robots\" content=\"index, follow, max-snippet:-1, max-image-preview:large, max-video-preview:-1\" \/>\n<link rel=\"canonical\" href=\"https:\/\/www.gesamtschule-eiserfeld.de\/?page_id=3912\" \/>\n<meta property=\"og:locale\" content=\"de_DE\" \/>\n<meta property=\"og:type\" content=\"article\" \/>\n<meta property=\"og:title\" content=\"Erziehungswissenschaft - Gesamtschule Eiserfeld\" \/>\n<meta property=\"og:description\" content=\"\u201eHabe Mut zu dir selbst, und suche deinen eigenen Weg. Erkenne dich selbst, bevor du Kinder zu erkennen trachtest. Leg dir Rechenschaft dar\u00fcber ab, wo deine F\u00e4higkeiten liegen, bevor du damit beginnst, Kindern den Bereich ihrer Rechte und Pflichten abzustecken. Unter ihnen allen bist du selbst ein Kind, das du zun\u00e4chst einmal erkennen, erziehen und &hellip; Erziehungswissenschaft weiterlesen &rarr;\" \/>\n<meta property=\"og:url\" content=\"https:\/\/www.gesamtschule-eiserfeld.de\/?page_id=3912\" \/>\n<meta property=\"og:site_name\" content=\"Gesamtschule Eiserfeld\" \/>\n<meta property=\"article:publisher\" content=\"https:\/\/www.facebook.com\/GEEiserfeld\" \/>\n<meta property=\"article:modified_time\" content=\"2024-12-10T10:33:19+00:00\" \/>\n<meta property=\"og:image\" content=\"https:\/\/www.gesamtschule-eiserfeld.de\/wp-content\/uploads\/2024\/12\/headerpaeda2.jpg\" \/>\n\t<meta property=\"og:image:width\" content=\"380\" \/>\n\t<meta property=\"og:image:height\" content=\"244\" \/>\n\t<meta property=\"og:image:type\" content=\"image\/jpeg\" \/>\n<meta name=\"twitter:card\" content=\"summary_large_image\" \/>\n<meta name=\"twitter:label1\" content=\"Gesch\u00e4tzte Lesezeit\" \/>\n\t<meta name=\"twitter:data1\" content=\"5\u00a0Minuten\" \/>\n<script type=\"application\/ld+json\" class=\"yoast-schema-graph\">{\"@context\":\"https:\\\/\\\/schema.org\",\"@graph\":[{\"@type\":\"WebPage\",\"@id\":\"https:\\\/\\\/www.gesamtschule-eiserfeld.de\\\/?page_id=3912\",\"url\":\"https:\\\/\\\/www.gesamtschule-eiserfeld.de\\\/?page_id=3912\",\"name\":\"Erziehungswissenschaft - Gesamtschule Eiserfeld\",\"isPartOf\":{\"@id\":\"https:\\\/\\\/www.gesamtschule-eiserfeld.de\\\/#website\"},\"primaryImageOfPage\":{\"@id\":\"https:\\\/\\\/www.gesamtschule-eiserfeld.de\\\/?page_id=3912#primaryimage\"},\"image\":{\"@id\":\"https:\\\/\\\/www.gesamtschule-eiserfeld.de\\\/?page_id=3912#primaryimage\"},\"thumbnailUrl\":\"https:\\\/\\\/i0.wp.com\\\/www.gesamtschule-eiserfeld.de\\\/wp-content\\\/uploads\\\/2024\\\/12\\\/headerpaeda2.jpg?fit=380%2C244&ssl=1\",\"datePublished\":\"2014-06-15T17:07:04+00:00\",\"dateModified\":\"2024-12-10T10:33:19+00:00\",\"breadcrumb\":{\"@id\":\"https:\\\/\\\/www.gesamtschule-eiserfeld.de\\\/?page_id=3912#breadcrumb\"},\"inLanguage\":\"de\",\"potentialAction\":[{\"@type\":\"ReadAction\",\"target\":[\"https:\\\/\\\/www.gesamtschule-eiserfeld.de\\\/?page_id=3912\"]}]},{\"@type\":\"ImageObject\",\"inLanguage\":\"de\",\"@id\":\"https:\\\/\\\/www.gesamtschule-eiserfeld.de\\\/?page_id=3912#primaryimage\",\"url\":\"https:\\\/\\\/i0.wp.com\\\/www.gesamtschule-eiserfeld.de\\\/wp-content\\\/uploads\\\/2024\\\/12\\\/headerpaeda2.jpg?fit=380%2C244&ssl=1\",\"contentUrl\":\"https:\\\/\\\/i0.wp.com\\\/www.gesamtschule-eiserfeld.de\\\/wp-content\\\/uploads\\\/2024\\\/12\\\/headerpaeda2.jpg?fit=380%2C244&ssl=1\",\"width\":380,\"height\":244},{\"@type\":\"BreadcrumbList\",\"@id\":\"https:\\\/\\\/www.gesamtschule-eiserfeld.de\\\/?page_id=3912#breadcrumb\",\"itemListElement\":[{\"@type\":\"ListItem\",\"position\":1,\"name\":\"Startseite\",\"item\":\"https:\\\/\\\/www.gesamtschule-eiserfeld.de\\\/\"},{\"@type\":\"ListItem\",\"position\":2,\"name\":\"Unterricht\",\"item\":\"https:\\\/\\\/www.gesamtschule-eiserfeld.de\\\/?page_id=74\"},{\"@type\":\"ListItem\",\"position\":3,\"name\":\"F\u00e4cher\",\"item\":\"https:\\\/\\\/www.gesamtschule-eiserfeld.de\\\/?page_id=302\"},{\"@type\":\"ListItem\",\"position\":4,\"name\":\"Erziehungswissenschaft\"}]},{\"@type\":\"WebSite\",\"@id\":\"https:\\\/\\\/www.gesamtschule-eiserfeld.de\\\/#website\",\"url\":\"https:\\\/\\\/www.gesamtschule-eiserfeld.de\\\/\",\"name\":\"Gesamtschule Eiserfeld\",\"description\":\"\",\"publisher\":{\"@id\":\"https:\\\/\\\/www.gesamtschule-eiserfeld.de\\\/#organization\"},\"potentialAction\":[{\"@type\":\"SearchAction\",\"target\":{\"@type\":\"EntryPoint\",\"urlTemplate\":\"https:\\\/\\\/www.gesamtschule-eiserfeld.de\\\/?s={search_term_string}\"},\"query-input\":{\"@type\":\"PropertyValueSpecification\",\"valueRequired\":true,\"valueName\":\"search_term_string\"}}],\"inLanguage\":\"de\"},{\"@type\":\"Organization\",\"@id\":\"https:\\\/\\\/www.gesamtschule-eiserfeld.de\\\/#organization\",\"name\":\"Gesamtschule Eiserfeld\",\"url\":\"https:\\\/\\\/www.gesamtschule-eiserfeld.de\\\/\",\"logo\":{\"@type\":\"ImageObject\",\"inLanguage\":\"de\",\"@id\":\"https:\\\/\\\/www.gesamtschule-eiserfeld.de\\\/#\\\/schema\\\/logo\\\/image\\\/\",\"url\":\"https:\\\/\\\/i1.wp.com\\\/www.gesamtschule-eiserfeld.de\\\/wp-content\\\/uploads\\\/2019\\\/01\\\/GEE-Logo-neu.jpg?fit=436%2C126&ssl=1\",\"contentUrl\":\"https:\\\/\\\/i1.wp.com\\\/www.gesamtschule-eiserfeld.de\\\/wp-content\\\/uploads\\\/2019\\\/01\\\/GEE-Logo-neu.jpg?fit=436%2C126&ssl=1\",\"width\":436,\"height\":126,\"caption\":\"Gesamtschule Eiserfeld\"},\"image\":{\"@id\":\"https:\\\/\\\/www.gesamtschule-eiserfeld.de\\\/#\\\/schema\\\/logo\\\/image\\\/\"},\"sameAs\":[\"https:\\\/\\\/www.facebook.com\\\/GEEiserfeld\"]}]}<\/script>\n<!-- \/ Yoast SEO plugin. -->","yoast_head_json":{"title":"Erziehungswissenschaft - Gesamtschule Eiserfeld","robots":{"index":"index","follow":"follow","max-snippet":"max-snippet:-1","max-image-preview":"max-image-preview:large","max-video-preview":"max-video-preview:-1"},"canonical":"https:\/\/www.gesamtschule-eiserfeld.de\/?page_id=3912","og_locale":"de_DE","og_type":"article","og_title":"Erziehungswissenschaft - Gesamtschule Eiserfeld","og_description":"\u201eHabe Mut zu dir selbst, und suche deinen eigenen Weg. Erkenne dich selbst, bevor du Kinder zu erkennen trachtest. Leg dir Rechenschaft dar\u00fcber ab, wo deine F\u00e4higkeiten liegen, bevor du damit beginnst, Kindern den Bereich ihrer Rechte und Pflichten abzustecken. Unter ihnen allen bist du selbst ein Kind, das du zun\u00e4chst einmal erkennen, erziehen und &hellip; Erziehungswissenschaft weiterlesen &rarr;","og_url":"https:\/\/www.gesamtschule-eiserfeld.de\/?page_id=3912","og_site_name":"Gesamtschule Eiserfeld","article_publisher":"https:\/\/www.facebook.com\/GEEiserfeld","article_modified_time":"2024-12-10T10:33:19+00:00","og_image":[{"width":380,"height":244,"url":"https:\/\/www.gesamtschule-eiserfeld.de\/wp-content\/uploads\/2024\/12\/headerpaeda2.jpg","type":"image\/jpeg"}],"twitter_card":"summary_large_image","twitter_misc":{"Gesch\u00e4tzte Lesezeit":"5\u00a0Minuten"},"schema":{"@context":"https:\/\/schema.org","@graph":[{"@type":"WebPage","@id":"https:\/\/www.gesamtschule-eiserfeld.de\/?page_id=3912","url":"https:\/\/www.gesamtschule-eiserfeld.de\/?page_id=3912","name":"Erziehungswissenschaft - Gesamtschule Eiserfeld","isPartOf":{"@id":"https:\/\/www.gesamtschule-eiserfeld.de\/#website"},"primaryImageOfPage":{"@id":"https:\/\/www.gesamtschule-eiserfeld.de\/?page_id=3912#primaryimage"},"image":{"@id":"https:\/\/www.gesamtschule-eiserfeld.de\/?page_id=3912#primaryimage"},"thumbnailUrl":"https:\/\/i0.wp.com\/www.gesamtschule-eiserfeld.de\/wp-content\/uploads\/2024\/12\/headerpaeda2.jpg?fit=380%2C244&ssl=1","datePublished":"2014-06-15T17:07:04+00:00","dateModified":"2024-12-10T10:33:19+00:00","breadcrumb":{"@id":"https:\/\/www.gesamtschule-eiserfeld.de\/?page_id=3912#breadcrumb"},"inLanguage":"de","potentialAction":[{"@type":"ReadAction","target":["https:\/\/www.gesamtschule-eiserfeld.de\/?page_id=3912"]}]},{"@type":"ImageObject","inLanguage":"de","@id":"https:\/\/www.gesamtschule-eiserfeld.de\/?page_id=3912#primaryimage","url":"https:\/\/i0.wp.com\/www.gesamtschule-eiserfeld.de\/wp-content\/uploads\/2024\/12\/headerpaeda2.jpg?fit=380%2C244&ssl=1","contentUrl":"https:\/\/i0.wp.com\/www.gesamtschule-eiserfeld.de\/wp-content\/uploads\/2024\/12\/headerpaeda2.jpg?fit=380%2C244&ssl=1","width":380,"height":244},{"@type":"BreadcrumbList","@id":"https:\/\/www.gesamtschule-eiserfeld.de\/?page_id=3912#breadcrumb","itemListElement":[{"@type":"ListItem","position":1,"name":"Startseite","item":"https:\/\/www.gesamtschule-eiserfeld.de\/"},{"@type":"ListItem","position":2,"name":"Unterricht","item":"https:\/\/www.gesamtschule-eiserfeld.de\/?page_id=74"},{"@type":"ListItem","position":3,"name":"F\u00e4cher","item":"https:\/\/www.gesamtschule-eiserfeld.de\/?page_id=302"},{"@type":"ListItem","position":4,"name":"Erziehungswissenschaft"}]},{"@type":"WebSite","@id":"https:\/\/www.gesamtschule-eiserfeld.de\/#website","url":"https:\/\/www.gesamtschule-eiserfeld.de\/","name":"Gesamtschule Eiserfeld","description":"","publisher":{"@id":"https:\/\/www.gesamtschule-eiserfeld.de\/#organization"},"potentialAction":[{"@type":"SearchAction","target":{"@type":"EntryPoint","urlTemplate":"https:\/\/www.gesamtschule-eiserfeld.de\/?s={search_term_string}"},"query-input":{"@type":"PropertyValueSpecification","valueRequired":true,"valueName":"search_term_string"}}],"inLanguage":"de"},{"@type":"Organization","@id":"https:\/\/www.gesamtschule-eiserfeld.de\/#organization","name":"Gesamtschule Eiserfeld","url":"https:\/\/www.gesamtschule-eiserfeld.de\/","logo":{"@type":"ImageObject","inLanguage":"de","@id":"https:\/\/www.gesamtschule-eiserfeld.de\/#\/schema\/logo\/image\/","url":"https:\/\/i1.wp.com\/www.gesamtschule-eiserfeld.de\/wp-content\/uploads\/2019\/01\/GEE-Logo-neu.jpg?fit=436%2C126&ssl=1","contentUrl":"https:\/\/i1.wp.com\/www.gesamtschule-eiserfeld.de\/wp-content\/uploads\/2019\/01\/GEE-Logo-neu.jpg?fit=436%2C126&ssl=1","width":436,"height":126,"caption":"Gesamtschule Eiserfeld"},"image":{"@id":"https:\/\/www.gesamtschule-eiserfeld.de\/#\/schema\/logo\/image\/"},"sameAs":["https:\/\/www.facebook.com\/GEEiserfeld"]}]}},"jetpack_shortlink":"https:\/\/wp.me\/P2weeL-116","jetpack_sharing_enabled":true,"_links":{"self":[{"href":"https:\/\/www.gesamtschule-eiserfeld.de\/index.php?rest_route=\/wp\/v2\/pages\/3912","targetHints":{"allow":["GET"]}}],"collection":[{"href":"https:\/\/www.gesamtschule-eiserfeld.de\/index.php?rest_route=\/wp\/v2\/pages"}],"about":[{"href":"https:\/\/www.gesamtschule-eiserfeld.de\/index.php?rest_route=\/wp\/v2\/types\/page"}],"author":[{"embeddable":true,"href":"https:\/\/www.gesamtschule-eiserfeld.de\/index.php?rest_route=\/wp\/v2\/users\/9"}],"replies":[{"embeddable":true,"href":"https:\/\/www.gesamtschule-eiserfeld.de\/index.php?rest_route=%2Fwp%2Fv2%2Fcomments&post=3912"}],"version-history":[{"count":2,"href":"https:\/\/www.gesamtschule-eiserfeld.de\/index.php?rest_route=\/wp\/v2\/pages\/3912\/revisions"}],"predecessor-version":[{"id":19560,"href":"https:\/\/www.gesamtschule-eiserfeld.de\/index.php?rest_route=\/wp\/v2\/pages\/3912\/revisions\/19560"}],"up":[{"embeddable":true,"href":"https:\/\/www.gesamtschule-eiserfeld.de\/index.php?rest_route=\/wp\/v2\/pages\/302"}],"wp:featuredmedia":[{"embeddable":true,"href":"https:\/\/www.gesamtschule-eiserfeld.de\/index.php?rest_route=\/wp\/v2\/media\/19555"}],"wp:attachment":[{"href":"https:\/\/www.gesamtschule-eiserfeld.de\/index.php?rest_route=%2Fwp%2Fv2%2Fmedia&parent=3912"}],"curies":[{"name":"wp","href":"https:\/\/api.w.org\/{rel}","templated":true}]}}