{"id":4003,"date":"2014-06-28T09:34:31","date_gmt":"2014-06-28T08:34:31","guid":{"rendered":"http:\/\/ge-eiserfeld.de\/?page_id=4003"},"modified":"2025-08-26T08:04:13","modified_gmt":"2025-08-26T07:04:13","slug":"geschichte","status":"publish","type":"page","link":"https:\/\/www.gesamtschule-eiserfeld.de\/?page_id=4003","title":{"rendered":"Geschichte"},"content":{"rendered":"<p><i>&#8222;Geschichte ist nicht die Vergangenheit, sondern eine Karte der Vergangenheit, die aus einem bestimmten Blickwinkel gezeichnet wurde, um f\u00fcr den modernen Reisenden n\u00fctzlich zu sein.&#8220;<\/i><br \/>\nHenry Glassie, US-Historiker<\/p>\n<p>Ziel der Fachschaft Geschichte an der Gesamtschule Eiserfeld ist es, die Sch\u00fclerinnen und Sch\u00fclern zu kompetenten \u201cmodernen Reisenden\u201c zu machen, indem sie die F\u00e4higkeit erlangen, die Karte der Vergangenheit lesen zu k\u00f6nnen.<\/p>\n<p>In der Einf\u00fchrungsphase werden historische Begegnungen mit \u201eFremdheit\u201c und der lange Kampf f\u00fcr Menschen- und B\u00fcrgerrechte untersucht. Begegnungen und K\u00e4mpfe, die die Menschheitsgeschichte gepr\u00e4gt haben und bis heute beeinflussen.<\/p>\n<p>In der Q-Phase wird der Schwerpunkt auf die spektakul\u00e4re Achterbahnfahrt der deutschen Geschichte gelegt, welche Europa und die Welt so oft beeinflusst hat &#8211; und bis heute beeinflusst.<\/p>\n<p><a href=\"https:\/\/www.gesamtschule-eiserfeld.de\/?attachment_id=18704\" rel=\"attachment wp-att-18704\"><img data-recalc-dims=\"1\" loading=\"lazy\" decoding=\"async\" data-attachment-id=\"18704\" data-permalink=\"https:\/\/www.gesamtschule-eiserfeld.de\/?attachment_id=18704\" data-orig-file=\"https:\/\/i0.wp.com\/www.gesamtschule-eiserfeld.de\/wp-content\/uploads\/2024\/04\/Geschichte.jpg?fit=690%2C1040&amp;ssl=1\" data-orig-size=\"690,1040\" data-comments-opened=\"0\" data-image-meta=\"{&quot;aperture&quot;:&quot;0&quot;,&quot;credit&quot;:&quot;&quot;,&quot;camera&quot;:&quot;&quot;,&quot;caption&quot;:&quot;&quot;,&quot;created_timestamp&quot;:&quot;0&quot;,&quot;copyright&quot;:&quot;&quot;,&quot;focal_length&quot;:&quot;0&quot;,&quot;iso&quot;:&quot;0&quot;,&quot;shutter_speed&quot;:&quot;0&quot;,&quot;title&quot;:&quot;&quot;,&quot;orientation&quot;:&quot;0&quot;}\" data-image-title=\"Geschichte\" data-image-description=\"\" data-image-caption=\"\" data-large-file=\"https:\/\/i0.wp.com\/www.gesamtschule-eiserfeld.de\/wp-content\/uploads\/2024\/04\/Geschichte.jpg?fit=474%2C715&amp;ssl=1\" class=\"size-medium wp-image-18704 alignleft\" src=\"https:\/\/i0.wp.com\/www.gesamtschule-eiserfeld.de\/wp-content\/uploads\/2024\/04\/Geschichte.jpg?resize=199%2C300&#038;ssl=1\" alt=\"\" width=\"199\" height=\"300\" srcset=\"https:\/\/i0.wp.com\/www.gesamtschule-eiserfeld.de\/wp-content\/uploads\/2024\/04\/Geschichte.jpg?resize=199%2C300&amp;ssl=1 199w, https:\/\/i0.wp.com\/www.gesamtschule-eiserfeld.de\/wp-content\/uploads\/2024\/04\/Geschichte.jpg?resize=679%2C1024&amp;ssl=1 679w, https:\/\/i0.wp.com\/www.gesamtschule-eiserfeld.de\/wp-content\/uploads\/2024\/04\/Geschichte.jpg?resize=100%2C150&amp;ssl=1 100w, https:\/\/i0.wp.com\/www.gesamtschule-eiserfeld.de\/wp-content\/uploads\/2024\/04\/Geschichte.jpg?w=690&amp;ssl=1 690w\" sizes=\"auto, (max-width: 199px) 100vw, 199px\" \/><\/a>Besch\u00e4ftigung mit Geschichte bedeutet, dass man den Perspektivwechsel wagt und diese verschiedenen Perspektiven in ihrem Kontext nachvollziehen kann. Diese Multiperspektivit\u00e4t hilft beim Selbst- und Fremdverst\u00e4ndnis, beim Einordnen der eigenen Identit\u00e4t und der Identit\u00e4t des Anderen.<\/p>\n<p>Je tiefer man den Blick in die Geschichte wagt, desto greifbarer wird die komplexe und anspruchsvolle Gegenwart. Ein lohnenswerter Blick, den wir zusammen mit unseren Sch\u00fclerinnen und Sch\u00fclern wagen m\u00f6chten.<\/p>\n<p><a href=\"https:\/\/www.gesamtschule-eiserfeld.de\/wp-content\/uploads\/2024\/08\/KLP-GE-SII-GEE_August-2023.pdf\" target=\"_blank\" rel=\"noopener\">Kernlehrplan SekII<\/a><\/p>\n<p><a href=\"https:\/\/www.gesamtschule-eiserfeld.de\/wp-content\/uploads\/2025\/08\/Sek-II-Geschichte-Leistungsbewertung-im-Bereich-Sonstige-Mitarbeit.pdf\" target=\"_blank\" rel=\"noopener\">SEK II Leistungsbewertung Sonstige Mitarbeit<\/a><\/p>\n","protected":false},"excerpt":{"rendered":"<p>&#8222;Geschichte ist nicht die Vergangenheit, sondern eine Karte der Vergangenheit, die aus einem bestimmten Blickwinkel gezeichnet wurde, um f\u00fcr den modernen Reisenden n\u00fctzlich zu sein.&#8220; Henry Glassie, US-Historiker Ziel der Fachschaft Geschichte an der Gesamtschule Eiserfeld ist es, die Sch\u00fclerinnen und Sch\u00fclern zu kompetenten \u201cmodernen Reisenden\u201c zu machen, indem sie die F\u00e4higkeit erlangen, die Karte &hellip; <a href=\"https:\/\/www.gesamtschule-eiserfeld.de\/?page_id=4003\" class=\"more-link\"><span class=\"screen-reader-text\">Geschichte<\/span> weiterlesen <span class=\"meta-nav\">&rarr;<\/span><\/a><\/p>\n","protected":false},"author":9,"featured_media":19483,"parent":302,"menu_order":0,"comment_status":"closed","ping_status":"open","template":"","meta":{"jetpack_post_was_ever_published":false,"footnotes":""},"class_list":["post-4003","page","type-page","status-publish","has-post-thumbnail","hentry"],"yoast_head":"<!-- This site is optimized with the Yoast SEO plugin v27.4 - https:\/\/yoast.com\/product\/yoast-seo-wordpress\/ -->\n<title>Geschichte - Gesamtschule Eiserfeld<\/title>\n<meta name=\"robots\" content=\"index, follow, max-snippet:-1, max-image-preview:large, max-video-preview:-1\" \/>\n<link rel=\"canonical\" href=\"https:\/\/www.gesamtschule-eiserfeld.de\/?page_id=4003\" \/>\n<meta property=\"og:locale\" content=\"de_DE\" \/>\n<meta property=\"og:type\" content=\"article\" \/>\n<meta property=\"og:title\" content=\"Geschichte - Gesamtschule Eiserfeld\" \/>\n<meta property=\"og:description\" content=\"&#8222;Geschichte ist nicht die Vergangenheit, sondern eine Karte der Vergangenheit, die aus einem bestimmten Blickwinkel gezeichnet wurde, um f\u00fcr den modernen Reisenden n\u00fctzlich zu sein.&#8220; Henry Glassie, US-Historiker Ziel der Fachschaft Geschichte an der Gesamtschule Eiserfeld ist es, die Sch\u00fclerinnen und Sch\u00fclern zu kompetenten \u201cmodernen Reisenden\u201c zu machen, indem sie die F\u00e4higkeit erlangen, die Karte &hellip; Geschichte weiterlesen &rarr;\" \/>\n<meta property=\"og:url\" content=\"https:\/\/www.gesamtschule-eiserfeld.de\/?page_id=4003\" \/>\n<meta property=\"og:site_name\" content=\"Gesamtschule Eiserfeld\" \/>\n<meta property=\"article:publisher\" content=\"https:\/\/www.facebook.com\/GEEiserfeld\" \/>\n<meta property=\"article:modified_time\" content=\"2025-08-26T07:04:13+00:00\" \/>\n<meta property=\"og:image\" content=\"https:\/\/www.gesamtschule-eiserfeld.de\/wp-content\/uploads\/2024\/12\/headergeschi.jpg\" \/>\n\t<meta property=\"og:image:width\" content=\"596\" \/>\n\t<meta property=\"og:image:height\" content=\"406\" \/>\n\t<meta property=\"og:image:type\" content=\"image\/jpeg\" \/>\n<meta name=\"twitter:card\" content=\"summary_large_image\" \/>\n<meta name=\"twitter:label1\" content=\"Gesch\u00e4tzte Lesezeit\" \/>\n\t<meta name=\"twitter:data1\" content=\"2\u00a0Minuten\" \/>\n<script type=\"application\/ld+json\" class=\"yoast-schema-graph\">{\"@context\":\"https:\\\/\\\/schema.org\",\"@graph\":[{\"@type\":\"WebPage\",\"@id\":\"https:\\\/\\\/www.gesamtschule-eiserfeld.de\\\/?page_id=4003\",\"url\":\"https:\\\/\\\/www.gesamtschule-eiserfeld.de\\\/?page_id=4003\",\"name\":\"Geschichte - Gesamtschule Eiserfeld\",\"isPartOf\":{\"@id\":\"https:\\\/\\\/www.gesamtschule-eiserfeld.de\\\/#website\"},\"primaryImageOfPage\":{\"@id\":\"https:\\\/\\\/www.gesamtschule-eiserfeld.de\\\/?page_id=4003#primaryimage\"},\"image\":{\"@id\":\"https:\\\/\\\/www.gesamtschule-eiserfeld.de\\\/?page_id=4003#primaryimage\"},\"thumbnailUrl\":\"https:\\\/\\\/i0.wp.com\\\/www.gesamtschule-eiserfeld.de\\\/wp-content\\\/uploads\\\/2024\\\/12\\\/headergeschi.jpg?fit=596%2C406&ssl=1\",\"datePublished\":\"2014-06-28T08:34:31+00:00\",\"dateModified\":\"2025-08-26T07:04:13+00:00\",\"breadcrumb\":{\"@id\":\"https:\\\/\\\/www.gesamtschule-eiserfeld.de\\\/?page_id=4003#breadcrumb\"},\"inLanguage\":\"de\",\"potentialAction\":[{\"@type\":\"ReadAction\",\"target\":[\"https:\\\/\\\/www.gesamtschule-eiserfeld.de\\\/?page_id=4003\"]}]},{\"@type\":\"ImageObject\",\"inLanguage\":\"de\",\"@id\":\"https:\\\/\\\/www.gesamtschule-eiserfeld.de\\\/?page_id=4003#primaryimage\",\"url\":\"https:\\\/\\\/i0.wp.com\\\/www.gesamtschule-eiserfeld.de\\\/wp-content\\\/uploads\\\/2024\\\/12\\\/headergeschi.jpg?fit=596%2C406&ssl=1\",\"contentUrl\":\"https:\\\/\\\/i0.wp.com\\\/www.gesamtschule-eiserfeld.de\\\/wp-content\\\/uploads\\\/2024\\\/12\\\/headergeschi.jpg?fit=596%2C406&ssl=1\",\"width\":596,\"height\":406},{\"@type\":\"BreadcrumbList\",\"@id\":\"https:\\\/\\\/www.gesamtschule-eiserfeld.de\\\/?page_id=4003#breadcrumb\",\"itemListElement\":[{\"@type\":\"ListItem\",\"position\":1,\"name\":\"Startseite\",\"item\":\"https:\\\/\\\/www.gesamtschule-eiserfeld.de\\\/\"},{\"@type\":\"ListItem\",\"position\":2,\"name\":\"Unterricht\",\"item\":\"https:\\\/\\\/www.gesamtschule-eiserfeld.de\\\/?page_id=74\"},{\"@type\":\"ListItem\",\"position\":3,\"name\":\"F\u00e4cher\",\"item\":\"https:\\\/\\\/www.gesamtschule-eiserfeld.de\\\/?page_id=302\"},{\"@type\":\"ListItem\",\"position\":4,\"name\":\"Geschichte\"}]},{\"@type\":\"WebSite\",\"@id\":\"https:\\\/\\\/www.gesamtschule-eiserfeld.de\\\/#website\",\"url\":\"https:\\\/\\\/www.gesamtschule-eiserfeld.de\\\/\",\"name\":\"Gesamtschule Eiserfeld\",\"description\":\"\",\"publisher\":{\"@id\":\"https:\\\/\\\/www.gesamtschule-eiserfeld.de\\\/#organization\"},\"potentialAction\":[{\"@type\":\"SearchAction\",\"target\":{\"@type\":\"EntryPoint\",\"urlTemplate\":\"https:\\\/\\\/www.gesamtschule-eiserfeld.de\\\/?s={search_term_string}\"},\"query-input\":{\"@type\":\"PropertyValueSpecification\",\"valueRequired\":true,\"valueName\":\"search_term_string\"}}],\"inLanguage\":\"de\"},{\"@type\":\"Organization\",\"@id\":\"https:\\\/\\\/www.gesamtschule-eiserfeld.de\\\/#organization\",\"name\":\"Gesamtschule Eiserfeld\",\"url\":\"https:\\\/\\\/www.gesamtschule-eiserfeld.de\\\/\",\"logo\":{\"@type\":\"ImageObject\",\"inLanguage\":\"de\",\"@id\":\"https:\\\/\\\/www.gesamtschule-eiserfeld.de\\\/#\\\/schema\\\/logo\\\/image\\\/\",\"url\":\"https:\\\/\\\/i1.wp.com\\\/www.gesamtschule-eiserfeld.de\\\/wp-content\\\/uploads\\\/2019\\\/01\\\/GEE-Logo-neu.jpg?fit=436%2C126&ssl=1\",\"contentUrl\":\"https:\\\/\\\/i1.wp.com\\\/www.gesamtschule-eiserfeld.de\\\/wp-content\\\/uploads\\\/2019\\\/01\\\/GEE-Logo-neu.jpg?fit=436%2C126&ssl=1\",\"width\":436,\"height\":126,\"caption\":\"Gesamtschule Eiserfeld\"},\"image\":{\"@id\":\"https:\\\/\\\/www.gesamtschule-eiserfeld.de\\\/#\\\/schema\\\/logo\\\/image\\\/\"},\"sameAs\":[\"https:\\\/\\\/www.facebook.com\\\/GEEiserfeld\"]}]}<\/script>\n<!-- \/ Yoast SEO plugin. -->","yoast_head_json":{"title":"Geschichte - Gesamtschule Eiserfeld","robots":{"index":"index","follow":"follow","max-snippet":"max-snippet:-1","max-image-preview":"max-image-preview:large","max-video-preview":"max-video-preview:-1"},"canonical":"https:\/\/www.gesamtschule-eiserfeld.de\/?page_id=4003","og_locale":"de_DE","og_type":"article","og_title":"Geschichte - Gesamtschule Eiserfeld","og_description":"&#8222;Geschichte ist nicht die Vergangenheit, sondern eine Karte der Vergangenheit, die aus einem bestimmten Blickwinkel gezeichnet wurde, um f\u00fcr den modernen Reisenden n\u00fctzlich zu sein.&#8220; Henry Glassie, US-Historiker Ziel der Fachschaft Geschichte an der Gesamtschule Eiserfeld ist es, die Sch\u00fclerinnen und Sch\u00fclern zu kompetenten \u201cmodernen Reisenden\u201c zu machen, indem sie die F\u00e4higkeit erlangen, die Karte &hellip; Geschichte weiterlesen &rarr;","og_url":"https:\/\/www.gesamtschule-eiserfeld.de\/?page_id=4003","og_site_name":"Gesamtschule Eiserfeld","article_publisher":"https:\/\/www.facebook.com\/GEEiserfeld","article_modified_time":"2025-08-26T07:04:13+00:00","og_image":[{"width":596,"height":406,"url":"https:\/\/www.gesamtschule-eiserfeld.de\/wp-content\/uploads\/2024\/12\/headergeschi.jpg","type":"image\/jpeg"}],"twitter_card":"summary_large_image","twitter_misc":{"Gesch\u00e4tzte Lesezeit":"2\u00a0Minuten"},"schema":{"@context":"https:\/\/schema.org","@graph":[{"@type":"WebPage","@id":"https:\/\/www.gesamtschule-eiserfeld.de\/?page_id=4003","url":"https:\/\/www.gesamtschule-eiserfeld.de\/?page_id=4003","name":"Geschichte - Gesamtschule Eiserfeld","isPartOf":{"@id":"https:\/\/www.gesamtschule-eiserfeld.de\/#website"},"primaryImageOfPage":{"@id":"https:\/\/www.gesamtschule-eiserfeld.de\/?page_id=4003#primaryimage"},"image":{"@id":"https:\/\/www.gesamtschule-eiserfeld.de\/?page_id=4003#primaryimage"},"thumbnailUrl":"https:\/\/i0.wp.com\/www.gesamtschule-eiserfeld.de\/wp-content\/uploads\/2024\/12\/headergeschi.jpg?fit=596%2C406&ssl=1","datePublished":"2014-06-28T08:34:31+00:00","dateModified":"2025-08-26T07:04:13+00:00","breadcrumb":{"@id":"https:\/\/www.gesamtschule-eiserfeld.de\/?page_id=4003#breadcrumb"},"inLanguage":"de","potentialAction":[{"@type":"ReadAction","target":["https:\/\/www.gesamtschule-eiserfeld.de\/?page_id=4003"]}]},{"@type":"ImageObject","inLanguage":"de","@id":"https:\/\/www.gesamtschule-eiserfeld.de\/?page_id=4003#primaryimage","url":"https:\/\/i0.wp.com\/www.gesamtschule-eiserfeld.de\/wp-content\/uploads\/2024\/12\/headergeschi.jpg?fit=596%2C406&ssl=1","contentUrl":"https:\/\/i0.wp.com\/www.gesamtschule-eiserfeld.de\/wp-content\/uploads\/2024\/12\/headergeschi.jpg?fit=596%2C406&ssl=1","width":596,"height":406},{"@type":"BreadcrumbList","@id":"https:\/\/www.gesamtschule-eiserfeld.de\/?page_id=4003#breadcrumb","itemListElement":[{"@type":"ListItem","position":1,"name":"Startseite","item":"https:\/\/www.gesamtschule-eiserfeld.de\/"},{"@type":"ListItem","position":2,"name":"Unterricht","item":"https:\/\/www.gesamtschule-eiserfeld.de\/?page_id=74"},{"@type":"ListItem","position":3,"name":"F\u00e4cher","item":"https:\/\/www.gesamtschule-eiserfeld.de\/?page_id=302"},{"@type":"ListItem","position":4,"name":"Geschichte"}]},{"@type":"WebSite","@id":"https:\/\/www.gesamtschule-eiserfeld.de\/#website","url":"https:\/\/www.gesamtschule-eiserfeld.de\/","name":"Gesamtschule Eiserfeld","description":"","publisher":{"@id":"https:\/\/www.gesamtschule-eiserfeld.de\/#organization"},"potentialAction":[{"@type":"SearchAction","target":{"@type":"EntryPoint","urlTemplate":"https:\/\/www.gesamtschule-eiserfeld.de\/?s={search_term_string}"},"query-input":{"@type":"PropertyValueSpecification","valueRequired":true,"valueName":"search_term_string"}}],"inLanguage":"de"},{"@type":"Organization","@id":"https:\/\/www.gesamtschule-eiserfeld.de\/#organization","name":"Gesamtschule Eiserfeld","url":"https:\/\/www.gesamtschule-eiserfeld.de\/","logo":{"@type":"ImageObject","inLanguage":"de","@id":"https:\/\/www.gesamtschule-eiserfeld.de\/#\/schema\/logo\/image\/","url":"https:\/\/i1.wp.com\/www.gesamtschule-eiserfeld.de\/wp-content\/uploads\/2019\/01\/GEE-Logo-neu.jpg?fit=436%2C126&ssl=1","contentUrl":"https:\/\/i1.wp.com\/www.gesamtschule-eiserfeld.de\/wp-content\/uploads\/2019\/01\/GEE-Logo-neu.jpg?fit=436%2C126&ssl=1","width":436,"height":126,"caption":"Gesamtschule Eiserfeld"},"image":{"@id":"https:\/\/www.gesamtschule-eiserfeld.de\/#\/schema\/logo\/image\/"},"sameAs":["https:\/\/www.facebook.com\/GEEiserfeld"]}]}},"jetpack_shortlink":"https:\/\/wp.me\/P2weeL-12z","jetpack_sharing_enabled":true,"_links":{"self":[{"href":"https:\/\/www.gesamtschule-eiserfeld.de\/index.php?rest_route=\/wp\/v2\/pages\/4003","targetHints":{"allow":["GET"]}}],"collection":[{"href":"https:\/\/www.gesamtschule-eiserfeld.de\/index.php?rest_route=\/wp\/v2\/pages"}],"about":[{"href":"https:\/\/www.gesamtschule-eiserfeld.de\/index.php?rest_route=\/wp\/v2\/types\/page"}],"author":[{"embeddable":true,"href":"https:\/\/www.gesamtschule-eiserfeld.de\/index.php?rest_route=\/wp\/v2\/users\/9"}],"replies":[{"embeddable":true,"href":"https:\/\/www.gesamtschule-eiserfeld.de\/index.php?rest_route=%2Fwp%2Fv2%2Fcomments&post=4003"}],"version-history":[{"count":3,"href":"https:\/\/www.gesamtschule-eiserfeld.de\/index.php?rest_route=\/wp\/v2\/pages\/4003\/revisions"}],"predecessor-version":[{"id":20305,"href":"https:\/\/www.gesamtschule-eiserfeld.de\/index.php?rest_route=\/wp\/v2\/pages\/4003\/revisions\/20305"}],"up":[{"embeddable":true,"href":"https:\/\/www.gesamtschule-eiserfeld.de\/index.php?rest_route=\/wp\/v2\/pages\/302"}],"wp:featuredmedia":[{"embeddable":true,"href":"https:\/\/www.gesamtschule-eiserfeld.de\/index.php?rest_route=\/wp\/v2\/media\/19483"}],"wp:attachment":[{"href":"https:\/\/www.gesamtschule-eiserfeld.de\/index.php?rest_route=%2Fwp%2Fv2%2Fmedia&parent=4003"}],"curies":[{"name":"wp","href":"https:\/\/api.w.org\/{rel}","templated":true}]}}