{"id":4201,"date":"2014-08-21T12:29:28","date_gmt":"2014-08-21T11:29:28","guid":{"rendered":"http:\/\/ge-eiserfeld.de\/?page_id=4201"},"modified":"2024-12-05T20:49:06","modified_gmt":"2024-12-05T19:49:06","slug":"evangelische-religion","status":"publish","type":"page","link":"https:\/\/www.gesamtschule-eiserfeld.de\/?page_id=4201","title":{"rendered":"Religion"},"content":{"rendered":"\n<p>Gleich am ersten Tag an unserer Schule erleben die neuen F\u00fcnftkl\u00e4ssler das Fach Religion hautnah \u2013 im Einschulungsgottesdienst. Und hier zeigt sich auch schon, wie der Religionsunterricht bei uns an der Schule l\u00e4uft: nah am Leben der Sch\u00fclerinnen und Sch\u00fcler und offen f\u00fcr alle Kinder!<\/p>\n\n\n\n<p>Gibt es eigentlich Gott und wenn ja, wie ist er so? Wie war das nochmal\u00a0 mit Jesus? Wozu brauche ich Religion in meinem Leben? Heute noch in der Bibel lesen? Was hei\u00dft evangelisch, katholisch, freikirchlich? \u2026 Diese und viele andere Fragen rund um das Thema Glaube und Religion besch\u00e4ftigen uns im Religionsunterricht. Neben dem christlichen Glauben und unseren Konfessionen lassen wir aber auch die anderen gro\u00dfen Religionen nicht aus dem Blick und schauen, wie Menschen dort glauben und leben.<\/p>\n\n\n\n<p>Mit zunehmendem Alter werden die Fragen komplizierter und die Antworten komplexer. So werden in der Oberstufe die in der Sekundarstufe I gelegten Grundlagen, z.B. im Bereich der Theologie und Christologie, erweitert und vertieft. Sch\u00fclerinnen und Sch\u00fcler haben bei uns auch die M\u00f6glichkeit, die Abiturpr\u00fcfung im 4. Fach in Religion abzulegen.<\/p>\n\n\n\n<p>Wenn Sie mehr \u00fcber die Unterrichtsinhalte im Fach Religion erfahren m\u00f6chten, k\u00f6nnen Sie sich hier informieren:<\/p>\n\n\n\n<p><a href=\"http:\/\/gesamtschule-eiserfeld.de\/HP%20Downloads\/Stoffverteilungsplan%20-%20Reli%20-%20Sekundarstufe%20I.pdf\" target=\"_blank\" rel=\"noopener noreferrer\">Stoffverteilungsplan SI<\/a><\/p>\n\n\n\n<p><a href=\"http:\/\/gesamtschule-eiserfeld.de\/HP%20Downloads\/Curriculum%20Reli%20-%205%20evangelisch.pdf\" target=\"_blank\" rel=\"noopener noreferrer\">Lehrplan (evangelisch) Jgs 5<\/a><\/p>\n\n\n\n<p><a href=\"http:\/\/gesamtschule-eiserfeld.de\/HP%20Downloads\/Curriculum%20Reli%20-%206%20evangelisch.pdf\" target=\"_blank\" rel=\"noopener noreferrer\">Lehrplan (evangelisch) Jgs 6<\/a><\/p>\n\n\n\n<p><a href=\"http:\/\/gesamtschule-eiserfeld.de\/HP%20Downloads\/Lehrplan%20Jahrgangsstufe%207%20evangelisch.pdf\" target=\"_blank\" rel=\"noopener noreferrer\">Lehrplan (evangelisch) Jgs 7<\/a><\/p>\n\n\n\n<p><a href=\"http:\/\/gesamtschule-eiserfeld.de\/HP%20Downloads\/Lehrplan%20Jahrgangsstufe%208%20evangelisch.pdf\" target=\"_blank\" rel=\"noopener noreferrer\">Lehrplan (evangelisch) Jgs 8<\/a><\/p>\n\n\n\n<p><a href=\"http:\/\/gesamtschule-eiserfeld.de\/HP%20Downloads\/Lehrplan%20Jahrgangsstufe%209%20evangelisch.pdf\" target=\"_blank\" rel=\"noopener noreferrer\">Lehrplan (evangelisch) Jgs 9<\/a><\/p>\n\n\n\n<p><a href=\"http:\/\/gesamtschule-eiserfeld.de\/HP%20Downloads\/Curriculum%20Reli%20-%20Jahrgangsstufe%2010%20evangelisch.pdf\" target=\"_blank\" rel=\"noopener noreferrer\">Lehrplan (evangelisch) Jgs 10<\/a><\/p>\n\n\n\n<p><a href=\"http:\/\/gesamtschule-eiserfeld.de\/HP%20Downloads\/Curriculum%20Reli%20-%205%20katholisch.pdf\" target=\"_blank\" rel=\"noopener noreferrer\">Lehrplan (katholisch) Jgs 5<\/a><\/p>\n\n\n\n<p><a href=\"http:\/\/gesamtschule-eiserfeld.de\/HP%20Downloads\/Curriculum%20Reli%20-%206%20katholisch.pdf\" target=\"_blank\" rel=\"noopener noreferrer\">Lehrplan (katholisch) Jgs 6<\/a><\/p>\n\n\n\n<p><a href=\"http:\/\/gesamtschule-eiserfeld.de\/HP%20Downloads\/Lehrplan%20Jahrgangsstufe%207%20katholisch.pdf\" target=\"_blank\" rel=\"noopener noreferrer\">Lehrplan (katholisch) Jgs 7<\/a><\/p>\n\n\n\n<p><a href=\"http:\/\/gesamtschule-eiserfeld.de\/HP%20Downloads\/Lehrplan%20Jahrgangsstufe%208%20katholisch.pdf\" target=\"_blank\" rel=\"noopener noreferrer\">Lehrplan (katholisch) Jgs 8<\/a><\/p>\n\n\n\n<p><a href=\"http:\/\/gesamtschule-eiserfeld.de\/HP%20Downloads\/Lehrplan%20Jahrgangsstufe%209%20katholisch.pdf\" target=\"_blank\" rel=\"noopener noreferrer\">Lehrplan (katholisch) Jgs 9<\/a><\/p>\n\n\n\n<p><a href=\"http:\/\/gesamtschule-eiserfeld.de\/HP%20Downloads\/Curriculum%20Reli%20-%20Jahrgangsstufe%2010%20katholisch.pdf\" target=\"_blank\" rel=\"noopener noreferrer\">Lehrplan (katholisch) Jgs 10<\/a><\/p>\n\n\n\n<p><a href=\"http:\/\/gesamtschule-eiserfeld.de\/HP%20Downloads\/rahmenplanEF.pdf\" target=\"_blank\" rel=\"noopener noreferrer\">Lehrplan EF (evangelisch)<\/a><\/p>\n\n\n\n<p><a href=\"http:\/\/gesamtschule-eiserfeld.de\/HP%20Downloads\/Curriculum%20Reli%20-%20EF%20Katholische%20Religionslehre.pdf\" target=\"_blank\" rel=\"noopener noreferrer\">Lehrplan EF (katholisch)<\/a><\/p>\n\n\n\n<p><a href=\"http:\/\/gesamtschule-eiserfeld.de\/HP%20Downloads\/Curriculum%20Reli%20-%20Q1%20und%20Q2%20Katholische%20Religionslehre.pdf\" target=\"_blank\" rel=\"noopener noreferrer\">Lehrplan Q1 und Q2 (katholisch)<\/a><\/p>\n\n\n\n<p><a href=\"http:\/\/www.gesamtschule-eiserfeld.de\/HP%20Downloads\/Schulinterner%20Lehrplan%20Q1%20ER.pdf\">Lehrplan Q1 (evangelisch)<\/a><\/p>\n\n\n\n<p><a href=\"http:\/\/www.gesamtschule-eiserfeld.de\/HP%20Downloads\/Lehrplan%20Reli%20evangelisch%20Q2.pdf\">Lehrplan Q2 (evangelisch)<\/a><\/p>\n\n\n\n<p><a href=\"https:\/\/www.gesamtschule-eiserfeld.de\/wp-content\/uploads\/2020\/06\/Medienkompetenzrahmen-Religion-Sekundarstufe-1-Tabelle6506.pdf\">Medienkompetenzrahmen Religion Sekundarstufe 1 <\/a><\/p>\n\n\n\n<p><a href=\"https:\/\/www.gesamtschule-eiserfeld.de\/wp-content\/uploads\/2021\/08\/Konzept-KoKoRU-komplett11585.pdf\">Konzept KoKoRU <\/a><\/p>\n\n\n\n<p><a href=\"https:\/\/www.gesamtschule-eiserfeld.de\/wp-content\/uploads\/2021\/08\/Berufsorientierung-im-Fachunterricht-\u2013-Kopie.pdf\">Berufsorientierung im Fachunterricht<\/a><\/p>\n","protected":false},"excerpt":{"rendered":"<p>Gleich am ersten Tag an unserer Schule erleben die neuen F\u00fcnftkl\u00e4ssler das Fach Religion hautnah \u2013 im Einschulungsgottesdienst. Und hier zeigt sich auch schon, wie der Religionsunterricht bei uns an der Schule l\u00e4uft: nah am Leben der Sch\u00fclerinnen und Sch\u00fcler und offen f\u00fcr alle Kinder! Gibt es eigentlich Gott und wenn ja, wie ist er &hellip; <a href=\"https:\/\/www.gesamtschule-eiserfeld.de\/?page_id=4201\" class=\"more-link\"><span class=\"screen-reader-text\">Religion<\/span> weiterlesen <span class=\"meta-nav\">&rarr;<\/span><\/a><\/p>\n","protected":false},"author":9,"featured_media":19502,"parent":302,"menu_order":0,"comment_status":"closed","ping_status":"open","template":"","meta":{"jetpack_post_was_ever_published":false,"footnotes":""},"class_list":["post-4201","page","type-page","status-publish","has-post-thumbnail","hentry"],"yoast_head":"<!-- This site is optimized with the Yoast SEO plugin v27.4 - https:\/\/yoast.com\/product\/yoast-seo-wordpress\/ -->\n<title>Religion - Gesamtschule Eiserfeld<\/title>\n<meta name=\"robots\" content=\"index, follow, max-snippet:-1, max-image-preview:large, max-video-preview:-1\" \/>\n<link rel=\"canonical\" href=\"https:\/\/www.gesamtschule-eiserfeld.de\/?page_id=4201\" \/>\n<meta property=\"og:locale\" content=\"de_DE\" \/>\n<meta property=\"og:type\" content=\"article\" \/>\n<meta property=\"og:title\" content=\"Religion - Gesamtschule Eiserfeld\" \/>\n<meta property=\"og:description\" content=\"Gleich am ersten Tag an unserer Schule erleben die neuen F\u00fcnftkl\u00e4ssler das Fach Religion hautnah \u2013 im Einschulungsgottesdienst. Und hier zeigt sich auch schon, wie der Religionsunterricht bei uns an der Schule l\u00e4uft: nah am Leben der Sch\u00fclerinnen und Sch\u00fcler und offen f\u00fcr alle Kinder! Gibt es eigentlich Gott und wenn ja, wie ist er &hellip; Religion weiterlesen &rarr;\" \/>\n<meta property=\"og:url\" content=\"https:\/\/www.gesamtschule-eiserfeld.de\/?page_id=4201\" \/>\n<meta property=\"og:site_name\" content=\"Gesamtschule Eiserfeld\" \/>\n<meta property=\"article:publisher\" content=\"https:\/\/www.facebook.com\/GEEiserfeld\" \/>\n<meta property=\"article:modified_time\" content=\"2024-12-05T19:49:06+00:00\" \/>\n<meta property=\"og:image\" content=\"https:\/\/www.gesamtschule-eiserfeld.de\/wp-content\/uploads\/2024\/12\/headerreli.jpg\" \/>\n\t<meta property=\"og:image:width\" content=\"602\" \/>\n\t<meta property=\"og:image:height\" content=\"394\" \/>\n\t<meta property=\"og:image:type\" content=\"image\/jpeg\" \/>\n<meta name=\"twitter:card\" content=\"summary_large_image\" \/>\n<meta name=\"twitter:label1\" content=\"Gesch\u00e4tzte Lesezeit\" \/>\n\t<meta name=\"twitter:data1\" content=\"2\u00a0Minuten\" \/>\n<script type=\"application\/ld+json\" class=\"yoast-schema-graph\">{\"@context\":\"https:\\\/\\\/schema.org\",\"@graph\":[{\"@type\":\"WebPage\",\"@id\":\"https:\\\/\\\/www.gesamtschule-eiserfeld.de\\\/?page_id=4201\",\"url\":\"https:\\\/\\\/www.gesamtschule-eiserfeld.de\\\/?page_id=4201\",\"name\":\"Religion - Gesamtschule Eiserfeld\",\"isPartOf\":{\"@id\":\"https:\\\/\\\/www.gesamtschule-eiserfeld.de\\\/#website\"},\"primaryImageOfPage\":{\"@id\":\"https:\\\/\\\/www.gesamtschule-eiserfeld.de\\\/?page_id=4201#primaryimage\"},\"image\":{\"@id\":\"https:\\\/\\\/www.gesamtschule-eiserfeld.de\\\/?page_id=4201#primaryimage\"},\"thumbnailUrl\":\"https:\\\/\\\/i0.wp.com\\\/www.gesamtschule-eiserfeld.de\\\/wp-content\\\/uploads\\\/2024\\\/12\\\/headerreli.jpg?fit=602%2C394&ssl=1\",\"datePublished\":\"2014-08-21T11:29:28+00:00\",\"dateModified\":\"2024-12-05T19:49:06+00:00\",\"breadcrumb\":{\"@id\":\"https:\\\/\\\/www.gesamtschule-eiserfeld.de\\\/?page_id=4201#breadcrumb\"},\"inLanguage\":\"de\",\"potentialAction\":[{\"@type\":\"ReadAction\",\"target\":[\"https:\\\/\\\/www.gesamtschule-eiserfeld.de\\\/?page_id=4201\"]}]},{\"@type\":\"ImageObject\",\"inLanguage\":\"de\",\"@id\":\"https:\\\/\\\/www.gesamtschule-eiserfeld.de\\\/?page_id=4201#primaryimage\",\"url\":\"https:\\\/\\\/i0.wp.com\\\/www.gesamtschule-eiserfeld.de\\\/wp-content\\\/uploads\\\/2024\\\/12\\\/headerreli.jpg?fit=602%2C394&ssl=1\",\"contentUrl\":\"https:\\\/\\\/i0.wp.com\\\/www.gesamtschule-eiserfeld.de\\\/wp-content\\\/uploads\\\/2024\\\/12\\\/headerreli.jpg?fit=602%2C394&ssl=1\",\"width\":602,\"height\":394},{\"@type\":\"BreadcrumbList\",\"@id\":\"https:\\\/\\\/www.gesamtschule-eiserfeld.de\\\/?page_id=4201#breadcrumb\",\"itemListElement\":[{\"@type\":\"ListItem\",\"position\":1,\"name\":\"Startseite\",\"item\":\"https:\\\/\\\/www.gesamtschule-eiserfeld.de\\\/\"},{\"@type\":\"ListItem\",\"position\":2,\"name\":\"Unterricht\",\"item\":\"https:\\\/\\\/www.gesamtschule-eiserfeld.de\\\/?page_id=74\"},{\"@type\":\"ListItem\",\"position\":3,\"name\":\"F\u00e4cher\",\"item\":\"https:\\\/\\\/www.gesamtschule-eiserfeld.de\\\/?page_id=302\"},{\"@type\":\"ListItem\",\"position\":4,\"name\":\"Religion\"}]},{\"@type\":\"WebSite\",\"@id\":\"https:\\\/\\\/www.gesamtschule-eiserfeld.de\\\/#website\",\"url\":\"https:\\\/\\\/www.gesamtschule-eiserfeld.de\\\/\",\"name\":\"Gesamtschule Eiserfeld\",\"description\":\"\",\"publisher\":{\"@id\":\"https:\\\/\\\/www.gesamtschule-eiserfeld.de\\\/#organization\"},\"potentialAction\":[{\"@type\":\"SearchAction\",\"target\":{\"@type\":\"EntryPoint\",\"urlTemplate\":\"https:\\\/\\\/www.gesamtschule-eiserfeld.de\\\/?s={search_term_string}\"},\"query-input\":{\"@type\":\"PropertyValueSpecification\",\"valueRequired\":true,\"valueName\":\"search_term_string\"}}],\"inLanguage\":\"de\"},{\"@type\":\"Organization\",\"@id\":\"https:\\\/\\\/www.gesamtschule-eiserfeld.de\\\/#organization\",\"name\":\"Gesamtschule Eiserfeld\",\"url\":\"https:\\\/\\\/www.gesamtschule-eiserfeld.de\\\/\",\"logo\":{\"@type\":\"ImageObject\",\"inLanguage\":\"de\",\"@id\":\"https:\\\/\\\/www.gesamtschule-eiserfeld.de\\\/#\\\/schema\\\/logo\\\/image\\\/\",\"url\":\"https:\\\/\\\/i1.wp.com\\\/www.gesamtschule-eiserfeld.de\\\/wp-content\\\/uploads\\\/2019\\\/01\\\/GEE-Logo-neu.jpg?fit=436%2C126&ssl=1\",\"contentUrl\":\"https:\\\/\\\/i1.wp.com\\\/www.gesamtschule-eiserfeld.de\\\/wp-content\\\/uploads\\\/2019\\\/01\\\/GEE-Logo-neu.jpg?fit=436%2C126&ssl=1\",\"width\":436,\"height\":126,\"caption\":\"Gesamtschule Eiserfeld\"},\"image\":{\"@id\":\"https:\\\/\\\/www.gesamtschule-eiserfeld.de\\\/#\\\/schema\\\/logo\\\/image\\\/\"},\"sameAs\":[\"https:\\\/\\\/www.facebook.com\\\/GEEiserfeld\"]}]}<\/script>\n<!-- \/ Yoast SEO plugin. -->","yoast_head_json":{"title":"Religion - Gesamtschule Eiserfeld","robots":{"index":"index","follow":"follow","max-snippet":"max-snippet:-1","max-image-preview":"max-image-preview:large","max-video-preview":"max-video-preview:-1"},"canonical":"https:\/\/www.gesamtschule-eiserfeld.de\/?page_id=4201","og_locale":"de_DE","og_type":"article","og_title":"Religion - Gesamtschule Eiserfeld","og_description":"Gleich am ersten Tag an unserer Schule erleben die neuen F\u00fcnftkl\u00e4ssler das Fach Religion hautnah \u2013 im Einschulungsgottesdienst. Und hier zeigt sich auch schon, wie der Religionsunterricht bei uns an der Schule l\u00e4uft: nah am Leben der Sch\u00fclerinnen und Sch\u00fcler und offen f\u00fcr alle Kinder! Gibt es eigentlich Gott und wenn ja, wie ist er &hellip; Religion weiterlesen &rarr;","og_url":"https:\/\/www.gesamtschule-eiserfeld.de\/?page_id=4201","og_site_name":"Gesamtschule Eiserfeld","article_publisher":"https:\/\/www.facebook.com\/GEEiserfeld","article_modified_time":"2024-12-05T19:49:06+00:00","og_image":[{"width":602,"height":394,"url":"https:\/\/www.gesamtschule-eiserfeld.de\/wp-content\/uploads\/2024\/12\/headerreli.jpg","type":"image\/jpeg"}],"twitter_card":"summary_large_image","twitter_misc":{"Gesch\u00e4tzte Lesezeit":"2\u00a0Minuten"},"schema":{"@context":"https:\/\/schema.org","@graph":[{"@type":"WebPage","@id":"https:\/\/www.gesamtschule-eiserfeld.de\/?page_id=4201","url":"https:\/\/www.gesamtschule-eiserfeld.de\/?page_id=4201","name":"Religion - Gesamtschule Eiserfeld","isPartOf":{"@id":"https:\/\/www.gesamtschule-eiserfeld.de\/#website"},"primaryImageOfPage":{"@id":"https:\/\/www.gesamtschule-eiserfeld.de\/?page_id=4201#primaryimage"},"image":{"@id":"https:\/\/www.gesamtschule-eiserfeld.de\/?page_id=4201#primaryimage"},"thumbnailUrl":"https:\/\/i0.wp.com\/www.gesamtschule-eiserfeld.de\/wp-content\/uploads\/2024\/12\/headerreli.jpg?fit=602%2C394&ssl=1","datePublished":"2014-08-21T11:29:28+00:00","dateModified":"2024-12-05T19:49:06+00:00","breadcrumb":{"@id":"https:\/\/www.gesamtschule-eiserfeld.de\/?page_id=4201#breadcrumb"},"inLanguage":"de","potentialAction":[{"@type":"ReadAction","target":["https:\/\/www.gesamtschule-eiserfeld.de\/?page_id=4201"]}]},{"@type":"ImageObject","inLanguage":"de","@id":"https:\/\/www.gesamtschule-eiserfeld.de\/?page_id=4201#primaryimage","url":"https:\/\/i0.wp.com\/www.gesamtschule-eiserfeld.de\/wp-content\/uploads\/2024\/12\/headerreli.jpg?fit=602%2C394&ssl=1","contentUrl":"https:\/\/i0.wp.com\/www.gesamtschule-eiserfeld.de\/wp-content\/uploads\/2024\/12\/headerreli.jpg?fit=602%2C394&ssl=1","width":602,"height":394},{"@type":"BreadcrumbList","@id":"https:\/\/www.gesamtschule-eiserfeld.de\/?page_id=4201#breadcrumb","itemListElement":[{"@type":"ListItem","position":1,"name":"Startseite","item":"https:\/\/www.gesamtschule-eiserfeld.de\/"},{"@type":"ListItem","position":2,"name":"Unterricht","item":"https:\/\/www.gesamtschule-eiserfeld.de\/?page_id=74"},{"@type":"ListItem","position":3,"name":"F\u00e4cher","item":"https:\/\/www.gesamtschule-eiserfeld.de\/?page_id=302"},{"@type":"ListItem","position":4,"name":"Religion"}]},{"@type":"WebSite","@id":"https:\/\/www.gesamtschule-eiserfeld.de\/#website","url":"https:\/\/www.gesamtschule-eiserfeld.de\/","name":"Gesamtschule Eiserfeld","description":"","publisher":{"@id":"https:\/\/www.gesamtschule-eiserfeld.de\/#organization"},"potentialAction":[{"@type":"SearchAction","target":{"@type":"EntryPoint","urlTemplate":"https:\/\/www.gesamtschule-eiserfeld.de\/?s={search_term_string}"},"query-input":{"@type":"PropertyValueSpecification","valueRequired":true,"valueName":"search_term_string"}}],"inLanguage":"de"},{"@type":"Organization","@id":"https:\/\/www.gesamtschule-eiserfeld.de\/#organization","name":"Gesamtschule Eiserfeld","url":"https:\/\/www.gesamtschule-eiserfeld.de\/","logo":{"@type":"ImageObject","inLanguage":"de","@id":"https:\/\/www.gesamtschule-eiserfeld.de\/#\/schema\/logo\/image\/","url":"https:\/\/i1.wp.com\/www.gesamtschule-eiserfeld.de\/wp-content\/uploads\/2019\/01\/GEE-Logo-neu.jpg?fit=436%2C126&ssl=1","contentUrl":"https:\/\/i1.wp.com\/www.gesamtschule-eiserfeld.de\/wp-content\/uploads\/2019\/01\/GEE-Logo-neu.jpg?fit=436%2C126&ssl=1","width":436,"height":126,"caption":"Gesamtschule Eiserfeld"},"image":{"@id":"https:\/\/www.gesamtschule-eiserfeld.de\/#\/schema\/logo\/image\/"},"sameAs":["https:\/\/www.facebook.com\/GEEiserfeld"]}]}},"jetpack_shortlink":"https:\/\/wp.me\/P2weeL-15L","jetpack_sharing_enabled":true,"_links":{"self":[{"href":"https:\/\/www.gesamtschule-eiserfeld.de\/index.php?rest_route=\/wp\/v2\/pages\/4201","targetHints":{"allow":["GET"]}}],"collection":[{"href":"https:\/\/www.gesamtschule-eiserfeld.de\/index.php?rest_route=\/wp\/v2\/pages"}],"about":[{"href":"https:\/\/www.gesamtschule-eiserfeld.de\/index.php?rest_route=\/wp\/v2\/types\/page"}],"author":[{"embeddable":true,"href":"https:\/\/www.gesamtschule-eiserfeld.de\/index.php?rest_route=\/wp\/v2\/users\/9"}],"replies":[{"embeddable":true,"href":"https:\/\/www.gesamtschule-eiserfeld.de\/index.php?rest_route=%2Fwp%2Fv2%2Fcomments&post=4201"}],"version-history":[{"count":1,"href":"https:\/\/www.gesamtschule-eiserfeld.de\/index.php?rest_route=\/wp\/v2\/pages\/4201\/revisions"}],"predecessor-version":[{"id":19504,"href":"https:\/\/www.gesamtschule-eiserfeld.de\/index.php?rest_route=\/wp\/v2\/pages\/4201\/revisions\/19504"}],"up":[{"embeddable":true,"href":"https:\/\/www.gesamtschule-eiserfeld.de\/index.php?rest_route=\/wp\/v2\/pages\/302"}],"wp:featuredmedia":[{"embeddable":true,"href":"https:\/\/www.gesamtschule-eiserfeld.de\/index.php?rest_route=\/wp\/v2\/media\/19502"}],"wp:attachment":[{"href":"https:\/\/www.gesamtschule-eiserfeld.de\/index.php?rest_route=%2Fwp%2Fv2%2Fmedia&parent=4201"}],"curies":[{"name":"wp","href":"https:\/\/api.w.org\/{rel}","templated":true}]}}