{"id":4643,"date":"2014-12-06T13:13:14","date_gmt":"2014-12-06T12:13:14","guid":{"rendered":"http:\/\/ge-eiserfeld.de\/?page_id=4643"},"modified":"2025-12-02T13:45:13","modified_gmt":"2025-12-02T12:45:13","slug":"arbeitslehre","status":"publish","type":"page","link":"https:\/\/www.gesamtschule-eiserfeld.de\/?page_id=4643","title":{"rendered":"Arbeitslehre"},"content":{"rendered":"\n<p><b><img data-recalc-dims=\"1\" loading=\"lazy\" decoding=\"async\" style=\"background-image: none; float: left; padding-top: 0px; padding-left: 0px; margin: 0px 10px 0px 0px; display: inline; padding-right: 0px; border: 0px;\" title=\"2014-12-12_13.00.08\" src=\"https:\/\/i0.wp.com\/gesamtschule-eiserfeld.de\/wp-content\/uploads\/2015\/08\/2014-12-12_13.00.08.jpg?resize=244%2C244\" alt=\"2014-12-12_13.00.08\" width=\"244\" height=\"244\" align=\"left\" border=\"0\">Das Fach Arbeitslehre \u2013 Lernen f\u00fcr das Leben und die Arbeit<\/b><\/p>\n\n\n\n<p>Immer wieder ist der Wunsch zu h\u00f6ren, dass in der Schule Dinge gelernt werden sollten, die schon auf den ersten Blick mit dem t\u00e4glichen Leben etwas zu tun haben und unabh\u00e4ngig vom sp\u00e4teren Beruf f\u00fcr (fast) alle wichtig sind. Wir behaupten, dass sich das Fach Arbeitslehre bem\u00fcht, diesem Anspruch gerecht zu werden. Egal, ob man einen Nagel in die Wand schlagen, einen \u00dcberweisungsauftrag ausf\u00fcllen oder ein Rezept richtig lesen muss, im Fach Arbeitslehre geh\u00f6rt dies, neben vielen anderen Aspekten, zum Lehrplan.<\/p>\n\n\n\n<p>Das Fach <i>Arbeitslehre<\/i> wird an unserer Schule von der 5. bis zur 10. Klasse in verschiedenen Ausf\u00fchrungen unterrichtet:<\/p>\n\n\n\n<ul class=\"wp-block-list\">\n<li>Arbeitslehre Technik (AT)<\/li>\n\n\n\n<li>Arbeitslehre Wirtschaft (AW)<\/li>\n\n\n\n<li>Arbeitslehre Hauswirtschaft (HW)<\/li>\n\n\n\n<li>Wirtschaft und Arbeitswelt (WA)<\/li>\n<\/ul>\n\n\n\n<p><u>\u00dcbersicht schulinternes Curriculum:<\/u><\/p>\n\n\n\n<p>1. Arbeitslehre Technik:<\/p>\n\n\n\n<p><a href=\"https:\/\/www.gesamtschule-eiserfeld.de\/wp-content\/uploads\/2020\/11\/Schulinternes-Curriculum-Technik-Jahrgang-5.pdf\">Jahrgang 5<\/a><br><a href=\"https:\/\/www.gesamtschule-eiserfeld.de\/wp-content\/uploads\/2020\/11\/Schulinternes-Curriculum-Technik-Jahrgang-6.pdf\">Jahrgang 6<\/a><br><a href=\"https:\/\/www.gesamtschule-eiserfeld.de\/wp-content\/uploads\/2020\/11\/Schulinternes-Curriculum-Technik-Jahrgang-7.pdf\">Jahrgang 7<\/a><\/p>\n\n\n\n<p>2. Arbeitslehre Hauswirtschaft<\/p>\n\n\n\n<p><a href=\"https:\/\/www.gesamtschule-eiserfeld.de\/wp-content\/uploads\/2020\/11\/Schulinternes-Curriculum-Hauswirtschaft-Jahrgang-5.pdf\">Jahrgang 5<\/a><br><a href=\"https:\/\/www.gesamtschule-eiserfeld.de\/wp-content\/uploads\/2020\/11\/Schulinternes-Curriculum-Hauswirtschaft-Jahrgang-6.pdf\">Jahrgang 6<\/a><br><a href=\"https:\/\/www.gesamtschule-eiserfeld.de\/wp-content\/uploads\/2020\/11\/Schulinternes-Curriculum-Hauswirtschaft-Jahrgang-8.pdf\">Jahrgang 8<\/a><\/p>\n\n\n\n<p>3. <a href=\"http:\/\/gesamtschule-eiserfeld.de\/HP%20Downloads\/4.%20Arbeitslehre%20Wirtschaft.pdf\" target=\"_blank\" rel=\"noopener noreferrer\">Arbeitslehre Wirtschaft<\/a><\/p>\n\n\n\n<p>4. <a href=\"http:\/\/gesamtschule-eiserfeld.de\/HP%20Downloads\/Grundlagen%20der%20Notengebung.pdf\" target=\"_blank\" rel=\"noopener noreferrer\">Grundlagen der Notengebung<\/a><\/p>\n\n\n\n<p>5. <a href=\"http:\/\/gesamtschule-eiserfeld.de\/HP%20Downloads\/Verteilung%20der%20Teildisziplinen.pdf\" target=\"_blank\" rel=\"noopener noreferrer\">Verteilung der Teildisziplinen auf die Halbjahre<\/a><\/p>\n\n\n\n<p>6.  Wirtschaft und Arbeitswelt &#8211; WP1:<\/p>\n\n\n\n<p><a href=\"https:\/\/www.gesamtschule-eiserfeld.de\/wp-content\/uploads\/2024\/12\/Wirtschaft-und-Arbeitswelt-Grundlagen.pdf\">Grundlagen Wirtschaft und Arbeitswelt<\/a><br><a href=\"https:\/\/www.gesamtschule-eiserfeld.de\/wp-content\/uploads\/2024\/12\/Jahrgangsstufe-7-WH.pdf\">Jahrgang 7 Wirtschaft und Arbeitswelt<\/a><br><a href=\"https:\/\/www.gesamtschule-eiserfeld.de\/wp-content\/uploads\/2024\/12\/Jahrgangsstufe-8-WH.pdf\">Jahrgang 8 Wirtschaft und Arbeitswelt<\/a><\/p>\n\n\n\n<p>Auf unseren Seiten finden Sie in der Regel einen kurzen Einleitungstext und Informationen zu den Inhalten der Unterrichtsthemen und -reihen. Viel Spa\u00df beim St\u00f6bern.<\/p>\n\n\n\n<p>Wir sind bem\u00fcht unser Schulcurriculum aktuell zu halten und auf Ver\u00e4nderungen zu reagieren. Es kann aber vorkommen, dass manche Seiten noch nicht auf dem neuesten Stand sind. Wir bitten hier um Ihr Verst\u00e4ndnis.<\/p>\n","protected":false},"excerpt":{"rendered":"<p>Das Fach Arbeitslehre \u2013 Lernen f\u00fcr das Leben und die Arbeit Immer wieder ist der Wunsch zu h\u00f6ren, dass in der Schule Dinge gelernt werden sollten, die schon auf den ersten Blick mit dem t\u00e4glichen Leben etwas zu tun haben und unabh\u00e4ngig vom sp\u00e4teren Beruf f\u00fcr (fast) alle wichtig sind. Wir behaupten, dass sich das &hellip; <a href=\"https:\/\/www.gesamtschule-eiserfeld.de\/?page_id=4643\" class=\"more-link\"><span class=\"screen-reader-text\">Arbeitslehre<\/span> weiterlesen <span class=\"meta-nav\">&rarr;<\/span><\/a><\/p>\n","protected":false},"author":9,"featured_media":19624,"parent":302,"menu_order":0,"comment_status":"closed","ping_status":"open","template":"","meta":{"jetpack_post_was_ever_published":false,"footnotes":""},"class_list":["post-4643","page","type-page","status-publish","has-post-thumbnail","hentry"],"yoast_head":"<!-- This site is optimized with the Yoast SEO plugin v27.4 - https:\/\/yoast.com\/product\/yoast-seo-wordpress\/ -->\n<title>Arbeitslehre - Gesamtschule Eiserfeld<\/title>\n<meta name=\"robots\" content=\"index, follow, max-snippet:-1, max-image-preview:large, max-video-preview:-1\" \/>\n<link rel=\"canonical\" href=\"https:\/\/www.gesamtschule-eiserfeld.de\/?page_id=4643\" \/>\n<meta property=\"og:locale\" content=\"de_DE\" \/>\n<meta property=\"og:type\" content=\"article\" \/>\n<meta property=\"og:title\" content=\"Arbeitslehre - Gesamtschule Eiserfeld\" \/>\n<meta property=\"og:description\" content=\"Das Fach Arbeitslehre \u2013 Lernen f\u00fcr das Leben und die Arbeit Immer wieder ist der Wunsch zu h\u00f6ren, dass in der Schule Dinge gelernt werden sollten, die schon auf den ersten Blick mit dem t\u00e4glichen Leben etwas zu tun haben und unabh\u00e4ngig vom sp\u00e4teren Beruf f\u00fcr (fast) alle wichtig sind. Wir behaupten, dass sich das &hellip; Arbeitslehre weiterlesen &rarr;\" \/>\n<meta property=\"og:url\" content=\"https:\/\/www.gesamtschule-eiserfeld.de\/?page_id=4643\" \/>\n<meta property=\"og:site_name\" content=\"Gesamtschule Eiserfeld\" \/>\n<meta property=\"article:publisher\" content=\"https:\/\/www.facebook.com\/GEEiserfeld\" \/>\n<meta property=\"article:modified_time\" content=\"2025-12-02T12:45:13+00:00\" \/>\n<meta property=\"og:image\" content=\"https:\/\/www.gesamtschule-eiserfeld.de\/wp-content\/uploads\/2024\/12\/headeral-1.jpg\" \/>\n\t<meta property=\"og:image:width\" content=\"634\" \/>\n\t<meta property=\"og:image:height\" content=\"454\" \/>\n\t<meta property=\"og:image:type\" content=\"image\/jpeg\" \/>\n<meta name=\"twitter:card\" content=\"summary_large_image\" \/>\n<meta name=\"twitter:label1\" content=\"Gesch\u00e4tzte Lesezeit\" \/>\n\t<meta name=\"twitter:data1\" content=\"2\u00a0Minuten\" \/>\n<script type=\"application\/ld+json\" class=\"yoast-schema-graph\">{\"@context\":\"https:\\\/\\\/schema.org\",\"@graph\":[{\"@type\":\"WebPage\",\"@id\":\"https:\\\/\\\/www.gesamtschule-eiserfeld.de\\\/?page_id=4643\",\"url\":\"https:\\\/\\\/www.gesamtschule-eiserfeld.de\\\/?page_id=4643\",\"name\":\"Arbeitslehre - Gesamtschule Eiserfeld\",\"isPartOf\":{\"@id\":\"https:\\\/\\\/www.gesamtschule-eiserfeld.de\\\/#website\"},\"primaryImageOfPage\":{\"@id\":\"https:\\\/\\\/www.gesamtschule-eiserfeld.de\\\/?page_id=4643#primaryimage\"},\"image\":{\"@id\":\"https:\\\/\\\/www.gesamtschule-eiserfeld.de\\\/?page_id=4643#primaryimage\"},\"thumbnailUrl\":\"https:\\\/\\\/i0.wp.com\\\/www.gesamtschule-eiserfeld.de\\\/wp-content\\\/uploads\\\/2024\\\/12\\\/headeral-1.jpg?fit=634%2C454&ssl=1\",\"datePublished\":\"2014-12-06T12:13:14+00:00\",\"dateModified\":\"2025-12-02T12:45:13+00:00\",\"breadcrumb\":{\"@id\":\"https:\\\/\\\/www.gesamtschule-eiserfeld.de\\\/?page_id=4643#breadcrumb\"},\"inLanguage\":\"de\",\"potentialAction\":[{\"@type\":\"ReadAction\",\"target\":[\"https:\\\/\\\/www.gesamtschule-eiserfeld.de\\\/?page_id=4643\"]}]},{\"@type\":\"ImageObject\",\"inLanguage\":\"de\",\"@id\":\"https:\\\/\\\/www.gesamtschule-eiserfeld.de\\\/?page_id=4643#primaryimage\",\"url\":\"https:\\\/\\\/i0.wp.com\\\/www.gesamtschule-eiserfeld.de\\\/wp-content\\\/uploads\\\/2024\\\/12\\\/headeral-1.jpg?fit=634%2C454&ssl=1\",\"contentUrl\":\"https:\\\/\\\/i0.wp.com\\\/www.gesamtschule-eiserfeld.de\\\/wp-content\\\/uploads\\\/2024\\\/12\\\/headeral-1.jpg?fit=634%2C454&ssl=1\",\"width\":634,\"height\":454},{\"@type\":\"BreadcrumbList\",\"@id\":\"https:\\\/\\\/www.gesamtschule-eiserfeld.de\\\/?page_id=4643#breadcrumb\",\"itemListElement\":[{\"@type\":\"ListItem\",\"position\":1,\"name\":\"Startseite\",\"item\":\"https:\\\/\\\/www.gesamtschule-eiserfeld.de\\\/\"},{\"@type\":\"ListItem\",\"position\":2,\"name\":\"Unterricht\",\"item\":\"https:\\\/\\\/www.gesamtschule-eiserfeld.de\\\/?page_id=74\"},{\"@type\":\"ListItem\",\"position\":3,\"name\":\"F\u00e4cher\",\"item\":\"https:\\\/\\\/www.gesamtschule-eiserfeld.de\\\/?page_id=302\"},{\"@type\":\"ListItem\",\"position\":4,\"name\":\"Arbeitslehre\"}]},{\"@type\":\"WebSite\",\"@id\":\"https:\\\/\\\/www.gesamtschule-eiserfeld.de\\\/#website\",\"url\":\"https:\\\/\\\/www.gesamtschule-eiserfeld.de\\\/\",\"name\":\"Gesamtschule Eiserfeld\",\"description\":\"\",\"publisher\":{\"@id\":\"https:\\\/\\\/www.gesamtschule-eiserfeld.de\\\/#organization\"},\"potentialAction\":[{\"@type\":\"SearchAction\",\"target\":{\"@type\":\"EntryPoint\",\"urlTemplate\":\"https:\\\/\\\/www.gesamtschule-eiserfeld.de\\\/?s={search_term_string}\"},\"query-input\":{\"@type\":\"PropertyValueSpecification\",\"valueRequired\":true,\"valueName\":\"search_term_string\"}}],\"inLanguage\":\"de\"},{\"@type\":\"Organization\",\"@id\":\"https:\\\/\\\/www.gesamtschule-eiserfeld.de\\\/#organization\",\"name\":\"Gesamtschule Eiserfeld\",\"url\":\"https:\\\/\\\/www.gesamtschule-eiserfeld.de\\\/\",\"logo\":{\"@type\":\"ImageObject\",\"inLanguage\":\"de\",\"@id\":\"https:\\\/\\\/www.gesamtschule-eiserfeld.de\\\/#\\\/schema\\\/logo\\\/image\\\/\",\"url\":\"https:\\\/\\\/i1.wp.com\\\/www.gesamtschule-eiserfeld.de\\\/wp-content\\\/uploads\\\/2019\\\/01\\\/GEE-Logo-neu.jpg?fit=436%2C126&ssl=1\",\"contentUrl\":\"https:\\\/\\\/i1.wp.com\\\/www.gesamtschule-eiserfeld.de\\\/wp-content\\\/uploads\\\/2019\\\/01\\\/GEE-Logo-neu.jpg?fit=436%2C126&ssl=1\",\"width\":436,\"height\":126,\"caption\":\"Gesamtschule Eiserfeld\"},\"image\":{\"@id\":\"https:\\\/\\\/www.gesamtschule-eiserfeld.de\\\/#\\\/schema\\\/logo\\\/image\\\/\"},\"sameAs\":[\"https:\\\/\\\/www.facebook.com\\\/GEEiserfeld\"]}]}<\/script>\n<!-- \/ Yoast SEO plugin. -->","yoast_head_json":{"title":"Arbeitslehre - Gesamtschule Eiserfeld","robots":{"index":"index","follow":"follow","max-snippet":"max-snippet:-1","max-image-preview":"max-image-preview:large","max-video-preview":"max-video-preview:-1"},"canonical":"https:\/\/www.gesamtschule-eiserfeld.de\/?page_id=4643","og_locale":"de_DE","og_type":"article","og_title":"Arbeitslehre - Gesamtschule Eiserfeld","og_description":"Das Fach Arbeitslehre \u2013 Lernen f\u00fcr das Leben und die Arbeit Immer wieder ist der Wunsch zu h\u00f6ren, dass in der Schule Dinge gelernt werden sollten, die schon auf den ersten Blick mit dem t\u00e4glichen Leben etwas zu tun haben und unabh\u00e4ngig vom sp\u00e4teren Beruf f\u00fcr (fast) alle wichtig sind. Wir behaupten, dass sich das &hellip; Arbeitslehre weiterlesen &rarr;","og_url":"https:\/\/www.gesamtschule-eiserfeld.de\/?page_id=4643","og_site_name":"Gesamtschule Eiserfeld","article_publisher":"https:\/\/www.facebook.com\/GEEiserfeld","article_modified_time":"2025-12-02T12:45:13+00:00","og_image":[{"width":634,"height":454,"url":"https:\/\/www.gesamtschule-eiserfeld.de\/wp-content\/uploads\/2024\/12\/headeral-1.jpg","type":"image\/jpeg"}],"twitter_card":"summary_large_image","twitter_misc":{"Gesch\u00e4tzte Lesezeit":"2\u00a0Minuten"},"schema":{"@context":"https:\/\/schema.org","@graph":[{"@type":"WebPage","@id":"https:\/\/www.gesamtschule-eiserfeld.de\/?page_id=4643","url":"https:\/\/www.gesamtschule-eiserfeld.de\/?page_id=4643","name":"Arbeitslehre - Gesamtschule Eiserfeld","isPartOf":{"@id":"https:\/\/www.gesamtschule-eiserfeld.de\/#website"},"primaryImageOfPage":{"@id":"https:\/\/www.gesamtschule-eiserfeld.de\/?page_id=4643#primaryimage"},"image":{"@id":"https:\/\/www.gesamtschule-eiserfeld.de\/?page_id=4643#primaryimage"},"thumbnailUrl":"https:\/\/i0.wp.com\/www.gesamtschule-eiserfeld.de\/wp-content\/uploads\/2024\/12\/headeral-1.jpg?fit=634%2C454&ssl=1","datePublished":"2014-12-06T12:13:14+00:00","dateModified":"2025-12-02T12:45:13+00:00","breadcrumb":{"@id":"https:\/\/www.gesamtschule-eiserfeld.de\/?page_id=4643#breadcrumb"},"inLanguage":"de","potentialAction":[{"@type":"ReadAction","target":["https:\/\/www.gesamtschule-eiserfeld.de\/?page_id=4643"]}]},{"@type":"ImageObject","inLanguage":"de","@id":"https:\/\/www.gesamtschule-eiserfeld.de\/?page_id=4643#primaryimage","url":"https:\/\/i0.wp.com\/www.gesamtschule-eiserfeld.de\/wp-content\/uploads\/2024\/12\/headeral-1.jpg?fit=634%2C454&ssl=1","contentUrl":"https:\/\/i0.wp.com\/www.gesamtschule-eiserfeld.de\/wp-content\/uploads\/2024\/12\/headeral-1.jpg?fit=634%2C454&ssl=1","width":634,"height":454},{"@type":"BreadcrumbList","@id":"https:\/\/www.gesamtschule-eiserfeld.de\/?page_id=4643#breadcrumb","itemListElement":[{"@type":"ListItem","position":1,"name":"Startseite","item":"https:\/\/www.gesamtschule-eiserfeld.de\/"},{"@type":"ListItem","position":2,"name":"Unterricht","item":"https:\/\/www.gesamtschule-eiserfeld.de\/?page_id=74"},{"@type":"ListItem","position":3,"name":"F\u00e4cher","item":"https:\/\/www.gesamtschule-eiserfeld.de\/?page_id=302"},{"@type":"ListItem","position":4,"name":"Arbeitslehre"}]},{"@type":"WebSite","@id":"https:\/\/www.gesamtschule-eiserfeld.de\/#website","url":"https:\/\/www.gesamtschule-eiserfeld.de\/","name":"Gesamtschule Eiserfeld","description":"","publisher":{"@id":"https:\/\/www.gesamtschule-eiserfeld.de\/#organization"},"potentialAction":[{"@type":"SearchAction","target":{"@type":"EntryPoint","urlTemplate":"https:\/\/www.gesamtschule-eiserfeld.de\/?s={search_term_string}"},"query-input":{"@type":"PropertyValueSpecification","valueRequired":true,"valueName":"search_term_string"}}],"inLanguage":"de"},{"@type":"Organization","@id":"https:\/\/www.gesamtschule-eiserfeld.de\/#organization","name":"Gesamtschule Eiserfeld","url":"https:\/\/www.gesamtschule-eiserfeld.de\/","logo":{"@type":"ImageObject","inLanguage":"de","@id":"https:\/\/www.gesamtschule-eiserfeld.de\/#\/schema\/logo\/image\/","url":"https:\/\/i1.wp.com\/www.gesamtschule-eiserfeld.de\/wp-content\/uploads\/2019\/01\/GEE-Logo-neu.jpg?fit=436%2C126&ssl=1","contentUrl":"https:\/\/i1.wp.com\/www.gesamtschule-eiserfeld.de\/wp-content\/uploads\/2019\/01\/GEE-Logo-neu.jpg?fit=436%2C126&ssl=1","width":436,"height":126,"caption":"Gesamtschule Eiserfeld"},"image":{"@id":"https:\/\/www.gesamtschule-eiserfeld.de\/#\/schema\/logo\/image\/"},"sameAs":["https:\/\/www.facebook.com\/GEEiserfeld"]}]}},"jetpack_shortlink":"https:\/\/wp.me\/P2weeL-1cT","jetpack_sharing_enabled":true,"_links":{"self":[{"href":"https:\/\/www.gesamtschule-eiserfeld.de\/index.php?rest_route=\/wp\/v2\/pages\/4643","targetHints":{"allow":["GET"]}}],"collection":[{"href":"https:\/\/www.gesamtschule-eiserfeld.de\/index.php?rest_route=\/wp\/v2\/pages"}],"about":[{"href":"https:\/\/www.gesamtschule-eiserfeld.de\/index.php?rest_route=\/wp\/v2\/types\/page"}],"author":[{"embeddable":true,"href":"https:\/\/www.gesamtschule-eiserfeld.de\/index.php?rest_route=\/wp\/v2\/users\/9"}],"replies":[{"embeddable":true,"href":"https:\/\/www.gesamtschule-eiserfeld.de\/index.php?rest_route=%2Fwp%2Fv2%2Fcomments&post=4643"}],"version-history":[{"count":4,"href":"https:\/\/www.gesamtschule-eiserfeld.de\/index.php?rest_route=\/wp\/v2\/pages\/4643\/revisions"}],"predecessor-version":[{"id":20547,"href":"https:\/\/www.gesamtschule-eiserfeld.de\/index.php?rest_route=\/wp\/v2\/pages\/4643\/revisions\/20547"}],"up":[{"embeddable":true,"href":"https:\/\/www.gesamtschule-eiserfeld.de\/index.php?rest_route=\/wp\/v2\/pages\/302"}],"wp:featuredmedia":[{"embeddable":true,"href":"https:\/\/www.gesamtschule-eiserfeld.de\/index.php?rest_route=\/wp\/v2\/media\/19624"}],"wp:attachment":[{"href":"https:\/\/www.gesamtschule-eiserfeld.de\/index.php?rest_route=%2Fwp%2Fv2%2Fmedia&parent=4643"}],"curies":[{"name":"wp","href":"https:\/\/api.w.org\/{rel}","templated":true}]}}