{"id":4834,"date":"2015-02-04T09:19:43","date_gmt":"2015-02-04T08:19:43","guid":{"rendered":"http:\/\/ge-eiserfeld.de\/?page_id=4834"},"modified":"2024-12-05T20:41:41","modified_gmt":"2024-12-05T19:41:41","slug":"naturwissenschaft","status":"publish","type":"page","link":"https:\/\/www.gesamtschule-eiserfeld.de\/?page_id=4834","title":{"rendered":"Naturwissenschaft"},"content":{"rendered":"<p align=\"justify\">Entdecken, forschen, experimentieren und die Arbeit im Freien sind nur einige der wesentlichen Bestandteile des Faches Naturwissenschaft, an der GEE. Hierbei soll nicht nur das Interesse an der Natur geweckt werden, sondern auch ein breites Spektrum an biologischen Arbeitsweisen und Schl\u00fcsselqualifikationen erlernt und trainiert werden. Gerade in der heutigen Zeit fehlt jungen Menschen oft der Bezug zur Natur. So macht es sich der naturwissenschaftliche Unterricht zur Aufgabe, ein biologisches Denken in den Sch\u00fclerk\u00f6pfen zu schaffen und die Natur wieder bewusster wahrzunehmen.<\/p>\n<p align=\"justify\">Zu Beginn der Klasse f\u00fcnf erlangen die Sch\u00fclerinnen und Sch\u00fcler erste Einblicke in das Fach und erlernen grundlegende Arbeitsweisen, die ihnen erm\u00f6glichen sollen eigenst\u00e4ndig und fachbezogen zu arbeiten. Zu den Themenschwerpunkten geh\u00f6ren beispielsweise neben Tieren und Pflanzen in der n\u00e4heren Umgebung auch physikalische Themen, wie Wetter und Klima. Es gilt nicht nur das Schulumfeld, unter Ber\u00fccksichtigung des jahreszeitlichen Aspektes, n\u00e4her zu untersuchen, sondern auch einigen physikalischen Ph\u00e4nomenen auf den Grund zu gehen. Praktisches Arbeiten in Kleingruppen steht hier besonders im Mittelpunkt. Gemeinsam gilt es Problemstellungen aufzugreifen und zusammen, wie richtige Naturwissenschaftler, zu untersuchen und hinterfragen.<\/p>\n<p align=\"justify\">Ist das Interesse und die Begeisterung f\u00fcr die Natur erst einmal geweckt, bietet sich die Gelegenheit, F\u00e4higkeiten und Wissen im naturwissenschaftlichen Bereich weiter auszubauen. Denn ab Klasse sechs bietet die GEE an, das Fach Naturwissenschaft zum vierten Hauptfach zu w\u00e4hlen. Neben dem weiterlaufenden naturwissenschaftlichen Unterricht im Klassenverbund, erhalten die Sch\u00fclerinnen und Sch\u00fcler die M\u00f6glichkeit weitere zwei Stunden pro Woche als Wahlpflichtfach, im Kurs, zu belegen. Genau wie im Mathematik- oder Englischunterricht werden dann in Naturwissenschaft Kursarbeiten geschrieben. Spannende Projekte, wie zum Beispiel das \u201eFledermausprojekt\u201c oder die Erforschung extremer Lebensr\u00e4ume, stehen hier auf der Tagesordnung. Des Weiteren spielen \u00f6kologische Themen, wie Gew\u00e4sseranalysen oder Bodenuntersuchungen in den heimischen W\u00e4ldern auf dem Plan.<\/p>\n<h4 align=\"justify\"><strong>Lehrpl\u00e4ne der Naturwissenschaften:<\/strong><\/h4>\n<p align=\"justify\">NW:\u00a0\u00a0<br \/><a href=\"https:\/\/www.gesamtschule-eiserfeld.de\/wp-content\/uploads\/2024\/11\/Lehrplan-NW-5-6-Themenuebersicht-Stand-31.10.24.pdf\" target=\"_blank\" rel=\"noopener\">Themen\u00fcbersicht NW 5-6<\/a><br \/><a href=\"https:\/\/www.gesamtschule-eiserfeld.de\/wp-content\/uploads\/2024\/11\/Schulinterne-Lehrplaene-mit-Kompetenzen-NW-5-6.pdf\" target=\"_blank\" rel=\"noopener\">Lehrplan NW Jahrgang 5-6<\/a><br \/><a href=\"https:\/\/www.gesamtschule-eiserfeld.de\/wp-content\/uploads\/2024\/11\/Leistungsbewertung-NW-5-6-August-24-.pdf\" target=\"_blank\" rel=\"noopener\">Leistungsbewertung NW Jg. 5-6<\/a><\/p>\n<p align=\"justify\">WP 1: <br \/><a href=\"https:\/\/www.gesamtschule-eiserfeld.de\/wp-content\/uploads\/2024\/11\/Themenuebersicht-WP-I-NW-Stand-31.10.24.pdf\" target=\"_blank\" rel=\"noopener\">Themen\u00fcbersicht NW WP1 6-10<\/a><br \/><a href=\"https:\/\/www.gesamtschule-eiserfeld.de\/wp-content\/uploads\/2024\/11\/Schulinternes-Curriculum-WP1-NW-Stand-31.10.24.pdf\" target=\"_blank\" rel=\"noopener\">Lehrplan NW WP Jahrgang\u00a0 6-10<\/a><br \/><a href=\"https:\/\/www.gesamtschule-eiserfeld.de\/wp-content\/uploads\/2024\/11\/Leistungsbewertung-NW-WPI-August-24.pdf\" target=\"_blank\" rel=\"noopener\">Leistungsbewertung NW WP Jg. 6-10<\/a><\/p>\n\n\n<p><\/p>\n","protected":false},"excerpt":{"rendered":"<p>Entdecken, forschen, experimentieren und die Arbeit im Freien sind nur einige der wesentlichen Bestandteile des Faches Naturwissenschaft, an der GEE. Hierbei soll nicht nur das Interesse an der Natur geweckt werden, sondern auch ein breites Spektrum an biologischen Arbeitsweisen und Schl\u00fcsselqualifikationen erlernt und trainiert werden. Gerade in der heutigen Zeit fehlt jungen Menschen oft der &hellip; <a href=\"https:\/\/www.gesamtschule-eiserfeld.de\/?page_id=4834\" class=\"more-link\"><span class=\"screen-reader-text\">Naturwissenschaft<\/span> weiterlesen <span class=\"meta-nav\">&rarr;<\/span><\/a><\/p>\n","protected":false},"author":9,"featured_media":19495,"parent":302,"menu_order":0,"comment_status":"closed","ping_status":"open","template":"","meta":{"jetpack_post_was_ever_published":false,"footnotes":""},"class_list":["post-4834","page","type-page","status-publish","has-post-thumbnail","hentry"],"yoast_head":"<!-- This site is optimized with the Yoast SEO plugin v27.4 - https:\/\/yoast.com\/product\/yoast-seo-wordpress\/ -->\n<title>Naturwissenschaft - Gesamtschule Eiserfeld<\/title>\n<meta name=\"robots\" content=\"index, follow, max-snippet:-1, max-image-preview:large, max-video-preview:-1\" \/>\n<link rel=\"canonical\" href=\"https:\/\/www.gesamtschule-eiserfeld.de\/?page_id=4834\" \/>\n<meta property=\"og:locale\" content=\"de_DE\" \/>\n<meta property=\"og:type\" content=\"article\" \/>\n<meta property=\"og:title\" content=\"Naturwissenschaft - Gesamtschule Eiserfeld\" \/>\n<meta property=\"og:description\" content=\"Entdecken, forschen, experimentieren und die Arbeit im Freien sind nur einige der wesentlichen Bestandteile des Faches Naturwissenschaft, an der GEE. Hierbei soll nicht nur das Interesse an der Natur geweckt werden, sondern auch ein breites Spektrum an biologischen Arbeitsweisen und Schl\u00fcsselqualifikationen erlernt und trainiert werden. Gerade in der heutigen Zeit fehlt jungen Menschen oft der &hellip; Naturwissenschaft weiterlesen &rarr;\" \/>\n<meta property=\"og:url\" content=\"https:\/\/www.gesamtschule-eiserfeld.de\/?page_id=4834\" \/>\n<meta property=\"og:site_name\" content=\"Gesamtschule Eiserfeld\" \/>\n<meta property=\"article:publisher\" content=\"https:\/\/www.facebook.com\/GEEiserfeld\" \/>\n<meta property=\"article:modified_time\" content=\"2024-12-05T19:41:41+00:00\" \/>\n<meta property=\"og:image\" content=\"https:\/\/www.gesamtschule-eiserfeld.de\/wp-content\/uploads\/2024\/12\/HeaderNW.jpg\" \/>\n\t<meta property=\"og:image:width\" content=\"361\" \/>\n\t<meta property=\"og:image:height\" content=\"271\" \/>\n\t<meta property=\"og:image:type\" content=\"image\/jpeg\" \/>\n<meta name=\"twitter:card\" content=\"summary_large_image\" \/>\n<meta name=\"twitter:label1\" content=\"Gesch\u00e4tzte Lesezeit\" \/>\n\t<meta name=\"twitter:data1\" content=\"2\u00a0Minuten\" \/>\n<script type=\"application\/ld+json\" class=\"yoast-schema-graph\">{\"@context\":\"https:\\\/\\\/schema.org\",\"@graph\":[{\"@type\":\"WebPage\",\"@id\":\"https:\\\/\\\/www.gesamtschule-eiserfeld.de\\\/?page_id=4834\",\"url\":\"https:\\\/\\\/www.gesamtschule-eiserfeld.de\\\/?page_id=4834\",\"name\":\"Naturwissenschaft - Gesamtschule Eiserfeld\",\"isPartOf\":{\"@id\":\"https:\\\/\\\/www.gesamtschule-eiserfeld.de\\\/#website\"},\"primaryImageOfPage\":{\"@id\":\"https:\\\/\\\/www.gesamtschule-eiserfeld.de\\\/?page_id=4834#primaryimage\"},\"image\":{\"@id\":\"https:\\\/\\\/www.gesamtschule-eiserfeld.de\\\/?page_id=4834#primaryimage\"},\"thumbnailUrl\":\"https:\\\/\\\/i0.wp.com\\\/www.gesamtschule-eiserfeld.de\\\/wp-content\\\/uploads\\\/2024\\\/12\\\/HeaderNW.jpg?fit=361%2C271&ssl=1\",\"datePublished\":\"2015-02-04T08:19:43+00:00\",\"dateModified\":\"2024-12-05T19:41:41+00:00\",\"breadcrumb\":{\"@id\":\"https:\\\/\\\/www.gesamtschule-eiserfeld.de\\\/?page_id=4834#breadcrumb\"},\"inLanguage\":\"de\",\"potentialAction\":[{\"@type\":\"ReadAction\",\"target\":[\"https:\\\/\\\/www.gesamtschule-eiserfeld.de\\\/?page_id=4834\"]}]},{\"@type\":\"ImageObject\",\"inLanguage\":\"de\",\"@id\":\"https:\\\/\\\/www.gesamtschule-eiserfeld.de\\\/?page_id=4834#primaryimage\",\"url\":\"https:\\\/\\\/i0.wp.com\\\/www.gesamtschule-eiserfeld.de\\\/wp-content\\\/uploads\\\/2024\\\/12\\\/HeaderNW.jpg?fit=361%2C271&ssl=1\",\"contentUrl\":\"https:\\\/\\\/i0.wp.com\\\/www.gesamtschule-eiserfeld.de\\\/wp-content\\\/uploads\\\/2024\\\/12\\\/HeaderNW.jpg?fit=361%2C271&ssl=1\",\"width\":361,\"height\":271},{\"@type\":\"BreadcrumbList\",\"@id\":\"https:\\\/\\\/www.gesamtschule-eiserfeld.de\\\/?page_id=4834#breadcrumb\",\"itemListElement\":[{\"@type\":\"ListItem\",\"position\":1,\"name\":\"Startseite\",\"item\":\"https:\\\/\\\/www.gesamtschule-eiserfeld.de\\\/\"},{\"@type\":\"ListItem\",\"position\":2,\"name\":\"Unterricht\",\"item\":\"https:\\\/\\\/www.gesamtschule-eiserfeld.de\\\/?page_id=74\"},{\"@type\":\"ListItem\",\"position\":3,\"name\":\"F\u00e4cher\",\"item\":\"https:\\\/\\\/www.gesamtschule-eiserfeld.de\\\/?page_id=302\"},{\"@type\":\"ListItem\",\"position\":4,\"name\":\"Naturwissenschaft\"}]},{\"@type\":\"WebSite\",\"@id\":\"https:\\\/\\\/www.gesamtschule-eiserfeld.de\\\/#website\",\"url\":\"https:\\\/\\\/www.gesamtschule-eiserfeld.de\\\/\",\"name\":\"Gesamtschule Eiserfeld\",\"description\":\"\",\"publisher\":{\"@id\":\"https:\\\/\\\/www.gesamtschule-eiserfeld.de\\\/#organization\"},\"potentialAction\":[{\"@type\":\"SearchAction\",\"target\":{\"@type\":\"EntryPoint\",\"urlTemplate\":\"https:\\\/\\\/www.gesamtschule-eiserfeld.de\\\/?s={search_term_string}\"},\"query-input\":{\"@type\":\"PropertyValueSpecification\",\"valueRequired\":true,\"valueName\":\"search_term_string\"}}],\"inLanguage\":\"de\"},{\"@type\":\"Organization\",\"@id\":\"https:\\\/\\\/www.gesamtschule-eiserfeld.de\\\/#organization\",\"name\":\"Gesamtschule Eiserfeld\",\"url\":\"https:\\\/\\\/www.gesamtschule-eiserfeld.de\\\/\",\"logo\":{\"@type\":\"ImageObject\",\"inLanguage\":\"de\",\"@id\":\"https:\\\/\\\/www.gesamtschule-eiserfeld.de\\\/#\\\/schema\\\/logo\\\/image\\\/\",\"url\":\"https:\\\/\\\/i1.wp.com\\\/www.gesamtschule-eiserfeld.de\\\/wp-content\\\/uploads\\\/2019\\\/01\\\/GEE-Logo-neu.jpg?fit=436%2C126&ssl=1\",\"contentUrl\":\"https:\\\/\\\/i1.wp.com\\\/www.gesamtschule-eiserfeld.de\\\/wp-content\\\/uploads\\\/2019\\\/01\\\/GEE-Logo-neu.jpg?fit=436%2C126&ssl=1\",\"width\":436,\"height\":126,\"caption\":\"Gesamtschule Eiserfeld\"},\"image\":{\"@id\":\"https:\\\/\\\/www.gesamtschule-eiserfeld.de\\\/#\\\/schema\\\/logo\\\/image\\\/\"},\"sameAs\":[\"https:\\\/\\\/www.facebook.com\\\/GEEiserfeld\"]}]}<\/script>\n<!-- \/ Yoast SEO plugin. -->","yoast_head_json":{"title":"Naturwissenschaft - Gesamtschule Eiserfeld","robots":{"index":"index","follow":"follow","max-snippet":"max-snippet:-1","max-image-preview":"max-image-preview:large","max-video-preview":"max-video-preview:-1"},"canonical":"https:\/\/www.gesamtschule-eiserfeld.de\/?page_id=4834","og_locale":"de_DE","og_type":"article","og_title":"Naturwissenschaft - Gesamtschule Eiserfeld","og_description":"Entdecken, forschen, experimentieren und die Arbeit im Freien sind nur einige der wesentlichen Bestandteile des Faches Naturwissenschaft, an der GEE. Hierbei soll nicht nur das Interesse an der Natur geweckt werden, sondern auch ein breites Spektrum an biologischen Arbeitsweisen und Schl\u00fcsselqualifikationen erlernt und trainiert werden. Gerade in der heutigen Zeit fehlt jungen Menschen oft der &hellip; Naturwissenschaft weiterlesen &rarr;","og_url":"https:\/\/www.gesamtschule-eiserfeld.de\/?page_id=4834","og_site_name":"Gesamtschule Eiserfeld","article_publisher":"https:\/\/www.facebook.com\/GEEiserfeld","article_modified_time":"2024-12-05T19:41:41+00:00","og_image":[{"width":361,"height":271,"url":"https:\/\/www.gesamtschule-eiserfeld.de\/wp-content\/uploads\/2024\/12\/HeaderNW.jpg","type":"image\/jpeg"}],"twitter_card":"summary_large_image","twitter_misc":{"Gesch\u00e4tzte Lesezeit":"2\u00a0Minuten"},"schema":{"@context":"https:\/\/schema.org","@graph":[{"@type":"WebPage","@id":"https:\/\/www.gesamtschule-eiserfeld.de\/?page_id=4834","url":"https:\/\/www.gesamtschule-eiserfeld.de\/?page_id=4834","name":"Naturwissenschaft - Gesamtschule Eiserfeld","isPartOf":{"@id":"https:\/\/www.gesamtschule-eiserfeld.de\/#website"},"primaryImageOfPage":{"@id":"https:\/\/www.gesamtschule-eiserfeld.de\/?page_id=4834#primaryimage"},"image":{"@id":"https:\/\/www.gesamtschule-eiserfeld.de\/?page_id=4834#primaryimage"},"thumbnailUrl":"https:\/\/i0.wp.com\/www.gesamtschule-eiserfeld.de\/wp-content\/uploads\/2024\/12\/HeaderNW.jpg?fit=361%2C271&ssl=1","datePublished":"2015-02-04T08:19:43+00:00","dateModified":"2024-12-05T19:41:41+00:00","breadcrumb":{"@id":"https:\/\/www.gesamtschule-eiserfeld.de\/?page_id=4834#breadcrumb"},"inLanguage":"de","potentialAction":[{"@type":"ReadAction","target":["https:\/\/www.gesamtschule-eiserfeld.de\/?page_id=4834"]}]},{"@type":"ImageObject","inLanguage":"de","@id":"https:\/\/www.gesamtschule-eiserfeld.de\/?page_id=4834#primaryimage","url":"https:\/\/i0.wp.com\/www.gesamtschule-eiserfeld.de\/wp-content\/uploads\/2024\/12\/HeaderNW.jpg?fit=361%2C271&ssl=1","contentUrl":"https:\/\/i0.wp.com\/www.gesamtschule-eiserfeld.de\/wp-content\/uploads\/2024\/12\/HeaderNW.jpg?fit=361%2C271&ssl=1","width":361,"height":271},{"@type":"BreadcrumbList","@id":"https:\/\/www.gesamtschule-eiserfeld.de\/?page_id=4834#breadcrumb","itemListElement":[{"@type":"ListItem","position":1,"name":"Startseite","item":"https:\/\/www.gesamtschule-eiserfeld.de\/"},{"@type":"ListItem","position":2,"name":"Unterricht","item":"https:\/\/www.gesamtschule-eiserfeld.de\/?page_id=74"},{"@type":"ListItem","position":3,"name":"F\u00e4cher","item":"https:\/\/www.gesamtschule-eiserfeld.de\/?page_id=302"},{"@type":"ListItem","position":4,"name":"Naturwissenschaft"}]},{"@type":"WebSite","@id":"https:\/\/www.gesamtschule-eiserfeld.de\/#website","url":"https:\/\/www.gesamtschule-eiserfeld.de\/","name":"Gesamtschule Eiserfeld","description":"","publisher":{"@id":"https:\/\/www.gesamtschule-eiserfeld.de\/#organization"},"potentialAction":[{"@type":"SearchAction","target":{"@type":"EntryPoint","urlTemplate":"https:\/\/www.gesamtschule-eiserfeld.de\/?s={search_term_string}"},"query-input":{"@type":"PropertyValueSpecification","valueRequired":true,"valueName":"search_term_string"}}],"inLanguage":"de"},{"@type":"Organization","@id":"https:\/\/www.gesamtschule-eiserfeld.de\/#organization","name":"Gesamtschule Eiserfeld","url":"https:\/\/www.gesamtschule-eiserfeld.de\/","logo":{"@type":"ImageObject","inLanguage":"de","@id":"https:\/\/www.gesamtschule-eiserfeld.de\/#\/schema\/logo\/image\/","url":"https:\/\/i1.wp.com\/www.gesamtschule-eiserfeld.de\/wp-content\/uploads\/2019\/01\/GEE-Logo-neu.jpg?fit=436%2C126&ssl=1","contentUrl":"https:\/\/i1.wp.com\/www.gesamtschule-eiserfeld.de\/wp-content\/uploads\/2019\/01\/GEE-Logo-neu.jpg?fit=436%2C126&ssl=1","width":436,"height":126,"caption":"Gesamtschule Eiserfeld"},"image":{"@id":"https:\/\/www.gesamtschule-eiserfeld.de\/#\/schema\/logo\/image\/"},"sameAs":["https:\/\/www.facebook.com\/GEEiserfeld"]}]}},"jetpack_shortlink":"https:\/\/wp.me\/P2weeL-1fY","jetpack_sharing_enabled":true,"_links":{"self":[{"href":"https:\/\/www.gesamtschule-eiserfeld.de\/index.php?rest_route=\/wp\/v2\/pages\/4834","targetHints":{"allow":["GET"]}}],"collection":[{"href":"https:\/\/www.gesamtschule-eiserfeld.de\/index.php?rest_route=\/wp\/v2\/pages"}],"about":[{"href":"https:\/\/www.gesamtschule-eiserfeld.de\/index.php?rest_route=\/wp\/v2\/types\/page"}],"author":[{"embeddable":true,"href":"https:\/\/www.gesamtschule-eiserfeld.de\/index.php?rest_route=\/wp\/v2\/users\/9"}],"replies":[{"embeddable":true,"href":"https:\/\/www.gesamtschule-eiserfeld.de\/index.php?rest_route=%2Fwp%2Fv2%2Fcomments&post=4834"}],"version-history":[{"count":2,"href":"https:\/\/www.gesamtschule-eiserfeld.de\/index.php?rest_route=\/wp\/v2\/pages\/4834\/revisions"}],"predecessor-version":[{"id":19496,"href":"https:\/\/www.gesamtschule-eiserfeld.de\/index.php?rest_route=\/wp\/v2\/pages\/4834\/revisions\/19496"}],"up":[{"embeddable":true,"href":"https:\/\/www.gesamtschule-eiserfeld.de\/index.php?rest_route=\/wp\/v2\/pages\/302"}],"wp:featuredmedia":[{"embeddable":true,"href":"https:\/\/www.gesamtschule-eiserfeld.de\/index.php?rest_route=\/wp\/v2\/media\/19495"}],"wp:attachment":[{"href":"https:\/\/www.gesamtschule-eiserfeld.de\/index.php?rest_route=%2Fwp%2Fv2%2Fmedia&parent=4834"}],"curies":[{"name":"wp","href":"https:\/\/api.w.org\/{rel}","templated":true}]}}