{"id":5606,"date":"2015-09-15T11:48:44","date_gmt":"2015-09-15T10:48:44","guid":{"rendered":"http:\/\/ge-eiserfeld.de\/?page_id=5606"},"modified":"2025-11-28T07:21:06","modified_gmt":"2025-11-28T06:21:06","slug":"downloadbereich","status":"publish","type":"page","link":"https:\/\/www.gesamtschule-eiserfeld.de\/?page_id=5606","title":{"rendered":"Downloadbereich"},"content":{"rendered":"<p><strong>Pr\u00e4sentation f\u00fcr Neue EF (Sj. 2026\/27<\/strong><strong>)<\/strong><\/p>\n<p><a href=\"https:\/\/www.gesamtschule-eiserfeld.de\/wp-content\/uploads\/2025\/11\/Praesentation_1_-InfoAbend__ABI29_Sj2627.pdf\">Pr\u00e4sentation_1_ InfoAbend__ABI29_Sj2627<\/a><\/p>\n<p><strong>Pr\u00e4sentationen zu den Jahrgangsstufenpflegschaftssitzungen<\/strong><\/p>\n<p><strong>PowerPoint-Pr\u00e4sentationen zu den Vollversammlungen<\/strong><br \/>\n<a href=\"http:\/\/gesamtschule-eiserfeld.de\/wp-content\/uploads\/2012\/08\/Info_11_Jhg.pdf\">Jahrgangsstufe EF-Q2<\/a><\/p>\n<p><a href=\"http:\/\/gesamtschule-eiserfeld.de\/wp-content\/uploads\/2016\/04\/image_thumb-3.png\" target=\"_blank\" rel=\"noopener noreferrer\">\u00dcbersicht \u00fcber das LK-Angebot<\/a><\/p>\n<p><a href=\"http:\/\/gesamtschule-eiserfeld.de\/HP%20Downloads\/Handreichung%20zur%20Facharbeit.pdf\" target=\"_blank\" rel=\"noopener noreferrer\">Hinweise zur Facharbeit<\/a><\/p>\n<p><strong>Antragsformular Verlassen Schulgel\u00e4nde f\u00fcr minderj\u00e4hrige SuS Sek II<\/strong><\/p>\n<p><a href=\"https:\/\/www.gesamtschule-eiserfeld.de\/wp-content\/uploads\/2024\/09\/AntragErlaubnisVerlassenSchulgelaendefuerSuSderSek-II.pdf\">AntragErlaubnisVerlassenSchulgel\u00e4ndef\u00fcrSuSderSek II<\/a><\/p>\n","protected":false},"excerpt":{"rendered":"<p>Pr\u00e4sentation f\u00fcr Neue EF (Sj. 2026\/27) Pr\u00e4sentation_1_ InfoAbend__ABI29_Sj2627 Pr\u00e4sentationen zu den Jahrgangsstufenpflegschaftssitzungen PowerPoint-Pr\u00e4sentationen zu den Vollversammlungen Jahrgangsstufe EF-Q2 \u00dcbersicht \u00fcber das LK-Angebot Hinweise zur Facharbeit Antragsformular Verlassen Schulgel\u00e4nde f\u00fcr minderj\u00e4hrige SuS Sek II AntragErlaubnisVerlassenSchulgel\u00e4ndef\u00fcrSuSderSek II<\/p>\n","protected":false},"author":9,"featured_media":0,"parent":794,"menu_order":9,"comment_status":"closed","ping_status":"closed","template":"","meta":{"footnotes":""},"class_list":["post-5606","page","type-page","status-publish","hentry"],"yoast_head":"<!-- This site is optimized with the Yoast SEO plugin v27.5 - https:\/\/yoast.com\/product\/yoast-seo-wordpress\/ -->\n<title>Downloadbereich - Gesamtschule Eiserfeld<\/title>\n<meta name=\"robots\" content=\"index, follow, max-snippet:-1, max-image-preview:large, max-video-preview:-1\" \/>\n<link rel=\"canonical\" href=\"https:\/\/www.gesamtschule-eiserfeld.de\/?page_id=5606\" \/>\n<meta property=\"og:locale\" content=\"de_DE\" \/>\n<meta property=\"og:type\" content=\"article\" \/>\n<meta property=\"og:title\" content=\"Downloadbereich - Gesamtschule Eiserfeld\" \/>\n<meta property=\"og:description\" content=\"Pr\u00e4sentation f\u00fcr Neue EF (Sj. 2026\/27) Pr\u00e4sentation_1_ InfoAbend__ABI29_Sj2627 Pr\u00e4sentationen zu den Jahrgangsstufenpflegschaftssitzungen PowerPoint-Pr\u00e4sentationen zu den Vollversammlungen Jahrgangsstufe EF-Q2 \u00dcbersicht \u00fcber das LK-Angebot Hinweise zur Facharbeit Antragsformular Verlassen Schulgel\u00e4nde f\u00fcr minderj\u00e4hrige SuS Sek II AntragErlaubnisVerlassenSchulgel\u00e4ndef\u00fcrSuSderSek II\" \/>\n<meta property=\"og:url\" content=\"https:\/\/www.gesamtschule-eiserfeld.de\/?page_id=5606\" \/>\n<meta property=\"og:site_name\" content=\"Gesamtschule Eiserfeld\" \/>\n<meta property=\"article:publisher\" content=\"https:\/\/www.facebook.com\/GEEiserfeld\" \/>\n<meta property=\"article:modified_time\" content=\"2025-11-28T06:21:06+00:00\" \/>\n<meta name=\"twitter:card\" content=\"summary_large_image\" \/>\n<meta name=\"twitter:label1\" content=\"Gesch\u00e4tzte Lesezeit\" \/>\n\t<meta name=\"twitter:data1\" content=\"1\u00a0Minute\" \/>\n<script type=\"application\/ld+json\" class=\"yoast-schema-graph\">{\"@context\":\"https:\\\/\\\/schema.org\",\"@graph\":[{\"@type\":\"WebPage\",\"@id\":\"https:\\\/\\\/www.gesamtschule-eiserfeld.de\\\/?page_id=5606\",\"url\":\"https:\\\/\\\/www.gesamtschule-eiserfeld.de\\\/?page_id=5606\",\"name\":\"Downloadbereich - Gesamtschule Eiserfeld\",\"isPartOf\":{\"@id\":\"https:\\\/\\\/www.gesamtschule-eiserfeld.de\\\/#website\"},\"datePublished\":\"2015-09-15T10:48:44+00:00\",\"dateModified\":\"2025-11-28T06:21:06+00:00\",\"breadcrumb\":{\"@id\":\"https:\\\/\\\/www.gesamtschule-eiserfeld.de\\\/?page_id=5606#breadcrumb\"},\"inLanguage\":\"de\",\"potentialAction\":[{\"@type\":\"ReadAction\",\"target\":[\"https:\\\/\\\/www.gesamtschule-eiserfeld.de\\\/?page_id=5606\"]}]},{\"@type\":\"BreadcrumbList\",\"@id\":\"https:\\\/\\\/www.gesamtschule-eiserfeld.de\\\/?page_id=5606#breadcrumb\",\"itemListElement\":[{\"@type\":\"ListItem\",\"position\":1,\"name\":\"Startseite\",\"item\":\"https:\\\/\\\/www.gesamtschule-eiserfeld.de\\\/\"},{\"@type\":\"ListItem\",\"position\":2,\"name\":\"Sekundarstufe II\",\"item\":\"https:\\\/\\\/www.gesamtschule-eiserfeld.de\\\/?page_id=794\"},{\"@type\":\"ListItem\",\"position\":3,\"name\":\"Downloadbereich\"}]},{\"@type\":\"WebSite\",\"@id\":\"https:\\\/\\\/www.gesamtschule-eiserfeld.de\\\/#website\",\"url\":\"https:\\\/\\\/www.gesamtschule-eiserfeld.de\\\/\",\"name\":\"Gesamtschule Eiserfeld\",\"description\":\"\",\"publisher\":{\"@id\":\"https:\\\/\\\/www.gesamtschule-eiserfeld.de\\\/#organization\"},\"potentialAction\":[{\"@type\":\"SearchAction\",\"target\":{\"@type\":\"EntryPoint\",\"urlTemplate\":\"https:\\\/\\\/www.gesamtschule-eiserfeld.de\\\/?s={search_term_string}\"},\"query-input\":{\"@type\":\"PropertyValueSpecification\",\"valueRequired\":true,\"valueName\":\"search_term_string\"}}],\"inLanguage\":\"de\"},{\"@type\":\"Organization\",\"@id\":\"https:\\\/\\\/www.gesamtschule-eiserfeld.de\\\/#organization\",\"name\":\"Gesamtschule Eiserfeld\",\"url\":\"https:\\\/\\\/www.gesamtschule-eiserfeld.de\\\/\",\"logo\":{\"@type\":\"ImageObject\",\"inLanguage\":\"de\",\"@id\":\"https:\\\/\\\/www.gesamtschule-eiserfeld.de\\\/#\\\/schema\\\/logo\\\/image\\\/\",\"url\":\"https:\\\/\\\/i1.wp.com\\\/www.gesamtschule-eiserfeld.de\\\/wp-content\\\/uploads\\\/2019\\\/01\\\/GEE-Logo-neu.jpg?fit=436%2C126&ssl=1\",\"contentUrl\":\"https:\\\/\\\/i1.wp.com\\\/www.gesamtschule-eiserfeld.de\\\/wp-content\\\/uploads\\\/2019\\\/01\\\/GEE-Logo-neu.jpg?fit=436%2C126&ssl=1\",\"width\":436,\"height\":126,\"caption\":\"Gesamtschule Eiserfeld\"},\"image\":{\"@id\":\"https:\\\/\\\/www.gesamtschule-eiserfeld.de\\\/#\\\/schema\\\/logo\\\/image\\\/\"},\"sameAs\":[\"https:\\\/\\\/www.facebook.com\\\/GEEiserfeld\"]}]}<\/script>\n<!-- \/ Yoast SEO plugin. -->","yoast_head_json":{"title":"Downloadbereich - Gesamtschule Eiserfeld","robots":{"index":"index","follow":"follow","max-snippet":"max-snippet:-1","max-image-preview":"max-image-preview:large","max-video-preview":"max-video-preview:-1"},"canonical":"https:\/\/www.gesamtschule-eiserfeld.de\/?page_id=5606","og_locale":"de_DE","og_type":"article","og_title":"Downloadbereich - Gesamtschule Eiserfeld","og_description":"Pr\u00e4sentation f\u00fcr Neue EF (Sj. 2026\/27) Pr\u00e4sentation_1_ InfoAbend__ABI29_Sj2627 Pr\u00e4sentationen zu den Jahrgangsstufenpflegschaftssitzungen PowerPoint-Pr\u00e4sentationen zu den Vollversammlungen Jahrgangsstufe EF-Q2 \u00dcbersicht \u00fcber das LK-Angebot Hinweise zur Facharbeit Antragsformular Verlassen Schulgel\u00e4nde f\u00fcr minderj\u00e4hrige SuS Sek II AntragErlaubnisVerlassenSchulgel\u00e4ndef\u00fcrSuSderSek II","og_url":"https:\/\/www.gesamtschule-eiserfeld.de\/?page_id=5606","og_site_name":"Gesamtschule Eiserfeld","article_publisher":"https:\/\/www.facebook.com\/GEEiserfeld","article_modified_time":"2025-11-28T06:21:06+00:00","twitter_card":"summary_large_image","twitter_misc":{"Gesch\u00e4tzte Lesezeit":"1\u00a0Minute"},"schema":{"@context":"https:\/\/schema.org","@graph":[{"@type":"WebPage","@id":"https:\/\/www.gesamtschule-eiserfeld.de\/?page_id=5606","url":"https:\/\/www.gesamtschule-eiserfeld.de\/?page_id=5606","name":"Downloadbereich - Gesamtschule Eiserfeld","isPartOf":{"@id":"https:\/\/www.gesamtschule-eiserfeld.de\/#website"},"datePublished":"2015-09-15T10:48:44+00:00","dateModified":"2025-11-28T06:21:06+00:00","breadcrumb":{"@id":"https:\/\/www.gesamtschule-eiserfeld.de\/?page_id=5606#breadcrumb"},"inLanguage":"de","potentialAction":[{"@type":"ReadAction","target":["https:\/\/www.gesamtschule-eiserfeld.de\/?page_id=5606"]}]},{"@type":"BreadcrumbList","@id":"https:\/\/www.gesamtschule-eiserfeld.de\/?page_id=5606#breadcrumb","itemListElement":[{"@type":"ListItem","position":1,"name":"Startseite","item":"https:\/\/www.gesamtschule-eiserfeld.de\/"},{"@type":"ListItem","position":2,"name":"Sekundarstufe II","item":"https:\/\/www.gesamtschule-eiserfeld.de\/?page_id=794"},{"@type":"ListItem","position":3,"name":"Downloadbereich"}]},{"@type":"WebSite","@id":"https:\/\/www.gesamtschule-eiserfeld.de\/#website","url":"https:\/\/www.gesamtschule-eiserfeld.de\/","name":"Gesamtschule Eiserfeld","description":"","publisher":{"@id":"https:\/\/www.gesamtschule-eiserfeld.de\/#organization"},"potentialAction":[{"@type":"SearchAction","target":{"@type":"EntryPoint","urlTemplate":"https:\/\/www.gesamtschule-eiserfeld.de\/?s={search_term_string}"},"query-input":{"@type":"PropertyValueSpecification","valueRequired":true,"valueName":"search_term_string"}}],"inLanguage":"de"},{"@type":"Organization","@id":"https:\/\/www.gesamtschule-eiserfeld.de\/#organization","name":"Gesamtschule Eiserfeld","url":"https:\/\/www.gesamtschule-eiserfeld.de\/","logo":{"@type":"ImageObject","inLanguage":"de","@id":"https:\/\/www.gesamtschule-eiserfeld.de\/#\/schema\/logo\/image\/","url":"https:\/\/i1.wp.com\/www.gesamtschule-eiserfeld.de\/wp-content\/uploads\/2019\/01\/GEE-Logo-neu.jpg?fit=436%2C126&ssl=1","contentUrl":"https:\/\/i1.wp.com\/www.gesamtschule-eiserfeld.de\/wp-content\/uploads\/2019\/01\/GEE-Logo-neu.jpg?fit=436%2C126&ssl=1","width":436,"height":126,"caption":"Gesamtschule Eiserfeld"},"image":{"@id":"https:\/\/www.gesamtschule-eiserfeld.de\/#\/schema\/logo\/image\/"},"sameAs":["https:\/\/www.facebook.com\/GEEiserfeld"]}]}},"jetpack_shortlink":"https:\/\/wp.me\/P2weeL-1sq","jetpack_sharing_enabled":true,"_links":{"self":[{"href":"https:\/\/www.gesamtschule-eiserfeld.de\/index.php?rest_route=\/wp\/v2\/pages\/5606","targetHints":{"allow":["GET"]}}],"collection":[{"href":"https:\/\/www.gesamtschule-eiserfeld.de\/index.php?rest_route=\/wp\/v2\/pages"}],"about":[{"href":"https:\/\/www.gesamtschule-eiserfeld.de\/index.php?rest_route=\/wp\/v2\/types\/page"}],"author":[{"embeddable":true,"href":"https:\/\/www.gesamtschule-eiserfeld.de\/index.php?rest_route=\/wp\/v2\/users\/9"}],"replies":[{"embeddable":true,"href":"https:\/\/www.gesamtschule-eiserfeld.de\/index.php?rest_route=%2Fwp%2Fv2%2Fcomments&post=5606"}],"version-history":[{"count":7,"href":"https:\/\/www.gesamtschule-eiserfeld.de\/index.php?rest_route=\/wp\/v2\/pages\/5606\/revisions"}],"predecessor-version":[{"id":20521,"href":"https:\/\/www.gesamtschule-eiserfeld.de\/index.php?rest_route=\/wp\/v2\/pages\/5606\/revisions\/20521"}],"up":[{"embeddable":true,"href":"https:\/\/www.gesamtschule-eiserfeld.de\/index.php?rest_route=\/wp\/v2\/pages\/794"}],"wp:attachment":[{"href":"https:\/\/www.gesamtschule-eiserfeld.de\/index.php?rest_route=%2Fwp%2Fv2%2Fmedia&parent=5606"}],"curies":[{"name":"wp","href":"https:\/\/api.w.org\/{rel}","templated":true}]}}