{"id":5614,"date":"2015-09-15T11:55:37","date_gmt":"2015-09-15T10:55:37","guid":{"rendered":"http:\/\/ge-eiserfeld.de\/?page_id=5614"},"modified":"2015-09-15T11:55:37","modified_gmt":"2015-09-15T10:55:37","slug":"studien-und-berufswahlorientierung","status":"publish","type":"page","link":"https:\/\/www.gesamtschule-eiserfeld.de\/?page_id=5614","title":{"rendered":"Studien- und Berufswahlorientierung"},"content":{"rendered":"<p align=\"justify\"><b>Fit f\u00fcr die Zukunft: Studien- und Berufswahlvorbereitung in der SII<\/b> <\/p>\n<p align=\"justify\"><b><\/b> <\/p>\n<p align=\"justify\">Bereits im Laufe der Oberstufe werden die Weichen f\u00fcr die weitere berufliche Laufbahn der Abiturientinnen und Abiturienten gestellt. Nicht zuletzt aufgrund von Bewerbungsfristen, Zulassungsbeschr\u00e4nkungen und anderen Rahmenbedingungen ist es unverzichtbar, sich rechtzeitig mit M\u00f6glichkeiten bei der Berufs- und Studienwahl auseinanderzusetzen. Dazu unterst\u00fctzen wir die Sch\u00fclerinnen und Sch\u00fcler unserer Oberstufe mit vielf\u00e4ltigen Angeboten. <\/p>\n<p align=\"justify\">In der <b>Jahrgangsstufe EF<\/b> wird ein zweiw\u00f6chiges Berufspraktikum durchgef\u00fchrt, welches entweder komplett in einem \u2013 in der Regel \u2013 selbst ausgew\u00e4hlten Berufsfeld, oder als Duales Orientierungspraktikum zur H\u00e4lfte an der Universit\u00e4t Siegen und zur H\u00e4lfte in einem Betrieb durchgef\u00fchrt wird. Beide Formen werden durch die Schule mit organisiert, begleitet und ausgewertet. Duale Orientierungspraktika beinhalten neben Informationsveranstaltungen der Zentralen Studienberatung u. a. auch eine Bibliotheksf\u00fchrung sowie Schnuppervorlesungen und -seminare an der Uni. <\/p>\n<p align=\"justify\">W\u00e4hrend der gesamten Oberstufenzeit f\u00fchrt die <b>Agentur f\u00fcr Arbeit<\/b> regelm\u00e4\u00dfige Informationsveranstaltungen zu ausgew\u00e4hlten Themenbereichen der Berufs- und Studienwelt an unserer Schule durch. Au\u00dferdem werden mehrmals im Halbjahr auch <b>pers\u00f6nliche Beratungen<\/b> durch geschultes Personal der Agentur f\u00fcr Arbeit angeboten. Dazu werden vor jedem Termin Listen im O-Caf\u00e9 ausgeh\u00e4ngt.  <\/p>\n<p align=\"justify\">Wir f\u00fchren dar\u00fcber hinaus regelm\u00e4\u00dfig Projekttage zur Studienwahlvorbereitung durch. Dazu nutzen wir die Materialien des von der Universit\u00e4t Duisburg-Essen entwickelten Programms \u201e<b>Uni-Trainees<\/b>\u201c. Fragestellungen wie \u201eWelche Faktoren beeinflussen meine Entscheidung f\u00fcr ein Studium?\u201c, \u201eWie gelange ich an Informationen zu den Studieng\u00e4ngen?\u201c, \u201eWelche Finanzierungsm\u00f6glichkeiten gibt es?\u201c oder \u201eWie sieht eigentlich das studentische Leben aus?\u201c werden in diesem Rahmen diskutiert. <\/p>\n<p align=\"justify\">Im MINT-Bereich nehmen Sch\u00fclerinnen und Sch\u00fcler der Jahrg\u00e4nge Q1 bzw. Q2 am <b>F\u00f6rderprogramm \u201eMINToringSi\u201c<\/b> der Universit\u00e4t Siegen und des Verbandes der Siegerl\u00e4nder Metallindustriellen teil. Dort werden u.a. spannende Projekte aus den MINT-F\u00e4chern sowie Betriebsf\u00fchrungen in bekannten Siegerl\u00e4nder Unternehmen durchgef\u00fchrt. <\/p>\n<p align=\"justify\">Dar\u00fcber hinaus werden \u00fcber das SekII-Team aktuell die Angebote verschiedener Universit\u00e4ten oder Unternehmen weitergeleitet und vermittelt. Es bestehen intensive Kontakte zur Universit\u00e4t Siegen, u.a. k\u00f6nnen Termine zur Studienberatung angefragt, die Universit\u00e4tsbibliothek genutzt oder Schnupperveranstaltungen besucht werden. Im Fach Chemie werden zudem regelm\u00e4\u00dfige Besuche im Sch\u00fclerlabor \u201eScience Forum\u201c durchgef\u00fchrt.<\/p>\n","protected":false},"excerpt":{"rendered":"<p>Fit f\u00fcr die Zukunft: Studien- und Berufswahlvorbereitung in der SII Bereits im Laufe der Oberstufe werden die Weichen f\u00fcr die weitere berufliche Laufbahn der Abiturientinnen und Abiturienten gestellt. Nicht zuletzt aufgrund von Bewerbungsfristen, Zulassungsbeschr\u00e4nkungen und anderen Rahmenbedingungen ist es unverzichtbar, sich rechtzeitig mit M\u00f6glichkeiten bei der Berufs- und Studienwahl auseinanderzusetzen. Dazu unterst\u00fctzen wir die Sch\u00fclerinnen &hellip; <a href=\"https:\/\/www.gesamtschule-eiserfeld.de\/?page_id=5614\" class=\"more-link\"><span class=\"screen-reader-text\">Studien- und Berufswahlorientierung<\/span> weiterlesen <span class=\"meta-nav\">&rarr;<\/span><\/a><\/p>\n","protected":false},"author":9,"featured_media":0,"parent":794,"menu_order":4,"comment_status":"closed","ping_status":"closed","template":"","meta":{"jetpack_post_was_ever_published":false,"footnotes":""},"class_list":["post-5614","page","type-page","status-publish","hentry"],"yoast_head":"<!-- This site is optimized with the Yoast SEO plugin v27.4 - https:\/\/yoast.com\/product\/yoast-seo-wordpress\/ -->\n<title>Studien- und Berufswahlorientierung - Gesamtschule Eiserfeld<\/title>\n<meta name=\"robots\" content=\"index, follow, max-snippet:-1, max-image-preview:large, max-video-preview:-1\" \/>\n<link rel=\"canonical\" href=\"https:\/\/www.gesamtschule-eiserfeld.de\/?page_id=5614\" \/>\n<meta property=\"og:locale\" content=\"de_DE\" \/>\n<meta property=\"og:type\" content=\"article\" \/>\n<meta property=\"og:title\" content=\"Studien- und Berufswahlorientierung - Gesamtschule Eiserfeld\" \/>\n<meta property=\"og:description\" content=\"Fit f\u00fcr die Zukunft: Studien- und Berufswahlvorbereitung in der SII Bereits im Laufe der Oberstufe werden die Weichen f\u00fcr die weitere berufliche Laufbahn der Abiturientinnen und Abiturienten gestellt. Nicht zuletzt aufgrund von Bewerbungsfristen, Zulassungsbeschr\u00e4nkungen und anderen Rahmenbedingungen ist es unverzichtbar, sich rechtzeitig mit M\u00f6glichkeiten bei der Berufs- und Studienwahl auseinanderzusetzen. Dazu unterst\u00fctzen wir die Sch\u00fclerinnen &hellip; Studien- und Berufswahlorientierung weiterlesen &rarr;\" \/>\n<meta property=\"og:url\" content=\"https:\/\/www.gesamtschule-eiserfeld.de\/?page_id=5614\" \/>\n<meta property=\"og:site_name\" content=\"Gesamtschule Eiserfeld\" \/>\n<meta property=\"article:publisher\" content=\"https:\/\/www.facebook.com\/GEEiserfeld\" \/>\n<meta name=\"twitter:card\" content=\"summary_large_image\" \/>\n<meta name=\"twitter:label1\" content=\"Gesch\u00e4tzte Lesezeit\" \/>\n\t<meta name=\"twitter:data1\" content=\"2\u00a0Minuten\" \/>\n<script type=\"application\/ld+json\" class=\"yoast-schema-graph\">{\"@context\":\"https:\\\/\\\/schema.org\",\"@graph\":[{\"@type\":\"WebPage\",\"@id\":\"https:\\\/\\\/www.gesamtschule-eiserfeld.de\\\/?page_id=5614\",\"url\":\"https:\\\/\\\/www.gesamtschule-eiserfeld.de\\\/?page_id=5614\",\"name\":\"Studien- und Berufswahlorientierung - Gesamtschule Eiserfeld\",\"isPartOf\":{\"@id\":\"https:\\\/\\\/www.gesamtschule-eiserfeld.de\\\/#website\"},\"datePublished\":\"2015-09-15T10:55:37+00:00\",\"breadcrumb\":{\"@id\":\"https:\\\/\\\/www.gesamtschule-eiserfeld.de\\\/?page_id=5614#breadcrumb\"},\"inLanguage\":\"de\",\"potentialAction\":[{\"@type\":\"ReadAction\",\"target\":[\"https:\\\/\\\/www.gesamtschule-eiserfeld.de\\\/?page_id=5614\"]}]},{\"@type\":\"BreadcrumbList\",\"@id\":\"https:\\\/\\\/www.gesamtschule-eiserfeld.de\\\/?page_id=5614#breadcrumb\",\"itemListElement\":[{\"@type\":\"ListItem\",\"position\":1,\"name\":\"Startseite\",\"item\":\"https:\\\/\\\/www.gesamtschule-eiserfeld.de\\\/\"},{\"@type\":\"ListItem\",\"position\":2,\"name\":\"Sekundarstufe II\",\"item\":\"https:\\\/\\\/www.gesamtschule-eiserfeld.de\\\/?page_id=794\"},{\"@type\":\"ListItem\",\"position\":3,\"name\":\"Studien- und Berufswahlorientierung\"}]},{\"@type\":\"WebSite\",\"@id\":\"https:\\\/\\\/www.gesamtschule-eiserfeld.de\\\/#website\",\"url\":\"https:\\\/\\\/www.gesamtschule-eiserfeld.de\\\/\",\"name\":\"Gesamtschule Eiserfeld\",\"description\":\"\",\"publisher\":{\"@id\":\"https:\\\/\\\/www.gesamtschule-eiserfeld.de\\\/#organization\"},\"potentialAction\":[{\"@type\":\"SearchAction\",\"target\":{\"@type\":\"EntryPoint\",\"urlTemplate\":\"https:\\\/\\\/www.gesamtschule-eiserfeld.de\\\/?s={search_term_string}\"},\"query-input\":{\"@type\":\"PropertyValueSpecification\",\"valueRequired\":true,\"valueName\":\"search_term_string\"}}],\"inLanguage\":\"de\"},{\"@type\":\"Organization\",\"@id\":\"https:\\\/\\\/www.gesamtschule-eiserfeld.de\\\/#organization\",\"name\":\"Gesamtschule Eiserfeld\",\"url\":\"https:\\\/\\\/www.gesamtschule-eiserfeld.de\\\/\",\"logo\":{\"@type\":\"ImageObject\",\"inLanguage\":\"de\",\"@id\":\"https:\\\/\\\/www.gesamtschule-eiserfeld.de\\\/#\\\/schema\\\/logo\\\/image\\\/\",\"url\":\"https:\\\/\\\/i1.wp.com\\\/www.gesamtschule-eiserfeld.de\\\/wp-content\\\/uploads\\\/2019\\\/01\\\/GEE-Logo-neu.jpg?fit=436%2C126&ssl=1\",\"contentUrl\":\"https:\\\/\\\/i1.wp.com\\\/www.gesamtschule-eiserfeld.de\\\/wp-content\\\/uploads\\\/2019\\\/01\\\/GEE-Logo-neu.jpg?fit=436%2C126&ssl=1\",\"width\":436,\"height\":126,\"caption\":\"Gesamtschule Eiserfeld\"},\"image\":{\"@id\":\"https:\\\/\\\/www.gesamtschule-eiserfeld.de\\\/#\\\/schema\\\/logo\\\/image\\\/\"},\"sameAs\":[\"https:\\\/\\\/www.facebook.com\\\/GEEiserfeld\"]}]}<\/script>\n<!-- \/ Yoast SEO plugin. -->","yoast_head_json":{"title":"Studien- und Berufswahlorientierung - Gesamtschule Eiserfeld","robots":{"index":"index","follow":"follow","max-snippet":"max-snippet:-1","max-image-preview":"max-image-preview:large","max-video-preview":"max-video-preview:-1"},"canonical":"https:\/\/www.gesamtschule-eiserfeld.de\/?page_id=5614","og_locale":"de_DE","og_type":"article","og_title":"Studien- und Berufswahlorientierung - Gesamtschule Eiserfeld","og_description":"Fit f\u00fcr die Zukunft: Studien- und Berufswahlvorbereitung in der SII Bereits im Laufe der Oberstufe werden die Weichen f\u00fcr die weitere berufliche Laufbahn der Abiturientinnen und Abiturienten gestellt. Nicht zuletzt aufgrund von Bewerbungsfristen, Zulassungsbeschr\u00e4nkungen und anderen Rahmenbedingungen ist es unverzichtbar, sich rechtzeitig mit M\u00f6glichkeiten bei der Berufs- und Studienwahl auseinanderzusetzen. Dazu unterst\u00fctzen wir die Sch\u00fclerinnen &hellip; Studien- und Berufswahlorientierung weiterlesen &rarr;","og_url":"https:\/\/www.gesamtschule-eiserfeld.de\/?page_id=5614","og_site_name":"Gesamtschule Eiserfeld","article_publisher":"https:\/\/www.facebook.com\/GEEiserfeld","twitter_card":"summary_large_image","twitter_misc":{"Gesch\u00e4tzte Lesezeit":"2\u00a0Minuten"},"schema":{"@context":"https:\/\/schema.org","@graph":[{"@type":"WebPage","@id":"https:\/\/www.gesamtschule-eiserfeld.de\/?page_id=5614","url":"https:\/\/www.gesamtschule-eiserfeld.de\/?page_id=5614","name":"Studien- und Berufswahlorientierung - Gesamtschule Eiserfeld","isPartOf":{"@id":"https:\/\/www.gesamtschule-eiserfeld.de\/#website"},"datePublished":"2015-09-15T10:55:37+00:00","breadcrumb":{"@id":"https:\/\/www.gesamtschule-eiserfeld.de\/?page_id=5614#breadcrumb"},"inLanguage":"de","potentialAction":[{"@type":"ReadAction","target":["https:\/\/www.gesamtschule-eiserfeld.de\/?page_id=5614"]}]},{"@type":"BreadcrumbList","@id":"https:\/\/www.gesamtschule-eiserfeld.de\/?page_id=5614#breadcrumb","itemListElement":[{"@type":"ListItem","position":1,"name":"Startseite","item":"https:\/\/www.gesamtschule-eiserfeld.de\/"},{"@type":"ListItem","position":2,"name":"Sekundarstufe II","item":"https:\/\/www.gesamtschule-eiserfeld.de\/?page_id=794"},{"@type":"ListItem","position":3,"name":"Studien- und Berufswahlorientierung"}]},{"@type":"WebSite","@id":"https:\/\/www.gesamtschule-eiserfeld.de\/#website","url":"https:\/\/www.gesamtschule-eiserfeld.de\/","name":"Gesamtschule Eiserfeld","description":"","publisher":{"@id":"https:\/\/www.gesamtschule-eiserfeld.de\/#organization"},"potentialAction":[{"@type":"SearchAction","target":{"@type":"EntryPoint","urlTemplate":"https:\/\/www.gesamtschule-eiserfeld.de\/?s={search_term_string}"},"query-input":{"@type":"PropertyValueSpecification","valueRequired":true,"valueName":"search_term_string"}}],"inLanguage":"de"},{"@type":"Organization","@id":"https:\/\/www.gesamtschule-eiserfeld.de\/#organization","name":"Gesamtschule Eiserfeld","url":"https:\/\/www.gesamtschule-eiserfeld.de\/","logo":{"@type":"ImageObject","inLanguage":"de","@id":"https:\/\/www.gesamtschule-eiserfeld.de\/#\/schema\/logo\/image\/","url":"https:\/\/i1.wp.com\/www.gesamtschule-eiserfeld.de\/wp-content\/uploads\/2019\/01\/GEE-Logo-neu.jpg?fit=436%2C126&ssl=1","contentUrl":"https:\/\/i1.wp.com\/www.gesamtschule-eiserfeld.de\/wp-content\/uploads\/2019\/01\/GEE-Logo-neu.jpg?fit=436%2C126&ssl=1","width":436,"height":126,"caption":"Gesamtschule Eiserfeld"},"image":{"@id":"https:\/\/www.gesamtschule-eiserfeld.de\/#\/schema\/logo\/image\/"},"sameAs":["https:\/\/www.facebook.com\/GEEiserfeld"]}]}},"jetpack_shortlink":"https:\/\/wp.me\/P2weeL-1sy","jetpack_sharing_enabled":true,"_links":{"self":[{"href":"https:\/\/www.gesamtschule-eiserfeld.de\/index.php?rest_route=\/wp\/v2\/pages\/5614","targetHints":{"allow":["GET"]}}],"collection":[{"href":"https:\/\/www.gesamtschule-eiserfeld.de\/index.php?rest_route=\/wp\/v2\/pages"}],"about":[{"href":"https:\/\/www.gesamtschule-eiserfeld.de\/index.php?rest_route=\/wp\/v2\/types\/page"}],"author":[{"embeddable":true,"href":"https:\/\/www.gesamtschule-eiserfeld.de\/index.php?rest_route=\/wp\/v2\/users\/9"}],"replies":[{"embeddable":true,"href":"https:\/\/www.gesamtschule-eiserfeld.de\/index.php?rest_route=%2Fwp%2Fv2%2Fcomments&post=5614"}],"version-history":[{"count":0,"href":"https:\/\/www.gesamtschule-eiserfeld.de\/index.php?rest_route=\/wp\/v2\/pages\/5614\/revisions"}],"up":[{"embeddable":true,"href":"https:\/\/www.gesamtschule-eiserfeld.de\/index.php?rest_route=\/wp\/v2\/pages\/794"}],"wp:attachment":[{"href":"https:\/\/www.gesamtschule-eiserfeld.de\/index.php?rest_route=%2Fwp%2Fv2%2Fmedia&parent=5614"}],"curies":[{"name":"wp","href":"https:\/\/api.w.org\/{rel}","templated":true}]}}