{"id":5623,"date":"2015-09-15T12:02:34","date_gmt":"2015-09-15T11:02:34","guid":{"rendered":"http:\/\/ge-eiserfeld.de\/?page_id=5623"},"modified":"2025-09-16T13:16:18","modified_gmt":"2025-09-16T12:16:18","slug":"krankmeldung","status":"publish","type":"page","link":"https:\/\/www.gesamtschule-eiserfeld.de\/?page_id=5623","title":{"rendered":"Krankmeldung"},"content":{"rendered":"<p align=\"justify\"><b>Abmelde- und Entschuldigungspraxis in der Sekundarstufe II<\/b><\/p>\n<p align=\"justify\">Um einen m\u00f6glichst reibungslosen Ablauf im Umgang mit Fehlzeiten zu gew\u00e4hrleisten, haben wir uns auf folgende Regelung zu Abmeldungen\/Entschuldigungen verst\u00e4ndigt. Wir bitten darum, das Verfahren im Interesse aller immer einzuhalten, dann lassen sich Unstimmigkeiten vermeiden.<\/p>\n<p align=\"justify\">Grunds\u00e4tzlich gilt: Fehlstunden k\u00f6nnen nur entschuldigt werden, wenn man sich <b>vorher<\/b> abgemeldet hat!<\/p>\n<p align=\"justify\">Das bedeutet konkret:<\/p>\n<ul>\n<li>\n<div align=\"justify\">Wer krankheitsbedingt nicht zur Schule kommen kann, muss sich <b>vor der ersten Unterrichtsstunde<\/b> per Webuntis abmelden, das Verfahren mit der App wird euch zu Beginn des Schuljahres erkl\u00e4rt.<\/div>\n<\/li>\n<li>Bei Abmeldungen, die l\u00e4ngere Erl\u00e4uterungen erfordern, diese bitte an folgende Adressen schicken:\n<ul>\n<li>\n<div align=\"justify\">JG EF: abmeldung-abi28@gesamtschule-eiserfeld.de<\/div>\n<\/li>\n<li>JG Q1: abmeldung-abi27@gesamtschule-eiserfeld.de<\/li>\n<li>JG Q2: abmeldung-abi26@gesamtschule-eiserfeld.de<\/li>\n<\/ul>\n<\/li>\n<\/ul>\n<ul>\n<li>\n<div align=\"justify\">Falls sich jemand im Verlauf des Tages abmelden m\u00f6chte, muss er\/sie dies im SII-B\u00fcro bei einem Beratungslehrer (FUNK, HOHM, H\u00dcTT, SCH\u00c4, THOM, WAGN, WINK) tun.<\/div>\n<\/li>\n<li>\n<div align=\"justify\">Beurlaubungen bitte rechtzeitig mit der Jahrgangsleitung bzw. bei mehrt\u00e4gigen Beurlaubungen mit WAGN absprechen; Arzttermine m\u00f6glichst au\u00dferhalb der Schulzeit vereinbaren.<\/div>\n<\/li>\n<li>\n<div align=\"justify\">Fehlstunden sind innerhalb von <b>zwei Wochen<\/b> zu entschuldigen (Verl\u00e4ngerung bei Erkrankung des Fachlehrers o.\u00e4. m\u00f6glich).<\/div>\n<\/li>\n<li>\n<div align=\"justify\">Bei <b>Klausuren <\/b>muss sich am Tag der Klausur abgemeldet werden (per Webuntis. Mail oder telefonisch), dar\u00fcber hinaus ist eine schriftliche Entschuldigung der Eltern (bei minderj\u00e4hrigen Sch\u00fclern und Sch\u00fclerinnen) erforderlich. <strong>Vordruck siehe unten<\/strong>. Die Entschuldigung soll dann am ersten Tag des Wiederbesuchs der Schule im Sek 2 B\u00fcro vorgelegt werden.<\/div>\n<\/li>\n<\/ul>\n<p align=\"justify\">\n<p align=\"justify\"><strong>Vorlage f\u00fcr Elternentschuldigung bei vers\u00e4umten Klausuren:<\/strong><\/p>\n<p align=\"justify\"><a href=\"https:\/\/www.gesamtschule-eiserfeld.de\/wp-content\/uploads\/2024\/09\/VorlageEntschuldigungElternKlausur_Minderj.pdf\">VorlageEntschuldigungElternKlausur_Minderj<\/a><\/p>\n","protected":false},"excerpt":{"rendered":"<p>Abmelde- und Entschuldigungspraxis in der Sekundarstufe II Um einen m\u00f6glichst reibungslosen Ablauf im Umgang mit Fehlzeiten zu gew\u00e4hrleisten, haben wir uns auf folgende Regelung zu Abmeldungen\/Entschuldigungen verst\u00e4ndigt. Wir bitten darum, das Verfahren im Interesse aller immer einzuhalten, dann lassen sich Unstimmigkeiten vermeiden. Grunds\u00e4tzlich gilt: Fehlstunden k\u00f6nnen nur entschuldigt werden, wenn man sich vorher abgemeldet hat! &hellip; <a href=\"https:\/\/www.gesamtschule-eiserfeld.de\/?page_id=5623\" class=\"more-link\"><span class=\"screen-reader-text\">Krankmeldung<\/span> weiterlesen <span class=\"meta-nav\">&rarr;<\/span><\/a><\/p>\n","protected":false},"author":9,"featured_media":0,"parent":794,"menu_order":8,"comment_status":"closed","ping_status":"closed","template":"","meta":{"jetpack_post_was_ever_published":false,"footnotes":""},"class_list":["post-5623","page","type-page","status-publish","hentry"],"yoast_head":"<!-- This site is optimized with the Yoast SEO plugin v27.3 - https:\/\/yoast.com\/product\/yoast-seo-wordpress\/ -->\n<title>Krankmeldung - Gesamtschule Eiserfeld<\/title>\n<meta name=\"robots\" content=\"index, follow, max-snippet:-1, max-image-preview:large, max-video-preview:-1\" \/>\n<link rel=\"canonical\" href=\"https:\/\/www.gesamtschule-eiserfeld.de\/?page_id=5623\" \/>\n<meta property=\"og:locale\" content=\"de_DE\" \/>\n<meta property=\"og:type\" content=\"article\" \/>\n<meta property=\"og:title\" content=\"Krankmeldung - Gesamtschule Eiserfeld\" \/>\n<meta property=\"og:description\" content=\"Abmelde- und Entschuldigungspraxis in der Sekundarstufe II Um einen m\u00f6glichst reibungslosen Ablauf im Umgang mit Fehlzeiten zu gew\u00e4hrleisten, haben wir uns auf folgende Regelung zu Abmeldungen\/Entschuldigungen verst\u00e4ndigt. Wir bitten darum, das Verfahren im Interesse aller immer einzuhalten, dann lassen sich Unstimmigkeiten vermeiden. Grunds\u00e4tzlich gilt: Fehlstunden k\u00f6nnen nur entschuldigt werden, wenn man sich vorher abgemeldet hat! &hellip; Krankmeldung weiterlesen &rarr;\" \/>\n<meta property=\"og:url\" content=\"https:\/\/www.gesamtschule-eiserfeld.de\/?page_id=5623\" \/>\n<meta property=\"og:site_name\" content=\"Gesamtschule Eiserfeld\" \/>\n<meta property=\"article:publisher\" content=\"https:\/\/www.facebook.com\/GEEiserfeld\" \/>\n<meta property=\"article:modified_time\" content=\"2025-09-16T12:16:18+00:00\" \/>\n<meta name=\"twitter:card\" content=\"summary_large_image\" \/>\n<meta name=\"twitter:label1\" content=\"Gesch\u00e4tzte Lesezeit\" \/>\n\t<meta name=\"twitter:data1\" content=\"2\u00a0Minuten\" \/>\n<script type=\"application\/ld+json\" class=\"yoast-schema-graph\">{\"@context\":\"https:\\\/\\\/schema.org\",\"@graph\":[{\"@type\":\"WebPage\",\"@id\":\"https:\\\/\\\/www.gesamtschule-eiserfeld.de\\\/?page_id=5623\",\"url\":\"https:\\\/\\\/www.gesamtschule-eiserfeld.de\\\/?page_id=5623\",\"name\":\"Krankmeldung - Gesamtschule Eiserfeld\",\"isPartOf\":{\"@id\":\"https:\\\/\\\/www.gesamtschule-eiserfeld.de\\\/#website\"},\"datePublished\":\"2015-09-15T11:02:34+00:00\",\"dateModified\":\"2025-09-16T12:16:18+00:00\",\"breadcrumb\":{\"@id\":\"https:\\\/\\\/www.gesamtschule-eiserfeld.de\\\/?page_id=5623#breadcrumb\"},\"inLanguage\":\"de\",\"potentialAction\":[{\"@type\":\"ReadAction\",\"target\":[\"https:\\\/\\\/www.gesamtschule-eiserfeld.de\\\/?page_id=5623\"]}]},{\"@type\":\"BreadcrumbList\",\"@id\":\"https:\\\/\\\/www.gesamtschule-eiserfeld.de\\\/?page_id=5623#breadcrumb\",\"itemListElement\":[{\"@type\":\"ListItem\",\"position\":1,\"name\":\"Startseite\",\"item\":\"https:\\\/\\\/www.gesamtschule-eiserfeld.de\\\/\"},{\"@type\":\"ListItem\",\"position\":2,\"name\":\"Sekundarstufe II\",\"item\":\"https:\\\/\\\/www.gesamtschule-eiserfeld.de\\\/?page_id=794\"},{\"@type\":\"ListItem\",\"position\":3,\"name\":\"Krankmeldung\"}]},{\"@type\":\"WebSite\",\"@id\":\"https:\\\/\\\/www.gesamtschule-eiserfeld.de\\\/#website\",\"url\":\"https:\\\/\\\/www.gesamtschule-eiserfeld.de\\\/\",\"name\":\"Gesamtschule Eiserfeld\",\"description\":\"\",\"publisher\":{\"@id\":\"https:\\\/\\\/www.gesamtschule-eiserfeld.de\\\/#organization\"},\"potentialAction\":[{\"@type\":\"SearchAction\",\"target\":{\"@type\":\"EntryPoint\",\"urlTemplate\":\"https:\\\/\\\/www.gesamtschule-eiserfeld.de\\\/?s={search_term_string}\"},\"query-input\":{\"@type\":\"PropertyValueSpecification\",\"valueRequired\":true,\"valueName\":\"search_term_string\"}}],\"inLanguage\":\"de\"},{\"@type\":\"Organization\",\"@id\":\"https:\\\/\\\/www.gesamtschule-eiserfeld.de\\\/#organization\",\"name\":\"Gesamtschule Eiserfeld\",\"url\":\"https:\\\/\\\/www.gesamtschule-eiserfeld.de\\\/\",\"logo\":{\"@type\":\"ImageObject\",\"inLanguage\":\"de\",\"@id\":\"https:\\\/\\\/www.gesamtschule-eiserfeld.de\\\/#\\\/schema\\\/logo\\\/image\\\/\",\"url\":\"https:\\\/\\\/i1.wp.com\\\/www.gesamtschule-eiserfeld.de\\\/wp-content\\\/uploads\\\/2019\\\/01\\\/GEE-Logo-neu.jpg?fit=436%2C126&ssl=1\",\"contentUrl\":\"https:\\\/\\\/i1.wp.com\\\/www.gesamtschule-eiserfeld.de\\\/wp-content\\\/uploads\\\/2019\\\/01\\\/GEE-Logo-neu.jpg?fit=436%2C126&ssl=1\",\"width\":436,\"height\":126,\"caption\":\"Gesamtschule Eiserfeld\"},\"image\":{\"@id\":\"https:\\\/\\\/www.gesamtschule-eiserfeld.de\\\/#\\\/schema\\\/logo\\\/image\\\/\"},\"sameAs\":[\"https:\\\/\\\/www.facebook.com\\\/GEEiserfeld\"]}]}<\/script>\n<!-- \/ Yoast SEO plugin. -->","yoast_head_json":{"title":"Krankmeldung - Gesamtschule Eiserfeld","robots":{"index":"index","follow":"follow","max-snippet":"max-snippet:-1","max-image-preview":"max-image-preview:large","max-video-preview":"max-video-preview:-1"},"canonical":"https:\/\/www.gesamtschule-eiserfeld.de\/?page_id=5623","og_locale":"de_DE","og_type":"article","og_title":"Krankmeldung - Gesamtschule Eiserfeld","og_description":"Abmelde- und Entschuldigungspraxis in der Sekundarstufe II Um einen m\u00f6glichst reibungslosen Ablauf im Umgang mit Fehlzeiten zu gew\u00e4hrleisten, haben wir uns auf folgende Regelung zu Abmeldungen\/Entschuldigungen verst\u00e4ndigt. Wir bitten darum, das Verfahren im Interesse aller immer einzuhalten, dann lassen sich Unstimmigkeiten vermeiden. Grunds\u00e4tzlich gilt: Fehlstunden k\u00f6nnen nur entschuldigt werden, wenn man sich vorher abgemeldet hat! &hellip; Krankmeldung weiterlesen &rarr;","og_url":"https:\/\/www.gesamtschule-eiserfeld.de\/?page_id=5623","og_site_name":"Gesamtschule Eiserfeld","article_publisher":"https:\/\/www.facebook.com\/GEEiserfeld","article_modified_time":"2025-09-16T12:16:18+00:00","twitter_card":"summary_large_image","twitter_misc":{"Gesch\u00e4tzte Lesezeit":"2\u00a0Minuten"},"schema":{"@context":"https:\/\/schema.org","@graph":[{"@type":"WebPage","@id":"https:\/\/www.gesamtschule-eiserfeld.de\/?page_id=5623","url":"https:\/\/www.gesamtschule-eiserfeld.de\/?page_id=5623","name":"Krankmeldung - Gesamtschule Eiserfeld","isPartOf":{"@id":"https:\/\/www.gesamtschule-eiserfeld.de\/#website"},"datePublished":"2015-09-15T11:02:34+00:00","dateModified":"2025-09-16T12:16:18+00:00","breadcrumb":{"@id":"https:\/\/www.gesamtschule-eiserfeld.de\/?page_id=5623#breadcrumb"},"inLanguage":"de","potentialAction":[{"@type":"ReadAction","target":["https:\/\/www.gesamtschule-eiserfeld.de\/?page_id=5623"]}]},{"@type":"BreadcrumbList","@id":"https:\/\/www.gesamtschule-eiserfeld.de\/?page_id=5623#breadcrumb","itemListElement":[{"@type":"ListItem","position":1,"name":"Startseite","item":"https:\/\/www.gesamtschule-eiserfeld.de\/"},{"@type":"ListItem","position":2,"name":"Sekundarstufe II","item":"https:\/\/www.gesamtschule-eiserfeld.de\/?page_id=794"},{"@type":"ListItem","position":3,"name":"Krankmeldung"}]},{"@type":"WebSite","@id":"https:\/\/www.gesamtschule-eiserfeld.de\/#website","url":"https:\/\/www.gesamtschule-eiserfeld.de\/","name":"Gesamtschule Eiserfeld","description":"","publisher":{"@id":"https:\/\/www.gesamtschule-eiserfeld.de\/#organization"},"potentialAction":[{"@type":"SearchAction","target":{"@type":"EntryPoint","urlTemplate":"https:\/\/www.gesamtschule-eiserfeld.de\/?s={search_term_string}"},"query-input":{"@type":"PropertyValueSpecification","valueRequired":true,"valueName":"search_term_string"}}],"inLanguage":"de"},{"@type":"Organization","@id":"https:\/\/www.gesamtschule-eiserfeld.de\/#organization","name":"Gesamtschule Eiserfeld","url":"https:\/\/www.gesamtschule-eiserfeld.de\/","logo":{"@type":"ImageObject","inLanguage":"de","@id":"https:\/\/www.gesamtschule-eiserfeld.de\/#\/schema\/logo\/image\/","url":"https:\/\/i1.wp.com\/www.gesamtschule-eiserfeld.de\/wp-content\/uploads\/2019\/01\/GEE-Logo-neu.jpg?fit=436%2C126&ssl=1","contentUrl":"https:\/\/i1.wp.com\/www.gesamtschule-eiserfeld.de\/wp-content\/uploads\/2019\/01\/GEE-Logo-neu.jpg?fit=436%2C126&ssl=1","width":436,"height":126,"caption":"Gesamtschule Eiserfeld"},"image":{"@id":"https:\/\/www.gesamtschule-eiserfeld.de\/#\/schema\/logo\/image\/"},"sameAs":["https:\/\/www.facebook.com\/GEEiserfeld"]}]}},"jetpack_shortlink":"https:\/\/wp.me\/P2weeL-1sH","jetpack_sharing_enabled":true,"_links":{"self":[{"href":"https:\/\/www.gesamtschule-eiserfeld.de\/index.php?rest_route=\/wp\/v2\/pages\/5623","targetHints":{"allow":["GET"]}}],"collection":[{"href":"https:\/\/www.gesamtschule-eiserfeld.de\/index.php?rest_route=\/wp\/v2\/pages"}],"about":[{"href":"https:\/\/www.gesamtschule-eiserfeld.de\/index.php?rest_route=\/wp\/v2\/types\/page"}],"author":[{"embeddable":true,"href":"https:\/\/www.gesamtschule-eiserfeld.de\/index.php?rest_route=\/wp\/v2\/users\/9"}],"replies":[{"embeddable":true,"href":"https:\/\/www.gesamtschule-eiserfeld.de\/index.php?rest_route=%2Fwp%2Fv2%2Fcomments&post=5623"}],"version-history":[{"count":8,"href":"https:\/\/www.gesamtschule-eiserfeld.de\/index.php?rest_route=\/wp\/v2\/pages\/5623\/revisions"}],"predecessor-version":[{"id":20342,"href":"https:\/\/www.gesamtschule-eiserfeld.de\/index.php?rest_route=\/wp\/v2\/pages\/5623\/revisions\/20342"}],"up":[{"embeddable":true,"href":"https:\/\/www.gesamtschule-eiserfeld.de\/index.php?rest_route=\/wp\/v2\/pages\/794"}],"wp:attachment":[{"href":"https:\/\/www.gesamtschule-eiserfeld.de\/index.php?rest_route=%2Fwp%2Fv2%2Fmedia&parent=5623"}],"curies":[{"name":"wp","href":"https:\/\/api.w.org\/{rel}","templated":true}]}}