{"id":584,"date":"2012-07-16T16:24:05","date_gmt":"2012-07-16T14:24:05","guid":{"rendered":"http:\/\/ge-eiserfeld.de\/?p=584"},"modified":"2026-04-14T07:32:01","modified_gmt":"2026-04-14T06:32:01","slug":"schulorganisation","status":"publish","type":"page","link":"https:\/\/www.gesamtschule-eiserfeld.de\/?page_id=584","title":{"rendered":"Ansprechpartner"},"content":{"rendered":"\n<p><span style=\"font-family: calibri;\">Wer ist f\u00fcr was zust\u00e4ndig? <span style=\"font-size: xx-small;\">(Stand Jan. 2026)<\/span><\/span><\/p>\n\n\n\n<figure class=\"wp-block-table\"><table><tbody><tr><td>Schulleitungsaufgaben<\/td><td>Schulleiterin<\/td><td>Uschi Guntermann<\/td><\/tr><tr><td>&nbsp;<\/td><td>stellv. Schulleitung<\/td><td>Tobias Dorweiler<\/td><\/tr><tr><td>&nbsp;<\/td><td>Didaktische Leitung<\/td><td>Uschi Zingler<\/td><\/tr><tr><td>&nbsp;<\/td><td>Oberstufenleitung EF \u2013 Q 2<\/td><td>Wolfgang Wagner<\/td><\/tr><tr><td>&nbsp;<\/td><td>Mittelstufenleitung 8 &#8211; 10<\/td><td>Eva Tellmann<\/td><\/tr><tr><td>&nbsp;<\/td><td>Unterstufenleitung 5 &#8211; 7<\/td><td>Lukas Hirtzbruch<\/td><\/tr><tr><td>Verwaltung<\/td><td>Schulverwaltungsassistent<\/td><td>Thomas Dilling<\/td><\/tr><tr><td>&nbsp;<\/td><td>Sekretariat (Talsbach)<\/td><td>Heidrun Spies<\/td><\/tr><tr><td>&nbsp;<\/td><td>Sekretariat (Talsbach)<\/td><td>Claudia Schneider<\/td><\/tr><tr><td>&nbsp;<\/td><td>Sekretariat (Hengsberg)<\/td><td>Jessica Dascher<\/td><\/tr><tr><td>Haus und Technik<\/td><td>Hausmeister (Talsbach)<\/td><td>Axel Dorsch<\/td><\/tr><tr><td>&nbsp;<\/td><td>Hausmeister (Hengsberg)<\/td><td>Horst Sch\u00e4ffer<\/td><\/tr><tr><td>&nbsp;<\/td><td>PC-Pflege<\/td><td>Jan Wunderlich<\/td><\/tr><tr><td>\u00d6ffentlichkeitsarbeit<\/td><td>Homepage<\/td><td>Philipp Kinkel<\/td><\/tr><tr><td>&nbsp;<\/td><td>PR &#8211; Redaktion<\/td><td>N.N.<\/td><\/tr><tr><td>Sozialp\u00e4dagogik<\/td><td>Sozialp\u00e4dagogin Geb\u00e4ude Talsbachstra\u00dfe:<\/td><td>N.N.<\/td><\/tr><tr><td>&nbsp;<\/td><td>Sozialp\u00e4dagoge Geb\u00e4ude Hengsberg:<\/td><td>Jens Heide<\/td><\/tr><tr><td>Beratung<\/td><td>Beratung SI<\/td><td>Emine Klose<br>Gunter Beyer<br>Sarah Debus<br>Daniela Arndt<br>David Conrad<br>Carolin Erdmann<br>Jens Heide<\/td><\/tr><tr><td>Tutoren Oberstufe<\/td><td>Jahrgang Abi 26:<\/td><td>Stephan H\u00fctter<br>Stefanie Thome<\/td><\/tr><tr><td>&nbsp;<\/td><td>Jahrgang Abi 28:<\/td><td>Daniel Funken<br>Annette Hohmann<\/td><\/tr><tr><td>&nbsp;<\/td><td>Jahrgang Abi 27:<\/td><td>Ute Sch\u00e4fer<br>Andreas Winkel<\/td><\/tr><tr><td>Ansprechpartnerinnen f\u00fcr Gleichstellungsfragen<\/td><td>&nbsp;<\/td><td>Christina Feldheim<br>Daniela Arndt Carolin Erdmann<\/td><\/tr><tr><td>F\u00f6rderverein<\/td><td>&nbsp;<\/td><td>Joachim Dreisbach<br>Thomas Dilling<br>Uschi Guntermann<\/td><\/tr><tr><td>Buchausgabe (Lehrmittel)<\/td><td>&nbsp;<\/td><td>Thomas Dilling<br>Sahir Ekici<br>Timo Heckh\u00e4user<\/td><\/tr><tr><td>Berufsorientierung<\/td><td>&nbsp;<\/td><td>Luisa Z\u00f6ller<br>Thomas Dilling<br>Timo Heckh\u00e4user<br>Riza Kara<\/td><\/tr><tr><td>Partnerfirmen \u2013 Kontakte<\/td><td>&nbsp;<\/td><td>Thomas Dilling<br>Riza Kara<\/td><\/tr><tr><td>Schulsanit\u00e4tsdienst<\/td><td>&nbsp;<\/td><td>Joachim Dreisbach<br>Annette Hohmann<\/td><\/tr><tr><td>Organisation<\/td><td>Vertretungsplan<\/td><td>Joachim Dreisbach<\/td><\/tr><tr><td>B\u00fccherei HB<\/td><td>&nbsp;<\/td><td>Cressina Breuer<br>Judith Z\u00f6ller<\/td><\/tr><tr><td>Lehrerkasse<\/td><td>&nbsp;<\/td><td>Simon Jung<\/td><\/tr><tr><td>Zeugnisdruck<\/td><td>&nbsp;<\/td><td>Simone Seifer-Ley<br>Dudu Sarialtin<\/td><\/tr><tr><td>PC-Administration<\/td><td>&nbsp;<\/td><td>Jan Wunderlich (TB)<\/td><\/tr><tr><td>Schulverwaltungsprogramm<\/td><td>&nbsp;<\/td><td>Simone&nbsp; Seifer-Ley\n<p>&nbsp;<\/p>\n<p>Uschi Guntermann<\/p>\n<\/td><\/tr><tr><td>Computerzug\u00e4nge<\/td><td>&nbsp;<\/td><td>Jan Wunderlich<\/td><\/tr><tr><td>Overheadprojektoren<\/td><td>&nbsp;<\/td><td>Jan Wunderlich<\/td><\/tr><tr><td>Gefahrstoffbeauftragter<\/td><td>&nbsp;<\/td><td>Sahir Ekici<\/td><\/tr><tr><td>Strahlenschutzbeauftragter<\/td><td>&nbsp;<\/td><td>Sahir Ekici<\/td><\/tr><tr><td>Gesundheit am Arbeitsplatz<\/td><td>&nbsp;<\/td><td>Thomas Dilling<br>Joachim Dreisbach<\/td><\/tr><tr><td>Wirtschaftsausschuss<\/td><td>&nbsp;<\/td><td>Thomas Dilling<\/td><\/tr><tr><td>&nbsp;<\/td><td>&nbsp;<\/td><td>Uschi Guntermann<\/td><\/tr><tr><td>&nbsp;<\/td><td>&nbsp;<\/td><td>Nicola Carmesin<\/td><\/tr><tr><td>&nbsp;<\/td><td>&nbsp;<\/td><td>Jochim Dreisbach<\/td><\/tr><tr><td>&nbsp;<\/td><td>&nbsp;<\/td><td>Wolfgang Wagner<\/td><\/tr><tr><td>&nbsp;<\/td><td>&nbsp;<\/td><td>Riza Kara<\/td><\/tr><tr><td>&nbsp;<\/td><td>&nbsp;<\/td><td>&nbsp;Uschi Zingler<\/td><\/tr><tr><td>Lehrerrat<\/td><td>&nbsp;<\/td><td>Claudia Henke<\/td><\/tr><tr><td>&nbsp;<\/td><td>&nbsp;<\/td><td>Dudu Sarialtin<\/td><\/tr><tr><td>&nbsp;<\/td><td>&nbsp;<\/td><td>Luisa Z\u00f6ller<\/td><\/tr><tr><td><\/td><td><\/td><td>Rusen Akpinar<\/td><\/tr><tr><td>&nbsp;<\/td><td>&nbsp;<\/td><td>Julia Sch\u00e4fer<\/td><\/tr><tr><td>F\u00f6rderkonzepte<\/td><td>&nbsp;<\/td><td>Uschi Zingler<\/td><\/tr><tr><td>Gemeinsamer Unterricht<\/td><td>&nbsp;<\/td><td>Sonja Eggers<\/td><\/tr><tr><td>Arbeitsgemeinschaften<\/td><td>&nbsp;<\/td><td>Uschi Zingler<\/td><\/tr><tr><td>Ganztag<\/td><td>&nbsp;<\/td><td>Uschi Zingler<\/td><\/tr><tr><td>Ausbildungskoordinatoren<\/td><td>&nbsp;<\/td><td>Tamara Rigau<br>Katharina Goldfisch<br>Silvia Bleuel<br>Uschi Zingler<\/td><\/tr><tr><td>Eignungspraktikum &amp; Praxissemester<\/td><td>&nbsp;<\/td><td>Claudia G\u00f6dicke<\/td><\/tr><tr><td>Gemeinn\u00fctzig Handeln<\/td><td>&nbsp;<\/td><td>Claudia Henke<br>Uschi Zingler<\/td><\/tr><tr><td>Sprache und Lesef\u00f6rderung<\/td><td>&nbsp;<\/td><td>Judith Z\u00f6ller<br>Sonja Eggers<\/td><\/tr><tr><td>Sch\u00fclervertretung (SV)<\/td><td>&nbsp;<\/td><td>Nicola Carmesin<br>Claudia Henke<\/td><\/tr><\/tbody><\/table><\/figure>\n","protected":false},"excerpt":{"rendered":"<p>Wer ist f\u00fcr was zust\u00e4ndig? (Stand Jan. 2026) Schulleitungsaufgaben Schulleiterin Uschi Guntermann &nbsp; stellv. Schulleitung Tobias Dorweiler &nbsp; Didaktische Leitung Uschi Zingler &nbsp; Oberstufenleitung EF \u2013 Q 2 Wolfgang Wagner &nbsp; Mittelstufenleitung 8 &#8211; 10 Eva Tellmann &nbsp; Unterstufenleitung 5 &#8211; 7 Lukas Hirtzbruch Verwaltung Schulverwaltungsassistent Thomas Dilling &nbsp; Sekretariat (Talsbach) Heidrun Spies &nbsp; Sekretariat &hellip; <a href=\"https:\/\/www.gesamtschule-eiserfeld.de\/?page_id=584\" class=\"more-link\"><span class=\"screen-reader-text\">Ansprechpartner<\/span> weiterlesen <span class=\"meta-nav\">&rarr;<\/span><\/a><\/p>\n","protected":false},"author":9,"featured_media":0,"parent":88,"menu_order":3,"comment_status":"closed","ping_status":"closed","template":"","meta":{"footnotes":""},"class_list":["post-584","page","type-page","status-publish","hentry"],"yoast_head":"<!-- This site is optimized with the Yoast SEO plugin v27.5 - https:\/\/yoast.com\/product\/yoast-seo-wordpress\/ -->\n<title>Ansprechpartner - Gesamtschule Eiserfeld<\/title>\n<meta name=\"robots\" content=\"index, follow, max-snippet:-1, max-image-preview:large, max-video-preview:-1\" \/>\n<link rel=\"canonical\" href=\"https:\/\/www.gesamtschule-eiserfeld.de\/?page_id=584\" \/>\n<meta property=\"og:locale\" content=\"de_DE\" \/>\n<meta property=\"og:type\" content=\"article\" \/>\n<meta property=\"og:title\" content=\"Ansprechpartner - Gesamtschule Eiserfeld\" \/>\n<meta property=\"og:description\" content=\"Wer ist f\u00fcr was zust\u00e4ndig? (Stand Jan. 2026) Schulleitungsaufgaben Schulleiterin Uschi Guntermann &nbsp; stellv. Schulleitung Tobias Dorweiler &nbsp; Didaktische Leitung Uschi Zingler &nbsp; Oberstufenleitung EF \u2013 Q 2 Wolfgang Wagner &nbsp; Mittelstufenleitung 8 &#8211; 10 Eva Tellmann &nbsp; Unterstufenleitung 5 &#8211; 7 Lukas Hirtzbruch Verwaltung Schulverwaltungsassistent Thomas Dilling &nbsp; Sekretariat (Talsbach) Heidrun Spies &nbsp; Sekretariat &hellip; Ansprechpartner weiterlesen &rarr;\" \/>\n<meta property=\"og:url\" content=\"https:\/\/www.gesamtschule-eiserfeld.de\/?page_id=584\" \/>\n<meta property=\"og:site_name\" content=\"Gesamtschule Eiserfeld\" \/>\n<meta property=\"article:publisher\" content=\"https:\/\/www.facebook.com\/GEEiserfeld\" \/>\n<meta property=\"article:modified_time\" content=\"2026-04-14T06:32:01+00:00\" \/>\n<meta name=\"twitter:card\" content=\"summary_large_image\" \/>\n<meta name=\"twitter:label1\" content=\"Gesch\u00e4tzte Lesezeit\" \/>\n\t<meta name=\"twitter:data1\" content=\"2\u00a0Minuten\" \/>\n<script type=\"application\/ld+json\" class=\"yoast-schema-graph\">{\"@context\":\"https:\\\/\\\/schema.org\",\"@graph\":[{\"@type\":\"WebPage\",\"@id\":\"https:\\\/\\\/www.gesamtschule-eiserfeld.de\\\/?page_id=584\",\"url\":\"https:\\\/\\\/www.gesamtschule-eiserfeld.de\\\/?page_id=584\",\"name\":\"Ansprechpartner - Gesamtschule Eiserfeld\",\"isPartOf\":{\"@id\":\"https:\\\/\\\/www.gesamtschule-eiserfeld.de\\\/#website\"},\"datePublished\":\"2012-07-16T14:24:05+00:00\",\"dateModified\":\"2026-04-14T06:32:01+00:00\",\"breadcrumb\":{\"@id\":\"https:\\\/\\\/www.gesamtschule-eiserfeld.de\\\/?page_id=584#breadcrumb\"},\"inLanguage\":\"de\",\"potentialAction\":[{\"@type\":\"ReadAction\",\"target\":[\"https:\\\/\\\/www.gesamtschule-eiserfeld.de\\\/?page_id=584\"]}]},{\"@type\":\"BreadcrumbList\",\"@id\":\"https:\\\/\\\/www.gesamtschule-eiserfeld.de\\\/?page_id=584#breadcrumb\",\"itemListElement\":[{\"@type\":\"ListItem\",\"position\":1,\"name\":\"Startseite\",\"item\":\"https:\\\/\\\/www.gesamtschule-eiserfeld.de\\\/\"},{\"@type\":\"ListItem\",\"position\":2,\"name\":\"Mitarbeitende\",\"item\":\"https:\\\/\\\/www.gesamtschule-eiserfeld.de\\\/?page_id=88\"},{\"@type\":\"ListItem\",\"position\":3,\"name\":\"Ansprechpartner\"}]},{\"@type\":\"WebSite\",\"@id\":\"https:\\\/\\\/www.gesamtschule-eiserfeld.de\\\/#website\",\"url\":\"https:\\\/\\\/www.gesamtschule-eiserfeld.de\\\/\",\"name\":\"Gesamtschule Eiserfeld\",\"description\":\"\",\"publisher\":{\"@id\":\"https:\\\/\\\/www.gesamtschule-eiserfeld.de\\\/#organization\"},\"potentialAction\":[{\"@type\":\"SearchAction\",\"target\":{\"@type\":\"EntryPoint\",\"urlTemplate\":\"https:\\\/\\\/www.gesamtschule-eiserfeld.de\\\/?s={search_term_string}\"},\"query-input\":{\"@type\":\"PropertyValueSpecification\",\"valueRequired\":true,\"valueName\":\"search_term_string\"}}],\"inLanguage\":\"de\"},{\"@type\":\"Organization\",\"@id\":\"https:\\\/\\\/www.gesamtschule-eiserfeld.de\\\/#organization\",\"name\":\"Gesamtschule Eiserfeld\",\"url\":\"https:\\\/\\\/www.gesamtschule-eiserfeld.de\\\/\",\"logo\":{\"@type\":\"ImageObject\",\"inLanguage\":\"de\",\"@id\":\"https:\\\/\\\/www.gesamtschule-eiserfeld.de\\\/#\\\/schema\\\/logo\\\/image\\\/\",\"url\":\"https:\\\/\\\/i1.wp.com\\\/www.gesamtschule-eiserfeld.de\\\/wp-content\\\/uploads\\\/2019\\\/01\\\/GEE-Logo-neu.jpg?fit=436%2C126&ssl=1\",\"contentUrl\":\"https:\\\/\\\/i1.wp.com\\\/www.gesamtschule-eiserfeld.de\\\/wp-content\\\/uploads\\\/2019\\\/01\\\/GEE-Logo-neu.jpg?fit=436%2C126&ssl=1\",\"width\":436,\"height\":126,\"caption\":\"Gesamtschule Eiserfeld\"},\"image\":{\"@id\":\"https:\\\/\\\/www.gesamtschule-eiserfeld.de\\\/#\\\/schema\\\/logo\\\/image\\\/\"},\"sameAs\":[\"https:\\\/\\\/www.facebook.com\\\/GEEiserfeld\"]}]}<\/script>\n<!-- \/ Yoast SEO plugin. -->","yoast_head_json":{"title":"Ansprechpartner - Gesamtschule Eiserfeld","robots":{"index":"index","follow":"follow","max-snippet":"max-snippet:-1","max-image-preview":"max-image-preview:large","max-video-preview":"max-video-preview:-1"},"canonical":"https:\/\/www.gesamtschule-eiserfeld.de\/?page_id=584","og_locale":"de_DE","og_type":"article","og_title":"Ansprechpartner - Gesamtschule Eiserfeld","og_description":"Wer ist f\u00fcr was zust\u00e4ndig? (Stand Jan. 2026) Schulleitungsaufgaben Schulleiterin Uschi Guntermann &nbsp; stellv. Schulleitung Tobias Dorweiler &nbsp; Didaktische Leitung Uschi Zingler &nbsp; Oberstufenleitung EF \u2013 Q 2 Wolfgang Wagner &nbsp; Mittelstufenleitung 8 &#8211; 10 Eva Tellmann &nbsp; Unterstufenleitung 5 &#8211; 7 Lukas Hirtzbruch Verwaltung Schulverwaltungsassistent Thomas Dilling &nbsp; Sekretariat (Talsbach) Heidrun Spies &nbsp; Sekretariat &hellip; Ansprechpartner weiterlesen &rarr;","og_url":"https:\/\/www.gesamtschule-eiserfeld.de\/?page_id=584","og_site_name":"Gesamtschule Eiserfeld","article_publisher":"https:\/\/www.facebook.com\/GEEiserfeld","article_modified_time":"2026-04-14T06:32:01+00:00","twitter_card":"summary_large_image","twitter_misc":{"Gesch\u00e4tzte Lesezeit":"2\u00a0Minuten"},"schema":{"@context":"https:\/\/schema.org","@graph":[{"@type":"WebPage","@id":"https:\/\/www.gesamtschule-eiserfeld.de\/?page_id=584","url":"https:\/\/www.gesamtschule-eiserfeld.de\/?page_id=584","name":"Ansprechpartner - Gesamtschule Eiserfeld","isPartOf":{"@id":"https:\/\/www.gesamtschule-eiserfeld.de\/#website"},"datePublished":"2012-07-16T14:24:05+00:00","dateModified":"2026-04-14T06:32:01+00:00","breadcrumb":{"@id":"https:\/\/www.gesamtschule-eiserfeld.de\/?page_id=584#breadcrumb"},"inLanguage":"de","potentialAction":[{"@type":"ReadAction","target":["https:\/\/www.gesamtschule-eiserfeld.de\/?page_id=584"]}]},{"@type":"BreadcrumbList","@id":"https:\/\/www.gesamtschule-eiserfeld.de\/?page_id=584#breadcrumb","itemListElement":[{"@type":"ListItem","position":1,"name":"Startseite","item":"https:\/\/www.gesamtschule-eiserfeld.de\/"},{"@type":"ListItem","position":2,"name":"Mitarbeitende","item":"https:\/\/www.gesamtschule-eiserfeld.de\/?page_id=88"},{"@type":"ListItem","position":3,"name":"Ansprechpartner"}]},{"@type":"WebSite","@id":"https:\/\/www.gesamtschule-eiserfeld.de\/#website","url":"https:\/\/www.gesamtschule-eiserfeld.de\/","name":"Gesamtschule Eiserfeld","description":"","publisher":{"@id":"https:\/\/www.gesamtschule-eiserfeld.de\/#organization"},"potentialAction":[{"@type":"SearchAction","target":{"@type":"EntryPoint","urlTemplate":"https:\/\/www.gesamtschule-eiserfeld.de\/?s={search_term_string}"},"query-input":{"@type":"PropertyValueSpecification","valueRequired":true,"valueName":"search_term_string"}}],"inLanguage":"de"},{"@type":"Organization","@id":"https:\/\/www.gesamtschule-eiserfeld.de\/#organization","name":"Gesamtschule Eiserfeld","url":"https:\/\/www.gesamtschule-eiserfeld.de\/","logo":{"@type":"ImageObject","inLanguage":"de","@id":"https:\/\/www.gesamtschule-eiserfeld.de\/#\/schema\/logo\/image\/","url":"https:\/\/i1.wp.com\/www.gesamtschule-eiserfeld.de\/wp-content\/uploads\/2019\/01\/GEE-Logo-neu.jpg?fit=436%2C126&ssl=1","contentUrl":"https:\/\/i1.wp.com\/www.gesamtschule-eiserfeld.de\/wp-content\/uploads\/2019\/01\/GEE-Logo-neu.jpg?fit=436%2C126&ssl=1","width":436,"height":126,"caption":"Gesamtschule Eiserfeld"},"image":{"@id":"https:\/\/www.gesamtschule-eiserfeld.de\/#\/schema\/logo\/image\/"},"sameAs":["https:\/\/www.facebook.com\/GEEiserfeld"]}]}},"jetpack_shortlink":"https:\/\/wp.me\/P2weeL-9q","jetpack_sharing_enabled":true,"_links":{"self":[{"href":"https:\/\/www.gesamtschule-eiserfeld.de\/index.php?rest_route=\/wp\/v2\/pages\/584","targetHints":{"allow":["GET"]}}],"collection":[{"href":"https:\/\/www.gesamtschule-eiserfeld.de\/index.php?rest_route=\/wp\/v2\/pages"}],"about":[{"href":"https:\/\/www.gesamtschule-eiserfeld.de\/index.php?rest_route=\/wp\/v2\/types\/page"}],"author":[{"embeddable":true,"href":"https:\/\/www.gesamtschule-eiserfeld.de\/index.php?rest_route=\/wp\/v2\/users\/9"}],"replies":[{"embeddable":true,"href":"https:\/\/www.gesamtschule-eiserfeld.de\/index.php?rest_route=%2Fwp%2Fv2%2Fcomments&post=584"}],"version-history":[{"count":17,"href":"https:\/\/www.gesamtschule-eiserfeld.de\/index.php?rest_route=\/wp\/v2\/pages\/584\/revisions"}],"predecessor-version":[{"id":20887,"href":"https:\/\/www.gesamtschule-eiserfeld.de\/index.php?rest_route=\/wp\/v2\/pages\/584\/revisions\/20887"}],"up":[{"embeddable":true,"href":"https:\/\/www.gesamtschule-eiserfeld.de\/index.php?rest_route=\/wp\/v2\/pages\/88"}],"wp:attachment":[{"href":"https:\/\/www.gesamtschule-eiserfeld.de\/index.php?rest_route=%2Fwp%2Fv2%2Fmedia&parent=584"}],"curies":[{"name":"wp","href":"https:\/\/api.w.org\/{rel}","templated":true}]}}