{"id":7201,"date":"2016-08-30T08:14:36","date_gmt":"2016-08-30T07:14:36","guid":{"rendered":"http:\/\/ge-eiserfeld.de\/?page_id=7201"},"modified":"2026-03-20T10:50:25","modified_gmt":"2026-03-20T09:50:25","slug":"2-standorte","status":"publish","type":"page","link":"https:\/\/www.gesamtschule-eiserfeld.de\/?page_id=7201","title":{"rendered":"Zwei Standorte"},"content":{"rendered":"<p align=\"justify\">Aufgrund der enormen Nachfrage f\u00fcr eine Aufnahme sowohl in die Stufe 5 als auch in die Einf\u00fchrungsphase (Stufe 11) unserer\u00a0 Gymnasialen Oberstufe hat der Schultr\u00e4ger 2014 eine Erh\u00f6hung der Z\u00fcgigkeiten in der Sekundarstufe I und II beschlossen. Seit dem Schuljahr 2015\/16 verf\u00fcgt die Gesamtschule Eiserfeld nun gl\u00fccklicherweise \u00fcber zwei Standorte, die fu\u00dfl\u00e4ufig etwa 15 Minuten voneinander entfernt sind.\u00a0 Beide Schulgeb\u00e4ude liegen zentral, aber dennoch in sehr ruhiger Lage am Rande des Eiserfelder Ortskerns unmittelbar am Wald und bieten allen Sch\u00fclern eine gesch\u00fctzte und kreative Lern- und Ganztagsumgebung.<\/p>\n<p align=\"justify\">Die j\u00fcngeren Sch\u00fcler der Jahrg\u00e4nge 5-7 besuchen das Geb\u00e4ude am Hengsberg. Gro\u00dfz\u00fcgige Klassen- und Fachr\u00e4ume sowie ein Vielzahl von verschieden gestalteten Frei- , Spiel- und Ganztagsfl\u00e4chen bieten unseren Youngsters hinreichend Raum f\u00fcr Lernen und Entspannung:<\/p>\n<p align=\"justify\"><a href=\"https:\/\/i0.wp.com\/gesamtschule-eiserfeld.de\/wp-content\/uploads\/2016\/08\/image-13.png\"><img data-recalc-dims=\"1\" loading=\"lazy\" decoding=\"async\" class=\"\" style=\"background-image: none; padding-top: 0px; padding-left: 0px; display: inline; padding-right: 0px; border-width: 0px;\" title=\"image\" src=\"https:\/\/i0.wp.com\/gesamtschule-eiserfeld.de\/wp-content\/uploads\/2016\/08\/image_thumb-12.png?resize=244%2C137\" alt=\"image\" width=\"244\" height=\"137\" border=\"0\" \/><\/a>\u00a0\u00a0\u00a0\u00a0 <a href=\"https:\/\/i0.wp.com\/gesamtschule-eiserfeld.de\/wp-content\/uploads\/2016\/08\/image-14.png\"><img data-recalc-dims=\"1\" loading=\"lazy\" decoding=\"async\" style=\"background-image: none; padding-top: 0px; padding-left: 0px; margin: 7px 6px 0px 0px; display: inline; padding-right: 0px; border-width: 0px;\" title=\"image\" src=\"https:\/\/i0.wp.com\/gesamtschule-eiserfeld.de\/wp-content\/uploads\/2016\/08\/image_thumb-13.png?resize=244%2C138\" alt=\"image\" width=\"244\" height=\"138\" border=\"0\" \/><\/a><\/p>\n<p align=\"justify\"><span style=\"color: #000000;\">Die Jahrg\u00e4nge <\/span>8-10 so<span style=\"color: #000000;\">wie unsere gro\u00dfe <\/span>gymnasiale Oberstufe haben ihren Mittelpunkt im Hauptgeb\u00e4ude in der Talsbachstra\u00dfe. Hier k\u00f6nnen sie zielgerichtet auf ihre jeweiligen Schulabschl\u00fcsse hinarbeiten und dar\u00fcber hinaus die vielf\u00e4ltigen Einrichtungen von Bibliothek, Stufentreffpunkten und Ganztagsbereich zur Entspannung oder zum Selbststudium nutzen:<\/p>\n<p align=\"justify\"><a href=\"https:\/\/i0.wp.com\/gesamtschule-eiserfeld.de\/wp-content\/uploads\/2016\/09\/image17.png\"><img data-recalc-dims=\"1\" loading=\"lazy\" decoding=\"async\" class=\"\" style=\"background-image: none; padding-top: 0px; padding-left: 0px; display: inline; padding-right: 0px; border-width: 0px;\" title=\"image\" src=\"https:\/\/i0.wp.com\/gesamtschule-eiserfeld.de\/wp-content\/uploads\/2016\/09\/image17_thumb.png?resize=261%2C147\" alt=\"image\" width=\"261\" height=\"147\" border=\"0\" \/><\/a>\u00a0<a href=\"https:\/\/i0.wp.com\/gesamtschule-eiserfeld.de\/wp-content\/uploads\/2016\/09\/image.png\"><img data-recalc-dims=\"1\" loading=\"lazy\" decoding=\"async\" style=\"background-image: none; padding-top: 0px; padding-left: 0px; display: inline; padding-right: 0px; border-width: 0px;\" title=\"image\" src=\"https:\/\/i0.wp.com\/gesamtschule-eiserfeld.de\/wp-content\/uploads\/2016\/09\/image_thumb.png?resize=260%2C143\" alt=\"image\" width=\"260\" height=\"143\" border=\"0\" \/><\/a><\/p>\n<p align=\"justify\">Beide Schulgeb\u00e4ude sind bereits beziehungsweise werden aktuell <strong>barrierefrei<\/strong> <strong>ausgebaut.<\/strong> So wird sichergestellt, dass alle Klassen- und Fachr\u00e4ume sowie die Ganztagseinrichtungen ebenerdig und bequem erreichbar sind.<\/p>\n<p align=\"justify\"><a href=\"https:\/\/i0.wp.com\/gesamtschule-eiserfeld.de\/wp-content\/uploads\/2016\/09\/image-1.png\"><img data-recalc-dims=\"1\" loading=\"lazy\" decoding=\"async\" style=\"background-image: none; padding-top: 0px; padding-left: 0px; display: inline; padding-right: 0px; border-width: 0px;\" title=\"image\" src=\"https:\/\/i0.wp.com\/gesamtschule-eiserfeld.de\/wp-content\/uploads\/2016\/09\/image_thumb-1.png?resize=240%2C136\" alt=\"image\" width=\"240\" height=\"136\" border=\"0\" \/><\/a>\u00a0<a href=\"https:\/\/i0.wp.com\/gesamtschule-eiserfeld.de\/wp-content\/uploads\/2016\/09\/image-2.png\"><img data-recalc-dims=\"1\" loading=\"lazy\" decoding=\"async\" style=\"background-image: none; padding-top: 0px; padding-left: 0px; display: inline; padding-right: 0px; border-width: 0px;\" title=\"image\" src=\"https:\/\/i0.wp.com\/gesamtschule-eiserfeld.de\/wp-content\/uploads\/2016\/09\/image_thumb-2.png?resize=240%2C135\" alt=\"image\" width=\"240\" height=\"135\" border=\"0\" \/><\/a><\/p>\n<p align=\"justify\"><a href=\"https:\/\/i0.wp.com\/gesamtschule-eiserfeld.de\/wp-content\/uploads\/2016\/09\/image-3.png\"><img data-recalc-dims=\"1\" loading=\"lazy\" decoding=\"async\" style=\"background-image: none; padding-top: 0px; padding-left: 0px; display: inline; padding-right: 0px; border-width: 0px;\" title=\"image\" src=\"https:\/\/i0.wp.com\/gesamtschule-eiserfeld.de\/wp-content\/uploads\/2016\/09\/image_thumb-3.png?resize=240%2C135\" alt=\"image\" width=\"240\" height=\"135\" border=\"0\" \/><\/a>\u00a0<a href=\"https:\/\/i0.wp.com\/gesamtschule-eiserfeld.de\/wp-content\/uploads\/2016\/09\/image-4.png\"><img data-recalc-dims=\"1\" loading=\"lazy\" decoding=\"async\" style=\"background-image: none; padding-top: 0px; padding-left: 0px; display: inline; padding-right: 0px; border-width: 0px;\" title=\"image\" src=\"https:\/\/i0.wp.com\/gesamtschule-eiserfeld.de\/wp-content\/uploads\/2016\/09\/image_thumb-4.png?resize=240%2C135\" alt=\"image\" width=\"240\" height=\"135\" border=\"0\" \/><\/a><\/p>\n","protected":false},"excerpt":{"rendered":"<p>Aufgrund der enormen Nachfrage f\u00fcr eine Aufnahme sowohl in die Stufe 5 als auch in die Einf\u00fchrungsphase (Stufe 11) unserer\u00a0 Gymnasialen Oberstufe hat der Schultr\u00e4ger 2014 eine Erh\u00f6hung der Z\u00fcgigkeiten in der Sekundarstufe I und II beschlossen. Seit dem Schuljahr 2015\/16 verf\u00fcgt die Gesamtschule Eiserfeld nun gl\u00fccklicherweise \u00fcber zwei Standorte, die fu\u00dfl\u00e4ufig etwa 15 Minuten &hellip; <a href=\"https:\/\/www.gesamtschule-eiserfeld.de\/?page_id=7201\" class=\"more-link\"><span class=\"screen-reader-text\">Zwei Standorte<\/span> weiterlesen <span class=\"meta-nav\">&rarr;<\/span><\/a><\/p>\n","protected":false},"author":9,"featured_media":14359,"parent":14384,"menu_order":0,"comment_status":"closed","ping_status":"closed","template":"","meta":{"jetpack_post_was_ever_published":false,"footnotes":""},"class_list":["post-7201","page","type-page","status-publish","has-post-thumbnail","hentry"],"yoast_head":"<!-- This site is optimized with the Yoast SEO plugin v27.3 - https:\/\/yoast.com\/product\/yoast-seo-wordpress\/ -->\n<title>Zwei Standorte - Gesamtschule Eiserfeld<\/title>\n<meta name=\"robots\" content=\"index, follow, max-snippet:-1, max-image-preview:large, max-video-preview:-1\" \/>\n<link rel=\"canonical\" href=\"https:\/\/www.gesamtschule-eiserfeld.de\/?page_id=7201\" \/>\n<meta property=\"og:locale\" content=\"de_DE\" \/>\n<meta property=\"og:type\" content=\"article\" \/>\n<meta property=\"og:title\" content=\"Zwei Standorte - Gesamtschule Eiserfeld\" \/>\n<meta property=\"og:description\" content=\"Aufgrund der enormen Nachfrage f\u00fcr eine Aufnahme sowohl in die Stufe 5 als auch in die Einf\u00fchrungsphase (Stufe 11) unserer\u00a0 Gymnasialen Oberstufe hat der Schultr\u00e4ger 2014 eine Erh\u00f6hung der Z\u00fcgigkeiten in der Sekundarstufe I und II beschlossen. Seit dem Schuljahr 2015\/16 verf\u00fcgt die Gesamtschule Eiserfeld nun gl\u00fccklicherweise \u00fcber zwei Standorte, die fu\u00dfl\u00e4ufig etwa 15 Minuten &hellip; Zwei Standorte weiterlesen &rarr;\" \/>\n<meta property=\"og:url\" content=\"https:\/\/www.gesamtschule-eiserfeld.de\/?page_id=7201\" \/>\n<meta property=\"og:site_name\" content=\"Gesamtschule Eiserfeld\" \/>\n<meta property=\"article:publisher\" content=\"https:\/\/www.facebook.com\/GEEiserfeld\" \/>\n<meta property=\"article:modified_time\" content=\"2026-03-20T09:50:25+00:00\" \/>\n<meta property=\"og:image\" content=\"https:\/\/www.gesamtschule-eiserfeld.de\/wp-content\/uploads\/2020\/11\/Zwei-Standorte.jpg\" \/>\n\t<meta property=\"og:image:width\" content=\"811\" \/>\n\t<meta property=\"og:image:height\" content=\"456\" \/>\n\t<meta property=\"og:image:type\" content=\"image\/jpeg\" \/>\n<meta name=\"twitter:card\" content=\"summary_large_image\" \/>\n<meta name=\"twitter:label1\" content=\"Gesch\u00e4tzte Lesezeit\" \/>\n\t<meta name=\"twitter:data1\" content=\"3\u00a0Minuten\" \/>\n<script type=\"application\/ld+json\" class=\"yoast-schema-graph\">{\"@context\":\"https:\\\/\\\/schema.org\",\"@graph\":[{\"@type\":\"WebPage\",\"@id\":\"https:\\\/\\\/www.gesamtschule-eiserfeld.de\\\/?page_id=7201\",\"url\":\"https:\\\/\\\/www.gesamtschule-eiserfeld.de\\\/?page_id=7201\",\"name\":\"Zwei Standorte - Gesamtschule Eiserfeld\",\"isPartOf\":{\"@id\":\"https:\\\/\\\/www.gesamtschule-eiserfeld.de\\\/#website\"},\"primaryImageOfPage\":{\"@id\":\"https:\\\/\\\/www.gesamtschule-eiserfeld.de\\\/?page_id=7201#primaryimage\"},\"image\":{\"@id\":\"https:\\\/\\\/www.gesamtschule-eiserfeld.de\\\/?page_id=7201#primaryimage\"},\"thumbnailUrl\":\"https:\\\/\\\/i0.wp.com\\\/www.gesamtschule-eiserfeld.de\\\/wp-content\\\/uploads\\\/2020\\\/11\\\/Zwei-Standorte.jpg?fit=811%2C456&ssl=1\",\"datePublished\":\"2016-08-30T07:14:36+00:00\",\"dateModified\":\"2026-03-20T09:50:25+00:00\",\"breadcrumb\":{\"@id\":\"https:\\\/\\\/www.gesamtschule-eiserfeld.de\\\/?page_id=7201#breadcrumb\"},\"inLanguage\":\"de\",\"potentialAction\":[{\"@type\":\"ReadAction\",\"target\":[\"https:\\\/\\\/www.gesamtschule-eiserfeld.de\\\/?page_id=7201\"]}]},{\"@type\":\"ImageObject\",\"inLanguage\":\"de\",\"@id\":\"https:\\\/\\\/www.gesamtschule-eiserfeld.de\\\/?page_id=7201#primaryimage\",\"url\":\"https:\\\/\\\/i0.wp.com\\\/www.gesamtschule-eiserfeld.de\\\/wp-content\\\/uploads\\\/2020\\\/11\\\/Zwei-Standorte.jpg?fit=811%2C456&ssl=1\",\"contentUrl\":\"https:\\\/\\\/i0.wp.com\\\/www.gesamtschule-eiserfeld.de\\\/wp-content\\\/uploads\\\/2020\\\/11\\\/Zwei-Standorte.jpg?fit=811%2C456&ssl=1\",\"width\":811,\"height\":456},{\"@type\":\"BreadcrumbList\",\"@id\":\"https:\\\/\\\/www.gesamtschule-eiserfeld.de\\\/?page_id=7201#breadcrumb\",\"itemListElement\":[{\"@type\":\"ListItem\",\"position\":1,\"name\":\"Startseite\",\"item\":\"https:\\\/\\\/www.gesamtschule-eiserfeld.de\\\/\"},{\"@type\":\"ListItem\",\"position\":2,\"name\":\"Schulprofil\",\"item\":\"https:\\\/\\\/www.gesamtschule-eiserfeld.de\\\/?page_id=72\"},{\"@type\":\"ListItem\",\"position\":3,\"name\":\"Wir stellen uns vor\",\"item\":\"https:\\\/\\\/www.gesamtschule-eiserfeld.de\\\/?page_id=14384\"},{\"@type\":\"ListItem\",\"position\":4,\"name\":\"Zwei Standorte\"}]},{\"@type\":\"WebSite\",\"@id\":\"https:\\\/\\\/www.gesamtschule-eiserfeld.de\\\/#website\",\"url\":\"https:\\\/\\\/www.gesamtschule-eiserfeld.de\\\/\",\"name\":\"Gesamtschule Eiserfeld\",\"description\":\"\",\"publisher\":{\"@id\":\"https:\\\/\\\/www.gesamtschule-eiserfeld.de\\\/#organization\"},\"potentialAction\":[{\"@type\":\"SearchAction\",\"target\":{\"@type\":\"EntryPoint\",\"urlTemplate\":\"https:\\\/\\\/www.gesamtschule-eiserfeld.de\\\/?s={search_term_string}\"},\"query-input\":{\"@type\":\"PropertyValueSpecification\",\"valueRequired\":true,\"valueName\":\"search_term_string\"}}],\"inLanguage\":\"de\"},{\"@type\":\"Organization\",\"@id\":\"https:\\\/\\\/www.gesamtschule-eiserfeld.de\\\/#organization\",\"name\":\"Gesamtschule Eiserfeld\",\"url\":\"https:\\\/\\\/www.gesamtschule-eiserfeld.de\\\/\",\"logo\":{\"@type\":\"ImageObject\",\"inLanguage\":\"de\",\"@id\":\"https:\\\/\\\/www.gesamtschule-eiserfeld.de\\\/#\\\/schema\\\/logo\\\/image\\\/\",\"url\":\"https:\\\/\\\/i1.wp.com\\\/www.gesamtschule-eiserfeld.de\\\/wp-content\\\/uploads\\\/2019\\\/01\\\/GEE-Logo-neu.jpg?fit=436%2C126&ssl=1\",\"contentUrl\":\"https:\\\/\\\/i1.wp.com\\\/www.gesamtschule-eiserfeld.de\\\/wp-content\\\/uploads\\\/2019\\\/01\\\/GEE-Logo-neu.jpg?fit=436%2C126&ssl=1\",\"width\":436,\"height\":126,\"caption\":\"Gesamtschule Eiserfeld\"},\"image\":{\"@id\":\"https:\\\/\\\/www.gesamtschule-eiserfeld.de\\\/#\\\/schema\\\/logo\\\/image\\\/\"},\"sameAs\":[\"https:\\\/\\\/www.facebook.com\\\/GEEiserfeld\"]}]}<\/script>\n<!-- \/ Yoast SEO plugin. -->","yoast_head_json":{"title":"Zwei Standorte - Gesamtschule Eiserfeld","robots":{"index":"index","follow":"follow","max-snippet":"max-snippet:-1","max-image-preview":"max-image-preview:large","max-video-preview":"max-video-preview:-1"},"canonical":"https:\/\/www.gesamtschule-eiserfeld.de\/?page_id=7201","og_locale":"de_DE","og_type":"article","og_title":"Zwei Standorte - Gesamtschule Eiserfeld","og_description":"Aufgrund der enormen Nachfrage f\u00fcr eine Aufnahme sowohl in die Stufe 5 als auch in die Einf\u00fchrungsphase (Stufe 11) unserer\u00a0 Gymnasialen Oberstufe hat der Schultr\u00e4ger 2014 eine Erh\u00f6hung der Z\u00fcgigkeiten in der Sekundarstufe I und II beschlossen. Seit dem Schuljahr 2015\/16 verf\u00fcgt die Gesamtschule Eiserfeld nun gl\u00fccklicherweise \u00fcber zwei Standorte, die fu\u00dfl\u00e4ufig etwa 15 Minuten &hellip; Zwei Standorte weiterlesen &rarr;","og_url":"https:\/\/www.gesamtschule-eiserfeld.de\/?page_id=7201","og_site_name":"Gesamtschule Eiserfeld","article_publisher":"https:\/\/www.facebook.com\/GEEiserfeld","article_modified_time":"2026-03-20T09:50:25+00:00","og_image":[{"width":811,"height":456,"url":"https:\/\/www.gesamtschule-eiserfeld.de\/wp-content\/uploads\/2020\/11\/Zwei-Standorte.jpg","type":"image\/jpeg"}],"twitter_card":"summary_large_image","twitter_misc":{"Gesch\u00e4tzte Lesezeit":"3\u00a0Minuten"},"schema":{"@context":"https:\/\/schema.org","@graph":[{"@type":"WebPage","@id":"https:\/\/www.gesamtschule-eiserfeld.de\/?page_id=7201","url":"https:\/\/www.gesamtschule-eiserfeld.de\/?page_id=7201","name":"Zwei Standorte - Gesamtschule Eiserfeld","isPartOf":{"@id":"https:\/\/www.gesamtschule-eiserfeld.de\/#website"},"primaryImageOfPage":{"@id":"https:\/\/www.gesamtschule-eiserfeld.de\/?page_id=7201#primaryimage"},"image":{"@id":"https:\/\/www.gesamtschule-eiserfeld.de\/?page_id=7201#primaryimage"},"thumbnailUrl":"https:\/\/i0.wp.com\/www.gesamtschule-eiserfeld.de\/wp-content\/uploads\/2020\/11\/Zwei-Standorte.jpg?fit=811%2C456&ssl=1","datePublished":"2016-08-30T07:14:36+00:00","dateModified":"2026-03-20T09:50:25+00:00","breadcrumb":{"@id":"https:\/\/www.gesamtschule-eiserfeld.de\/?page_id=7201#breadcrumb"},"inLanguage":"de","potentialAction":[{"@type":"ReadAction","target":["https:\/\/www.gesamtschule-eiserfeld.de\/?page_id=7201"]}]},{"@type":"ImageObject","inLanguage":"de","@id":"https:\/\/www.gesamtschule-eiserfeld.de\/?page_id=7201#primaryimage","url":"https:\/\/i0.wp.com\/www.gesamtschule-eiserfeld.de\/wp-content\/uploads\/2020\/11\/Zwei-Standorte.jpg?fit=811%2C456&ssl=1","contentUrl":"https:\/\/i0.wp.com\/www.gesamtschule-eiserfeld.de\/wp-content\/uploads\/2020\/11\/Zwei-Standorte.jpg?fit=811%2C456&ssl=1","width":811,"height":456},{"@type":"BreadcrumbList","@id":"https:\/\/www.gesamtschule-eiserfeld.de\/?page_id=7201#breadcrumb","itemListElement":[{"@type":"ListItem","position":1,"name":"Startseite","item":"https:\/\/www.gesamtschule-eiserfeld.de\/"},{"@type":"ListItem","position":2,"name":"Schulprofil","item":"https:\/\/www.gesamtschule-eiserfeld.de\/?page_id=72"},{"@type":"ListItem","position":3,"name":"Wir stellen uns vor","item":"https:\/\/www.gesamtschule-eiserfeld.de\/?page_id=14384"},{"@type":"ListItem","position":4,"name":"Zwei Standorte"}]},{"@type":"WebSite","@id":"https:\/\/www.gesamtschule-eiserfeld.de\/#website","url":"https:\/\/www.gesamtschule-eiserfeld.de\/","name":"Gesamtschule Eiserfeld","description":"","publisher":{"@id":"https:\/\/www.gesamtschule-eiserfeld.de\/#organization"},"potentialAction":[{"@type":"SearchAction","target":{"@type":"EntryPoint","urlTemplate":"https:\/\/www.gesamtschule-eiserfeld.de\/?s={search_term_string}"},"query-input":{"@type":"PropertyValueSpecification","valueRequired":true,"valueName":"search_term_string"}}],"inLanguage":"de"},{"@type":"Organization","@id":"https:\/\/www.gesamtschule-eiserfeld.de\/#organization","name":"Gesamtschule Eiserfeld","url":"https:\/\/www.gesamtschule-eiserfeld.de\/","logo":{"@type":"ImageObject","inLanguage":"de","@id":"https:\/\/www.gesamtschule-eiserfeld.de\/#\/schema\/logo\/image\/","url":"https:\/\/i1.wp.com\/www.gesamtschule-eiserfeld.de\/wp-content\/uploads\/2019\/01\/GEE-Logo-neu.jpg?fit=436%2C126&ssl=1","contentUrl":"https:\/\/i1.wp.com\/www.gesamtschule-eiserfeld.de\/wp-content\/uploads\/2019\/01\/GEE-Logo-neu.jpg?fit=436%2C126&ssl=1","width":436,"height":126,"caption":"Gesamtschule Eiserfeld"},"image":{"@id":"https:\/\/www.gesamtschule-eiserfeld.de\/#\/schema\/logo\/image\/"},"sameAs":["https:\/\/www.facebook.com\/GEEiserfeld"]}]}},"jetpack_shortlink":"https:\/\/wp.me\/P2weeL-1S9","jetpack_sharing_enabled":true,"_links":{"self":[{"href":"https:\/\/www.gesamtschule-eiserfeld.de\/index.php?rest_route=\/wp\/v2\/pages\/7201","targetHints":{"allow":["GET"]}}],"collection":[{"href":"https:\/\/www.gesamtschule-eiserfeld.de\/index.php?rest_route=\/wp\/v2\/pages"}],"about":[{"href":"https:\/\/www.gesamtschule-eiserfeld.de\/index.php?rest_route=\/wp\/v2\/types\/page"}],"author":[{"embeddable":true,"href":"https:\/\/www.gesamtschule-eiserfeld.de\/index.php?rest_route=\/wp\/v2\/users\/9"}],"replies":[{"embeddable":true,"href":"https:\/\/www.gesamtschule-eiserfeld.de\/index.php?rest_route=%2Fwp%2Fv2%2Fcomments&post=7201"}],"version-history":[{"count":1,"href":"https:\/\/www.gesamtschule-eiserfeld.de\/index.php?rest_route=\/wp\/v2\/pages\/7201\/revisions"}],"predecessor-version":[{"id":20853,"href":"https:\/\/www.gesamtschule-eiserfeld.de\/index.php?rest_route=\/wp\/v2\/pages\/7201\/revisions\/20853"}],"up":[{"embeddable":true,"href":"https:\/\/www.gesamtschule-eiserfeld.de\/index.php?rest_route=\/wp\/v2\/pages\/14384"}],"wp:featuredmedia":[{"embeddable":true,"href":"https:\/\/www.gesamtschule-eiserfeld.de\/index.php?rest_route=\/wp\/v2\/media\/14359"}],"wp:attachment":[{"href":"https:\/\/www.gesamtschule-eiserfeld.de\/index.php?rest_route=%2Fwp%2Fv2%2Fmedia&parent=7201"}],"curies":[{"name":"wp","href":"https:\/\/api.w.org\/{rel}","templated":true}]}}