{"id":8172,"date":"2017-03-29T14:43:49","date_gmt":"2017-03-29T13:43:49","guid":{"rendered":"http:\/\/ge-eiserfeld.de\/?page_id=8172"},"modified":"2020-09-27T16:14:35","modified_gmt":"2020-09-27T15:14:35","slug":"downloads-links","status":"publish","type":"page","link":"https:\/\/www.gesamtschule-eiserfeld.de\/?page_id=8172","title":{"rendered":"Downloads &amp; Links"},"content":{"rendered":"<p><a href=\"http:\/\/www.gesamtschule-eiserfeld.de\/HP%20Downloads\/Vorstellung%20BB%20und%20KaoA%20Klassen%208.pdf\" target=\"_blank\" rel=\"noopener noreferrer\">PPT-Pr\u00e4sentation der Agentur f\u00fcr Arbeit<\/a> <\/p>\n<p><a href=\"http:\/\/www.gesamtschule-eiserfeld.de\/HP%20Downloads\/BO%20Ma&szlig;nahmen%20&Uuml;bersicht%20au&szlig;erhalb%20des%20Unterrichts%20Sek%201.pdf\" target=\"_blank\" rel=\"noopener noreferrer\">Berufswahlfahrplan (BO-Ma\u00dfnahmen-\u00dcbersicht)<\/a> <\/p>\n<p><a href=\"http:\/\/www.gesamtschule-eiserfeld.de\/HP%20Downloads\/anschreiben_betriebe_2017.doc\" target=\"_blank\" rel=\"noopener noreferrer\">Berufsfelderkundungen \u2013 Anschreiben f\u00fcr Betriebe<\/a> <\/p>\n<p>Praktikumsb\u00f6rse Siegen-Wittgenstein <a href=\"https:\/\/berufsfelderkundung-siwi.ontavio.de\/praktikum.php\">https:\/\/berufsfelderkundung-siwi.ontavio.de\/praktikum.php<\/a> <\/p>\n<p>Erkl\u00e4rfilm \u201eKein Abschluss ohne Anschluss\u201c <a href=\"http:\/\/www.berufsorientierung-nrw.de\/standardelemente\/video.html\">http:\/\/www.berufsorientierung-nrw.de\/standardelemente\/video.html<\/a><\/p>\n","protected":false},"excerpt":{"rendered":"<p>PPT-Pr\u00e4sentation der Agentur f\u00fcr Arbeit Berufswahlfahrplan (BO-Ma\u00dfnahmen-\u00dcbersicht) Berufsfelderkundungen \u2013 Anschreiben f\u00fcr Betriebe Praktikumsb\u00f6rse Siegen-Wittgenstein https:\/\/berufsfelderkundung-siwi.ontavio.de\/praktikum.php Erkl\u00e4rfilm \u201eKein Abschluss ohne Anschluss\u201c http:\/\/www.berufsorientierung-nrw.de\/standardelemente\/video.html<\/p>\n","protected":false},"author":9,"featured_media":0,"parent":8151,"menu_order":7,"comment_status":"closed","ping_status":"closed","template":"","meta":{"jetpack_post_was_ever_published":false,"footnotes":""},"class_list":["post-8172","page","type-page","status-publish","hentry"],"yoast_head":"<!-- This site is optimized with the Yoast SEO plugin v27.4 - https:\/\/yoast.com\/product\/yoast-seo-wordpress\/ -->\n<title>Downloads &amp; Links - Gesamtschule Eiserfeld<\/title>\n<meta name=\"robots\" content=\"index, follow, max-snippet:-1, max-image-preview:large, max-video-preview:-1\" \/>\n<link rel=\"canonical\" href=\"https:\/\/www.gesamtschule-eiserfeld.de\/?page_id=8172\" \/>\n<meta property=\"og:locale\" content=\"de_DE\" \/>\n<meta property=\"og:type\" content=\"article\" \/>\n<meta property=\"og:title\" content=\"Downloads &amp; Links - Gesamtschule Eiserfeld\" \/>\n<meta property=\"og:description\" content=\"PPT-Pr\u00e4sentation der Agentur f\u00fcr Arbeit Berufswahlfahrplan (BO-Ma\u00dfnahmen-\u00dcbersicht) Berufsfelderkundungen \u2013 Anschreiben f\u00fcr Betriebe Praktikumsb\u00f6rse Siegen-Wittgenstein https:\/\/berufsfelderkundung-siwi.ontavio.de\/praktikum.php Erkl\u00e4rfilm \u201eKein Abschluss ohne Anschluss\u201c http:\/\/www.berufsorientierung-nrw.de\/standardelemente\/video.html\" \/>\n<meta property=\"og:url\" content=\"https:\/\/www.gesamtschule-eiserfeld.de\/?page_id=8172\" \/>\n<meta property=\"og:site_name\" content=\"Gesamtschule Eiserfeld\" \/>\n<meta property=\"article:publisher\" content=\"https:\/\/www.facebook.com\/GEEiserfeld\" \/>\n<meta property=\"article:modified_time\" content=\"2020-09-27T15:14:35+00:00\" \/>\n<meta name=\"twitter:card\" content=\"summary_large_image\" \/>\n<script type=\"application\/ld+json\" class=\"yoast-schema-graph\">{\"@context\":\"https:\\\/\\\/schema.org\",\"@graph\":[{\"@type\":\"WebPage\",\"@id\":\"https:\\\/\\\/www.gesamtschule-eiserfeld.de\\\/?page_id=8172\",\"url\":\"https:\\\/\\\/www.gesamtschule-eiserfeld.de\\\/?page_id=8172\",\"name\":\"Downloads &amp; Links - Gesamtschule Eiserfeld\",\"isPartOf\":{\"@id\":\"https:\\\/\\\/www.gesamtschule-eiserfeld.de\\\/#website\"},\"datePublished\":\"2017-03-29T13:43:49+00:00\",\"dateModified\":\"2020-09-27T15:14:35+00:00\",\"breadcrumb\":{\"@id\":\"https:\\\/\\\/www.gesamtschule-eiserfeld.de\\\/?page_id=8172#breadcrumb\"},\"inLanguage\":\"de\",\"potentialAction\":[{\"@type\":\"ReadAction\",\"target\":[\"https:\\\/\\\/www.gesamtschule-eiserfeld.de\\\/?page_id=8172\"]}]},{\"@type\":\"BreadcrumbList\",\"@id\":\"https:\\\/\\\/www.gesamtschule-eiserfeld.de\\\/?page_id=8172#breadcrumb\",\"itemListElement\":[{\"@type\":\"ListItem\",\"position\":1,\"name\":\"Startseite\",\"item\":\"https:\\\/\\\/www.gesamtschule-eiserfeld.de\\\/\"},{\"@type\":\"ListItem\",\"position\":2,\"name\":\"Schulprofil\",\"item\":\"https:\\\/\\\/www.gesamtschule-eiserfeld.de\\\/?page_id=72\"},{\"@type\":\"ListItem\",\"position\":3,\"name\":\"Berufliche Orientierung\",\"item\":\"https:\\\/\\\/www.gesamtschule-eiserfeld.de\\\/?page_id=8151\"},{\"@type\":\"ListItem\",\"position\":4,\"name\":\"Downloads &amp; Links\"}]},{\"@type\":\"WebSite\",\"@id\":\"https:\\\/\\\/www.gesamtschule-eiserfeld.de\\\/#website\",\"url\":\"https:\\\/\\\/www.gesamtschule-eiserfeld.de\\\/\",\"name\":\"Gesamtschule Eiserfeld\",\"description\":\"\",\"publisher\":{\"@id\":\"https:\\\/\\\/www.gesamtschule-eiserfeld.de\\\/#organization\"},\"potentialAction\":[{\"@type\":\"SearchAction\",\"target\":{\"@type\":\"EntryPoint\",\"urlTemplate\":\"https:\\\/\\\/www.gesamtschule-eiserfeld.de\\\/?s={search_term_string}\"},\"query-input\":{\"@type\":\"PropertyValueSpecification\",\"valueRequired\":true,\"valueName\":\"search_term_string\"}}],\"inLanguage\":\"de\"},{\"@type\":\"Organization\",\"@id\":\"https:\\\/\\\/www.gesamtschule-eiserfeld.de\\\/#organization\",\"name\":\"Gesamtschule Eiserfeld\",\"url\":\"https:\\\/\\\/www.gesamtschule-eiserfeld.de\\\/\",\"logo\":{\"@type\":\"ImageObject\",\"inLanguage\":\"de\",\"@id\":\"https:\\\/\\\/www.gesamtschule-eiserfeld.de\\\/#\\\/schema\\\/logo\\\/image\\\/\",\"url\":\"https:\\\/\\\/i1.wp.com\\\/www.gesamtschule-eiserfeld.de\\\/wp-content\\\/uploads\\\/2019\\\/01\\\/GEE-Logo-neu.jpg?fit=436%2C126&ssl=1\",\"contentUrl\":\"https:\\\/\\\/i1.wp.com\\\/www.gesamtschule-eiserfeld.de\\\/wp-content\\\/uploads\\\/2019\\\/01\\\/GEE-Logo-neu.jpg?fit=436%2C126&ssl=1\",\"width\":436,\"height\":126,\"caption\":\"Gesamtschule Eiserfeld\"},\"image\":{\"@id\":\"https:\\\/\\\/www.gesamtschule-eiserfeld.de\\\/#\\\/schema\\\/logo\\\/image\\\/\"},\"sameAs\":[\"https:\\\/\\\/www.facebook.com\\\/GEEiserfeld\"]}]}<\/script>\n<!-- \/ Yoast SEO plugin. -->","yoast_head_json":{"title":"Downloads &amp; Links - Gesamtschule Eiserfeld","robots":{"index":"index","follow":"follow","max-snippet":"max-snippet:-1","max-image-preview":"max-image-preview:large","max-video-preview":"max-video-preview:-1"},"canonical":"https:\/\/www.gesamtschule-eiserfeld.de\/?page_id=8172","og_locale":"de_DE","og_type":"article","og_title":"Downloads &amp; Links - Gesamtschule Eiserfeld","og_description":"PPT-Pr\u00e4sentation der Agentur f\u00fcr Arbeit Berufswahlfahrplan (BO-Ma\u00dfnahmen-\u00dcbersicht) Berufsfelderkundungen \u2013 Anschreiben f\u00fcr Betriebe Praktikumsb\u00f6rse Siegen-Wittgenstein https:\/\/berufsfelderkundung-siwi.ontavio.de\/praktikum.php Erkl\u00e4rfilm \u201eKein Abschluss ohne Anschluss\u201c http:\/\/www.berufsorientierung-nrw.de\/standardelemente\/video.html","og_url":"https:\/\/www.gesamtschule-eiserfeld.de\/?page_id=8172","og_site_name":"Gesamtschule Eiserfeld","article_publisher":"https:\/\/www.facebook.com\/GEEiserfeld","article_modified_time":"2020-09-27T15:14:35+00:00","twitter_card":"summary_large_image","schema":{"@context":"https:\/\/schema.org","@graph":[{"@type":"WebPage","@id":"https:\/\/www.gesamtschule-eiserfeld.de\/?page_id=8172","url":"https:\/\/www.gesamtschule-eiserfeld.de\/?page_id=8172","name":"Downloads &amp; Links - Gesamtschule Eiserfeld","isPartOf":{"@id":"https:\/\/www.gesamtschule-eiserfeld.de\/#website"},"datePublished":"2017-03-29T13:43:49+00:00","dateModified":"2020-09-27T15:14:35+00:00","breadcrumb":{"@id":"https:\/\/www.gesamtschule-eiserfeld.de\/?page_id=8172#breadcrumb"},"inLanguage":"de","potentialAction":[{"@type":"ReadAction","target":["https:\/\/www.gesamtschule-eiserfeld.de\/?page_id=8172"]}]},{"@type":"BreadcrumbList","@id":"https:\/\/www.gesamtschule-eiserfeld.de\/?page_id=8172#breadcrumb","itemListElement":[{"@type":"ListItem","position":1,"name":"Startseite","item":"https:\/\/www.gesamtschule-eiserfeld.de\/"},{"@type":"ListItem","position":2,"name":"Schulprofil","item":"https:\/\/www.gesamtschule-eiserfeld.de\/?page_id=72"},{"@type":"ListItem","position":3,"name":"Berufliche Orientierung","item":"https:\/\/www.gesamtschule-eiserfeld.de\/?page_id=8151"},{"@type":"ListItem","position":4,"name":"Downloads &amp; Links"}]},{"@type":"WebSite","@id":"https:\/\/www.gesamtschule-eiserfeld.de\/#website","url":"https:\/\/www.gesamtschule-eiserfeld.de\/","name":"Gesamtschule Eiserfeld","description":"","publisher":{"@id":"https:\/\/www.gesamtschule-eiserfeld.de\/#organization"},"potentialAction":[{"@type":"SearchAction","target":{"@type":"EntryPoint","urlTemplate":"https:\/\/www.gesamtschule-eiserfeld.de\/?s={search_term_string}"},"query-input":{"@type":"PropertyValueSpecification","valueRequired":true,"valueName":"search_term_string"}}],"inLanguage":"de"},{"@type":"Organization","@id":"https:\/\/www.gesamtschule-eiserfeld.de\/#organization","name":"Gesamtschule Eiserfeld","url":"https:\/\/www.gesamtschule-eiserfeld.de\/","logo":{"@type":"ImageObject","inLanguage":"de","@id":"https:\/\/www.gesamtschule-eiserfeld.de\/#\/schema\/logo\/image\/","url":"https:\/\/i1.wp.com\/www.gesamtschule-eiserfeld.de\/wp-content\/uploads\/2019\/01\/GEE-Logo-neu.jpg?fit=436%2C126&ssl=1","contentUrl":"https:\/\/i1.wp.com\/www.gesamtschule-eiserfeld.de\/wp-content\/uploads\/2019\/01\/GEE-Logo-neu.jpg?fit=436%2C126&ssl=1","width":436,"height":126,"caption":"Gesamtschule Eiserfeld"},"image":{"@id":"https:\/\/www.gesamtschule-eiserfeld.de\/#\/schema\/logo\/image\/"},"sameAs":["https:\/\/www.facebook.com\/GEEiserfeld"]}]}},"jetpack_shortlink":"https:\/\/wp.me\/P2weeL-27O","jetpack_sharing_enabled":true,"_links":{"self":[{"href":"https:\/\/www.gesamtschule-eiserfeld.de\/index.php?rest_route=\/wp\/v2\/pages\/8172","targetHints":{"allow":["GET"]}}],"collection":[{"href":"https:\/\/www.gesamtschule-eiserfeld.de\/index.php?rest_route=\/wp\/v2\/pages"}],"about":[{"href":"https:\/\/www.gesamtschule-eiserfeld.de\/index.php?rest_route=\/wp\/v2\/types\/page"}],"author":[{"embeddable":true,"href":"https:\/\/www.gesamtschule-eiserfeld.de\/index.php?rest_route=\/wp\/v2\/users\/9"}],"replies":[{"embeddable":true,"href":"https:\/\/www.gesamtschule-eiserfeld.de\/index.php?rest_route=%2Fwp%2Fv2%2Fcomments&post=8172"}],"version-history":[{"count":0,"href":"https:\/\/www.gesamtschule-eiserfeld.de\/index.php?rest_route=\/wp\/v2\/pages\/8172\/revisions"}],"up":[{"embeddable":true,"href":"https:\/\/www.gesamtschule-eiserfeld.de\/index.php?rest_route=\/wp\/v2\/pages\/8151"}],"wp:attachment":[{"href":"https:\/\/www.gesamtschule-eiserfeld.de\/index.php?rest_route=%2Fwp%2Fv2%2Fmedia&parent=8172"}],"curies":[{"name":"wp","href":"https:\/\/api.w.org\/{rel}","templated":true}]}}